{"id":24276,"date":"2026-03-26T16:03:35","date_gmt":"2026-03-26T20:03:35","guid":{"rendered":"https:\/\/silver.rbcinsurance.com\/fr-ca\/?page_id=24276"},"modified":"2026-03-26T16:03:37","modified_gmt":"2026-03-26T20:03:37","slug":"prix","status":"publish","type":"page","link":"https:\/\/silver.rbcinsurance.com\/fr-ca\/a-propos\/prix\/","title":{"rendered":"Prix"},"content":{"rendered":"\n<div class=\"wp-block-rbc-callout-card calloutCard calloutCard__HeroImageBackground  hasDarkBg\" style=\"background:url(https:\/\/silver.rbcinsurance.com\/fr-ca\/wp-content\/uploads\/sites\/3\/2021\/06\/awards-hero.webp) no-repeat;--bghero-mobi-url:url(https:\/\/silver.rbcinsurance.com\/fr-ca\/wp-content\/uploads\/sites\/3\/2021\/06\/Award-hero-sm.webp)\">\n<div class=\"wp-block-columns cols-hero-wrapper is-layout-flex wp-container-core-columns-is-layout-28f84493 wp-block-columns-is-layout-flex\">\n<div class=\"wp-block-column col-front is-layout-flow wp-block-column-is-layout-flow\">\n<p class=\"rbc-yoast-breadcrum\"><span class=\"rbc-yoast-breadcrum-span\"><span><a href=\"https:\/\/silver.rbcinsurance.com\/fr-ca\/\">Accueil<\/a><\/span><\/span><\/p>\n\n\n\n<h1 class=\"wp-block-heading rbc-callout-heading\" id=\"h-prix-et-reconnaissance\"><mark style=\"color:#FFFFFF\" class=\"has-inline-color\">Prix et<\/mark> <mark style=\"color:#FEDF01\" class=\"has-inline-color\">reconnaissance<\/mark><\/h1>\n\n\n\n<p class=\"rbc-override-margin p-large\">Nous sommes fiers d\u2019\u00eatre reconnus, dans notre secteur, pour notre engagement in\u00e9gal\u00e9 envers nos clients, nos conseillers et nos employ\u00e9s.<\/p>\n\n\n\n<div class=\"wp-block-rbc-postal-code postal-code-form  postal-code\" data-custom-url=\"\"><div class=\"quote-form \"><div class=\"inputCode\"><label>Your postal code<\/label><input class=\"\" type=\"text\" value=\"\" placeholder=\"A1A 1A1\"\/><\/div><div class=\"inputCode\">\n<div class=\"wp-block-buttons is-layout-flex wp-block-buttons-is-layout-flex\"><div>\n<div class=\"wp-block-button btn is-style-accent accent\"><a class=\"wp-block-button__link wp-element-button\" href=\"#\" data-dig-id=\"LP-24276-3c2477e5\" data-dig-category=\"LP\" data-dig-action=\"button click\" data-dig-label=\"Get a quote-# \">Get a quote<\/a><\/div>\n<\/div><\/div>\n<\/div><\/div><div class=\"error-msg\"><span class=\"error-msg-span\">Please provide a valid postal code in A1A 1A1 format.<\/span><\/div><\/div>\n<\/div>\n<\/div>\n<\/div>\n\n\n\n<h2 class=\"wp-block-heading mar-t-dbl mob-mar-t-dbl\" id=\"h-nos-prix\">Nos prix<\/h2>\n\n\n\n<h3 class=\"wp-block-heading mar-t-dbl mob-mar-t-dbl\" id=\"h-2025\">2025<\/h3>\n\n\n\n<div class=\"wp-block-rbc-article-cards articleCards mar-t mob-mar-t mar-b-dbl mob-mar-b-dbl\"><div class=\"articleCards__container\"><div class=\"articleCards__cards carousel-wpr\">\n<div class=\"wp-block-rbc-article-card-single articleCardSingle  hasImageBorder\"><div class=\"articleCardSingle__image\"><img decoding=\"async\" loading=\"lazy\" src=\"https:\/\/silver.rbcinsurance.com\/fr-ca\/wp-content\/uploads\/sites\/3\/2021\/06\/RBC-Insurance-Services-Inc.-Best-Digital-Insurance-Initiative-Overall-1.png\" alt=\"Featured Image\"\/><\/div><div class=\"articleCardSingle__content\" style=\"background-color:#F7F8FA\"><span class=\"cardTag\">The Global Insurer<\/span><h4 class=\"rbc-override-margin\">Meilleure initiative en mati\u00e8re d\u2019assurance num\u00e9rique<\/h4><p class=\"rbc-override-margin \">Prix d\u00e9cern\u00e9 pour la simplification du parcours de souscription de l\u2019assurance vie PourVous RBC gr\u00e2ce \u00e0 un processus d\u2019approbation instantan\u00e9e au point de vente.<\/p><p class=\"articleCardSingle__postLink\"><a href=\"https:\/\/silver.rbcinsurance.com\/fr-ca\/conseils-apprentissage\/communiques\/rbc-assurances-a-remporte-trois-prix-lors-des-global-insurance-innovation-awards-2025-de-digital-banker\/\">Lire maintenant<\/a><\/p><\/div><\/div>\n\n\n\n<div class=\"wp-block-rbc-article-card-single articleCardSingle  hasImageBorder\"><div class=\"articleCardSingle__image\"><img decoding=\"async\" loading=\"lazy\" src=\"https:\/\/silver.rbcinsurance.com\/fr-ca\/wp-content\/uploads\/sites\/3\/2021\/06\/RBC-Insurance-Services-Inc.-Best-Digital-Transformation-Program-Overall-1.png\" alt=\"Featured Image\"\/><\/div><div class=\"articleCardSingle__content\" style=\"background-color:#F7F8FA\"><span class=\"cardTag\">The Global Insurer<\/span><h4 class=\"rbc-override-margin\">Meilleur programme de transformation num\u00e9rique<\/h4><p class=\"rbc-override-margin \">Honor\u00e9 pour avoir r\u00e9volutionn\u00e9 la gestion des reconnaissances et permis aux conseillers d\u2019acc\u00e9der plus efficacement \u00e0 l\u2019information.<\/p><p class=\"articleCardSingle__postLink\"><a href=\"https:\/\/silver.rbcinsurance.com\/fr-ca\/conseils-apprentissage\/communiques\/rbc-assurances-a-remporte-trois-prix-lors-des-global-insurance-innovation-awards-2025-de-digital-banker\/\">Lire maintenant<\/a><\/p><\/div><\/div>\n\n\n\n<div class=\"wp-block-rbc-article-card-single articleCardSingle  hasImageBorder\"><div class=\"articleCardSingle__image\"><img decoding=\"async\" loading=\"lazy\" src=\"https:\/\/silver.rbcinsurance.com\/fr-ca\/wp-content\/uploads\/sites\/3\/2021\/06\/RBC-Insurance-Services-Inc.-Outstanding-Customer-Relations-and-Brand-Engagement-Initiative-Overall-1.png\" alt=\"Featured Image\"\/><\/div><div class=\"articleCardSingle__content\" style=\"background-color:#F7F8FA\"><span class=\"cardTag\">The Global Insurer<\/span><h4 class=\"rbc-override-margin\">Initiative exceptionnelle en mati\u00e8re de relations client\u00e8le et d\u2019engagement envers la marque<\/h4><p class=\"rbc-override-margin truncate-text-lines-3\">Prix d\u00e9cern\u00e9 pour la cr\u00e9ation d\u2019une exp\u00e9rience num\u00e9rique optimis\u00e9e sur le site Web public de RBC Assurances.<\/p><p class=\"articleCardSingle__postLink\"><a href=\"https:\/\/silver.rbcinsurance.com\/fr-ca\/conseils-apprentissage\/communiques\/rbc-assurances-a-remporte-trois-prix-lors-des-global-insurance-innovation-awards-2025-de-digital-banker\/\">Lire maintenant<\/a><\/p><\/div><\/div>\n<\/div><div class=\"articleCards__sliderNav\"><div class=\"articleCards__navArrow articleCards__prevArrow\"><\/div><div class=\"articleCards__sliderDots\"><\/div><div class=\"articleCards__navArrow articleCards__nextArrow\"><\/div><\/div><\/div><\/div>\n","protected":false},"excerpt":{"rendered":"<p>Nos prix 2025<\/p>\n","protected":false},"author":203,"featured_media":0,"parent":20004,"menu_order":0,"comment_status":"closed","ping_status":"closed","template":"templates\/new-rbci-design.php","meta":{"_acf_changed":false,"footnotes":""},"class_list":["post-24276","page","type-page","status-publish","hentry"],"acf":[],"yoast_head":"<!-- This site is optimized with the Yoast SEO Premium plugin v27.3 (Yoast SEO v27.3) - https:\/\/yoast.com\/product\/yoast-seo-premium-wordpress\/ -->\n<title>Prix et reconnaissance | RBC Assurances<\/title>\n<meta name=\"description\" content=\"Nous sommes fiers d&#039;\u00eatre reconnus pour notre engagement de premier plan envers nos clients, nos conseillers et nos employ\u00e9s.\" \/>\n<meta name=\"robots\" content=\"index, follow, max-snippet:-1, max-image-preview:large, max-video-preview:-1\" \/>\n<link rel=\"canonical\" href=\"https:\/\/silver.rbcinsurance.com\/fr-ca\/a-propos\/prix\/\" \/>\n<meta property=\"og:locale\" content=\"fr_FR\" \/>\n<meta property=\"og:type\" content=\"article\" \/>\n<meta property=\"og:title\" content=\"Prix et reconnaissance | RBC Assurances\" \/>\n<meta property=\"og:description\" content=\"Nous sommes fiers d&#039;\u00eatre reconnus pour notre engagement de premier plan envers nos clients, nos conseillers et nos employ\u00e9s.\" \/>\n<meta property=\"og:url\" content=\"https:\/\/silver.rbcinsurance.com\/fr-ca\/a-propos\/prix\/\" \/>\n<meta property=\"og:site_name\" content=\"RBC Assurances\" \/>\n<meta property=\"article:modified_time\" content=\"2026-03-26T20:03:37+00:00\" \/>\n<meta property=\"og:image\" content=\"https:\/\/silver.rbcinsurance.com\/fr-ca\/wp-content\/uploads\/sites\/3\/2021\/06\/RBC-Insurance-Services-Inc.-Best-Digital-Insurance-Initiative-Overall-1.png\" \/>\n<meta name=\"twitter:card\" content=\"summary_large_image\" \/>\n<meta name=\"twitter:label1\" content=\"Est. reading time\" \/>\n\t<meta name=\"twitter:data1\" content=\"2 minutes\" \/>\n<script type=\"application\/ld+json\" class=\"yoast-schema-graph\">{\"@context\":\"https:\\\/\\\/schema.org\",\"@graph\":[{\"@type\":\"WebPage\",\"@id\":\"https:\\\/\\\/silver.rbcinsurance.com\\\/fr-ca\\\/a-propos\\\/prix\\\/\",\"url\":\"https:\\\/\\\/silver.rbcinsurance.com\\\/fr-ca\\\/a-propos\\\/prix\\\/\",\"name\":\"Prix et reconnaissance | RBC Assurances\",\"isPartOf\":{\"@id\":\"https:\\\/\\\/silver.rbcinsurance.com\\\/fr-ca\\\/#website\"},\"primaryImageOfPage\":{\"@id\":\"https:\\\/\\\/silver.rbcinsurance.com\\\/fr-ca\\\/a-propos\\\/prix\\\/#primaryimage\"},\"image\":{\"@id\":\"https:\\\/\\\/silver.rbcinsurance.com\\\/fr-ca\\\/a-propos\\\/prix\\\/#primaryimage\"},\"thumbnailUrl\":\"https:\\\/\\\/silver.rbcinsurance.com\\\/fr-ca\\\/wp-content\\\/uploads\\\/sites\\\/3\\\/2021\\\/06\\\/RBC-Insurance-Services-Inc.-Best-Digital-Insurance-Initiative-Overall-1.png\",\"datePublished\":\"2026-03-26T20:03:35+00:00\",\"dateModified\":\"2026-03-26T20:03:37+00:00\",\"description\":\"Nous sommes fiers d'\u00eatre reconnus pour notre engagement de premier plan envers nos clients, nos conseillers et nos employ\u00e9s.\",\"breadcrumb\":{\"@id\":\"https:\\\/\\\/silver.rbcinsurance.com\\\/fr-ca\\\/a-propos\\\/prix\\\/#breadcrumb\"},\"inLanguage\":\"fr-FR\",\"potentialAction\":[{\"@type\":\"ReadAction\",\"target\":[\"https:\\\/\\\/silver.rbcinsurance.com\\\/fr-ca\\\/a-propos\\\/prix\\\/\"]}]},{\"@type\":\"ImageObject\",\"inLanguage\":\"fr-FR\",\"@id\":\"https:\\\/\\\/silver.rbcinsurance.com\\\/fr-ca\\\/a-propos\\\/prix\\\/#primaryimage\",\"url\":\"https:\\\/\\\/silver.rbcinsurance.com\\\/fr-ca\\\/wp-content\\\/uploads\\\/sites\\\/3\\\/2021\\\/06\\\/RBC-Insurance-Services-Inc.-Best-Digital-Insurance-Initiative-Overall-1.png?quality=80\",\"contentUrl\":\"https:\\\/\\\/silver.rbcinsurance.com\\\/fr-ca\\\/wp-content\\\/uploads\\\/sites\\\/3\\\/2021\\\/06\\\/RBC-Insurance-Services-Inc.-Best-Digital-Insurance-Initiative-Overall-1.png?quality=80\",\"width\":300,\"height\":150},{\"@type\":\"BreadcrumbList\",\"@id\":\"https:\\\/\\\/silver.rbcinsurance.com\\\/fr-ca\\\/a-propos\\\/prix\\\/#breadcrumb\",\"itemListElement\":[{\"@type\":\"ListItem\",\"position\":1,\"name\":\"Accueil\",\"item\":\"https:\\\/\\\/silver.rbcinsurance.com\\\/fr-ca\\\/\"},{\"@type\":\"ListItem\",\"position\":2,\"name\":\"\u00c0 propos de nous\",\"item\":\"https:\\\/\\\/silver.rbcinsurance.com\\\/fr-ca\\\/a-propos\\\/\"},{\"@type\":\"ListItem\",\"position\":3,\"name\":\"Prix\"}]},{\"@type\":\"WebSite\",\"@id\":\"https:\\\/\\\/silver.rbcinsurance.com\\\/fr-ca\\\/#website\",\"url\":\"https:\\\/\\\/silver.rbcinsurance.com\\\/fr-ca\\\/\",\"name\":\"RBC Assurances\",\"description\":\"Assurance individuelle\",\"publisher\":{\"@id\":\"https:\\\/\\\/silver.rbcinsurance.com\\\/fr-ca\\\/#organization\"},\"potentialAction\":[{\"@type\":\"SearchAction\",\"target\":{\"@type\":\"EntryPoint\",\"urlTemplate\":\"https:\\\/\\\/silver.rbcinsurance.com\\\/fr-ca\\\/?s={search_term_string}\"},\"query-input\":{\"@type\":\"PropertyValueSpecification\",\"valueRequired\":true,\"valueName\":\"search_term_string\"}}],\"inLanguage\":\"fr-FR\"},{\"@type\":\"Organization\",\"@id\":\"https:\\\/\\\/silver.rbcinsurance.com\\\/fr-ca\\\/#organization\",\"name\":\"RBC Assurances\",\"url\":\"https:\\\/\\\/silver.rbcinsurance.com\\\/fr-ca\\\/\",\"logo\":{\"@type\":\"ImageObject\",\"inLanguage\":\"fr-FR\",\"@id\":\"https:\\\/\\\/silver.rbcinsurance.com\\\/fr-ca\\\/#\\\/schema\\\/logo\\\/image\\\/\",\"url\":\"https:\\\/\\\/silver.rbcinsurance.com\\\/fr-ca\\\/wp-content\\\/uploads\\\/sites\\\/3\\\/2021\\\/06\\\/rbc-logo-shield.svg?quality=80&w=1024\",\"contentUrl\":\"https:\\\/\\\/silver.rbcinsurance.com\\\/fr-ca\\\/wp-content\\\/uploads\\\/sites\\\/3\\\/2021\\\/06\\\/rbc-logo-shield.svg?quality=80&w=1024\",\"width\":\"1024\",\"height\":\"1024\",\"caption\":\"RBC Assurances\"},\"image\":{\"@id\":\"https:\\\/\\\/silver.rbcinsurance.com\\\/fr-ca\\\/#\\\/schema\\\/logo\\\/image\\\/\"},\"description\":\"RBC Assurances offre aux Canadiens des assurances personnelles telles que des assurances auto, habitation, vie, sant\u00e9, voyage et cr\u00e9dit, ainsi que des solutions de placement pour la retraite.\",\"telephone\":\"1 800 769-2568\",\"legalName\":\"Services d'assurance RBC Inc.\",\"numberOfEmployees\":{\"@type\":\"QuantitativeValue\",\"minValue\":\"1001\",\"maxValue\":\"5000\"}}]}<\/script>\n<!-- \/ Yoast SEO Premium plugin. -->","yoast_head_json":{"title":"Prix et reconnaissance | RBC Assurances","description":"Nous sommes fiers d'\u00eatre reconnus pour notre engagement de premier plan envers nos clients, nos conseillers et nos employ\u00e9s.","robots":{"index":"index","follow":"follow","max-snippet":"max-snippet:-1","max-image-preview":"max-image-preview:large","max-video-preview":"max-video-preview:-1"},"canonical":"https:\/\/silver.rbcinsurance.com\/fr-ca\/a-propos\/prix\/","og_locale":"fr_FR","og_type":"article","og_title":"Prix et reconnaissance | RBC Assurances","og_description":"Nous sommes fiers d'\u00eatre reconnus pour notre engagement de premier plan envers nos clients, nos conseillers et nos employ\u00e9s.","og_url":"https:\/\/silver.rbcinsurance.com\/fr-ca\/a-propos\/prix\/","og_site_name":"RBC Assurances","article_modified_time":"2026-03-26T20:03:37+00:00","og_image":[{"url":"https:\/\/silver.rbcinsurance.com\/fr-ca\/wp-content\/uploads\/sites\/3\/2021\/06\/RBC-Insurance-Services-Inc.-Best-Digital-Insurance-Initiative-Overall-1.png","type":"","width":"","height":""}],"twitter_card":"summary_large_image","twitter_misc":{"Est. reading time":"2 minutes"},"schema":{"@context":"https:\/\/schema.org","@graph":[{"@type":"WebPage","@id":"https:\/\/silver.rbcinsurance.com\/fr-ca\/a-propos\/prix\/","url":"https:\/\/silver.rbcinsurance.com\/fr-ca\/a-propos\/prix\/","name":"Prix et reconnaissance | RBC Assurances","isPartOf":{"@id":"https:\/\/silver.rbcinsurance.com\/fr-ca\/#website"},"primaryImageOfPage":{"@id":"https:\/\/silver.rbcinsurance.com\/fr-ca\/a-propos\/prix\/#primaryimage"},"image":{"@id":"https:\/\/silver.rbcinsurance.com\/fr-ca\/a-propos\/prix\/#primaryimage"},"thumbnailUrl":"https:\/\/silver.rbcinsurance.com\/fr-ca\/wp-content\/uploads\/sites\/3\/2021\/06\/RBC-Insurance-Services-Inc.-Best-Digital-Insurance-Initiative-Overall-1.png","datePublished":"2026-03-26T20:03:35+00:00","dateModified":"2026-03-26T20:03:37+00:00","description":"Nous sommes fiers d'\u00eatre reconnus pour notre engagement de premier plan envers nos clients, nos conseillers et nos employ\u00e9s.","breadcrumb":{"@id":"https:\/\/silver.rbcinsurance.com\/fr-ca\/a-propos\/prix\/#breadcrumb"},"inLanguage":"fr-FR","potentialAction":[{"@type":"ReadAction","target":["https:\/\/silver.rbcinsurance.com\/fr-ca\/a-propos\/prix\/"]}]},{"@type":"ImageObject","inLanguage":"fr-FR","@id":"https:\/\/silver.rbcinsurance.com\/fr-ca\/a-propos\/prix\/#primaryimage","url":"https:\/\/silver.rbcinsurance.com\/fr-ca\/wp-content\/uploads\/sites\/3\/2021\/06\/RBC-Insurance-Services-Inc.-Best-Digital-Insurance-Initiative-Overall-1.png?quality=80","contentUrl":"https:\/\/silver.rbcinsurance.com\/fr-ca\/wp-content\/uploads\/sites\/3\/2021\/06\/RBC-Insurance-Services-Inc.-Best-Digital-Insurance-Initiative-Overall-1.png?quality=80","width":300,"height":150},{"@type":"BreadcrumbList","@id":"https:\/\/silver.rbcinsurance.com\/fr-ca\/a-propos\/prix\/#breadcrumb","itemListElement":[{"@type":"ListItem","position":1,"name":"Accueil","item":"https:\/\/silver.rbcinsurance.com\/fr-ca\/"},{"@type":"ListItem","position":2,"name":"\u00c0 propos de nous","item":"https:\/\/silver.rbcinsurance.com\/fr-ca\/a-propos\/"},{"@type":"ListItem","position":3,"name":"Prix"}]},{"@type":"WebSite","@id":"https:\/\/silver.rbcinsurance.com\/fr-ca\/#website","url":"https:\/\/silver.rbcinsurance.com\/fr-ca\/","name":"RBC Assurances","description":"Assurance individuelle","publisher":{"@id":"https:\/\/silver.rbcinsurance.com\/fr-ca\/#organization"},"potentialAction":[{"@type":"SearchAction","target":{"@type":"EntryPoint","urlTemplate":"https:\/\/silver.rbcinsurance.com\/fr-ca\/?s={search_term_string}"},"query-input":{"@type":"PropertyValueSpecification","valueRequired":true,"valueName":"search_term_string"}}],"inLanguage":"fr-FR"},{"@type":"Organization","@id":"https:\/\/silver.rbcinsurance.com\/fr-ca\/#organization","name":"RBC Assurances","url":"https:\/\/silver.rbcinsurance.com\/fr-ca\/","logo":{"@type":"ImageObject","inLanguage":"fr-FR","@id":"https:\/\/silver.rbcinsurance.com\/fr-ca\/#\/schema\/logo\/image\/","url":"https:\/\/silver.rbcinsurance.com\/fr-ca\/wp-content\/uploads\/sites\/3\/2021\/06\/rbc-logo-shield.svg?quality=80&w=1024","contentUrl":"https:\/\/silver.rbcinsurance.com\/fr-ca\/wp-content\/uploads\/sites\/3\/2021\/06\/rbc-logo-shield.svg?quality=80&w=1024","width":"1024","height":"1024","caption":"RBC Assurances"},"image":{"@id":"https:\/\/silver.rbcinsurance.com\/fr-ca\/#\/schema\/logo\/image\/"},"description":"RBC Assurances offre aux Canadiens des assurances personnelles telles que des assurances auto, habitation, vie, sant\u00e9, voyage et cr\u00e9dit, ainsi que des solutions de placement pour la retraite.","telephone":"1 800 769-2568","legalName":"Services d'assurance RBC Inc.","numberOfEmployees":{"@type":"QuantitativeValue","minValue":"1001","maxValue":"5000"}}]}},"jetpack_sharing_enabled":true,"_links":{"self":[{"href":"https:\/\/silver.rbcinsurance.com\/fr-ca\/wp-json\/wp\/v2\/pages\/24276","targetHints":{"allow":["GET"]}}],"collection":[{"href":"https:\/\/silver.rbcinsurance.com\/fr-ca\/wp-json\/wp\/v2\/pages"}],"about":[{"href":"https:\/\/silver.rbcinsurance.com\/fr-ca\/wp-json\/wp\/v2\/types\/page"}],"author":[{"embeddable":true,"href":"https:\/\/silver.rbcinsurance.com\/fr-ca\/wp-json\/wp\/v2\/users\/203"}],"replies":[{"embeddable":true,"href":"https:\/\/silver.rbcinsurance.com\/fr-ca\/wp-json\/wp\/v2\/comments?post=24276"}],"version-history":[{"count":19,"href":"https:\/\/silver.rbcinsurance.com\/fr-ca\/wp-json\/wp\/v2\/pages\/24276\/revisions"}],"predecessor-version":[{"id":25234,"href":"https:\/\/silver.rbcinsurance.com\/fr-ca\/wp-json\/wp\/v2\/pages\/24276\/revisions\/25234"}],"up":[{"embeddable":true,"href":"https:\/\/silver.rbcinsurance.com\/fr-ca\/wp-json\/wp\/v2\/pages\/20004"}],"wp:attachment":[{"href":"https:\/\/silver.rbcinsurance.com\/fr-ca\/wp-json\/wp\/v2\/media?parent=24276"}],"curies":[{"name":"wp","href":"https:\/\/api.w.org\/{rel}","templated":true}]}}