{"id":21018,"date":"2025-07-03T14:30:17","date_gmt":"2025-07-03T18:30:17","guid":{"rendered":"https:\/\/silver.rbcinsurance.com\/fr-ca\/?page_id=21018"},"modified":"2026-02-17T15:38:40","modified_gmt":"2026-02-17T20:38:40","slug":"porte-parole","status":"publish","type":"page","link":"https:\/\/silver.rbcinsurance.com\/fr-ca\/a-propos\/porte-parole\/","title":{"rendered":"Porte-parole de RBC Assurances"},"content":{"rendered":"<div class=\"yoast-breadcrumbs mar-t mob-mar-t mar-b-qtr mob-mar-b-qtr\"><span class=\"rbc-yoast-breadcrum-span\"><span><a href=\"https:\/\/silver.rbcinsurance.com\/fr-ca\/\">Accueil<\/a><\/span> &gt; <span><a href=\"https:\/\/silver.rbcinsurance.com\/fr-ca\/a-propos\/\">\u00c0 propos de nous<\/a><\/span> &gt; <span class=\"breadcrumb_last\" aria-current=\"page\">Porte-parole de RBC Assurances<\/span><\/span><\/div>\n\n\n<h1 class=\"wp-block-heading mar-t mob-mar-t\" id=\"h-porte-parole-de-rbc-assurances\">Porte-parole de RBC Assurances<\/h1>\n\n\n\n<p>Pour organiser une entrevue avec un porte-parole, veuillez \u00e9crire \u00e0 <a href=\"mailto:rbcimedia@rbc.com\" class=\"rbc-link-format\">rbcimedia@rbc.com<\/a><\/p>\n\n\n\n<div class=\"wp-block-media-text is-stacked-on-mobile mar-b mob-mar-b mar-t mob-mar-t-dbl has-border-color has-grey-border-color\" style=\"border-width:1px;padding-top:var(--wp--preset--spacing--50);padding-right:var(--wp--preset--spacing--50);padding-bottom:var(--wp--preset--spacing--50);padding-left:var(--wp--preset--spacing--50);grid-template-columns:25% auto\"><figure class=\"wp-block-media-text__media\"><img loading=\"lazy\" decoding=\"async\" width=\"800\" height=\"800\" src=\"https:\/\/silver.rbcinsurance.com\/fr-ca\/wp-content\/uploads\/sites\/3\/2021\/06\/Farzana-Damji-Headshot-Official-2023.jpg?quality=80&amp;w=800\" alt=\"Farzana Damji\" class=\"wp-image-21023 size-full\" srcset=\"https:\/\/silver.rbcinsurance.com\/fr-ca\/wp-content\/uploads\/sites\/3\/2021\/06\/Farzana-Damji-Headshot-Official-2023.jpg 800w, https:\/\/silver.rbcinsurance.com\/fr-ca\/wp-content\/uploads\/sites\/3\/2021\/06\/Farzana-Damji-Headshot-Official-2023.jpg?resize=150,150 150w, https:\/\/silver.rbcinsurance.com\/fr-ca\/wp-content\/uploads\/sites\/3\/2021\/06\/Farzana-Damji-Headshot-Official-2023.jpg?resize=300,300 300w, https:\/\/silver.rbcinsurance.com\/fr-ca\/wp-content\/uploads\/sites\/3\/2021\/06\/Farzana-Damji-Headshot-Official-2023.jpg?resize=768,768 768w\" sizes=\"auto, (max-width: 800px) 100vw, 800px\" \/><\/figure><div class=\"wp-block-media-text__content\">\n<h3 class=\"wp-block-heading mob-mar-t-hlf mar-t-0\" id=\"h-farzana-damji\">Farzana Damji<\/h3>\n\n\n\n<p><strong>Directrice principale, D\u00e9veloppement de produit<\/strong><\/p>\n\n\n\n<p>Domaines d\u2019int\u00e9r\u00eat :<\/p>\n\n\n\n<ul class=\"wp-block-rbc-list is-style-blue-disc pad-l-qtr mob-pad-l-qtr\">\n<li class=\"wp-block-rbc-list-item\">\n<p>Renseignements g\u00e9n\u00e9raux sur les produits d\u2019assurance, notamment les assurances vie, maladie, patrimoine ainsi que les rentes.<\/p>\n<\/li>\n\n\n\n<li class=\"wp-block-rbc-list-item\">\n<p>Contribuer \u00e0 la s\u00e9curit\u00e9 financi\u00e8re \u00e0 long terme et la tranquillit\u00e9 d\u2019esprit, \u00e0 chaque \u00e9tape de la vie, gr\u00e2ce aux assurances vie, maladie et patrimoine.<\/p>\n<\/li>\n\n\n\n<li class=\"wp-block-rbc-list-item\">\n<p>Perspectives et tendances en mati\u00e8re de planification de la retraite et de la succession, en lien avec l\u2019\u00e9volution des attentes des clients.<\/p>\n<\/li>\n\n\n\n<li class=\"wp-block-rbc-list-item\">\n<p>Offres innovantes adapt\u00e9es aux besoins uniques des personnes ayant des objectifs financiers complexes, telles que les fonds distincts, l\u2019assurance vie enti\u00e8re ou les produits destin\u00e9s \u00e0 la client\u00e8le fortun\u00e9e.<\/p>\n<\/li>\n<\/ul>\n<\/div><\/div>\n\n\n\n<div class=\"wp-block-media-text is-stacked-on-mobile mar-b mob-mar-b mar-t mob-mar-t-dbl has-border-color has-grey-border-color\" style=\"border-width:1px;padding-top:var(--wp--preset--spacing--50);padding-right:var(--wp--preset--spacing--50);padding-bottom:var(--wp--preset--spacing--50);padding-left:var(--wp--preset--spacing--50);grid-template-columns:25% auto\"><figure class=\"wp-block-media-text__media\"><img loading=\"lazy\" decoding=\"async\" width=\"800\" height=\"800\" src=\"https:\/\/silver.rbcinsurance.com\/fr-ca\/wp-content\/uploads\/sites\/3\/2021\/06\/Carol-Lebert-Official-e1751557486206.jpg?quality=80&amp;w=800\" alt=\"Carol Lebert\" class=\"wp-image-21022 size-full\" srcset=\"https:\/\/silver.rbcinsurance.com\/fr-ca\/wp-content\/uploads\/sites\/3\/2021\/06\/Carol-Lebert-Official-e1751557486206.jpg 800w, https:\/\/silver.rbcinsurance.com\/fr-ca\/wp-content\/uploads\/sites\/3\/2021\/06\/Carol-Lebert-Official-e1751557486206.jpg?resize=150,150 150w, https:\/\/silver.rbcinsurance.com\/fr-ca\/wp-content\/uploads\/sites\/3\/2021\/06\/Carol-Lebert-Official-e1751557486206.jpg?resize=300,300 300w, https:\/\/silver.rbcinsurance.com\/fr-ca\/wp-content\/uploads\/sites\/3\/2021\/06\/Carol-Lebert-Official-e1751557486206.jpg?resize=768,768 768w\" sizes=\"auto, (max-width: 800px) 100vw, 800px\" \/><\/figure><div class=\"wp-block-media-text__content\">\n<h3 class=\"wp-block-heading mob-mar-t-hlf mar-t-0\" id=\"h-carol-lebert\">Carol Lebert<\/h3>\n\n\n\n<p><strong>Vice-pr\u00e9sidente, Demandes de r\u00e8glement<\/strong><\/p>\n\n\n\n<p>Domaines d\u2019int\u00e9r\u00eat :<\/p>\n\n\n\n<ul class=\"wp-block-rbc-list is-style-blue-disc pad-l-qtr mob-pad-l-qtr\">\n<li class=\"wp-block-rbc-list-item\">\n<p>L\u2019innovation en assurance invalidit\u00e9 : un levier essentiel pour un r\u00e9tablissement plus rapide et plus efficace.<\/p>\n<\/li>\n\n\n\n<li class=\"wp-block-rbc-list-item\">\n<p>Strat\u00e9gies de soutien aux Canadiens aux prises \u00e0 des enjeux de sant\u00e9 mentale, \u00e0 des cong\u00e9s de maladie, \u00e0 des besoins d\u2019adaptation en milieu de travail et \u00e0 une r\u00e9int\u00e9gration en toute s\u00e9curit\u00e9 sur le lieu de travail.<\/p>\n<\/li>\n\n\n\n<li class=\"wp-block-rbc-list-item\">\n<p>L\u2019importance d\u2019une intervention pr\u00e9coce et d\u2019une coordination efficace des soins pour optimiser les r\u00e9sultats en cas d\u2019invalidit\u00e9 de longue dur\u00e9e.<\/p>\n<\/li>\n<\/ul>\n<\/div><\/div>\n\n\n\n<div class=\"wp-block-media-text is-stacked-on-mobile mar-b mob-mar-b mar-t mob-mar-t-dbl has-border-color has-grey-border-color\" style=\"border-width:1px;padding-top:var(--wp--preset--spacing--50);padding-right:var(--wp--preset--spacing--50);padding-bottom:var(--wp--preset--spacing--50);padding-left:var(--wp--preset--spacing--50);grid-template-columns:25% auto\"><figure class=\"wp-block-media-text__media\"><img loading=\"lazy\" decoding=\"async\" width=\"800\" height=\"800\" src=\"https:\/\/silver.rbcinsurance.com\/fr-ca\/wp-content\/uploads\/sites\/3\/2021\/06\/Tony-Bruin-2025-Official-e1751557461416.jpg?quality=80&amp;w=800\" alt=\"Tony Bruin\" class=\"wp-image-21024 size-full\" srcset=\"https:\/\/silver.rbcinsurance.com\/fr-ca\/wp-content\/uploads\/sites\/3\/2021\/06\/Tony-Bruin-2025-Official-e1751557461416.jpg 800w, https:\/\/silver.rbcinsurance.com\/fr-ca\/wp-content\/uploads\/sites\/3\/2021\/06\/Tony-Bruin-2025-Official-e1751557461416.jpg?resize=150,150 150w, https:\/\/silver.rbcinsurance.com\/fr-ca\/wp-content\/uploads\/sites\/3\/2021\/06\/Tony-Bruin-2025-Official-e1751557461416.jpg?resize=300,300 300w, https:\/\/silver.rbcinsurance.com\/fr-ca\/wp-content\/uploads\/sites\/3\/2021\/06\/Tony-Bruin-2025-Official-e1751557461416.jpg?resize=768,768 768w\" sizes=\"auto, (max-width: 800px) 100vw, 800px\" \/><\/figure><div class=\"wp-block-media-text__content\">\n<h3 class=\"wp-block-heading mob-mar-t-hlf mar-t-0\" id=\"h-tony-bruin\">Tony Bruin<\/h3>\n\n\n\n<p><strong>Chef, Assurance collective<\/strong><\/p>\n\n\n\n<p>Domaines d\u2019int\u00e9r\u00eat :<\/p>\n\n\n\n<ul class=\"wp-block-rbc-list is-style-blue-disc pad-l-qtr mob-pad-l-qtr\">\n<li class=\"wp-block-rbc-list-item\">\n<p>Tendances actuelles en mati\u00e8re d\u2019avantages sociaux et de solutions de bien-\u00eatre au travail, tels que le soutien en sant\u00e9 mentale, les r\u00e9gimes flexibles et les outils num\u00e9riques de sant\u00e9 qui favorisent la mobilisation et le maintien de l\u2019effectif.<\/p>\n<\/li>\n\n\n\n<li class=\"wp-block-rbc-list-item\">\n<p>Conseils sur la mani\u00e8re dont les employeurs peuvent optimiser leur r\u00e9gime d\u2019avantages sociaux afin de cr\u00e9er une culture d\u2019entreprise r\u00e9siliente et productive.<\/p>\n<\/li>\n\n\n\n<li class=\"wp-block-rbc-list-item\">\n<p>Adapter les avantages sociaux \u00e0 la r\u00e9alit\u00e9 de la main-d\u2019\u0153uvre d\u2019aujourd\u2019hui en faisant correspondre les produits avec les besoins d\u00e9mographiques vari\u00e9s des employ\u00e9s.<\/p>\n<\/li>\n<\/ul>\n<\/div><\/div>\n\n\n\n<div class=\"wp-block-media-text is-stacked-on-mobile mar-b mob-mar-b mar-t mob-mar-t-dbl has-border-color has-grey-border-color\" style=\"border-width:1px;padding-top:var(--wp--preset--spacing--50);padding-right:var(--wp--preset--spacing--50);padding-bottom:var(--wp--preset--spacing--50);padding-left:var(--wp--preset--spacing--50);grid-template-columns:25% auto\"><figure class=\"wp-block-media-text__media\"><img loading=\"lazy\" decoding=\"async\" width=\"1080\" height=\"1080\" src=\"https:\/\/silver.rbcinsurance.com\/fr-ca\/wp-content\/uploads\/sites\/3\/2025\/10\/Fernando-Heleno.jpg?quality=80&amp;w=1024\" alt=\"Fernando Heleno\" class=\"wp-image-22832 size-full\" srcset=\"https:\/\/silver.rbcinsurance.com\/fr-ca\/wp-content\/uploads\/sites\/3\/2025\/10\/Fernando-Heleno.jpg 1080w, https:\/\/silver.rbcinsurance.com\/fr-ca\/wp-content\/uploads\/sites\/3\/2025\/10\/Fernando-Heleno.jpg?resize=150,150 150w, https:\/\/silver.rbcinsurance.com\/fr-ca\/wp-content\/uploads\/sites\/3\/2025\/10\/Fernando-Heleno.jpg?resize=300,300 300w, https:\/\/silver.rbcinsurance.com\/fr-ca\/wp-content\/uploads\/sites\/3\/2025\/10\/Fernando-Heleno.jpg?resize=768,768 768w, https:\/\/silver.rbcinsurance.com\/fr-ca\/wp-content\/uploads\/sites\/3\/2025\/10\/Fernando-Heleno.jpg?resize=1024,1024 1024w\" sizes=\"auto, (max-width: 1080px) 100vw, 1080px\" \/><\/figure><div class=\"wp-block-media-text__content\">\n<h3 class=\"wp-block-heading mob-mar-t-hlf mar-t-0\" id=\"h-fernando-heleno\">Fernando Heleno<\/h3>\n\n\n\n<p><strong>Directeur g\u00e9n\u00e9ral principal, Produits, Assurance cr\u00e9dit et assurance voyage<\/strong><\/p>\n\n\n\n<p>Domaines d\u2019int\u00e9r\u00eat :<\/p>\n\n\n\n<ul class=\"wp-block-rbc-list is-style-blue-disc pad-l-qtr mob-pad-l-qtr\">\n<li class=\"wp-block-rbc-list-item\">\n<p>Assurance cr\u00e9dit : Comment une assurance couvrant votre hypoth\u00e8que, votre pr\u00eat ou votre carte de cr\u00e9dit peut vous prot\u00e9ger, vous et votre famille, contre les impr\u00e9vus qui pourraient nuire \u00e0 votre capacit\u00e9 de faire vos paiements.<\/p>\n<\/li>\n\n\n\n<li class=\"wp-block-rbc-list-item\">\n<p>Assurance voyage : Le paysage en constante \u00e9volution de l\u2019assurance voyage et des conseils afin d\u2019obtenir la bonne couverture pour votre niveau d\u2019aventure, votre \u00e9tat de sant\u00e9, votre \u00e2ge ou la fr\u00e9quence de vos voyages.<\/p>\n<\/li>\n<\/ul>\n<\/div><\/div>\n\n\n\n<div class=\"wp-block-rbc-rbc-default-collapsible\"><p><button class=\"collapse-toggle collapsed\" data-target=\"#collapsede8bf1dd\" data-toggle=\"collapse\" aria-expanded=\"false\" aria-controls=\"collapsede8bf1dd\" data-dig-id=\"LP-21018-de8bf1dd\" data-dig-category=\"LP\" data-dig-action=\"accordion closed\" action-closed=\"accordion closed\" action-opened=\"accordion open\" data-dig-label=\"Pour les questions relatives aux assurances auto et habitation : communiquez avec Aviva.\"><div>Pour les questions relatives aux assurances auto et habitation : communiquez avec Aviva.<\/div><\/button><\/p><div class=\"collapse-content collapse\" id=\"collapsede8bf1dd\">\n<div class=\"wp-block-rbc-collapsible-inner-block collapse-inner\">\n<ul class=\"wp-block-rbc-list is-style-blue-disc mar-t-qtr mob-mar-t-qtr mar-b-hlf mob-mar-b-hlf pad-l-qtr mob-pad-l-qtr\">\n<li class=\"wp-block-rbc-list-item\">\n<p>RBC Assurances s\u2019est associ\u00e9e \u00e0 Aviva pour offrir \u00e0 ses clients des assurances auto et habitation, lesquelles sont souscrites par Aviva, Compagnie d\u2019Assurance G\u00e9n\u00e9rale.<\/p>\n<\/li>\n\n\n\n<li class=\"wp-block-rbc-list-item\">\n<p>Aviva est responsable des d\u00e9cisions relatives au produit, \u00e0 la tarification, aux demandes de r\u00e8glement et \u00e0 la tarification. L\u2019Agence d\u2019assurances RBC lt\u00e9e est un agent ind\u00e9pendant qui vend et assure le service pour ces produits.<\/p>\n<\/li>\n\n\n\n<li class=\"wp-block-rbc-list-item\">\n<p>Nos produits comprennent une assurance loisirs et mode de vie pour les r\u00e9sidences saisonni\u00e8res, les v\u00e9hicules r\u00e9cr\u00e9atifs, les embarcations et plus encore, en plus des assurances auto et habitation traditionnelles.<\/p>\n<\/li>\n<\/ul>\n<\/div>\n<\/div><\/div>\n","protected":false},"excerpt":{"rendered":"<p>Porte-parole de RBC Assurances Pour organiser une entrevue avec un porte-parole, veuillez \u00e9crire \u00e0 rbcimedia@rbc.com<\/p>\n","protected":false},"author":196,"featured_media":0,"parent":20004,"menu_order":0,"comment_status":"closed","ping_status":"closed","template":"templates\/new-rbci-design.php","meta":{"_acf_changed":false,"footnotes":""},"class_list":["post-21018","page","type-page","status-publish","hentry"],"acf":[],"yoast_head":"<!-- This site is optimized with the Yoast SEO Premium plugin v27.3 (Yoast SEO v27.3) - https:\/\/yoast.com\/product\/yoast-seo-premium-wordpress\/ -->\n<title>Porte-parole de RBC Assurances | RBC Assurances<\/title>\n<meta name=\"description\" content=\"Demandez une entrevue avec l\u2019un de nos porte-parole.\" \/>\n<meta name=\"robots\" content=\"index, follow, max-snippet:-1, max-image-preview:large, max-video-preview:-1\" \/>\n<link rel=\"canonical\" href=\"https:\/\/silver.rbcinsurance.com\/fr-ca\/a-propos\/porte-parole\/\" \/>\n<meta property=\"og:locale\" content=\"fr_FR\" \/>\n<meta property=\"og:type\" content=\"article\" \/>\n<meta property=\"og:title\" content=\"Porte-parole de RBC Assurances | RBC Assurances\" \/>\n<meta property=\"og:description\" content=\"Demandez une entrevue avec l\u2019un de nos porte-parole.\" \/>\n<meta property=\"og:url\" content=\"https:\/\/silver.rbcinsurance.com\/fr-ca\/a-propos\/porte-parole\/\" \/>\n<meta property=\"og:site_name\" content=\"RBC Assurances\" \/>\n<meta property=\"article:modified_time\" content=\"2026-02-17T20:38:40+00:00\" \/>\n<meta property=\"og:image\" content=\"https:\/\/silver.rbcinsurance.com\/fr-ca\/wp-content\/uploads\/sites\/3\/2021\/06\/Farzana-Damji-Headshot-Official-2023.jpg?quality=80\" \/>\n\t<meta property=\"og:image:width\" content=\"800\" \/>\n\t<meta property=\"og:image:height\" content=\"800\" \/>\n\t<meta property=\"og:image:type\" content=\"image\/jpeg\" \/>\n<meta name=\"twitter:card\" content=\"summary_large_image\" \/>\n<meta name=\"twitter:label1\" content=\"Est. reading time\" \/>\n\t<meta name=\"twitter:data1\" content=\"4 minutes\" \/>\n<script type=\"application\/ld+json\" class=\"yoast-schema-graph\">{\"@context\":\"https:\\\/\\\/schema.org\",\"@graph\":[{\"@type\":\"WebPage\",\"@id\":\"https:\\\/\\\/silver.rbcinsurance.com\\\/fr-ca\\\/a-propos\\\/porte-parole\\\/\",\"url\":\"https:\\\/\\\/silver.rbcinsurance.com\\\/fr-ca\\\/a-propos\\\/porte-parole\\\/\",\"name\":\"Porte-parole de RBC Assurances | RBC Assurances\",\"isPartOf\":{\"@id\":\"https:\\\/\\\/silver.rbcinsurance.com\\\/fr-ca\\\/#website\"},\"primaryImageOfPage\":{\"@id\":\"https:\\\/\\\/silver.rbcinsurance.com\\\/fr-ca\\\/a-propos\\\/porte-parole\\\/#primaryimage\"},\"image\":{\"@id\":\"https:\\\/\\\/silver.rbcinsurance.com\\\/fr-ca\\\/a-propos\\\/porte-parole\\\/#primaryimage\"},\"thumbnailUrl\":\"https:\\\/\\\/silver.rbcinsurance.com\\\/fr-ca\\\/wp-content\\\/uploads\\\/sites\\\/3\\\/2021\\\/06\\\/Farzana-Damji-Headshot-Official-2023.jpg?quality=80&amp;w=800\",\"datePublished\":\"2025-07-03T18:30:17+00:00\",\"dateModified\":\"2026-02-17T20:38:40+00:00\",\"description\":\"Demandez une entrevue avec l\u2019un de nos porte-parole.\",\"breadcrumb\":{\"@id\":\"https:\\\/\\\/silver.rbcinsurance.com\\\/fr-ca\\\/a-propos\\\/porte-parole\\\/#breadcrumb\"},\"inLanguage\":\"fr-FR\",\"potentialAction\":[{\"@type\":\"ReadAction\",\"target\":[\"https:\\\/\\\/silver.rbcinsurance.com\\\/fr-ca\\\/a-propos\\\/porte-parole\\\/\"]}]},{\"@type\":\"ImageObject\",\"inLanguage\":\"fr-FR\",\"@id\":\"https:\\\/\\\/silver.rbcinsurance.com\\\/fr-ca\\\/a-propos\\\/porte-parole\\\/#primaryimage\",\"url\":\"https:\\\/\\\/silver.rbcinsurance.com\\\/fr-ca\\\/wp-content\\\/uploads\\\/sites\\\/3\\\/2021\\\/06\\\/Farzana-Damji-Headshot-Official-2023.jpg?quality=80\",\"contentUrl\":\"https:\\\/\\\/silver.rbcinsurance.com\\\/fr-ca\\\/wp-content\\\/uploads\\\/sites\\\/3\\\/2021\\\/06\\\/Farzana-Damji-Headshot-Official-2023.jpg?quality=80\",\"width\":800,\"height\":800,\"caption\":\"Farzana Damji\"},{\"@type\":\"BreadcrumbList\",\"@id\":\"https:\\\/\\\/silver.rbcinsurance.com\\\/fr-ca\\\/a-propos\\\/porte-parole\\\/#breadcrumb\",\"itemListElement\":[{\"@type\":\"ListItem\",\"position\":1,\"name\":\"Accueil\",\"item\":\"https:\\\/\\\/silver.rbcinsurance.com\\\/fr-ca\\\/\"},{\"@type\":\"ListItem\",\"position\":2,\"name\":\"\u00c0 propos de nous\",\"item\":\"https:\\\/\\\/silver.rbcinsurance.com\\\/fr-ca\\\/a-propos\\\/\"},{\"@type\":\"ListItem\",\"position\":3,\"name\":\"Porte-parole de RBC Assurances\"}]},{\"@type\":\"WebSite\",\"@id\":\"https:\\\/\\\/silver.rbcinsurance.com\\\/fr-ca\\\/#website\",\"url\":\"https:\\\/\\\/silver.rbcinsurance.com\\\/fr-ca\\\/\",\"name\":\"RBC Assurances\",\"description\":\"Assurance individuelle\",\"publisher\":{\"@id\":\"https:\\\/\\\/silver.rbcinsurance.com\\\/fr-ca\\\/#organization\"},\"potentialAction\":[{\"@type\":\"SearchAction\",\"target\":{\"@type\":\"EntryPoint\",\"urlTemplate\":\"https:\\\/\\\/silver.rbcinsurance.com\\\/fr-ca\\\/?s={search_term_string}\"},\"query-input\":{\"@type\":\"PropertyValueSpecification\",\"valueRequired\":true,\"valueName\":\"search_term_string\"}}],\"inLanguage\":\"fr-FR\"},{\"@type\":\"Organization\",\"@id\":\"https:\\\/\\\/silver.rbcinsurance.com\\\/fr-ca\\\/#organization\",\"name\":\"RBC Assurances\",\"url\":\"https:\\\/\\\/silver.rbcinsurance.com\\\/fr-ca\\\/\",\"logo\":{\"@type\":\"ImageObject\",\"inLanguage\":\"fr-FR\",\"@id\":\"https:\\\/\\\/silver.rbcinsurance.com\\\/fr-ca\\\/#\\\/schema\\\/logo\\\/image\\\/\",\"url\":\"https:\\\/\\\/silver.rbcinsurance.com\\\/fr-ca\\\/wp-content\\\/uploads\\\/sites\\\/3\\\/2021\\\/06\\\/rbc-logo-shield.svg?quality=80&w=1024\",\"contentUrl\":\"https:\\\/\\\/silver.rbcinsurance.com\\\/fr-ca\\\/wp-content\\\/uploads\\\/sites\\\/3\\\/2021\\\/06\\\/rbc-logo-shield.svg?quality=80&w=1024\",\"width\":\"1024\",\"height\":\"1024\",\"caption\":\"RBC Assurances\"},\"image\":{\"@id\":\"https:\\\/\\\/silver.rbcinsurance.com\\\/fr-ca\\\/#\\\/schema\\\/logo\\\/image\\\/\"},\"description\":\"RBC Assurances offre aux Canadiens des assurances personnelles telles que des assurances auto, habitation, vie, sant\u00e9, voyage et cr\u00e9dit, ainsi que des solutions de placement pour la retraite.\",\"telephone\":\"1 800 769-2568\",\"legalName\":\"Services d'assurance RBC Inc.\",\"numberOfEmployees\":{\"@type\":\"QuantitativeValue\",\"minValue\":\"1001\",\"maxValue\":\"5000\"}}]}<\/script>\n<!-- \/ Yoast SEO Premium plugin. -->","yoast_head_json":{"title":"Porte-parole de RBC Assurances | RBC Assurances","description":"Demandez une entrevue avec l\u2019un de nos porte-parole.","robots":{"index":"index","follow":"follow","max-snippet":"max-snippet:-1","max-image-preview":"max-image-preview:large","max-video-preview":"max-video-preview:-1"},"canonical":"https:\/\/silver.rbcinsurance.com\/fr-ca\/a-propos\/porte-parole\/","og_locale":"fr_FR","og_type":"article","og_title":"Porte-parole de RBC Assurances | RBC Assurances","og_description":"Demandez une entrevue avec l\u2019un de nos porte-parole.","og_url":"https:\/\/silver.rbcinsurance.com\/fr-ca\/a-propos\/porte-parole\/","og_site_name":"RBC Assurances","article_modified_time":"2026-02-17T20:38:40+00:00","og_image":[{"width":800,"height":800,"url":"https:\/\/silver.rbcinsurance.com\/fr-ca\/wp-content\/uploads\/sites\/3\/2021\/06\/Farzana-Damji-Headshot-Official-2023.jpg?quality=80","type":"image\/jpeg"}],"twitter_card":"summary_large_image","twitter_misc":{"Est. reading time":"4 minutes"},"schema":{"@context":"https:\/\/schema.org","@graph":[{"@type":"WebPage","@id":"https:\/\/silver.rbcinsurance.com\/fr-ca\/a-propos\/porte-parole\/","url":"https:\/\/silver.rbcinsurance.com\/fr-ca\/a-propos\/porte-parole\/","name":"Porte-parole de RBC Assurances | RBC Assurances","isPartOf":{"@id":"https:\/\/silver.rbcinsurance.com\/fr-ca\/#website"},"primaryImageOfPage":{"@id":"https:\/\/silver.rbcinsurance.com\/fr-ca\/a-propos\/porte-parole\/#primaryimage"},"image":{"@id":"https:\/\/silver.rbcinsurance.com\/fr-ca\/a-propos\/porte-parole\/#primaryimage"},"thumbnailUrl":"https:\/\/silver.rbcinsurance.com\/fr-ca\/wp-content\/uploads\/sites\/3\/2021\/06\/Farzana-Damji-Headshot-Official-2023.jpg?quality=80&amp;w=800","datePublished":"2025-07-03T18:30:17+00:00","dateModified":"2026-02-17T20:38:40+00:00","description":"Demandez une entrevue avec l\u2019un de nos porte-parole.","breadcrumb":{"@id":"https:\/\/silver.rbcinsurance.com\/fr-ca\/a-propos\/porte-parole\/#breadcrumb"},"inLanguage":"fr-FR","potentialAction":[{"@type":"ReadAction","target":["https:\/\/silver.rbcinsurance.com\/fr-ca\/a-propos\/porte-parole\/"]}]},{"@type":"ImageObject","inLanguage":"fr-FR","@id":"https:\/\/silver.rbcinsurance.com\/fr-ca\/a-propos\/porte-parole\/#primaryimage","url":"https:\/\/silver.rbcinsurance.com\/fr-ca\/wp-content\/uploads\/sites\/3\/2021\/06\/Farzana-Damji-Headshot-Official-2023.jpg?quality=80","contentUrl":"https:\/\/silver.rbcinsurance.com\/fr-ca\/wp-content\/uploads\/sites\/3\/2021\/06\/Farzana-Damji-Headshot-Official-2023.jpg?quality=80","width":800,"height":800,"caption":"Farzana Damji"},{"@type":"BreadcrumbList","@id":"https:\/\/silver.rbcinsurance.com\/fr-ca\/a-propos\/porte-parole\/#breadcrumb","itemListElement":[{"@type":"ListItem","position":1,"name":"Accueil","item":"https:\/\/silver.rbcinsurance.com\/fr-ca\/"},{"@type":"ListItem","position":2,"name":"\u00c0 propos de nous","item":"https:\/\/silver.rbcinsurance.com\/fr-ca\/a-propos\/"},{"@type":"ListItem","position":3,"name":"Porte-parole de RBC Assurances"}]},{"@type":"WebSite","@id":"https:\/\/silver.rbcinsurance.com\/fr-ca\/#website","url":"https:\/\/silver.rbcinsurance.com\/fr-ca\/","name":"RBC Assurances","description":"Assurance individuelle","publisher":{"@id":"https:\/\/silver.rbcinsurance.com\/fr-ca\/#organization"},"potentialAction":[{"@type":"SearchAction","target":{"@type":"EntryPoint","urlTemplate":"https:\/\/silver.rbcinsurance.com\/fr-ca\/?s={search_term_string}"},"query-input":{"@type":"PropertyValueSpecification","valueRequired":true,"valueName":"search_term_string"}}],"inLanguage":"fr-FR"},{"@type":"Organization","@id":"https:\/\/silver.rbcinsurance.com\/fr-ca\/#organization","name":"RBC Assurances","url":"https:\/\/silver.rbcinsurance.com\/fr-ca\/","logo":{"@type":"ImageObject","inLanguage":"fr-FR","@id":"https:\/\/silver.rbcinsurance.com\/fr-ca\/#\/schema\/logo\/image\/","url":"https:\/\/silver.rbcinsurance.com\/fr-ca\/wp-content\/uploads\/sites\/3\/2021\/06\/rbc-logo-shield.svg?quality=80&w=1024","contentUrl":"https:\/\/silver.rbcinsurance.com\/fr-ca\/wp-content\/uploads\/sites\/3\/2021\/06\/rbc-logo-shield.svg?quality=80&w=1024","width":"1024","height":"1024","caption":"RBC Assurances"},"image":{"@id":"https:\/\/silver.rbcinsurance.com\/fr-ca\/#\/schema\/logo\/image\/"},"description":"RBC Assurances offre aux Canadiens des assurances personnelles telles que des assurances auto, habitation, vie, sant\u00e9, voyage et cr\u00e9dit, ainsi que des solutions de placement pour la retraite.","telephone":"1 800 769-2568","legalName":"Services d'assurance RBC Inc.","numberOfEmployees":{"@type":"QuantitativeValue","minValue":"1001","maxValue":"5000"}}]}},"jetpack_sharing_enabled":true,"_links":{"self":[{"href":"https:\/\/silver.rbcinsurance.com\/fr-ca\/wp-json\/wp\/v2\/pages\/21018","targetHints":{"allow":["GET"]}}],"collection":[{"href":"https:\/\/silver.rbcinsurance.com\/fr-ca\/wp-json\/wp\/v2\/pages"}],"about":[{"href":"https:\/\/silver.rbcinsurance.com\/fr-ca\/wp-json\/wp\/v2\/types\/page"}],"author":[{"embeddable":true,"href":"https:\/\/silver.rbcinsurance.com\/fr-ca\/wp-json\/wp\/v2\/users\/196"}],"replies":[{"embeddable":true,"href":"https:\/\/silver.rbcinsurance.com\/fr-ca\/wp-json\/wp\/v2\/comments?post=21018"}],"version-history":[{"count":8,"href":"https:\/\/silver.rbcinsurance.com\/fr-ca\/wp-json\/wp\/v2\/pages\/21018\/revisions"}],"predecessor-version":[{"id":24257,"href":"https:\/\/silver.rbcinsurance.com\/fr-ca\/wp-json\/wp\/v2\/pages\/21018\/revisions\/24257"}],"up":[{"embeddable":true,"href":"https:\/\/silver.rbcinsurance.com\/fr-ca\/wp-json\/wp\/v2\/pages\/20004"}],"wp:attachment":[{"href":"https:\/\/silver.rbcinsurance.com\/fr-ca\/wp-json\/wp\/v2\/media?parent=21018"}],"curies":[{"name":"wp","href":"https:\/\/api.w.org\/{rel}","templated":true}]}}