{"id":20784,"date":"2025-07-29T09:07:44","date_gmt":"2025-07-29T13:07:44","guid":{"rendered":"https:\/\/silver.rbcinsurance.com\/fr-ca\/?page_id=20784"},"modified":"2025-07-29T09:07:46","modified_gmt":"2025-07-29T13:07:46","slug":"maladies-inadmissibles","status":"publish","type":"page","link":"https:\/\/silver.rbcinsurance.com\/fr-ca\/assurance-maladie\/maladies-inadmissibles\/","title":{"rendered":"Maladies inadmissibles"},"content":{"rendered":"\n<p><\/p>\n\n\n<div class=\"yoast-breadcrumbs\"><span class=\"rbc-yoast-breadcrum-span\"><span><a href=\"https:\/\/silver.rbcinsurance.com\/fr-ca\/\">Accueil<\/a><\/span> &gt; <span><a href=\"https:\/\/silver.rbcinsurance.com\/fr-ca\/assurance-maladie\/\">Assurance Maladie<\/a><\/span> &gt; <span class=\"breadcrumb_last\" aria-current=\"page\">Maladies inadmissibles<\/span><\/span><\/div>\n\n\n<p><\/p>\n\n\n\n<h1 class=\"wp-block-heading\" id=\"h-maladies-inadmissibles\">Maladies inadmissibles<\/h1>\n\n\n\n<div class=\"wp-block-rbc-faq-wrapper menuItems__dropdown faqWrapper  mar-t-0 mob-mar-t-0\"><div class=\"faqWrapper__header\"><p class=\"p-large\">Vous n\u2019\u00eates pas admissible \u00e0 l\u2019assurance maladies graves de RBC Assurances<sup>\u00ae<\/sup>\u00a0si vous avez ou avez eu l\u2019une des maladies ou l\u2019un des probl\u00e8mes de sant\u00e9 suivants : Si vous avez eu l\u2019une des maladies ou l\u2019un des probl\u00e8mes de sant\u00e9 \u00e9num\u00e9r\u00e9s ci-dessous, veuillez consulter un conseiller de RBC Assurances pour discuter des autres solutions d\u2019assurance auxquelles vous pourriez \u00eatre admissible.<br><br>La liste des maladies exclues varie d\u2019une assurance \u00e0 l\u2019autre. Veuillez s\u00e9lectionner une assurance pour voir la liste :<\/p><\/div><div class=\"faqWrapper__content\"><div class=\"faqWrapper__content-left\">\n<div class=\"selectDropdown__wrapper\">\n\t\t<div class=\"selectDropdown__container\">\n\t\t<div class=\"selectDropdown selectDropdown__default  selectDropdown__floating \" \t\t\tdata-option_name=\"\" style=\"width:100%\">\n\t\t\t<button class=\"selectDropdown__button\" aria-haspopup=\"listbox\" aria-expanded=\"false\">\n\t\t\t\t<span class=\"selectDropdown__title\" data-default_title=\"Police r\u00e9tablissement d\u2019une maladie grave\">\n\t\t\t\t\tPolice r\u00e9tablissement d\u2019une maladie grave\t\t\t\t<\/span>\n\t\t\t\t<span class=\"selectDropdown__chevron\"><\/span>\n\t\t\t<\/button>\n\t\t\t<ul class=\"selectDropdown__list\" role=\"listbox\" tabindex=\"-1\">\n\t\t\t\t\t\t\t\t\t<li\n\t\t\t\t\t\tclass=\"selectDropdown__list__item selected\"\n\t\t\t\t\t\tdata-option_value=\"0\"\n\t\t\t\t\t\trole=\"option\"\n\t\t\t\t\t\ttabindex=\"0\"\n\t\t\t\t\t\taria-selected=\"false\"\n\t\t\t\t\t\t\t\t\t\t\t\tdata-option_url=\"\"\n\t\t\t\t\t>\n\t\t\t\t\t\t<div class=\"selectDropdown__list__item__content\">\n\t\t\t\t\t\t\t\t\t\t\t\t\t\t\t<span class=\"selectDropdown__list__item__name\">\n\t\t\t\t\t\t\t\t\tPolice r\u00e9tablissement d\u2019une maladie grave\t\t\t\t\t\t\t\t<\/span>\n\t\t\t\t\t\t\t\t\t\t\t\t\t\t\t\t\t\t\t\t<\/div>\n\t\t\t\t\t<\/li>\n\t\t\t\t\t\t\t\t\t<li\n\t\t\t\t\t\tclass=\"selectDropdown__list__item \"\n\t\t\t\t\t\tdata-option_value=\"1\"\n\t\t\t\t\t\trole=\"option\"\n\t\t\t\t\t\ttabindex=\"0\"\n\t\t\t\t\t\taria-selected=\"false\"\n\t\t\t\t\t\t\t\t\t\t\t\tdata-option_url=\"\"\n\t\t\t\t\t>\n\t\t\t\t\t\t<div class=\"selectDropdown__list__item__content\">\n\t\t\t\t\t\t\t\t\t\t\t\t\t\t\t<span class=\"selectDropdown__list__item__name\">\n\t\t\t\t\t\t\t\t\tAssurance maladies graves\t\t\t\t\t\t\t\t<\/span>\n\t\t\t\t\t\t\t\t\t\t\t\t\t\t\t\t\t\t\t\t<\/div>\n\t\t\t\t\t<\/li>\n\t\t\t\t\t\t\t<\/ul>\n\t\t\t\t\t<\/div>\n\t\t\t<\/div>\t\n<\/div>\n<div class=\"faqWrapper__menuItems\"><div class=\"faqWrapper__menuItem\" tabindex=\"0\">Police r\u00e9tablissement d\u2019une maladie grave<\/div><div class=\"faqWrapper__menuItem\" tabindex=\"0\">Assurance maladies graves<\/div><\/div><\/div><div class=\"faqWrapper__content-right\">\n<div class=\"wp-block-rbc-faq faq\"><div class=\"faq__header\"><h3>Police r\u00e9tablissement d\u2019une maladie grave<\/h3><\/div><div class=\"faq__content\">\n<div class=\"wp-block-rbc-rbc-collapsible-accordion accordion\" id=\"&quot;accordionSet1\">\n<div class=\"wp-block-columns is-layout-flex wp-container-core-columns-is-layout-28f84493 wp-block-columns-is-layout-flex\">\n<div class=\"wp-block-column is-layout-flow wp-block-column-is-layout-flow\">\n<ul class=\"wp-block-list list-core-block second-level-inherit third-level-inherit is-style-blue-disc\">\n<li>Accident isch\u00e9mique transitoire<\/li>\n\n\n\n<li>Accident vasculaire c\u00e9r\u00e9bral<\/li>\n\n\n\n<li>Angine<\/li>\n\n\n\n<li>Angioplastie<\/li>\n\n\n\n<li>Atrophie musculaire progressive<\/li>\n\n\n\n<li>Cancer<sup><a href=\"#legal-1\" data-dig-id=\"LP-20784-33855682\" data-dig-category=\"LP\" data-dig-action=\"link click\" data-dig-label=\"1\" class=\"rbc-link-format\">1<\/a><\/sup><\/li>\n\n\n\n<li>C\u00e9cit\u00e9 (possibilit\u00e9 d\u2019exclusion)<\/li>\n\n\n\n<li>Chirurgie valvulaire<\/li>\n\n\n\n<li>Chor\u00e9e de Huntington<\/li>\n\n\n\n<li>Consommation abusive d\u2019alcool (au cours des deux derni\u00e8res ann\u00e9es)<\/li>\n\n\n\n<li>Crise cardiaque<\/li>\n\n\n\n<li>Diab\u00e8te (insulinod\u00e9pendant)<\/li>\n\n\n\n<li>Dr\u00e9panocytose<\/li>\n\n\n\n<li>Fibrose kystique<\/li>\n\n\n\n<li>Greffe d\u2019organe vital<\/li>\n\n\n\n<li>H\u00e9patite chronique (autre que l\u2019h\u00e9patite A)<\/li>\n\n\n\n<li>Insuffisance r\u00e9nale<\/li>\n<\/ul>\n<\/div>\n\n\n\n<div class=\"wp-block-column is-layout-flow wp-block-column-is-layout-flow\">\n<ul class=\"wp-block-list list-core-block second-level-inherit third-level-inherit is-style-blue-disc\">\n<li>Insuffisance r\u00e9nale chronique<\/li>\n\n\n\n<li>Lupus \u00e9ryth\u00e9mateux diss\u00e9min\u00e9<\/li>\n\n\n\n<li>Maladie d\u2019Alzheimer<\/li>\n\n\n\n<li>Maladie de Parkinson<\/li>\n\n\n\n<li>Maladie vasculaire p\u00e9riph\u00e9rique<\/li>\n\n\n\n<li>Paralysie bulbaire progressive<\/li>\n\n\n\n<li>Paralysie permanente<\/li>\n\n\n\n<li>Paralysie pseudo-bulbaire progressive<\/li>\n\n\n\n<li>Polypes du c\u00f4lon<sup><a href=\"#legal-2\" data-dig-id=\"LP-20784-02223ba3\" data-dig-category=\"LP\" data-dig-action=\"link click\" data-dig-label=\"2\" class=\"rbc-link-format\">2<\/a><\/sup><\/li>\n\n\n\n<li>Pontage aortocoronarien<\/li>\n\n\n\n<li>Scl\u00e9rose en plaques<\/li>\n\n\n\n<li>Scl\u00e9rose lat\u00e9rale amyotrophique (SLA), commun\u00e9ment appel\u00e9e maladie de Lou Gehrig ;<\/li>\n\n\n\n<li>Scl\u00e9rose lat\u00e9rale primitive<\/li>\n\n\n\n<li>SIDA (affections li\u00e9es au SIDA ou s\u00e9ropositivit\u00e9 au VIH)<\/li>\n\n\n\n<li>Surdit\u00e9 (possibilit\u00e9 d\u2019exclusion)<\/li>\n<\/ul>\n<\/div>\n<\/div>\n\n\n\n<p>Pour conna\u00eetre les d\u00e9finitions des maladies et affections indiqu\u00e9es ci-dessus, veuillez consulter un exemple de police.<\/p>\n<\/div>\n<\/div><\/div>\n\n\n\n<div class=\"wp-block-rbc-faq faq\"><div class=\"faq__header\"><h3>Assurance maladies graves<\/h3><\/div><div class=\"faq__content\">\n<div class=\"wp-block-rbc-rbc-collapsible-accordion accordion\" id=\"&quot;accordionSet1\">\n<div class=\"wp-block-columns is-layout-flex wp-container-core-columns-is-layout-28f84493 wp-block-columns-is-layout-flex\">\n<div class=\"wp-block-column is-layout-flow wp-block-column-is-layout-flow\">\n<ul class=\"wp-block-list list-core-block second-level-inherit third-level-inherit is-style-blue-disc\">\n<li>Accident isch\u00e9mique transitoire<\/li>\n\n\n\n<li>Accident vasculaire c\u00e9r\u00e9bral<\/li>\n\n\n\n<li>Angine<\/li>\n\n\n\n<li>Angioplastie<\/li>\n\n\n\n<li>Cancer<sup><a href=\"#legal-1\" data-dig-id=\"LP-20784-deb1d018\" data-dig-category=\"LP\" data-dig-action=\"link click\" data-dig-label=\"1\" class=\"rbc-link-format\">1<\/a><\/sup><\/li>\n\n\n\n<li>Chirurgie valvulaire<\/li>\n\n\n\n<li>Chor\u00e9e de Huntington<\/li>\n\n\n\n<li>Consommation abusive d\u2019alcool (au cours des deux derni\u00e8res ann\u00e9es)<\/li>\n\n\n\n<li>Crise cardiaque<\/li>\n\n\n\n<li>Diab\u00e8te (insulinod\u00e9pendant)<\/li>\n\n\n\n<li>Dr\u00e9panocytose<\/li>\n\n\n\n<li>Fibrose kystique<\/li>\n\n\n\n<li>Greffe d\u2019organe vital<\/li>\n\n\n\n<li>H\u00e9patite chronique (autre que l\u2019h\u00e9patite A)<\/li>\n<\/ul>\n<\/div>\n\n\n\n<div class=\"wp-block-column is-layout-flow wp-block-column-is-layout-flow\">\n<ul class=\"wp-block-list list-core-block second-level-inherit third-level-inherit is-style-blue-disc\">\n<li>Insuffisance d\u2019organe vital en attente de greffe<\/li>\n\n\n\n<li>Insuffisance r\u00e9nale<\/li>\n\n\n\n<li>Lupus \u00e9ryth\u00e9mateux diss\u00e9min\u00e9<\/li>\n\n\n\n<li>Maladie r\u00e9nale<\/li>\n\n\n\n<li>Maladie vasculaire p\u00e9riph\u00e9rique<\/li>\n\n\n\n<li>Paralysie permanente<\/li>\n\n\n\n<li>Polypes du c\u00f4lon<sup><a href=\"#legal-2\" data-dig-id=\"LP-20784-1eb59eed\" data-dig-category=\"LP\" data-dig-action=\"link click\" data-dig-label=\"2\" class=\"rbc-link-format\">2<\/a><\/sup><\/li>\n\n\n\n<li>Pontage aortocoronarien<\/li>\n\n\n\n<li>Scl\u00e9rose en plaques<\/li>\n\n\n\n<li>Scl\u00e9rose lat\u00e9rale amyotrophique (SLA), commun\u00e9ment appel\u00e9e maladie de Lou Gehrig ;<\/li>\n\n\n\n<li>SIDA (affections li\u00e9es au SIDA ou s\u00e9ropositivit\u00e9 au VIH)<\/li>\n<\/ul>\n<\/div>\n<\/div>\n\n\n\n<p>Pour conna\u00eetre les d\u00e9finitions des maladies et affections indiqu\u00e9es ci-dessus, veuillez consulter un exemple de police.<br><\/p>\n<\/div>\n<\/div><\/div>\n<\/div><\/div><\/div>\n\n\n\n<section class=\"wp-block-rbc-rbc-legal-collapsible disclaimer\" aria-label=\"Legal Disclaimers\"><div class=\"section-inner\"><p><button class=\"collapse-toggle collapsed\" data-target=\"#collapseDisclaimer\" data-toggle=\"collapse\" aria-expanded=\"false\" aria-controls=\"collapseDisclaimer\" data-dig-id=\"LP-20784-a0863469\" data-dig-category=\"LP\" data-dig-action=\"legal close\" data-dig-label=\"legal close\" action-closed=\"legal close\" action-opened=\"legal open\" label-close=\"legal open\" label-open=\"legal close\"><span>Afficher les avis de non-responsabilit\u00e9<\/span><span>Cacher les avis de non-responsabilit\u00e9<\/span><\/button><\/p><div class=\"collapse-content collapse\" id=\"collapseDisclaimer\"><div class=\"collapse-inner\"><div class=\"table-wpr\">\n<div class=\"wp-block-rbc-rbc-disclaimer-block\"><div class=\"table-row\" id=\"legal-1\"><div class=\"table-cell\"><span class=\"offscreen\">Legal Disclaimer<\/span><sup>1<\/sup><\/div><div class=\"table-cell\">\n<p>Les proposants atteints de certains cancers de la peau, autres qu\u2019un m\u00e9lanome, ou de certains cancers au stade pr\u00e9coce peuvent \u00eatre admissibles \u00e0 l\u2019assurance. Les proposants atteints de certaines formes de cancer des testicules peuvent \u00eatre admissibles cinq ans apr\u00e8s la fin d\u2019un traitement r\u00e9ussi.<\/p>\n<\/div><\/div><\/div>\n\n\n\n<div class=\"wp-block-rbc-rbc-disclaimer-block\"><div class=\"table-row\" id=\"legal-2\"><div class=\"table-cell\"><span class=\"offscreen\">Legal Disclaimer<\/span><sup>2<\/sup><\/div><div class=\"table-cell\">\n<p>Si des polypes du c\u00f4lon sont pr\u00e9sents, l\u2019assurance ne pourra pas \u00eatre souscrite. Si des polypes du c\u00f4lon ont \u00e9t\u00e9 enlev\u00e9s et qu\u2019il y a eu une biopsie, l\u2019assurance peut \u00eatre offerte selon les renseignements m\u00e9dicaux.<\/p>\n<\/div><\/div><\/div>\n<\/div><\/div><\/div><\/div><\/section>\n\n\n\n<p><\/p>\n","protected":false},"excerpt":{"rendered":"<p>Maladies inadmissibles<\/p>\n","protected":false},"author":203,"featured_media":0,"parent":11686,"menu_order":0,"comment_status":"closed","ping_status":"closed","template":"templates\/new-rbci-design.php","meta":{"_acf_changed":false,"footnotes":""},"class_list":["post-20784","page","type-page","status-publish","hentry"],"acf":[],"yoast_head":"<!-- This site is optimized with the Yoast SEO Premium plugin v27.3 (Yoast SEO v27.3) - https:\/\/yoast.com\/product\/yoast-seo-premium-wordpress\/ -->\n<title>Maladies inadmissibles - Assurance maladie | RBC Assurances<\/title>\n<meta name=\"description\" content=\"Vous n\u2019\u00eates pas admissible \u00e0 l\u2019assurance maladies graves de RBC Assurances\u00a0si vous avez ou avez eu l\u2019une des maladies ou l\u2019un des probl\u00e8mes de sant\u00e9 suivants\" \/>\n<meta name=\"robots\" content=\"index, follow, max-snippet:-1, max-image-preview:large, max-video-preview:-1\" \/>\n<link rel=\"canonical\" href=\"https:\/\/silver.rbcinsurance.com\/fr-ca\/assurance-maladie\/maladies-inadmissibles\/\" \/>\n<meta property=\"og:locale\" content=\"fr_FR\" \/>\n<meta property=\"og:type\" content=\"article\" \/>\n<meta property=\"og:title\" content=\"Maladies inadmissibles - Assurance maladie | RBC Assurances\" \/>\n<meta property=\"og:description\" content=\"Vous n\u2019\u00eates pas admissible \u00e0 l\u2019assurance maladies graves de RBC Assurances\u00a0si vous avez ou avez eu l\u2019une des maladies ou l\u2019un des probl\u00e8mes de sant\u00e9 suivants\" \/>\n<meta property=\"og:url\" content=\"https:\/\/silver.rbcinsurance.com\/fr-ca\/assurance-maladie\/maladies-inadmissibles\/\" \/>\n<meta property=\"og:site_name\" content=\"RBC Assurances\" \/>\n<meta property=\"article:modified_time\" content=\"2025-07-29T13:07:46+00:00\" \/>\n<meta property=\"og:image\" content=\"https:\/\/silver.rbcinsurance.com\/fr-ca\/wp-content\/uploads\/sites\/3\/2024\/12\/personal-insurance-mobile.webp?quality=80\" \/>\n\t<meta property=\"og:image:width\" content=\"450\" \/>\n\t<meta property=\"og:image:height\" content=\"250\" \/>\n\t<meta property=\"og:image:type\" content=\"image\/webp\" \/>\n<meta name=\"twitter:card\" content=\"summary_large_image\" \/>\n<meta name=\"twitter:label1\" content=\"Est. reading time\" \/>\n\t<meta name=\"twitter:data1\" content=\"3 minutes\" \/>\n<script type=\"application\/ld+json\" class=\"yoast-schema-graph\">{\"@context\":\"https:\\\/\\\/schema.org\",\"@graph\":[{\"@type\":\"WebPage\",\"@id\":\"https:\\\/\\\/silver.rbcinsurance.com\\\/fr-ca\\\/assurance-maladie\\\/maladies-inadmissibles\\\/\",\"url\":\"https:\\\/\\\/silver.rbcinsurance.com\\\/fr-ca\\\/assurance-maladie\\\/maladies-inadmissibles\\\/\",\"name\":\"Maladies inadmissibles - Assurance maladie | RBC Assurances\",\"isPartOf\":{\"@id\":\"https:\\\/\\\/silver.rbcinsurance.com\\\/fr-ca\\\/#website\"},\"datePublished\":\"2025-07-29T13:07:44+00:00\",\"dateModified\":\"2025-07-29T13:07:46+00:00\",\"description\":\"Vous n\u2019\u00eates pas admissible \u00e0 l\u2019assurance maladies graves de RBC Assurances\u00a0si vous avez ou avez eu l\u2019une des maladies ou l\u2019un des probl\u00e8mes de sant\u00e9 suivants\",\"breadcrumb\":{\"@id\":\"https:\\\/\\\/silver.rbcinsurance.com\\\/fr-ca\\\/assurance-maladie\\\/maladies-inadmissibles\\\/#breadcrumb\"},\"inLanguage\":\"fr-FR\",\"potentialAction\":[{\"@type\":\"ReadAction\",\"target\":[\"https:\\\/\\\/silver.rbcinsurance.com\\\/fr-ca\\\/assurance-maladie\\\/maladies-inadmissibles\\\/\"]}]},{\"@type\":\"BreadcrumbList\",\"@id\":\"https:\\\/\\\/silver.rbcinsurance.com\\\/fr-ca\\\/assurance-maladie\\\/maladies-inadmissibles\\\/#breadcrumb\",\"itemListElement\":[{\"@type\":\"ListItem\",\"position\":1,\"name\":\"Accueil\",\"item\":\"https:\\\/\\\/silver.rbcinsurance.com\\\/fr-ca\\\/\"},{\"@type\":\"ListItem\",\"position\":2,\"name\":\"Assurance Maladie\",\"item\":\"https:\\\/\\\/silver.rbcinsurance.com\\\/fr-ca\\\/assurance-maladie\\\/\"},{\"@type\":\"ListItem\",\"position\":3,\"name\":\"Maladies inadmissibles\"}]},{\"@type\":\"WebSite\",\"@id\":\"https:\\\/\\\/silver.rbcinsurance.com\\\/fr-ca\\\/#website\",\"url\":\"https:\\\/\\\/silver.rbcinsurance.com\\\/fr-ca\\\/\",\"name\":\"RBC Assurances\",\"description\":\"Assurance individuelle\",\"publisher\":{\"@id\":\"https:\\\/\\\/silver.rbcinsurance.com\\\/fr-ca\\\/#organization\"},\"potentialAction\":[{\"@type\":\"SearchAction\",\"target\":{\"@type\":\"EntryPoint\",\"urlTemplate\":\"https:\\\/\\\/silver.rbcinsurance.com\\\/fr-ca\\\/?s={search_term_string}\"},\"query-input\":{\"@type\":\"PropertyValueSpecification\",\"valueRequired\":true,\"valueName\":\"search_term_string\"}}],\"inLanguage\":\"fr-FR\"},{\"@type\":\"Organization\",\"@id\":\"https:\\\/\\\/silver.rbcinsurance.com\\\/fr-ca\\\/#organization\",\"name\":\"RBC Assurances\",\"url\":\"https:\\\/\\\/silver.rbcinsurance.com\\\/fr-ca\\\/\",\"logo\":{\"@type\":\"ImageObject\",\"inLanguage\":\"fr-FR\",\"@id\":\"https:\\\/\\\/silver.rbcinsurance.com\\\/fr-ca\\\/#\\\/schema\\\/logo\\\/image\\\/\",\"url\":\"https:\\\/\\\/silver.rbcinsurance.com\\\/fr-ca\\\/wp-content\\\/uploads\\\/sites\\\/3\\\/2021\\\/06\\\/rbc-logo-shield.svg?quality=80&w=1024\",\"contentUrl\":\"https:\\\/\\\/silver.rbcinsurance.com\\\/fr-ca\\\/wp-content\\\/uploads\\\/sites\\\/3\\\/2021\\\/06\\\/rbc-logo-shield.svg?quality=80&w=1024\",\"width\":\"1024\",\"height\":\"1024\",\"caption\":\"RBC Assurances\"},\"image\":{\"@id\":\"https:\\\/\\\/silver.rbcinsurance.com\\\/fr-ca\\\/#\\\/schema\\\/logo\\\/image\\\/\"},\"description\":\"RBC Assurances offre aux Canadiens des assurances personnelles telles que des assurances auto, habitation, vie, sant\u00e9, voyage et cr\u00e9dit, ainsi que des solutions de placement pour la retraite.\",\"telephone\":\"1 800 769-2568\",\"legalName\":\"Services d'assurance RBC Inc.\",\"numberOfEmployees\":{\"@type\":\"QuantitativeValue\",\"minValue\":\"1001\",\"maxValue\":\"5000\"}}]}<\/script>\n<!-- \/ Yoast SEO Premium plugin. -->","yoast_head_json":{"title":"Maladies inadmissibles - Assurance maladie | RBC Assurances","description":"Vous n\u2019\u00eates pas admissible \u00e0 l\u2019assurance maladies graves de RBC Assurances\u00a0si vous avez ou avez eu l\u2019une des maladies ou l\u2019un des probl\u00e8mes de sant\u00e9 suivants","robots":{"index":"index","follow":"follow","max-snippet":"max-snippet:-1","max-image-preview":"max-image-preview:large","max-video-preview":"max-video-preview:-1"},"canonical":"https:\/\/silver.rbcinsurance.com\/fr-ca\/assurance-maladie\/maladies-inadmissibles\/","og_locale":"fr_FR","og_type":"article","og_title":"Maladies inadmissibles - Assurance maladie | RBC Assurances","og_description":"Vous n\u2019\u00eates pas admissible \u00e0 l\u2019assurance maladies graves de RBC Assurances\u00a0si vous avez ou avez eu l\u2019une des maladies ou l\u2019un des probl\u00e8mes de sant\u00e9 suivants","og_url":"https:\/\/silver.rbcinsurance.com\/fr-ca\/assurance-maladie\/maladies-inadmissibles\/","og_site_name":"RBC Assurances","article_modified_time":"2025-07-29T13:07:46+00:00","og_image":[{"width":450,"height":250,"url":"https:\/\/silver.rbcinsurance.com\/fr-ca\/wp-content\/uploads\/sites\/3\/2024\/12\/personal-insurance-mobile.webp?quality=80","type":"image\/webp"}],"twitter_card":"summary_large_image","twitter_misc":{"Est. reading time":"3 minutes"},"schema":{"@context":"https:\/\/schema.org","@graph":[{"@type":"WebPage","@id":"https:\/\/silver.rbcinsurance.com\/fr-ca\/assurance-maladie\/maladies-inadmissibles\/","url":"https:\/\/silver.rbcinsurance.com\/fr-ca\/assurance-maladie\/maladies-inadmissibles\/","name":"Maladies inadmissibles - Assurance maladie | RBC Assurances","isPartOf":{"@id":"https:\/\/silver.rbcinsurance.com\/fr-ca\/#website"},"datePublished":"2025-07-29T13:07:44+00:00","dateModified":"2025-07-29T13:07:46+00:00","description":"Vous n\u2019\u00eates pas admissible \u00e0 l\u2019assurance maladies graves de RBC Assurances\u00a0si vous avez ou avez eu l\u2019une des maladies ou l\u2019un des probl\u00e8mes de sant\u00e9 suivants","breadcrumb":{"@id":"https:\/\/silver.rbcinsurance.com\/fr-ca\/assurance-maladie\/maladies-inadmissibles\/#breadcrumb"},"inLanguage":"fr-FR","potentialAction":[{"@type":"ReadAction","target":["https:\/\/silver.rbcinsurance.com\/fr-ca\/assurance-maladie\/maladies-inadmissibles\/"]}]},{"@type":"BreadcrumbList","@id":"https:\/\/silver.rbcinsurance.com\/fr-ca\/assurance-maladie\/maladies-inadmissibles\/#breadcrumb","itemListElement":[{"@type":"ListItem","position":1,"name":"Accueil","item":"https:\/\/silver.rbcinsurance.com\/fr-ca\/"},{"@type":"ListItem","position":2,"name":"Assurance Maladie","item":"https:\/\/silver.rbcinsurance.com\/fr-ca\/assurance-maladie\/"},{"@type":"ListItem","position":3,"name":"Maladies inadmissibles"}]},{"@type":"WebSite","@id":"https:\/\/silver.rbcinsurance.com\/fr-ca\/#website","url":"https:\/\/silver.rbcinsurance.com\/fr-ca\/","name":"RBC Assurances","description":"Assurance individuelle","publisher":{"@id":"https:\/\/silver.rbcinsurance.com\/fr-ca\/#organization"},"potentialAction":[{"@type":"SearchAction","target":{"@type":"EntryPoint","urlTemplate":"https:\/\/silver.rbcinsurance.com\/fr-ca\/?s={search_term_string}"},"query-input":{"@type":"PropertyValueSpecification","valueRequired":true,"valueName":"search_term_string"}}],"inLanguage":"fr-FR"},{"@type":"Organization","@id":"https:\/\/silver.rbcinsurance.com\/fr-ca\/#organization","name":"RBC Assurances","url":"https:\/\/silver.rbcinsurance.com\/fr-ca\/","logo":{"@type":"ImageObject","inLanguage":"fr-FR","@id":"https:\/\/silver.rbcinsurance.com\/fr-ca\/#\/schema\/logo\/image\/","url":"https:\/\/silver.rbcinsurance.com\/fr-ca\/wp-content\/uploads\/sites\/3\/2021\/06\/rbc-logo-shield.svg?quality=80&w=1024","contentUrl":"https:\/\/silver.rbcinsurance.com\/fr-ca\/wp-content\/uploads\/sites\/3\/2021\/06\/rbc-logo-shield.svg?quality=80&w=1024","width":"1024","height":"1024","caption":"RBC Assurances"},"image":{"@id":"https:\/\/silver.rbcinsurance.com\/fr-ca\/#\/schema\/logo\/image\/"},"description":"RBC Assurances offre aux Canadiens des assurances personnelles telles que des assurances auto, habitation, vie, sant\u00e9, voyage et cr\u00e9dit, ainsi que des solutions de placement pour la retraite.","telephone":"1 800 769-2568","legalName":"Services d'assurance RBC Inc.","numberOfEmployees":{"@type":"QuantitativeValue","minValue":"1001","maxValue":"5000"}}]}},"jetpack_sharing_enabled":true,"_links":{"self":[{"href":"https:\/\/silver.rbcinsurance.com\/fr-ca\/wp-json\/wp\/v2\/pages\/20784","targetHints":{"allow":["GET"]}}],"collection":[{"href":"https:\/\/silver.rbcinsurance.com\/fr-ca\/wp-json\/wp\/v2\/pages"}],"about":[{"href":"https:\/\/silver.rbcinsurance.com\/fr-ca\/wp-json\/wp\/v2\/types\/page"}],"author":[{"embeddable":true,"href":"https:\/\/silver.rbcinsurance.com\/fr-ca\/wp-json\/wp\/v2\/users\/203"}],"replies":[{"embeddable":true,"href":"https:\/\/silver.rbcinsurance.com\/fr-ca\/wp-json\/wp\/v2\/comments?post=20784"}],"version-history":[{"count":10,"href":"https:\/\/silver.rbcinsurance.com\/fr-ca\/wp-json\/wp\/v2\/pages\/20784\/revisions"}],"predecessor-version":[{"id":21385,"href":"https:\/\/silver.rbcinsurance.com\/fr-ca\/wp-json\/wp\/v2\/pages\/20784\/revisions\/21385"}],"up":[{"embeddable":true,"href":"https:\/\/silver.rbcinsurance.com\/fr-ca\/wp-json\/wp\/v2\/pages\/11686"}],"wp:attachment":[{"href":"https:\/\/silver.rbcinsurance.com\/fr-ca\/wp-json\/wp\/v2\/media?parent=20784"}],"curies":[{"name":"wp","href":"https:\/\/api.w.org\/{rel}","templated":true}]}}