{"id":20236,"date":"2025-07-02T10:08:26","date_gmt":"2025-07-02T14:08:26","guid":{"rendered":"https:\/\/silver.rbcinsurance.com\/fr-ca\/?page_id=20236"},"modified":"2025-07-02T10:08:28","modified_gmt":"2025-07-02T14:08:28","slug":"options-voyage-unique-voyages-multiples","status":"publish","type":"page","link":"https:\/\/silver.rbcinsurance.com\/fr-ca\/assurance-voyage\/options-voyage-unique-voyages-multiples\/","title":{"rendered":"Options d\u2019assurance Voyage unique et d\u2019assurance annuelle Voyages multiples"},"content":{"rendered":"\n<p><\/p>\n\n\n<div class=\"yoast-breadcrumbs\"><span class=\"rbc-yoast-breadcrum-span\"><span><a href=\"https:\/\/silver.rbcinsurance.com\/fr-ca\/\">Accueil<\/a><\/span> &gt; <span><a href=\"https:\/\/silver.rbcinsurance.com\/fr-ca\/assurance-voyage\/\">Assurance voyage<\/a><\/span> &gt; <span class=\"breadcrumb_last\" aria-current=\"page\">Options d\u2019assurance Voyage unique et d\u2019assurance annuelle Voyages multiples<\/span><\/span><\/div>\n\n\n<p><\/p>\n\n\n\n<h1 class=\"wp-block-heading\" id=\"h-options-d-assurance-voyage-unique-et-d-assurance-annuelle-voyages-multiples-1\">Options d\u2019assurance voyage unique et d\u2019assurance annuelle voyages multiples<sup><a href=\"#legal-1\" data-dig-id=\"LP-20236-57b61f0e\" data-dig-label=\"1\" data-dig-action=\"link click\" data-dig-category=\"LP\" class=\"rbc-link-format\">1<\/a><\/sup><\/h1>\n\n\n\n<div class=\"wp-block-rbc-faq faq mar-t-0 mob-mar-t-0\"><div class=\"faq__content\">\n<div class=\"wp-block-rbc-rbc-collapsible-accordion accordion\" id=\"&quot;accordionSet1\">\n<p class=\"mar-b-hlf mob-mar-b-hlf\">Plusieurs de nos forfaits et de nos r\u00e9gimes permettent de choisir entre une assurance Voyage unique ou une assurance annuelle Voyages multiples. Voici quelques renseignements qui vous aideront \u00e0 faire votre choix&nbsp;:<\/p>\n\n\n\n<div class=\"wp-block-rbc-rbc-collapsible-panel\"><div class=\"accordion-panel\"><button id=\"accordion-titlen9csix67\" class=\"collapse-toggle collapsed\" data-target=\"#accordionn9csix67\" data-toggle=\"collapse\" data-parent=\"#accordionSet1\" aria-expanded=\"false\" data-dig-id=\"LP-20236-ccc0954b\" aria-controls=\"accordionn9csix67\" data-dig-category=\"LP\" data-dig-action=\"collapsible closed\" data-dig-label=\"Quelle est l\u2019option la plus rentable pour moi\u00a0?\" action-closed=\"collapsible closed\" action-opened=\"collapsible open\"><div>Quelle est l\u2019option la plus rentable pour moi\u00a0?<\/div><\/button><div class=\"collapse-content collapse\" id=\"accordionn9csix67\" role=\"region\" aria-labelledby=\"accordion-titlen9csix67\"><div class=\"collapse-inner\">\n<ul class=\"wp-block-list list-core-block second-level-inherit third-level-inherit is-style-blue-disc\">\n<li><strong>L\u2019assurance Voyage unique<\/strong>&nbsp;est id\u00e9ale si vous comptez faire un seul voyage \u00e0 l\u2019ext\u00e9rieur de votre province ou territoire de r\u00e9sidence pendant l\u2019ann\u00e9e. Vous serez assur\u00e9 pour un voyage.<\/li>\n\n\n\n<li><strong>L\u2019assurance Voyages multiples<\/strong>&nbsp;peut vous faire \u00e9conomiser si vous comptez faire plusieurs voyages \u00e0 l\u2019ext\u00e9rieur de votre, province ou territoire de r\u00e9sidence pendant l\u2019ann\u00e9e. Vous serez assur\u00e9 pour un&nbsp;<strong>nombre illimit\u00e9 de voyages<\/strong>&nbsp;(d\u2019une dur\u00e9e d\u00e9termin\u00e9e) pendant 365 jours cons\u00e9cutifs.<\/li>\n<\/ul>\n<\/div><\/div><\/div><\/div>\n\n\n\n<div class=\"wp-block-rbc-rbc-collapsible-panel\"><div class=\"accordion-panel\"><button id=\"accordion-titlekgrhp0ji\" class=\"collapse-toggle collapsed\" data-target=\"#accordionkgrhp0ji\" data-toggle=\"collapse\" data-parent=\"#accordionSet1\" aria-expanded=\"false\" data-dig-id=\"LP-20236-260109cd\" aria-controls=\"accordionkgrhp0ji\" data-dig-category=\"LP\" data-dig-action=\"collapsible closed\" data-dig-label=\"Combien de temps peut durer mon voyage si j\u2019opte pour l\u2019assurance Voyage unique\u00a0?\" action-closed=\"collapsible closed\" action-opened=\"collapsible open\"><div>Combien de temps peut durer mon voyage si j\u2019opte pour l\u2019assurance Voyage unique\u00a0?<\/div><\/button><div class=\"collapse-content collapse\" id=\"accordionkgrhp0ji\" role=\"region\" aria-labelledby=\"accordion-titlekgrhp0ji\"><div class=\"collapse-inner\">\n<ul class=\"wp-block-list list-core-block second-level-inherit third-level-inherit is-style-blue-disc\">\n<li>Jusqu\u2019\u00e0 183&nbsp;jours pour le Forfait sup\u00e9rieur, l\u2019assurance Classique Frais m\u00e9dicaux et l\u2019assurance VacanSant\u00e9&nbsp;Frais m\u00e9dicaux<\/li>\n\n\n\n<li>Jusqu\u2019\u00e0 60&nbsp;jours pour le Forfait VacanSant\u00e9<\/li>\n<\/ul>\n<\/div><\/div><\/div><\/div>\n\n\n\n<div class=\"wp-block-rbc-rbc-collapsible-panel\"><div class=\"accordion-panel\"><button id=\"accordion-titled0l3e16b\" class=\"collapse-toggle collapsed\" data-target=\"#accordiond0l3e16b\" data-toggle=\"collapse\" data-parent=\"#accordionSet1\" aria-expanded=\"false\" data-dig-id=\"LP-20236-d06b84c7\" aria-controls=\"accordiond0l3e16b\" data-dig-category=\"LP\" data-dig-action=\"collapsible closed\" data-dig-label=\"Combien de temps peut durer chaque voyage si j\u2019opte pour l\u2019assurance Voyages multiples\u00a0?\" action-closed=\"collapsible closed\" action-opened=\"collapsible open\"><div>Combien de temps peut durer chaque voyage si j\u2019opte pour l\u2019assurance Voyages multiples\u00a0?<\/div><\/button><div class=\"collapse-content collapse\" id=\"accordiond0l3e16b\" role=\"region\" aria-labelledby=\"accordion-titled0l3e16b\"><div class=\"collapse-inner\">\n<p>Si vous optez pour l\u2019assurance Voyages multiples, vous avez le choix entre plusieurs options de dur\u00e9e. Selon le forfait ou le r\u00e9gime (et, dans certains cas, votre \u00e2ge),&nbsp;<strong>vous pouvez choisir 4, 9, 16, 30 ou 60&nbsp;jours.<\/strong><sup><a href=\"#legal-2\" data-dig-id=\"LP-20236-90e000a9\" data-dig-category=\"LP\" data-dig-action=\"link click\" data-dig-label=\"2\" class=\"rbc-link-format\">2<\/a><\/sup><\/p>\n\n\n\n<p>Par exemple, si vous faites habituellement des voyages de 3 ou 4&nbsp;jours, vous pourriez choisir une dur\u00e9e de 4&nbsp;jours. Toutefois, si la dur\u00e9e de la plupart des voyages que vous comptez faire pendant l\u2019ann\u00e9e est 7 \u00e0 9&nbsp;jours, vous pourriez opter pour&nbsp;9&nbsp;jours.<\/p>\n<\/div><\/div><\/div><\/div>\n\n\n\n<div class=\"wp-block-rbc-rbc-collapsible-panel\"><div class=\"accordion-panel\"><button id=\"accordion-titlew69n7j5c\" class=\"collapse-toggle collapsed\" data-target=\"#accordionw69n7j5c\" data-toggle=\"collapse\" data-parent=\"#accordionSet1\" aria-expanded=\"false\" data-dig-id=\"LP-20236-69e69aba\" aria-controls=\"accordionw69n7j5c\" data-dig-category=\"LP\" data-dig-action=\"collapsible closed\" data-dig-label=\"Et si je fais un voyage plus long que le nombre de jours permis\u00a0?\" action-closed=\"collapsible closed\" action-opened=\"collapsible open\"><div>Et si je fais un voyage plus long que le nombre de jours permis\u00a0?<\/div><\/button><div class=\"collapse-content collapse\" id=\"accordionw69n7j5c\" role=\"region\" aria-labelledby=\"accordion-titlew69n7j5c\"><div class=\"collapse-inner\">\n<p>Dans certains cas, vous pourrez souscrire une assurance compl\u00e9mentaire si un voyage est plus long que le nombre maximal de jours choisi. (Lorsque vous souscrivez une assurance compl\u00e9mentaire, vous prolongez votre assurance au-del\u00e0 de la p\u00e9riode choisie \u00e0 l\u2019origine.)<sup><a href=\"#legal-3\" data-dig-id=\"LP-20236-a41522fe\" data-dig-category=\"LP\" data-dig-action=\"link click\" data-dig-label=\"3\" class=\"rbc-link-format\">3<\/a><\/sup><\/p>\n<\/div><\/div><\/div><\/div>\n<\/div>\n<\/div><\/div>\n\n\n\n<section class=\"wp-block-rbc-rbc-legal-collapsible disclaimer\" aria-label=\"Legal Disclaimers\"><div class=\"section-inner\"><p><button class=\"collapse-toggle collapsed\" data-target=\"#collapseDisclaimer\" data-toggle=\"collapse\" aria-expanded=\"false\" aria-controls=\"collapseDisclaimer\" data-dig-id=\"LP-20236-cb1b6430\" data-dig-category=\"LP\" data-dig-action=\"legal close\" data-dig-label=\"legal close\" action-closed=\"legal close\" action-opened=\"legal open\" label-close=\"legal open\" label-open=\"legal close\"><span>Afficher les avis de non-responsabilit\u00e9<\/span><span>Cacher les avis de non-responsabilit\u00e9<\/span><\/button><\/p><div class=\"collapse-content collapse\" id=\"collapseDisclaimer\"><div class=\"collapse-inner\"><div class=\"table-wpr\">\n<div class=\"wp-block-rbc-rbc-disclaimer-block\"><div class=\"table-row\" id=\"legal-1\"><div class=\"table-cell\"><span class=\"offscreen\">Legal Disclaimer<\/span><sup>1<\/sup><\/div><div class=\"table-cell\">\n<p>L\u2019information ci-dessus constitue un simple r\u00e9sum\u00e9. Pour conna\u00eetre les d\u00e9tails, les limitations et les exclusions de la couverture, consultez la police d\u2019assurance.<\/p>\n<\/div><\/div><\/div>\n\n\n\n<div class=\"wp-block-rbc-rbc-disclaimer-block\"><div class=\"table-row\" id=\"legal-2\"><div class=\"table-cell\"><span class=\"offscreen\">Legal Disclaimer<\/span><sup>2<\/sup><\/div><div class=\"table-cell\">\n<p>Vous devez appeler pour les options de 30 et 60&nbsp;jours. Ces r\u00e9gimes comportent aussi des limites d\u2019\u00e2ge.<\/p>\n<\/div><\/div><\/div>\n\n\n\n<div class=\"wp-block-rbc-rbc-disclaimer-block\"><div class=\"table-row\" id=\"legal-3\"><div class=\"table-cell\"><span class=\"offscreen\">Legal Disclaimer<\/span><sup>3<\/sup><\/div><div class=\"table-cell\">\n<p>Certaines conditions s\u2019appliquent. Pour conna\u00eetre les d\u00e9tails, les limitations et les exclusions de la couverture, consultez la police d\u2019assurance.<\/p>\n<\/div><\/div><\/div>\n<\/div><\/div><\/div><\/div><\/section>\n","protected":false},"excerpt":{"rendered":"<p>Options d\u2019assurance voyage unique et d\u2019assurance annuelle voyages multiples1<\/p>\n","protected":false},"author":203,"featured_media":0,"parent":11587,"menu_order":0,"comment_status":"closed","ping_status":"closed","template":"templates\/new-rbci-design.php","meta":{"_acf_changed":false,"footnotes":""},"class_list":["post-20236","page","type-page","status-publish","hentry"],"acf":[],"yoast_head":"<!-- This site is optimized with the Yoast SEO Premium plugin v27.3 (Yoast SEO v27.3) - https:\/\/yoast.com\/product\/yoast-seo-premium-wordpress\/ -->\n<title>Options d\u2019assurance Voyage unique et d\u2019assurance annuelle Voyages multiples | RBC Assurances<\/title>\n<meta name=\"description\" content=\"Plusieurs de nos forfaits et r\u00e9gimes d\u2019assurance m\u00e9dicale de voyage vous offrent la possibilit\u00e9 de choisir entre une couverture annuelle pour un seul voyage ou pour plusieurs voyages.\" \/>\n<meta name=\"robots\" content=\"index, follow, max-snippet:-1, max-image-preview:large, max-video-preview:-1\" \/>\n<link rel=\"canonical\" href=\"https:\/\/silver.rbcinsurance.com\/fr-ca\/assurance-voyage\/options-voyage-unique-voyages-multiples\/\" \/>\n<meta property=\"og:locale\" content=\"fr_FR\" \/>\n<meta property=\"og:type\" content=\"article\" \/>\n<meta property=\"og:title\" content=\"Options d\u2019assurance Voyage unique et d\u2019assurance annuelle Voyages multiples | RBC Assurances\" \/>\n<meta property=\"og:description\" content=\"Plusieurs de nos forfaits et r\u00e9gimes d\u2019assurance m\u00e9dicale de voyage vous offrent la possibilit\u00e9 de choisir entre une couverture annuelle pour un seul voyage ou pour plusieurs voyages.\" \/>\n<meta property=\"og:url\" content=\"https:\/\/silver.rbcinsurance.com\/fr-ca\/assurance-voyage\/options-voyage-unique-voyages-multiples\/\" \/>\n<meta property=\"og:site_name\" content=\"RBC Assurances\" \/>\n<meta property=\"article:modified_time\" content=\"2025-07-02T14:08:28+00:00\" \/>\n<meta property=\"og:image\" content=\"https:\/\/silver.rbcinsurance.com\/fr-ca\/wp-content\/uploads\/sites\/3\/2024\/12\/personal-insurance-mobile.webp?quality=80\" \/>\n\t<meta property=\"og:image:width\" content=\"450\" \/>\n\t<meta property=\"og:image:height\" content=\"250\" \/>\n\t<meta property=\"og:image:type\" content=\"image\/webp\" \/>\n<meta name=\"twitter:card\" content=\"summary_large_image\" \/>\n<meta name=\"twitter:label1\" content=\"Est. reading time\" \/>\n\t<meta name=\"twitter:data1\" content=\"2 minutes\" \/>\n<script type=\"application\/ld+json\" class=\"yoast-schema-graph\">{\"@context\":\"https:\\\/\\\/schema.org\",\"@graph\":[{\"@type\":\"WebPage\",\"@id\":\"https:\\\/\\\/silver.rbcinsurance.com\\\/fr-ca\\\/assurance-voyage\\\/options-voyage-unique-voyages-multiples\\\/\",\"url\":\"https:\\\/\\\/silver.rbcinsurance.com\\\/fr-ca\\\/assurance-voyage\\\/options-voyage-unique-voyages-multiples\\\/\",\"name\":\"Options d\u2019assurance Voyage unique et d\u2019assurance annuelle Voyages multiples | RBC Assurances\",\"isPartOf\":{\"@id\":\"https:\\\/\\\/silver.rbcinsurance.com\\\/fr-ca\\\/#website\"},\"datePublished\":\"2025-07-02T14:08:26+00:00\",\"dateModified\":\"2025-07-02T14:08:28+00:00\",\"description\":\"Plusieurs de nos forfaits et r\u00e9gimes d\u2019assurance m\u00e9dicale de voyage vous offrent la possibilit\u00e9 de choisir entre une couverture annuelle pour un seul voyage ou pour plusieurs voyages.\",\"breadcrumb\":{\"@id\":\"https:\\\/\\\/silver.rbcinsurance.com\\\/fr-ca\\\/assurance-voyage\\\/options-voyage-unique-voyages-multiples\\\/#breadcrumb\"},\"inLanguage\":\"fr-FR\",\"potentialAction\":[{\"@type\":\"ReadAction\",\"target\":[\"https:\\\/\\\/silver.rbcinsurance.com\\\/fr-ca\\\/assurance-voyage\\\/options-voyage-unique-voyages-multiples\\\/\"]}]},{\"@type\":\"BreadcrumbList\",\"@id\":\"https:\\\/\\\/silver.rbcinsurance.com\\\/fr-ca\\\/assurance-voyage\\\/options-voyage-unique-voyages-multiples\\\/#breadcrumb\",\"itemListElement\":[{\"@type\":\"ListItem\",\"position\":1,\"name\":\"Accueil\",\"item\":\"https:\\\/\\\/silver.rbcinsurance.com\\\/fr-ca\\\/\"},{\"@type\":\"ListItem\",\"position\":2,\"name\":\"Assurance voyage\",\"item\":\"https:\\\/\\\/silver.rbcinsurance.com\\\/fr-ca\\\/assurance-voyage\\\/\"},{\"@type\":\"ListItem\",\"position\":3,\"name\":\"Options d\u2019assurance Voyage unique et d\u2019assurance annuelle Voyages multiples\"}]},{\"@type\":\"WebSite\",\"@id\":\"https:\\\/\\\/silver.rbcinsurance.com\\\/fr-ca\\\/#website\",\"url\":\"https:\\\/\\\/silver.rbcinsurance.com\\\/fr-ca\\\/\",\"name\":\"RBC Assurances\",\"description\":\"Assurance individuelle\",\"publisher\":{\"@id\":\"https:\\\/\\\/silver.rbcinsurance.com\\\/fr-ca\\\/#organization\"},\"potentialAction\":[{\"@type\":\"SearchAction\",\"target\":{\"@type\":\"EntryPoint\",\"urlTemplate\":\"https:\\\/\\\/silver.rbcinsurance.com\\\/fr-ca\\\/?s={search_term_string}\"},\"query-input\":{\"@type\":\"PropertyValueSpecification\",\"valueRequired\":true,\"valueName\":\"search_term_string\"}}],\"inLanguage\":\"fr-FR\"},{\"@type\":\"Organization\",\"@id\":\"https:\\\/\\\/silver.rbcinsurance.com\\\/fr-ca\\\/#organization\",\"name\":\"RBC Assurances\",\"url\":\"https:\\\/\\\/silver.rbcinsurance.com\\\/fr-ca\\\/\",\"logo\":{\"@type\":\"ImageObject\",\"inLanguage\":\"fr-FR\",\"@id\":\"https:\\\/\\\/silver.rbcinsurance.com\\\/fr-ca\\\/#\\\/schema\\\/logo\\\/image\\\/\",\"url\":\"https:\\\/\\\/silver.rbcinsurance.com\\\/fr-ca\\\/wp-content\\\/uploads\\\/sites\\\/3\\\/2021\\\/06\\\/rbc-logo-shield.svg?quality=80&w=1024\",\"contentUrl\":\"https:\\\/\\\/silver.rbcinsurance.com\\\/fr-ca\\\/wp-content\\\/uploads\\\/sites\\\/3\\\/2021\\\/06\\\/rbc-logo-shield.svg?quality=80&w=1024\",\"width\":\"1024\",\"height\":\"1024\",\"caption\":\"RBC Assurances\"},\"image\":{\"@id\":\"https:\\\/\\\/silver.rbcinsurance.com\\\/fr-ca\\\/#\\\/schema\\\/logo\\\/image\\\/\"},\"description\":\"RBC Assurances offre aux Canadiens des assurances personnelles telles que des assurances auto, habitation, vie, sant\u00e9, voyage et cr\u00e9dit, ainsi que des solutions de placement pour la retraite.\",\"telephone\":\"1 800 769-2568\",\"legalName\":\"Services d'assurance RBC Inc.\",\"numberOfEmployees\":{\"@type\":\"QuantitativeValue\",\"minValue\":\"1001\",\"maxValue\":\"5000\"}}]}<\/script>\n<!-- \/ Yoast SEO Premium plugin. -->","yoast_head_json":{"title":"Options d\u2019assurance Voyage unique et d\u2019assurance annuelle Voyages multiples | RBC Assurances","description":"Plusieurs de nos forfaits et r\u00e9gimes d\u2019assurance m\u00e9dicale de voyage vous offrent la possibilit\u00e9 de choisir entre une couverture annuelle pour un seul voyage ou pour plusieurs voyages.","robots":{"index":"index","follow":"follow","max-snippet":"max-snippet:-1","max-image-preview":"max-image-preview:large","max-video-preview":"max-video-preview:-1"},"canonical":"https:\/\/silver.rbcinsurance.com\/fr-ca\/assurance-voyage\/options-voyage-unique-voyages-multiples\/","og_locale":"fr_FR","og_type":"article","og_title":"Options d\u2019assurance Voyage unique et d\u2019assurance annuelle Voyages multiples | RBC Assurances","og_description":"Plusieurs de nos forfaits et r\u00e9gimes d\u2019assurance m\u00e9dicale de voyage vous offrent la possibilit\u00e9 de choisir entre une couverture annuelle pour un seul voyage ou pour plusieurs voyages.","og_url":"https:\/\/silver.rbcinsurance.com\/fr-ca\/assurance-voyage\/options-voyage-unique-voyages-multiples\/","og_site_name":"RBC Assurances","article_modified_time":"2025-07-02T14:08:28+00:00","og_image":[{"width":450,"height":250,"url":"https:\/\/silver.rbcinsurance.com\/fr-ca\/wp-content\/uploads\/sites\/3\/2024\/12\/personal-insurance-mobile.webp?quality=80","type":"image\/webp"}],"twitter_card":"summary_large_image","twitter_misc":{"Est. reading time":"2 minutes"},"schema":{"@context":"https:\/\/schema.org","@graph":[{"@type":"WebPage","@id":"https:\/\/silver.rbcinsurance.com\/fr-ca\/assurance-voyage\/options-voyage-unique-voyages-multiples\/","url":"https:\/\/silver.rbcinsurance.com\/fr-ca\/assurance-voyage\/options-voyage-unique-voyages-multiples\/","name":"Options d\u2019assurance Voyage unique et d\u2019assurance annuelle Voyages multiples | RBC Assurances","isPartOf":{"@id":"https:\/\/silver.rbcinsurance.com\/fr-ca\/#website"},"datePublished":"2025-07-02T14:08:26+00:00","dateModified":"2025-07-02T14:08:28+00:00","description":"Plusieurs de nos forfaits et r\u00e9gimes d\u2019assurance m\u00e9dicale de voyage vous offrent la possibilit\u00e9 de choisir entre une couverture annuelle pour un seul voyage ou pour plusieurs voyages.","breadcrumb":{"@id":"https:\/\/silver.rbcinsurance.com\/fr-ca\/assurance-voyage\/options-voyage-unique-voyages-multiples\/#breadcrumb"},"inLanguage":"fr-FR","potentialAction":[{"@type":"ReadAction","target":["https:\/\/silver.rbcinsurance.com\/fr-ca\/assurance-voyage\/options-voyage-unique-voyages-multiples\/"]}]},{"@type":"BreadcrumbList","@id":"https:\/\/silver.rbcinsurance.com\/fr-ca\/assurance-voyage\/options-voyage-unique-voyages-multiples\/#breadcrumb","itemListElement":[{"@type":"ListItem","position":1,"name":"Accueil","item":"https:\/\/silver.rbcinsurance.com\/fr-ca\/"},{"@type":"ListItem","position":2,"name":"Assurance voyage","item":"https:\/\/silver.rbcinsurance.com\/fr-ca\/assurance-voyage\/"},{"@type":"ListItem","position":3,"name":"Options d\u2019assurance Voyage unique et d\u2019assurance annuelle Voyages multiples"}]},{"@type":"WebSite","@id":"https:\/\/silver.rbcinsurance.com\/fr-ca\/#website","url":"https:\/\/silver.rbcinsurance.com\/fr-ca\/","name":"RBC Assurances","description":"Assurance individuelle","publisher":{"@id":"https:\/\/silver.rbcinsurance.com\/fr-ca\/#organization"},"potentialAction":[{"@type":"SearchAction","target":{"@type":"EntryPoint","urlTemplate":"https:\/\/silver.rbcinsurance.com\/fr-ca\/?s={search_term_string}"},"query-input":{"@type":"PropertyValueSpecification","valueRequired":true,"valueName":"search_term_string"}}],"inLanguage":"fr-FR"},{"@type":"Organization","@id":"https:\/\/silver.rbcinsurance.com\/fr-ca\/#organization","name":"RBC Assurances","url":"https:\/\/silver.rbcinsurance.com\/fr-ca\/","logo":{"@type":"ImageObject","inLanguage":"fr-FR","@id":"https:\/\/silver.rbcinsurance.com\/fr-ca\/#\/schema\/logo\/image\/","url":"https:\/\/silver.rbcinsurance.com\/fr-ca\/wp-content\/uploads\/sites\/3\/2021\/06\/rbc-logo-shield.svg?quality=80&w=1024","contentUrl":"https:\/\/silver.rbcinsurance.com\/fr-ca\/wp-content\/uploads\/sites\/3\/2021\/06\/rbc-logo-shield.svg?quality=80&w=1024","width":"1024","height":"1024","caption":"RBC Assurances"},"image":{"@id":"https:\/\/silver.rbcinsurance.com\/fr-ca\/#\/schema\/logo\/image\/"},"description":"RBC Assurances offre aux Canadiens des assurances personnelles telles que des assurances auto, habitation, vie, sant\u00e9, voyage et cr\u00e9dit, ainsi que des solutions de placement pour la retraite.","telephone":"1 800 769-2568","legalName":"Services d'assurance RBC Inc.","numberOfEmployees":{"@type":"QuantitativeValue","minValue":"1001","maxValue":"5000"}}]}},"jetpack_sharing_enabled":true,"_links":{"self":[{"href":"https:\/\/silver.rbcinsurance.com\/fr-ca\/wp-json\/wp\/v2\/pages\/20236","targetHints":{"allow":["GET"]}}],"collection":[{"href":"https:\/\/silver.rbcinsurance.com\/fr-ca\/wp-json\/wp\/v2\/pages"}],"about":[{"href":"https:\/\/silver.rbcinsurance.com\/fr-ca\/wp-json\/wp\/v2\/types\/page"}],"author":[{"embeddable":true,"href":"https:\/\/silver.rbcinsurance.com\/fr-ca\/wp-json\/wp\/v2\/users\/203"}],"replies":[{"embeddable":true,"href":"https:\/\/silver.rbcinsurance.com\/fr-ca\/wp-json\/wp\/v2\/comments?post=20236"}],"version-history":[{"count":11,"href":"https:\/\/silver.rbcinsurance.com\/fr-ca\/wp-json\/wp\/v2\/pages\/20236\/revisions"}],"predecessor-version":[{"id":21004,"href":"https:\/\/silver.rbcinsurance.com\/fr-ca\/wp-json\/wp\/v2\/pages\/20236\/revisions\/21004"}],"up":[{"embeddable":true,"href":"https:\/\/silver.rbcinsurance.com\/fr-ca\/wp-json\/wp\/v2\/pages\/11587"}],"wp:attachment":[{"href":"https:\/\/silver.rbcinsurance.com\/fr-ca\/wp-json\/wp\/v2\/media?parent=20236"}],"curies":[{"name":"wp","href":"https:\/\/api.w.org\/{rel}","templated":true}]}}