{"id":20233,"date":"2025-07-02T10:07:54","date_gmt":"2025-07-02T14:07:54","guid":{"rendered":"https:\/\/silver.rbcinsurance.com\/fr-ca\/?page_id=20233"},"modified":"2025-07-02T10:07:56","modified_gmt":"2025-07-02T14:07:56","slug":"information-du-cabinet-du-qc","status":"publish","type":"page","link":"https:\/\/silver.rbcinsurance.com\/fr-ca\/assurance-voyage\/information-du-cabinet-du-qc\/","title":{"rendered":"Information du Cabinet du Qu\u00e9bec"},"content":{"rendered":"\n<p><\/p>\n\n\n<div class=\"yoast-breadcrumbs\"><span class=\"rbc-yoast-breadcrum-span\"><span><a href=\"https:\/\/silver.rbcinsurance.com\/fr-ca\/\">Accueil<\/a><\/span> &gt; <span><a href=\"https:\/\/silver.rbcinsurance.com\/fr-ca\/assurance-voyage\/\">Assurance voyage<\/a><\/span> &gt; <span class=\"breadcrumb_last\" aria-current=\"page\">Information du Cabinet du Qu\u00e9bec<\/span><\/span><\/div>\n\n\n<p><\/p>\n\n\n\n<h1 class=\"wp-block-heading\" id=\"h-information-du-cabinet-du-quebec\">Information du Cabinet du Qu\u00e9bec<\/h1>\n\n\n\n<p>Compagnie D\u2019assurance RBC Du Canada est un cabinet inscrit aupr\u00e8s de l\u2019Autorit\u00e9 Des March\u00e9s Financiers (AMF) dans la province du Qu\u00e9bec et est autoris\u00e9 \u00e0 pratiquer dans la discipline suivante\u00a0:<\/p>\n\n\n\n<p>Assurance de personnes<br>Num\u00e9ro d\u2019inscription\u00a0: 509933<\/p>\n\n\n\n<p><\/p>\n\n\n\n<p><strong>Information de contact\u00a0:<\/strong><\/p>\n\n\n\n<p>1 Place Ville-Marie, 7i\u00e8me \u00e9tage<br>Montr\u00e9al, QC<br>H3C 3A9<br>Num\u00e9ro de t\u00e9l\u00e9phone\u00a01 866 896-8172<\/p>\n\n\n\n<p><\/p>\n\n\n\n<p><strong>Lien vers la page du site internet de l\u2019AMF vous permettant de v\u00e9rifier l\u2019inscription du cabinet\u00a0:<\/strong><\/p>\n\n\n\n<p class=\"mar-b-dbl mob-mar-b-dbl\"><a href=\"https:\/\/lautorite.qc.ca\/grand-public\/registres\/registre-des-entreprises-et-des-individus-autorises-a-exercer\/\" target=\"_blank\" data-dig-id=\"LP-20233-69cffe2d\" data-dig-category=\"LP\" data-dig-action=\"link click\" class=\"rbc-link-format externalsite-link\" data-icon-class=\"externalsite-link\" rel=\"noreferrer noopener\">https:\/\/lautorite.qc.ca\/grand-public\/registres\/registre-des-entreprises-et-des-individus-autorises-a-exercer<\/a><\/p>\n\n\n\n<p><\/p>\n","protected":false},"excerpt":{"rendered":"<p>Information du Cabinet du Qu\u00e9bec Compagnie D\u2019assurance RBC Du Canada est un cabinet inscrit aupr\u00e8s de l\u2019Autorit\u00e9 Des March\u00e9s Financiers (AMF) dans la province du Qu\u00e9bec et est autoris\u00e9 \u00e0 pratiquer dans la discipline suivante\u00a0: Assurance de personnesNum\u00e9ro d\u2019inscription\u00a0: 509933 Information de contact\u00a0: 1 Place Ville-Marie, 7i\u00e8me \u00e9tageMontr\u00e9al, QCH3C 3A9Num\u00e9ro de t\u00e9l\u00e9phone\u00a01 866 896-8172 Lien [&hellip;]<\/p>\n","protected":false},"author":203,"featured_media":0,"parent":11587,"menu_order":0,"comment_status":"closed","ping_status":"closed","template":"templates\/new-rbci-design.php","meta":{"_acf_changed":false,"footnotes":""},"class_list":["post-20233","page","type-page","status-publish","hentry"],"acf":[],"yoast_head":"<!-- This site is optimized with the Yoast SEO Premium plugin v27.3 (Yoast SEO v27.3) - https:\/\/yoast.com\/product\/yoast-seo-premium-wordpress\/ -->\n<title>Information du Cabinet du Qu\u00e9bec | RBC Assurances<\/title>\n<meta name=\"description\" content=\"Compagnie D\u2019assurance RBC Du Canada est un cabinet inscrit aupr\u00e8s de l\u2019Autorit\u00e9 Des March\u00e9s Financiers (AMF) dans la province du Qu\u00e9bec.\" \/>\n<meta name=\"robots\" content=\"index, follow, max-snippet:-1, max-image-preview:large, max-video-preview:-1\" \/>\n<link rel=\"canonical\" href=\"https:\/\/silver.rbcinsurance.com\/fr-ca\/assurance-voyage\/information-du-cabinet-du-qc\/\" \/>\n<meta property=\"og:locale\" content=\"fr_FR\" \/>\n<meta property=\"og:type\" content=\"article\" \/>\n<meta property=\"og:title\" content=\"Information du Cabinet du Qu\u00e9bec | RBC Assurances\" \/>\n<meta property=\"og:description\" content=\"Compagnie D\u2019assurance RBC Du Canada est un cabinet inscrit aupr\u00e8s de l\u2019Autorit\u00e9 Des March\u00e9s Financiers (AMF) dans la province du Qu\u00e9bec.\" \/>\n<meta property=\"og:url\" content=\"https:\/\/silver.rbcinsurance.com\/fr-ca\/assurance-voyage\/information-du-cabinet-du-qc\/\" \/>\n<meta property=\"og:site_name\" content=\"RBC Assurances\" \/>\n<meta property=\"article:modified_time\" content=\"2025-07-02T14:07:56+00:00\" \/>\n<meta property=\"og:image\" content=\"https:\/\/silver.rbcinsurance.com\/fr-ca\/wp-content\/uploads\/sites\/3\/2024\/12\/personal-insurance-mobile.webp?quality=80\" \/>\n\t<meta property=\"og:image:width\" content=\"450\" \/>\n\t<meta property=\"og:image:height\" content=\"250\" \/>\n\t<meta property=\"og:image:type\" content=\"image\/webp\" \/>\n<meta name=\"twitter:card\" content=\"summary_large_image\" \/>\n<meta name=\"twitter:label1\" content=\"Est. reading time\" \/>\n\t<meta name=\"twitter:data1\" content=\"1 minute\" \/>\n<script type=\"application\/ld+json\" class=\"yoast-schema-graph\">{\"@context\":\"https:\\\/\\\/schema.org\",\"@graph\":[{\"@type\":\"WebPage\",\"@id\":\"https:\\\/\\\/silver.rbcinsurance.com\\\/fr-ca\\\/assurance-voyage\\\/information-du-cabinet-du-qc\\\/\",\"url\":\"https:\\\/\\\/silver.rbcinsurance.com\\\/fr-ca\\\/assurance-voyage\\\/information-du-cabinet-du-qc\\\/\",\"name\":\"Information du Cabinet du Qu\u00e9bec | RBC Assurances\",\"isPartOf\":{\"@id\":\"https:\\\/\\\/silver.rbcinsurance.com\\\/fr-ca\\\/#website\"},\"datePublished\":\"2025-07-02T14:07:54+00:00\",\"dateModified\":\"2025-07-02T14:07:56+00:00\",\"description\":\"Compagnie D\u2019assurance RBC Du Canada est un cabinet inscrit aupr\u00e8s de l\u2019Autorit\u00e9 Des March\u00e9s Financiers (AMF) dans la province du Qu\u00e9bec.\",\"breadcrumb\":{\"@id\":\"https:\\\/\\\/silver.rbcinsurance.com\\\/fr-ca\\\/assurance-voyage\\\/information-du-cabinet-du-qc\\\/#breadcrumb\"},\"inLanguage\":\"fr-FR\",\"potentialAction\":[{\"@type\":\"ReadAction\",\"target\":[\"https:\\\/\\\/silver.rbcinsurance.com\\\/fr-ca\\\/assurance-voyage\\\/information-du-cabinet-du-qc\\\/\"]}]},{\"@type\":\"BreadcrumbList\",\"@id\":\"https:\\\/\\\/silver.rbcinsurance.com\\\/fr-ca\\\/assurance-voyage\\\/information-du-cabinet-du-qc\\\/#breadcrumb\",\"itemListElement\":[{\"@type\":\"ListItem\",\"position\":1,\"name\":\"Accueil\",\"item\":\"https:\\\/\\\/silver.rbcinsurance.com\\\/fr-ca\\\/\"},{\"@type\":\"ListItem\",\"position\":2,\"name\":\"Assurance voyage\",\"item\":\"https:\\\/\\\/silver.rbcinsurance.com\\\/fr-ca\\\/assurance-voyage\\\/\"},{\"@type\":\"ListItem\",\"position\":3,\"name\":\"Information du Cabinet du Qu\u00e9bec\"}]},{\"@type\":\"WebSite\",\"@id\":\"https:\\\/\\\/silver.rbcinsurance.com\\\/fr-ca\\\/#website\",\"url\":\"https:\\\/\\\/silver.rbcinsurance.com\\\/fr-ca\\\/\",\"name\":\"RBC Assurances\",\"description\":\"Assurance individuelle\",\"publisher\":{\"@id\":\"https:\\\/\\\/silver.rbcinsurance.com\\\/fr-ca\\\/#organization\"},\"potentialAction\":[{\"@type\":\"SearchAction\",\"target\":{\"@type\":\"EntryPoint\",\"urlTemplate\":\"https:\\\/\\\/silver.rbcinsurance.com\\\/fr-ca\\\/?s={search_term_string}\"},\"query-input\":{\"@type\":\"PropertyValueSpecification\",\"valueRequired\":true,\"valueName\":\"search_term_string\"}}],\"inLanguage\":\"fr-FR\"},{\"@type\":\"Organization\",\"@id\":\"https:\\\/\\\/silver.rbcinsurance.com\\\/fr-ca\\\/#organization\",\"name\":\"RBC Assurances\",\"url\":\"https:\\\/\\\/silver.rbcinsurance.com\\\/fr-ca\\\/\",\"logo\":{\"@type\":\"ImageObject\",\"inLanguage\":\"fr-FR\",\"@id\":\"https:\\\/\\\/silver.rbcinsurance.com\\\/fr-ca\\\/#\\\/schema\\\/logo\\\/image\\\/\",\"url\":\"https:\\\/\\\/silver.rbcinsurance.com\\\/fr-ca\\\/wp-content\\\/uploads\\\/sites\\\/3\\\/2021\\\/06\\\/rbc-logo-shield.svg?quality=80&w=1024\",\"contentUrl\":\"https:\\\/\\\/silver.rbcinsurance.com\\\/fr-ca\\\/wp-content\\\/uploads\\\/sites\\\/3\\\/2021\\\/06\\\/rbc-logo-shield.svg?quality=80&w=1024\",\"width\":\"1024\",\"height\":\"1024\",\"caption\":\"RBC Assurances\"},\"image\":{\"@id\":\"https:\\\/\\\/silver.rbcinsurance.com\\\/fr-ca\\\/#\\\/schema\\\/logo\\\/image\\\/\"},\"description\":\"RBC Assurances offre aux Canadiens des assurances personnelles telles que des assurances auto, habitation, vie, sant\u00e9, voyage et cr\u00e9dit, ainsi que des solutions de placement pour la retraite.\",\"telephone\":\"1 800 769-2568\",\"legalName\":\"Services d'assurance RBC Inc.\",\"numberOfEmployees\":{\"@type\":\"QuantitativeValue\",\"minValue\":\"1001\",\"maxValue\":\"5000\"}}]}<\/script>\n<!-- \/ Yoast SEO Premium plugin. -->","yoast_head_json":{"title":"Information du Cabinet du Qu\u00e9bec | RBC Assurances","description":"Compagnie D\u2019assurance RBC Du Canada est un cabinet inscrit aupr\u00e8s de l\u2019Autorit\u00e9 Des March\u00e9s Financiers (AMF) dans la province du Qu\u00e9bec.","robots":{"index":"index","follow":"follow","max-snippet":"max-snippet:-1","max-image-preview":"max-image-preview:large","max-video-preview":"max-video-preview:-1"},"canonical":"https:\/\/silver.rbcinsurance.com\/fr-ca\/assurance-voyage\/information-du-cabinet-du-qc\/","og_locale":"fr_FR","og_type":"article","og_title":"Information du Cabinet du Qu\u00e9bec | RBC Assurances","og_description":"Compagnie D\u2019assurance RBC Du Canada est un cabinet inscrit aupr\u00e8s de l\u2019Autorit\u00e9 Des March\u00e9s Financiers (AMF) dans la province du Qu\u00e9bec.","og_url":"https:\/\/silver.rbcinsurance.com\/fr-ca\/assurance-voyage\/information-du-cabinet-du-qc\/","og_site_name":"RBC Assurances","article_modified_time":"2025-07-02T14:07:56+00:00","og_image":[{"width":450,"height":250,"url":"https:\/\/silver.rbcinsurance.com\/fr-ca\/wp-content\/uploads\/sites\/3\/2024\/12\/personal-insurance-mobile.webp?quality=80","type":"image\/webp"}],"twitter_card":"summary_large_image","twitter_misc":{"Est. reading time":"1 minute"},"schema":{"@context":"https:\/\/schema.org","@graph":[{"@type":"WebPage","@id":"https:\/\/silver.rbcinsurance.com\/fr-ca\/assurance-voyage\/information-du-cabinet-du-qc\/","url":"https:\/\/silver.rbcinsurance.com\/fr-ca\/assurance-voyage\/information-du-cabinet-du-qc\/","name":"Information du Cabinet du Qu\u00e9bec | RBC Assurances","isPartOf":{"@id":"https:\/\/silver.rbcinsurance.com\/fr-ca\/#website"},"datePublished":"2025-07-02T14:07:54+00:00","dateModified":"2025-07-02T14:07:56+00:00","description":"Compagnie D\u2019assurance RBC Du Canada est un cabinet inscrit aupr\u00e8s de l\u2019Autorit\u00e9 Des March\u00e9s Financiers (AMF) dans la province du Qu\u00e9bec.","breadcrumb":{"@id":"https:\/\/silver.rbcinsurance.com\/fr-ca\/assurance-voyage\/information-du-cabinet-du-qc\/#breadcrumb"},"inLanguage":"fr-FR","potentialAction":[{"@type":"ReadAction","target":["https:\/\/silver.rbcinsurance.com\/fr-ca\/assurance-voyage\/information-du-cabinet-du-qc\/"]}]},{"@type":"BreadcrumbList","@id":"https:\/\/silver.rbcinsurance.com\/fr-ca\/assurance-voyage\/information-du-cabinet-du-qc\/#breadcrumb","itemListElement":[{"@type":"ListItem","position":1,"name":"Accueil","item":"https:\/\/silver.rbcinsurance.com\/fr-ca\/"},{"@type":"ListItem","position":2,"name":"Assurance voyage","item":"https:\/\/silver.rbcinsurance.com\/fr-ca\/assurance-voyage\/"},{"@type":"ListItem","position":3,"name":"Information du Cabinet du Qu\u00e9bec"}]},{"@type":"WebSite","@id":"https:\/\/silver.rbcinsurance.com\/fr-ca\/#website","url":"https:\/\/silver.rbcinsurance.com\/fr-ca\/","name":"RBC Assurances","description":"Assurance individuelle","publisher":{"@id":"https:\/\/silver.rbcinsurance.com\/fr-ca\/#organization"},"potentialAction":[{"@type":"SearchAction","target":{"@type":"EntryPoint","urlTemplate":"https:\/\/silver.rbcinsurance.com\/fr-ca\/?s={search_term_string}"},"query-input":{"@type":"PropertyValueSpecification","valueRequired":true,"valueName":"search_term_string"}}],"inLanguage":"fr-FR"},{"@type":"Organization","@id":"https:\/\/silver.rbcinsurance.com\/fr-ca\/#organization","name":"RBC Assurances","url":"https:\/\/silver.rbcinsurance.com\/fr-ca\/","logo":{"@type":"ImageObject","inLanguage":"fr-FR","@id":"https:\/\/silver.rbcinsurance.com\/fr-ca\/#\/schema\/logo\/image\/","url":"https:\/\/silver.rbcinsurance.com\/fr-ca\/wp-content\/uploads\/sites\/3\/2021\/06\/rbc-logo-shield.svg?quality=80&w=1024","contentUrl":"https:\/\/silver.rbcinsurance.com\/fr-ca\/wp-content\/uploads\/sites\/3\/2021\/06\/rbc-logo-shield.svg?quality=80&w=1024","width":"1024","height":"1024","caption":"RBC Assurances"},"image":{"@id":"https:\/\/silver.rbcinsurance.com\/fr-ca\/#\/schema\/logo\/image\/"},"description":"RBC Assurances offre aux Canadiens des assurances personnelles telles que des assurances auto, habitation, vie, sant\u00e9, voyage et cr\u00e9dit, ainsi que des solutions de placement pour la retraite.","telephone":"1 800 769-2568","legalName":"Services d'assurance RBC Inc.","numberOfEmployees":{"@type":"QuantitativeValue","minValue":"1001","maxValue":"5000"}}]}},"jetpack_sharing_enabled":true,"_links":{"self":[{"href":"https:\/\/silver.rbcinsurance.com\/fr-ca\/wp-json\/wp\/v2\/pages\/20233","targetHints":{"allow":["GET"]}}],"collection":[{"href":"https:\/\/silver.rbcinsurance.com\/fr-ca\/wp-json\/wp\/v2\/pages"}],"about":[{"href":"https:\/\/silver.rbcinsurance.com\/fr-ca\/wp-json\/wp\/v2\/types\/page"}],"author":[{"embeddable":true,"href":"https:\/\/silver.rbcinsurance.com\/fr-ca\/wp-json\/wp\/v2\/users\/203"}],"replies":[{"embeddable":true,"href":"https:\/\/silver.rbcinsurance.com\/fr-ca\/wp-json\/wp\/v2\/comments?post=20233"}],"version-history":[{"count":6,"href":"https:\/\/silver.rbcinsurance.com\/fr-ca\/wp-json\/wp\/v2\/pages\/20233\/revisions"}],"predecessor-version":[{"id":20258,"href":"https:\/\/silver.rbcinsurance.com\/fr-ca\/wp-json\/wp\/v2\/pages\/20233\/revisions\/20258"}],"up":[{"embeddable":true,"href":"https:\/\/silver.rbcinsurance.com\/fr-ca\/wp-json\/wp\/v2\/pages\/11587"}],"wp:attachment":[{"href":"https:\/\/silver.rbcinsurance.com\/fr-ca\/wp-json\/wp\/v2\/media?parent=20233"}],"curies":[{"name":"wp","href":"https:\/\/api.w.org\/{rel}","templated":true}]}}