{"id":20020,"date":"2025-07-02T10:03:26","date_gmt":"2025-07-02T14:03:26","guid":{"rendered":"https:\/\/silver.rbcinsurance.com\/fr-ca\/?page_id=20020"},"modified":"2025-07-03T11:10:15","modified_gmt":"2025-07-03T15:10:15","slug":"biens-non-reclames","status":"publish","type":"page","link":"https:\/\/silver.rbcinsurance.com\/fr-ca\/a-propos\/biens-non-reclames\/","title":{"rendered":"Biens non r\u00e9clam\u00e9s"},"content":{"rendered":"\n<p><\/p>\n\n\n<div class=\"yoast-breadcrumbs\"><span class=\"rbc-yoast-breadcrum-span\"><span><a href=\"https:\/\/silver.rbcinsurance.com\/fr-ca\/\">Accueil<\/a><\/span> &gt; <span><a href=\"https:\/\/silver.rbcinsurance.com\/fr-ca\/a-propos\/\">\u00c0 propos de nous<\/a><\/span> &gt; <span class=\"breadcrumb_last\" aria-current=\"page\">Biens non r\u00e9clam\u00e9s<\/span><\/span><\/div>\n\n\n<p><\/p>\n\n\n\n<h1 class=\"wp-block-heading\" id=\"h-biens-non-reclames\">Biens non r\u00e9clam\u00e9s<\/h1>\n\n\n\n<div class=\"wp-block-rbc-layout-selector layoutSelector layoutSelector__layout2 mar-t-0 mob-mar-t-0\">\n<div class=\"wp-block-group is-layout-flow wp-block-group-is-layout-flow\">\n<div class=\"wp-block-group layoutSelector__header is-layout-flow wp-block-group-is-layout-flow\">\n<p class=\"p-large\">Les biens non r\u00e9clam\u00e9s comprennent les comptes bancaires, les remboursements d\u2019imp\u00f4ts, les fonds de retraite, les actions\/obligations et les h\u00e9ritages oubli\u00e9s et, pour ce qui est de l\u2019assurance, les sommes payables en vertu d\u2019une demande de r\u00e8glement ou d\u2019un contrat d\u2019assurance.<\/p>\n\n\n\n<div style=\"height:25px\" aria-hidden=\"true\" class=\"wp-block-spacer\"><\/div>\n\n\n\n<p class=\"p-large\">La Colombie-Britannique, l\u2019Alberta et le Qu\u00e9bec ont des r\u00e8glements obligeant les d\u00e9tenteurs de biens non r\u00e9clam\u00e9s \u00e0 faire des efforts raisonnables pour trouver les propri\u00e9taires l\u00e9gitimes et communiquer avec eux, si leur derni\u00e8re adresse connue est dans l\u2019une de ces provinces.<\/p>\n<\/div>\n\n\n\n<div class=\"wp-block-group layoutSelector__cards-container layoutSelector__is-flex layoutSelector__direction-row is-layout-flow wp-block-group-is-layout-flow\">\n<div class=\"wp-block-rbc-information-card informationCard\" style=\"--icon-url:url(undefined);background-color:#EDF7FC\">\n<div class=\"wp-block-group informationCard__content is-layout-flow wp-block-group-is-layout-flow\">\n<div class=\"wp-block-group informationCard__icon-group is-layout-flow wp-block-group-is-layout-flow\">\n<h4 class=\"wp-block-heading\" id=\"h-comment-un-bien-peut-il-devenir-non-reclame-nbsp\">Comment un bien peut-il devenir non r\u00e9clam\u00e9&nbsp;?<\/h4>\n<\/div>\n\n\n\n<p>Un bien peut devenir un bien non r\u00e9clam\u00e9 en cas de d\u00e9m\u00e9nagement, de d\u00e9c\u00e8s soudain ou de correspondance mal achemin\u00e9e lorsque le lien entre le propri\u00e9taire du bien et le gardien du bien (par ex. l\u2019institution financi\u00e8re ou la compagnie d\u2019assurance) est rompu.<\/p>\n<\/div>\n<\/div>\n\n\n\n<div class=\"wp-block-rbc-information-card informationCard\" style=\"--icon-url:url(undefined);background-color:#EDF7FC\">\n<div class=\"wp-block-group informationCard__content is-layout-flow wp-block-group-is-layout-flow\">\n<div class=\"wp-block-group informationCard__icon-group is-layout-flow wp-block-group-is-layout-flow\">\n<h4 class=\"wp-block-heading\" id=\"h-que-fait-rbc-assurances-lorsqu-un-bien-n-est-pas-reclame-nbsp\">Que fait RBC Assurances lorsqu\u2019un bien n\u2019est pas r\u00e9clam\u00e9&nbsp;?<\/h4>\n<\/div>\n\n\n\n<p>Nous faisons de notre mieux pour contacter le propri\u00e9taire du bien. Si nous d\u00e9tenons un bien non r\u00e9clam\u00e9 et que le propri\u00e9taire du bien (ou son mandataire) communique avec nous, nous effectuons une recherche. S\u2019il s\u2019av\u00e8re que le demandeur a droit au bien non r\u00e9clam\u00e9 que nous d\u00e9tenons, nous lui verserons le montant correspondant. Si apr\u00e8s avoir effectu\u00e9 une recherche, il s\u2019av\u00e8re que les fonds ont \u00e9t\u00e9 transf\u00e9r\u00e9s au gouvernement provincial pertinent, conform\u00e9ment \u00e0 la r\u00e9glementation, nous aviserons le demandeur en lui indiquant comment proc\u00e9der.<\/p>\n<\/div>\n<\/div>\n\n\n\n<div class=\"wp-block-rbc-information-card informationCard\" style=\"--icon-url:url(undefined);background-color:#F7F8FA\">\n<div class=\"wp-block-group informationCard__content is-layout-flow wp-block-group-is-layout-flow\">\n<div class=\"wp-block-group informationCard__icon-group is-layout-flow wp-block-group-is-layout-flow\">\n<h4 class=\"wp-block-heading\" id=\"h-puis-je-obtenir-d-autres-renseignements-sur-les-biens-non-reclames-aupres-de-mon-gouvernement-provincial-nbsp\">Puis-je obtenir d\u2019autres renseignements sur les biens non r\u00e9clam\u00e9s aupr\u00e8s de mon gouvernement provincial&nbsp;?<\/h4>\n\n\n\n<p>Pour obtenir plus de pr\u00e9cisions sur les exigences provinciales r\u00e9gissant les biens non r\u00e9clam\u00e9s, veuillez visiter le site Web de votre gouvernement provincial :<\/p>\n\n\n\n<div style=\"height:25px\" aria-hidden=\"true\" class=\"wp-block-spacer\"><\/div>\n\n\n\n<ul class=\"wp-block-list  list-core-block second-level-inherit third-level-inherit\">\n<li><a href=\"https:\/\/www.revenuquebec.ca\/fr\/biens-non-reclames\/rechercher\/registre-des-biens-non-reclames\/\" target=\"_blank\" data-dig-id=\"LP-20020-df3c9189\" data-dig-category=\"LP\" data-dig-action=\"link click\" data-dig-label=\"Revenu Qu\u00e9bec, Registre des biens non r\u00e9clam\u00e9sOuvrir dans une nouvelle fen\u00eatre\" class=\"rbc-link-format externalsite-link\" data-icon-class=\"externalsite-link\" rel=\"noreferrer noopener\">Revenu Qu\u00e9bec, Registre des biens non r\u00e9clam\u00e9s<\/a><\/li>\n\n\n\n<li><a href=\"http:\/\/www.finance.alberta.ca\/business\/unclaimed_property\/index.html\" target=\"_blank\" data-dig-id=\"LP-20020-708f34a6\" data-dig-category=\"LP\" data-dig-action=\"link click\" data-dig-label=\"Government of Alberta Finance, Unclaimed PropertyOuvrir dans une nouvelle fen\u00eatre\" class=\"rbc-link-format externalsite-link\" data-icon-class=\"externalsite-link\" rel=\"noreferrer noopener\">Government of Alberta Finance, Unclaimed Property<\/a><\/li>\n\n\n\n<li><a href=\"https:\/\/www.bcunclaimed.ca\/\" target=\"_blank\" data-dig-id=\"LP-20020-ca3dd1b3\" data-dig-category=\"LP\" data-dig-action=\"link click\" data-dig-label=\"British Columbia, Unclaimed Property Society, Search for Unclaimed Property\" class=\"rbc-link-format externalsite-link\" data-icon-class=\"externalsite-link\" rel=\"noreferrer noopener\">British Columbia, Unclaimed Property Society, Search for Unclaimed Property<\/a><\/li>\n<\/ul>\n<\/div>\n<\/div>\n<\/div>\n<\/div>\n<\/div>\n<\/div>\n\n\n\n<div class=\"wp-block-rbc-layout-selector layoutSelector layoutSelector__layout1 pad-b-dbl mob-pad-b-dbl\">\n<div class=\"wp-block-group is-layout-flow wp-block-group-is-layout-flow\">\n<div class=\"wp-block-group layoutSelector__header is-layout-flow wp-block-group-is-layout-flow\">\n<h2 class=\"wp-block-heading\" id=\"h-demande-de-recherche-de-bien-non-reclame\"><span class=\"partial__border-bottom\">Demande de recherche de bien non r\u00e9clam\u00e9<\/span><\/h2>\n<\/div>\n\n\n\n<div class=\"wp-block-group layoutSelector__cards-container layoutSelector__is-flex layoutSelector__direction-row is-layout-flow wp-block-group-is-layout-flow\">\n<div class=\"wp-block-rbc-information-card informationCard\" style=\"--icon-url:url(undefined);background-color:#EDF7FC\">\n<div class=\"wp-block-group informationCard__content is-layout-flow wp-block-group-is-layout-flow\">\n<div class=\"wp-block-group informationCard__icon-group is-layout-flow wp-block-group-is-layout-flow\">\n<h4 class=\"wp-block-heading\" id=\"h-pour-demander-une-recherche-de-bien-non-reclame-en-notre-possession-depuis-nbsp-plus-d-un-an-veuillez-remplir-notre-formulaire-en-ligne\">Pour demander une recherche de bien non r\u00e9clam\u00e9 en notre possession depuis&nbsp;<strong>plus d\u2019un an<\/strong>, veuillez remplir notre formulaire en ligne :<\/h4>\n<\/div>\n\n\n\n<div class=\"wp-block-buttons is-layout-flex wp-block-buttons-is-layout-flex\"><div>\n<div class=\"wp-block-button btn is-style-primary primary\"><a class=\"wp-block-button__link wp-element-button\" href=\"https:\/\/silver.rbcinsurance.com\/cgi-bin\/fr\/centredassistance\/servicealaclientele\/biens-non-reclames\/search-request\/form.cgi\" data-dig-id=\"LP-20020-30d789ea\" data-dig-category=\"LP\" data-dig-action=\"button click\" data-dig-label=\"Demande de recherche-https:\/\/silver.rbcinsurance.com\/cgi-bin\/fr\/centredassistance\/servicealaclientele\/biens-non-reclames\/search-request\/form.cgi \">Demande de recherche<\/a><\/div>\n<\/div><\/div>\n\n\n\n<div style=\"height:25px\" aria-hidden=\"true\" class=\"wp-block-spacer\"><\/div>\n\n\n\n<p>Pour faire une demande de recherche d\u2019un bien non r\u00e9clam\u00e9 en notre possession depuis&nbsp;<strong>moins d&rsquo;un an<\/strong>,&nbsp;<a href=\"https:\/\/silver.rbcinsurance.com\/fr\/assurance-particuliers\/envoyez-nous-un-courriel\/index.html\" data-dig-id=\"LP-20020-3c1c323c\" data-dig-category=\"LP\" data-dig-action=\"link click\" data-dig-label=\"veuillez communiquer avec nous\" class=\"rbc-link-format\">veuillez communiquer avec nous<\/a>.<\/p>\n<\/div>\n<\/div>\n\n\n\n<div class=\"wp-block-rbc-information-card informationCard\" style=\"--icon-url:url(undefined);background-color:#EDF7FC\">\n<div class=\"wp-block-group informationCard__content is-layout-flow wp-block-group-is-layout-flow\">\n<div class=\"wp-block-group informationCard__icon-group is-layout-flow wp-block-group-is-layout-flow\">\n<h4 class=\"wp-block-heading\" id=\"h-si-le-bien-non-reclame-est-lie-a-une-assurance-auto-ou-habitation-veuillez-communiquer-avec-aviva-compagnie-d-assurance-generale-nbsp\">Si le bien non r\u00e9clam\u00e9 est li\u00e9 \u00e0 une assurance auto ou habitation, veuillez communiquer avec Aviva, Compagnie d\u2019Assurance G\u00e9n\u00e9rale&nbsp;:<\/h4>\n\n\n\n<p>Bureau de l\u2019Ombudsman<\/p>\n\n\n\n<div style=\"height:25px\" aria-hidden=\"true\" class=\"wp-block-spacer\"><\/div>\n\n\n\n<p>Courriel :&nbsp;<a href=\"mailto:ombudsman@avivacanada.com\" class=\"rbc-link-format\">ombudsman@avivacanada.com<\/a><\/p>\n<\/div>\n<\/div>\n<\/div>\n<\/div>\n<\/div>\n<\/div>\n\n\n\n<p><\/p>\n","protected":false},"excerpt":{"rendered":"<p>Biens non r\u00e9clam\u00e9s<\/p>\n","protected":false},"author":203,"featured_media":0,"parent":20004,"menu_order":0,"comment_status":"closed","ping_status":"closed","template":"templates\/new-rbci-design.php","meta":{"_acf_changed":false,"footnotes":""},"class_list":["post-20020","page","type-page","status-publish","hentry"],"acf":[],"yoast_head":"<!-- This site is optimized with the Yoast SEO Premium plugin v27.3 (Yoast SEO v27.3) - https:\/\/yoast.com\/product\/yoast-seo-premium-wordpress\/ -->\n<title>Biens non r\u00e9clam\u00e9s | RBC Assurances<\/title>\n<meta name=\"description\" content=\"Visitez le site de RBC Assurances pour en savoir plus sur les biens non r\u00e9clam\u00e9s, notamment les sommes payables en vertu d\u2019une demande de r\u00e8glement ou d\u2019un contrat d\u2019assurance, pour les r\u00e9sidents de la Colombie-Britannique, de l\u2019Alberta et du Qu\u00e9bec.\" \/>\n<meta name=\"robots\" content=\"index, follow, max-snippet:-1, max-image-preview:large, max-video-preview:-1\" \/>\n<link rel=\"canonical\" href=\"https:\/\/silver.rbcinsurance.com\/fr-ca\/a-propos\/biens-non-reclames\/\" \/>\n<meta property=\"og:locale\" content=\"fr_FR\" \/>\n<meta property=\"og:type\" content=\"article\" \/>\n<meta property=\"og:title\" content=\"Biens non r\u00e9clam\u00e9s | RBC Assurances\" \/>\n<meta property=\"og:description\" content=\"Visitez le site de RBC Assurances pour en savoir plus sur les biens non r\u00e9clam\u00e9s, notamment les sommes payables en vertu d\u2019une demande de r\u00e8glement ou d\u2019un contrat d\u2019assurance, pour les r\u00e9sidents de la Colombie-Britannique, de l\u2019Alberta et du Qu\u00e9bec.\" \/>\n<meta property=\"og:url\" content=\"https:\/\/silver.rbcinsurance.com\/fr-ca\/a-propos\/biens-non-reclames\/\" \/>\n<meta property=\"og:site_name\" content=\"RBC Assurances\" \/>\n<meta property=\"article:modified_time\" content=\"2025-07-03T15:10:15+00:00\" \/>\n<meta property=\"og:image\" content=\"https:\/\/silver.rbcinsurance.com\/fr-ca\/wp-content\/uploads\/sites\/3\/2024\/12\/personal-insurance-mobile.webp?quality=80\" \/>\n\t<meta property=\"og:image:width\" content=\"450\" \/>\n\t<meta property=\"og:image:height\" content=\"250\" \/>\n\t<meta property=\"og:image:type\" content=\"image\/webp\" \/>\n<meta name=\"twitter:card\" content=\"summary_large_image\" \/>\n<meta name=\"twitter:label1\" content=\"Est. reading time\" \/>\n\t<meta name=\"twitter:data1\" content=\"2 minutes\" \/>\n<script type=\"application\/ld+json\" class=\"yoast-schema-graph\">{\"@context\":\"https:\\\/\\\/schema.org\",\"@graph\":[{\"@type\":\"WebPage\",\"@id\":\"https:\\\/\\\/silver.rbcinsurance.com\\\/fr-ca\\\/a-propos\\\/biens-non-reclames\\\/\",\"url\":\"https:\\\/\\\/silver.rbcinsurance.com\\\/fr-ca\\\/a-propos\\\/biens-non-reclames\\\/\",\"name\":\"Biens non r\u00e9clam\u00e9s | RBC Assurances\",\"isPartOf\":{\"@id\":\"https:\\\/\\\/silver.rbcinsurance.com\\\/fr-ca\\\/#website\"},\"datePublished\":\"2025-07-02T14:03:26+00:00\",\"dateModified\":\"2025-07-03T15:10:15+00:00\",\"description\":\"Visitez le site de RBC Assurances pour en savoir plus sur les biens non r\u00e9clam\u00e9s, notamment les sommes payables en vertu d\u2019une demande de r\u00e8glement ou d\u2019un contrat d\u2019assurance, pour les r\u00e9sidents de la Colombie-Britannique, de l\u2019Alberta et du Qu\u00e9bec.\",\"breadcrumb\":{\"@id\":\"https:\\\/\\\/silver.rbcinsurance.com\\\/fr-ca\\\/a-propos\\\/biens-non-reclames\\\/#breadcrumb\"},\"inLanguage\":\"fr-FR\",\"potentialAction\":[{\"@type\":\"ReadAction\",\"target\":[\"https:\\\/\\\/silver.rbcinsurance.com\\\/fr-ca\\\/a-propos\\\/biens-non-reclames\\\/\"]}]},{\"@type\":\"BreadcrumbList\",\"@id\":\"https:\\\/\\\/silver.rbcinsurance.com\\\/fr-ca\\\/a-propos\\\/biens-non-reclames\\\/#breadcrumb\",\"itemListElement\":[{\"@type\":\"ListItem\",\"position\":1,\"name\":\"Accueil\",\"item\":\"https:\\\/\\\/silver.rbcinsurance.com\\\/fr-ca\\\/\"},{\"@type\":\"ListItem\",\"position\":2,\"name\":\"\u00c0 propos de nous\",\"item\":\"https:\\\/\\\/silver.rbcinsurance.com\\\/fr-ca\\\/a-propos\\\/\"},{\"@type\":\"ListItem\",\"position\":3,\"name\":\"Biens non r\u00e9clam\u00e9s\"}]},{\"@type\":\"WebSite\",\"@id\":\"https:\\\/\\\/silver.rbcinsurance.com\\\/fr-ca\\\/#website\",\"url\":\"https:\\\/\\\/silver.rbcinsurance.com\\\/fr-ca\\\/\",\"name\":\"RBC Assurances\",\"description\":\"Assurance individuelle\",\"publisher\":{\"@id\":\"https:\\\/\\\/silver.rbcinsurance.com\\\/fr-ca\\\/#organization\"},\"potentialAction\":[{\"@type\":\"SearchAction\",\"target\":{\"@type\":\"EntryPoint\",\"urlTemplate\":\"https:\\\/\\\/silver.rbcinsurance.com\\\/fr-ca\\\/?s={search_term_string}\"},\"query-input\":{\"@type\":\"PropertyValueSpecification\",\"valueRequired\":true,\"valueName\":\"search_term_string\"}}],\"inLanguage\":\"fr-FR\"},{\"@type\":\"Organization\",\"@id\":\"https:\\\/\\\/silver.rbcinsurance.com\\\/fr-ca\\\/#organization\",\"name\":\"RBC Assurances\",\"url\":\"https:\\\/\\\/silver.rbcinsurance.com\\\/fr-ca\\\/\",\"logo\":{\"@type\":\"ImageObject\",\"inLanguage\":\"fr-FR\",\"@id\":\"https:\\\/\\\/silver.rbcinsurance.com\\\/fr-ca\\\/#\\\/schema\\\/logo\\\/image\\\/\",\"url\":\"https:\\\/\\\/silver.rbcinsurance.com\\\/fr-ca\\\/wp-content\\\/uploads\\\/sites\\\/3\\\/2021\\\/06\\\/rbc-logo-shield.svg?quality=80&w=1024\",\"contentUrl\":\"https:\\\/\\\/silver.rbcinsurance.com\\\/fr-ca\\\/wp-content\\\/uploads\\\/sites\\\/3\\\/2021\\\/06\\\/rbc-logo-shield.svg?quality=80&w=1024\",\"width\":\"1024\",\"height\":\"1024\",\"caption\":\"RBC Assurances\"},\"image\":{\"@id\":\"https:\\\/\\\/silver.rbcinsurance.com\\\/fr-ca\\\/#\\\/schema\\\/logo\\\/image\\\/\"},\"description\":\"RBC Assurances offre aux Canadiens des assurances personnelles telles que des assurances auto, habitation, vie, sant\u00e9, voyage et cr\u00e9dit, ainsi que des solutions de placement pour la retraite.\",\"telephone\":\"1 800 769-2568\",\"legalName\":\"Services d'assurance RBC Inc.\",\"numberOfEmployees\":{\"@type\":\"QuantitativeValue\",\"minValue\":\"1001\",\"maxValue\":\"5000\"}}]}<\/script>\n<!-- \/ Yoast SEO Premium plugin. -->","yoast_head_json":{"title":"Biens non r\u00e9clam\u00e9s | RBC Assurances","description":"Visitez le site de RBC Assurances pour en savoir plus sur les biens non r\u00e9clam\u00e9s, notamment les sommes payables en vertu d\u2019une demande de r\u00e8glement ou d\u2019un contrat d\u2019assurance, pour les r\u00e9sidents de la Colombie-Britannique, de l\u2019Alberta et du Qu\u00e9bec.","robots":{"index":"index","follow":"follow","max-snippet":"max-snippet:-1","max-image-preview":"max-image-preview:large","max-video-preview":"max-video-preview:-1"},"canonical":"https:\/\/silver.rbcinsurance.com\/fr-ca\/a-propos\/biens-non-reclames\/","og_locale":"fr_FR","og_type":"article","og_title":"Biens non r\u00e9clam\u00e9s | RBC Assurances","og_description":"Visitez le site de RBC Assurances pour en savoir plus sur les biens non r\u00e9clam\u00e9s, notamment les sommes payables en vertu d\u2019une demande de r\u00e8glement ou d\u2019un contrat d\u2019assurance, pour les r\u00e9sidents de la Colombie-Britannique, de l\u2019Alberta et du Qu\u00e9bec.","og_url":"https:\/\/silver.rbcinsurance.com\/fr-ca\/a-propos\/biens-non-reclames\/","og_site_name":"RBC Assurances","article_modified_time":"2025-07-03T15:10:15+00:00","og_image":[{"width":450,"height":250,"url":"https:\/\/silver.rbcinsurance.com\/fr-ca\/wp-content\/uploads\/sites\/3\/2024\/12\/personal-insurance-mobile.webp?quality=80","type":"image\/webp"}],"twitter_card":"summary_large_image","twitter_misc":{"Est. reading time":"2 minutes"},"schema":{"@context":"https:\/\/schema.org","@graph":[{"@type":"WebPage","@id":"https:\/\/silver.rbcinsurance.com\/fr-ca\/a-propos\/biens-non-reclames\/","url":"https:\/\/silver.rbcinsurance.com\/fr-ca\/a-propos\/biens-non-reclames\/","name":"Biens non r\u00e9clam\u00e9s | RBC Assurances","isPartOf":{"@id":"https:\/\/silver.rbcinsurance.com\/fr-ca\/#website"},"datePublished":"2025-07-02T14:03:26+00:00","dateModified":"2025-07-03T15:10:15+00:00","description":"Visitez le site de RBC Assurances pour en savoir plus sur les biens non r\u00e9clam\u00e9s, notamment les sommes payables en vertu d\u2019une demande de r\u00e8glement ou d\u2019un contrat d\u2019assurance, pour les r\u00e9sidents de la Colombie-Britannique, de l\u2019Alberta et du Qu\u00e9bec.","breadcrumb":{"@id":"https:\/\/silver.rbcinsurance.com\/fr-ca\/a-propos\/biens-non-reclames\/#breadcrumb"},"inLanguage":"fr-FR","potentialAction":[{"@type":"ReadAction","target":["https:\/\/silver.rbcinsurance.com\/fr-ca\/a-propos\/biens-non-reclames\/"]}]},{"@type":"BreadcrumbList","@id":"https:\/\/silver.rbcinsurance.com\/fr-ca\/a-propos\/biens-non-reclames\/#breadcrumb","itemListElement":[{"@type":"ListItem","position":1,"name":"Accueil","item":"https:\/\/silver.rbcinsurance.com\/fr-ca\/"},{"@type":"ListItem","position":2,"name":"\u00c0 propos de nous","item":"https:\/\/silver.rbcinsurance.com\/fr-ca\/a-propos\/"},{"@type":"ListItem","position":3,"name":"Biens non r\u00e9clam\u00e9s"}]},{"@type":"WebSite","@id":"https:\/\/silver.rbcinsurance.com\/fr-ca\/#website","url":"https:\/\/silver.rbcinsurance.com\/fr-ca\/","name":"RBC Assurances","description":"Assurance individuelle","publisher":{"@id":"https:\/\/silver.rbcinsurance.com\/fr-ca\/#organization"},"potentialAction":[{"@type":"SearchAction","target":{"@type":"EntryPoint","urlTemplate":"https:\/\/silver.rbcinsurance.com\/fr-ca\/?s={search_term_string}"},"query-input":{"@type":"PropertyValueSpecification","valueRequired":true,"valueName":"search_term_string"}}],"inLanguage":"fr-FR"},{"@type":"Organization","@id":"https:\/\/silver.rbcinsurance.com\/fr-ca\/#organization","name":"RBC Assurances","url":"https:\/\/silver.rbcinsurance.com\/fr-ca\/","logo":{"@type":"ImageObject","inLanguage":"fr-FR","@id":"https:\/\/silver.rbcinsurance.com\/fr-ca\/#\/schema\/logo\/image\/","url":"https:\/\/silver.rbcinsurance.com\/fr-ca\/wp-content\/uploads\/sites\/3\/2021\/06\/rbc-logo-shield.svg?quality=80&w=1024","contentUrl":"https:\/\/silver.rbcinsurance.com\/fr-ca\/wp-content\/uploads\/sites\/3\/2021\/06\/rbc-logo-shield.svg?quality=80&w=1024","width":"1024","height":"1024","caption":"RBC Assurances"},"image":{"@id":"https:\/\/silver.rbcinsurance.com\/fr-ca\/#\/schema\/logo\/image\/"},"description":"RBC Assurances offre aux Canadiens des assurances personnelles telles que des assurances auto, habitation, vie, sant\u00e9, voyage et cr\u00e9dit, ainsi que des solutions de placement pour la retraite.","telephone":"1 800 769-2568","legalName":"Services d'assurance RBC Inc.","numberOfEmployees":{"@type":"QuantitativeValue","minValue":"1001","maxValue":"5000"}}]}},"jetpack_sharing_enabled":true,"_links":{"self":[{"href":"https:\/\/silver.rbcinsurance.com\/fr-ca\/wp-json\/wp\/v2\/pages\/20020","targetHints":{"allow":["GET"]}}],"collection":[{"href":"https:\/\/silver.rbcinsurance.com\/fr-ca\/wp-json\/wp\/v2\/pages"}],"about":[{"href":"https:\/\/silver.rbcinsurance.com\/fr-ca\/wp-json\/wp\/v2\/types\/page"}],"author":[{"embeddable":true,"href":"https:\/\/silver.rbcinsurance.com\/fr-ca\/wp-json\/wp\/v2\/users\/203"}],"replies":[{"embeddable":true,"href":"https:\/\/silver.rbcinsurance.com\/fr-ca\/wp-json\/wp\/v2\/comments?post=20020"}],"version-history":[{"count":16,"href":"https:\/\/silver.rbcinsurance.com\/fr-ca\/wp-json\/wp\/v2\/pages\/20020\/revisions"}],"predecessor-version":[{"id":21017,"href":"https:\/\/silver.rbcinsurance.com\/fr-ca\/wp-json\/wp\/v2\/pages\/20020\/revisions\/21017"}],"up":[{"embeddable":true,"href":"https:\/\/silver.rbcinsurance.com\/fr-ca\/wp-json\/wp\/v2\/pages\/20004"}],"wp:attachment":[{"href":"https:\/\/silver.rbcinsurance.com\/fr-ca\/wp-json\/wp\/v2\/media?parent=20020"}],"curies":[{"name":"wp","href":"https:\/\/api.w.org\/{rel}","templated":true}]}}