{"id":20014,"date":"2025-07-02T09:59:08","date_gmt":"2025-07-02T13:59:08","guid":{"rendered":"https:\/\/silver.rbcinsurance.com\/fr-ca\/?page_id=20014"},"modified":"2025-07-02T09:59:10","modified_gmt":"2025-07-02T13:59:10","slug":"adresser-felicitations","status":"publish","type":"page","link":"https:\/\/silver.rbcinsurance.com\/fr-ca\/a-propos\/adresser-felicitations\/","title":{"rendered":"Adresser des f\u00e9licitations"},"content":{"rendered":"\n<p><\/p>\n\n\n<div class=\"yoast-breadcrumbs\"><span class=\"rbc-yoast-breadcrum-span\"><span><a href=\"https:\/\/silver.rbcinsurance.com\/fr-ca\/\">Accueil<\/a><\/span> &gt; <span><a href=\"https:\/\/silver.rbcinsurance.com\/fr-ca\/a-propos\/\">\u00c0 propos de nous<\/a><\/span> &gt; <span class=\"breadcrumb_last\" aria-current=\"page\">Adresser des f\u00e9licitations<\/span><\/span><\/div>\n\n\n<p><\/p>\n\n\n\n<h1 class=\"wp-block-heading\" id=\"h-adresser-des-felicitations\">Adresser des f\u00e9licitations<\/h1>\n\n\n\n<p>Vos remarques positives sont tr\u00e8s importantes pour nous\u00a0\u2013 elles nous confirment que nous r\u00e9pondons bien \u00e0 vos besoins et renforcent notre d\u00e9termination \u00e0 vous offrir un service de qualit\u00e9. Si vous avez \u00e9t\u00e9 satisfait du service d\u2019un employ\u00e9 de RBC\u00a0Assurances, nous serions heureux de le savoir pour en informer l\u2019employ\u00e9 en question.<\/p>\n\n\n\n<p>Le moyen le plus direct de reconna\u00eetre les efforts d\u2019un employ\u00e9 consiste \u00e0 communiquer directement avec lui ou de transmettre vos remarques positives \u00e0 son directeur ou superviseur par t\u00e9l\u00e9phone, par courrier, par t\u00e9l\u00e9copieur ou par courriel.<br><\/p>\n\n\n\n<p>Si l\u2019exp\u00e9rience positive concerne un autre service ou une autre unit\u00e9 de RBC\u00a0Assurances, ou si vous ne connaissez pas le nom de la personne \u00e0 contacter, vous pouvez faire parvenir vos f\u00e9licitations \u00e0 l\u2019adresse suivante\u00a0:<\/p>\n\n\n\n<div class=\"wp-block-rbc-layout-selector layoutSelector layoutSelector__layout3 mar-t-0 mob-mar-t-0 mar-b-dbl mob-mar-b-dbl\">\n<div class=\"wp-block-group  mar-t-0 is-layout-flow wp-block-group-is-layout-flow\">\n<div class=\"wp-block-group layoutSelector__cards-container layoutSelector__is-flex layoutSelector__direction-col is-layout-flow wp-block-group-is-layout-flow\">\n<div class=\"wp-block-group layoutSelector__is-flex layoutSelector__direction-row is-layout-flow wp-block-group-is-layout-flow\">\n<div class=\"wp-block-rbc-information-card informationCard  has-icon\" style=\"--icon-url:url(https:\/\/silver.rbcinsurance.com\/fr-ca\/wp-content\/uploads\/sites\/3\/2024\/11\/House.svg);background-color:#EDF7FC\">\n<div class=\"wp-block-group informationCard__content is-layout-flow wp-block-group-is-layout-flow\">\n<div class=\"wp-block-group informationCard__icon-group is-layout-flow wp-block-group-is-layout-flow\">\n<h4 class=\"wp-block-heading\" id=\"h-courrier\">Courrier<\/h4>\n<\/div>\n\n\n\n<p>Approche Client<br>C.P. 213, succursale A<br>Mississauga (Ontario) L5A 4N9<\/p>\n<\/div>\n<\/div>\n\n\n\n<div class=\"wp-block-rbc-information-card informationCard  has-icon\" style=\"--icon-url:url(https:\/\/silver.rbcinsurance.com\/fr-ca\/wp-content\/uploads\/sites\/3\/2024\/10\/Mobile.svg);background-color:#EDF7FC\">\n<div class=\"wp-block-group informationCard__content is-layout-flow wp-block-group-is-layout-flow\">\n<div class=\"wp-block-group informationCard__icon-group is-layout-flow wp-block-group-is-layout-flow\">\n<h4 class=\"wp-block-heading\" id=\"h-telephone\">T\u00e9l\u00e9phone<\/h4>\n<\/div>\n\n\n\n<p>1 888 728-6666\u00a0(sans frais)<\/p>\n<\/div>\n<\/div>\n\n\n\n<div class=\"wp-block-rbc-information-card informationCard  has-icon\" style=\"--icon-url:url(https:\/\/silver.rbcinsurance.com\/fr-ca\/wp-content\/uploads\/sites\/3\/2024\/10\/Start-Application.svg);background-color:#EDF7FC\">\n<div class=\"wp-block-group informationCard__content is-layout-flow wp-block-group-is-layout-flow\">\n<div class=\"wp-block-group informationCard__icon-group is-layout-flow wp-block-group-is-layout-flow\">\n<h4 class=\"wp-block-heading\" id=\"h-telecopieur\">T\u00e9l\u00e9copieur<\/h4>\n<\/div>\n\n\n\n<p>1 888 844-3331\u00a0(sans frais)<\/p>\n<\/div>\n<\/div>\n<\/div>\n<\/div>\n<\/div>\n<\/div>\n\n\n\n<p class=\"pad-b-dbl mob-pad-b-dbl\">Nous ferons tout notre possible pour que la personne dont vous faites l\u2019\u00e9loge re\u00e7oive vos f\u00e9licitations.<\/p>\n","protected":false},"excerpt":{"rendered":"<p>Adresser des f\u00e9licitations Vos remarques positives sont tr\u00e8s importantes pour nous\u00a0\u2013 elles nous confirment que nous r\u00e9pondons bien \u00e0 vos besoins et renforcent notre d\u00e9termination \u00e0 vous offrir un service de qualit\u00e9. Si vous avez \u00e9t\u00e9 satisfait du service d\u2019un employ\u00e9 de RBC\u00a0Assurances, nous serions heureux de le savoir pour en informer l\u2019employ\u00e9 en question. [&hellip;]<\/p>\n","protected":false},"author":203,"featured_media":0,"parent":20004,"menu_order":0,"comment_status":"closed","ping_status":"closed","template":"templates\/new-rbci-design.php","meta":{"_acf_changed":false,"footnotes":""},"class_list":["post-20014","page","type-page","status-publish","hentry"],"acf":[],"yoast_head":"<!-- This site is optimized with the Yoast SEO Premium plugin v27.3 (Yoast SEO v27.3) - https:\/\/yoast.com\/product\/yoast-seo-premium-wordpress\/ -->\n<title>Adresser des f\u00e9licitations | RBC Assurances<\/title>\n<meta name=\"description\" content=\"D\u00e9couvrez comment adresser des f\u00e9licitations ou faire des commentaires positifs sur RBC\u00a0Assurances ou l\u2019un de nos employ\u00e9s.\" \/>\n<meta name=\"robots\" content=\"index, follow, max-snippet:-1, max-image-preview:large, max-video-preview:-1\" \/>\n<link rel=\"canonical\" href=\"https:\/\/silver.rbcinsurance.com\/fr-ca\/a-propos\/adresser-felicitations\/\" \/>\n<meta property=\"og:locale\" content=\"fr_FR\" \/>\n<meta property=\"og:type\" content=\"article\" \/>\n<meta property=\"og:title\" content=\"Adresser des f\u00e9licitations | RBC Assurances\" \/>\n<meta property=\"og:description\" content=\"D\u00e9couvrez comment adresser des f\u00e9licitations ou faire des commentaires positifs sur RBC\u00a0Assurances ou l\u2019un de nos employ\u00e9s.\" \/>\n<meta property=\"og:url\" content=\"https:\/\/silver.rbcinsurance.com\/fr-ca\/a-propos\/adresser-felicitations\/\" \/>\n<meta property=\"og:site_name\" content=\"RBC Assurances\" \/>\n<meta property=\"article:modified_time\" content=\"2025-07-02T13:59:10+00:00\" \/>\n<meta property=\"og:image\" content=\"https:\/\/silver.rbcinsurance.com\/fr-ca\/wp-content\/uploads\/sites\/3\/2024\/12\/personal-insurance-mobile.webp?quality=80\" \/>\n\t<meta property=\"og:image:width\" content=\"450\" \/>\n\t<meta property=\"og:image:height\" content=\"250\" \/>\n\t<meta property=\"og:image:type\" content=\"image\/webp\" \/>\n<meta name=\"twitter:card\" content=\"summary_large_image\" \/>\n<meta name=\"twitter:label1\" content=\"Est. reading time\" \/>\n\t<meta name=\"twitter:data1\" content=\"1 minute\" \/>\n<script type=\"application\/ld+json\" class=\"yoast-schema-graph\">{\"@context\":\"https:\\\/\\\/schema.org\",\"@graph\":[{\"@type\":\"WebPage\",\"@id\":\"https:\\\/\\\/silver.rbcinsurance.com\\\/fr-ca\\\/a-propos\\\/adresser-felicitations\\\/\",\"url\":\"https:\\\/\\\/silver.rbcinsurance.com\\\/fr-ca\\\/a-propos\\\/adresser-felicitations\\\/\",\"name\":\"Adresser des f\u00e9licitations | RBC Assurances\",\"isPartOf\":{\"@id\":\"https:\\\/\\\/silver.rbcinsurance.com\\\/fr-ca\\\/#website\"},\"datePublished\":\"2025-07-02T13:59:08+00:00\",\"dateModified\":\"2025-07-02T13:59:10+00:00\",\"description\":\"D\u00e9couvrez comment adresser des f\u00e9licitations ou faire des commentaires positifs sur RBC\u00a0Assurances ou l\u2019un de nos employ\u00e9s.\",\"breadcrumb\":{\"@id\":\"https:\\\/\\\/silver.rbcinsurance.com\\\/fr-ca\\\/a-propos\\\/adresser-felicitations\\\/#breadcrumb\"},\"inLanguage\":\"fr-FR\",\"potentialAction\":[{\"@type\":\"ReadAction\",\"target\":[\"https:\\\/\\\/silver.rbcinsurance.com\\\/fr-ca\\\/a-propos\\\/adresser-felicitations\\\/\"]}]},{\"@type\":\"BreadcrumbList\",\"@id\":\"https:\\\/\\\/silver.rbcinsurance.com\\\/fr-ca\\\/a-propos\\\/adresser-felicitations\\\/#breadcrumb\",\"itemListElement\":[{\"@type\":\"ListItem\",\"position\":1,\"name\":\"Accueil\",\"item\":\"https:\\\/\\\/silver.rbcinsurance.com\\\/fr-ca\\\/\"},{\"@type\":\"ListItem\",\"position\":2,\"name\":\"\u00c0 propos de nous\",\"item\":\"https:\\\/\\\/silver.rbcinsurance.com\\\/fr-ca\\\/a-propos\\\/\"},{\"@type\":\"ListItem\",\"position\":3,\"name\":\"Adresser des f\u00e9licitations\"}]},{\"@type\":\"WebSite\",\"@id\":\"https:\\\/\\\/silver.rbcinsurance.com\\\/fr-ca\\\/#website\",\"url\":\"https:\\\/\\\/silver.rbcinsurance.com\\\/fr-ca\\\/\",\"name\":\"RBC Assurances\",\"description\":\"Assurance individuelle\",\"publisher\":{\"@id\":\"https:\\\/\\\/silver.rbcinsurance.com\\\/fr-ca\\\/#organization\"},\"potentialAction\":[{\"@type\":\"SearchAction\",\"target\":{\"@type\":\"EntryPoint\",\"urlTemplate\":\"https:\\\/\\\/silver.rbcinsurance.com\\\/fr-ca\\\/?s={search_term_string}\"},\"query-input\":{\"@type\":\"PropertyValueSpecification\",\"valueRequired\":true,\"valueName\":\"search_term_string\"}}],\"inLanguage\":\"fr-FR\"},{\"@type\":\"Organization\",\"@id\":\"https:\\\/\\\/silver.rbcinsurance.com\\\/fr-ca\\\/#organization\",\"name\":\"RBC Assurances\",\"url\":\"https:\\\/\\\/silver.rbcinsurance.com\\\/fr-ca\\\/\",\"logo\":{\"@type\":\"ImageObject\",\"inLanguage\":\"fr-FR\",\"@id\":\"https:\\\/\\\/silver.rbcinsurance.com\\\/fr-ca\\\/#\\\/schema\\\/logo\\\/image\\\/\",\"url\":\"https:\\\/\\\/silver.rbcinsurance.com\\\/fr-ca\\\/wp-content\\\/uploads\\\/sites\\\/3\\\/2021\\\/06\\\/rbc-logo-shield.svg?quality=80&w=1024\",\"contentUrl\":\"https:\\\/\\\/silver.rbcinsurance.com\\\/fr-ca\\\/wp-content\\\/uploads\\\/sites\\\/3\\\/2021\\\/06\\\/rbc-logo-shield.svg?quality=80&w=1024\",\"width\":\"1024\",\"height\":\"1024\",\"caption\":\"RBC Assurances\"},\"image\":{\"@id\":\"https:\\\/\\\/silver.rbcinsurance.com\\\/fr-ca\\\/#\\\/schema\\\/logo\\\/image\\\/\"},\"description\":\"RBC Assurances offre aux Canadiens des assurances personnelles telles que des assurances auto, habitation, vie, sant\u00e9, voyage et cr\u00e9dit, ainsi que des solutions de placement pour la retraite.\",\"telephone\":\"1 800 769-2568\",\"legalName\":\"Services d'assurance RBC Inc.\",\"numberOfEmployees\":{\"@type\":\"QuantitativeValue\",\"minValue\":\"1001\",\"maxValue\":\"5000\"}}]}<\/script>\n<!-- \/ Yoast SEO Premium plugin. -->","yoast_head_json":{"title":"Adresser des f\u00e9licitations | RBC Assurances","description":"D\u00e9couvrez comment adresser des f\u00e9licitations ou faire des commentaires positifs sur RBC\u00a0Assurances ou l\u2019un de nos employ\u00e9s.","robots":{"index":"index","follow":"follow","max-snippet":"max-snippet:-1","max-image-preview":"max-image-preview:large","max-video-preview":"max-video-preview:-1"},"canonical":"https:\/\/silver.rbcinsurance.com\/fr-ca\/a-propos\/adresser-felicitations\/","og_locale":"fr_FR","og_type":"article","og_title":"Adresser des f\u00e9licitations | RBC Assurances","og_description":"D\u00e9couvrez comment adresser des f\u00e9licitations ou faire des commentaires positifs sur RBC\u00a0Assurances ou l\u2019un de nos employ\u00e9s.","og_url":"https:\/\/silver.rbcinsurance.com\/fr-ca\/a-propos\/adresser-felicitations\/","og_site_name":"RBC Assurances","article_modified_time":"2025-07-02T13:59:10+00:00","og_image":[{"width":450,"height":250,"url":"https:\/\/silver.rbcinsurance.com\/fr-ca\/wp-content\/uploads\/sites\/3\/2024\/12\/personal-insurance-mobile.webp?quality=80","type":"image\/webp"}],"twitter_card":"summary_large_image","twitter_misc":{"Est. reading time":"1 minute"},"schema":{"@context":"https:\/\/schema.org","@graph":[{"@type":"WebPage","@id":"https:\/\/silver.rbcinsurance.com\/fr-ca\/a-propos\/adresser-felicitations\/","url":"https:\/\/silver.rbcinsurance.com\/fr-ca\/a-propos\/adresser-felicitations\/","name":"Adresser des f\u00e9licitations | RBC Assurances","isPartOf":{"@id":"https:\/\/silver.rbcinsurance.com\/fr-ca\/#website"},"datePublished":"2025-07-02T13:59:08+00:00","dateModified":"2025-07-02T13:59:10+00:00","description":"D\u00e9couvrez comment adresser des f\u00e9licitations ou faire des commentaires positifs sur RBC\u00a0Assurances ou l\u2019un de nos employ\u00e9s.","breadcrumb":{"@id":"https:\/\/silver.rbcinsurance.com\/fr-ca\/a-propos\/adresser-felicitations\/#breadcrumb"},"inLanguage":"fr-FR","potentialAction":[{"@type":"ReadAction","target":["https:\/\/silver.rbcinsurance.com\/fr-ca\/a-propos\/adresser-felicitations\/"]}]},{"@type":"BreadcrumbList","@id":"https:\/\/silver.rbcinsurance.com\/fr-ca\/a-propos\/adresser-felicitations\/#breadcrumb","itemListElement":[{"@type":"ListItem","position":1,"name":"Accueil","item":"https:\/\/silver.rbcinsurance.com\/fr-ca\/"},{"@type":"ListItem","position":2,"name":"\u00c0 propos de nous","item":"https:\/\/silver.rbcinsurance.com\/fr-ca\/a-propos\/"},{"@type":"ListItem","position":3,"name":"Adresser des f\u00e9licitations"}]},{"@type":"WebSite","@id":"https:\/\/silver.rbcinsurance.com\/fr-ca\/#website","url":"https:\/\/silver.rbcinsurance.com\/fr-ca\/","name":"RBC Assurances","description":"Assurance individuelle","publisher":{"@id":"https:\/\/silver.rbcinsurance.com\/fr-ca\/#organization"},"potentialAction":[{"@type":"SearchAction","target":{"@type":"EntryPoint","urlTemplate":"https:\/\/silver.rbcinsurance.com\/fr-ca\/?s={search_term_string}"},"query-input":{"@type":"PropertyValueSpecification","valueRequired":true,"valueName":"search_term_string"}}],"inLanguage":"fr-FR"},{"@type":"Organization","@id":"https:\/\/silver.rbcinsurance.com\/fr-ca\/#organization","name":"RBC Assurances","url":"https:\/\/silver.rbcinsurance.com\/fr-ca\/","logo":{"@type":"ImageObject","inLanguage":"fr-FR","@id":"https:\/\/silver.rbcinsurance.com\/fr-ca\/#\/schema\/logo\/image\/","url":"https:\/\/silver.rbcinsurance.com\/fr-ca\/wp-content\/uploads\/sites\/3\/2021\/06\/rbc-logo-shield.svg?quality=80&w=1024","contentUrl":"https:\/\/silver.rbcinsurance.com\/fr-ca\/wp-content\/uploads\/sites\/3\/2021\/06\/rbc-logo-shield.svg?quality=80&w=1024","width":"1024","height":"1024","caption":"RBC Assurances"},"image":{"@id":"https:\/\/silver.rbcinsurance.com\/fr-ca\/#\/schema\/logo\/image\/"},"description":"RBC Assurances offre aux Canadiens des assurances personnelles telles que des assurances auto, habitation, vie, sant\u00e9, voyage et cr\u00e9dit, ainsi que des solutions de placement pour la retraite.","telephone":"1 800 769-2568","legalName":"Services d'assurance RBC Inc.","numberOfEmployees":{"@type":"QuantitativeValue","minValue":"1001","maxValue":"5000"}}]}},"jetpack_sharing_enabled":true,"_links":{"self":[{"href":"https:\/\/silver.rbcinsurance.com\/fr-ca\/wp-json\/wp\/v2\/pages\/20014","targetHints":{"allow":["GET"]}}],"collection":[{"href":"https:\/\/silver.rbcinsurance.com\/fr-ca\/wp-json\/wp\/v2\/pages"}],"about":[{"href":"https:\/\/silver.rbcinsurance.com\/fr-ca\/wp-json\/wp\/v2\/types\/page"}],"author":[{"embeddable":true,"href":"https:\/\/silver.rbcinsurance.com\/fr-ca\/wp-json\/wp\/v2\/users\/203"}],"replies":[{"embeddable":true,"href":"https:\/\/silver.rbcinsurance.com\/fr-ca\/wp-json\/wp\/v2\/comments?post=20014"}],"version-history":[{"count":9,"href":"https:\/\/silver.rbcinsurance.com\/fr-ca\/wp-json\/wp\/v2\/pages\/20014\/revisions"}],"predecessor-version":[{"id":20094,"href":"https:\/\/silver.rbcinsurance.com\/fr-ca\/wp-json\/wp\/v2\/pages\/20014\/revisions\/20094"}],"up":[{"embeddable":true,"href":"https:\/\/silver.rbcinsurance.com\/fr-ca\/wp-json\/wp\/v2\/pages\/20004"}],"wp:attachment":[{"href":"https:\/\/silver.rbcinsurance.com\/fr-ca\/wp-json\/wp\/v2\/media?parent=20014"}],"curies":[{"name":"wp","href":"https:\/\/api.w.org\/{rel}","templated":true}]}}