{"id":20006,"date":"2025-07-02T09:54:24","date_gmt":"2025-07-02T13:54:24","guid":{"rendered":"https:\/\/silver.rbcinsurance.com\/fr-ca\/?page_id=20006"},"modified":"2025-10-24T12:50:21","modified_gmt":"2025-10-24T16:50:21","slug":"carrieres","status":"publish","type":"page","link":"https:\/\/silver.rbcinsurance.com\/fr-ca\/a-propos\/carrieres\/","title":{"rendered":"Carri\u00e8res"},"content":{"rendered":"\n<p><\/p>\n\n\n<div class=\"yoast-breadcrumbs\"><span class=\"rbc-yoast-breadcrum-span\"><span><a href=\"https:\/\/silver.rbcinsurance.com\/fr-ca\/\">Accueil<\/a><\/span> &gt; <span><a href=\"https:\/\/silver.rbcinsurance.com\/fr-ca\/a-propos\/\">\u00c0 propos de nous<\/a><\/span> &gt; <span class=\"breadcrumb_last\" aria-current=\"page\">Carri\u00e8res<\/span><\/span><\/div>\n\n\n<div class=\"wp-block-rbc-banner banner  mar-t-0 mob-mar-t-0\">\n<div class=\"wp-block-group is-layout-flow wp-block-group-is-layout-flow\">\n<div class=\"wp-block-columns banner__cols is-layout-flex wp-container-core-columns-is-layout-28f84493 wp-block-columns-is-layout-flex\">\n<div class=\"wp-block-column banner__col-left is-layout-flow wp-block-column-is-layout-flow\">\n<div class=\"wp-block-group banner__cta is-layout-flow wp-block-group-is-layout-flow\">\n<div class=\"wp-block-rbc-hero-card heroCard banner__cta1\" style=\"background-color:#006AC3\"><div class=\"heroCard__container\"><h1>Pour faire avancer <mark style=\"background-color:rgba(0, 0, 0, 0);color:#FEDF01\" class=\"has-inline-color\">votre<\/mark> carri\u00e8re<\/h1><p class=\"rbc-override-margin p-large\">Trouvez votre prochain d\u00e9fi professionnel d\u00e8s aujourd\u2019hui.<\/p><\/div><div class=\"heroCard__cta\">\n<div class=\"wp-block-buttons is-layout-flex wp-block-buttons-is-layout-flex\"><div>\n<div class=\"wp-block-button btn is-style-accent accent\"><a class=\"wp-block-button__link wp-element-button\" href=\"https:\/\/jobs.rbc.com\/ca\/fr\" data-dig-id=\"LP-20006-3bfe51ce\" data-dig-category=\"LP\" data-dig-action=\"button click\" data-dig-label=\"Trouver une carri\u00e8re-https:\/\/jobs.rbc.com\/ca\/fr \">Trouver une carri\u00e8re<\/a><\/div>\n<\/div><\/div>\n<\/div><\/div>\n<\/div>\n<\/div>\n\n\n\n<div class=\"wp-block-column banner__col-right is-layout-flow wp-block-column-is-layout-flow\">\n<figure class=\"wp-block-image size-full\"><img loading=\"lazy\" decoding=\"async\" width=\"645\" height=\"362\" src=\"https:\/\/silver.rbcinsurance.com\/fr-ca\/wp-content\/uploads\/sites\/3\/2025\/06\/careers_landing-1.webp?quality=80\" alt=\"Employ\u00e9 souriant de RBC\" class=\"wp-image-20821\" srcset=\"https:\/\/silver.rbcinsurance.com\/fr-ca\/wp-content\/uploads\/sites\/3\/2025\/06\/careers_landing-1.webp 645w, https:\/\/silver.rbcinsurance.com\/fr-ca\/wp-content\/uploads\/sites\/3\/2025\/06\/careers_landing-1.webp?resize=300,168 300w\" sizes=\"auto, (max-width: 645px) 100vw, 645px\" \/><\/figure>\n<\/div>\n<\/div>\n<\/div>\n<\/div>\n\n\n\n<div class=\"wp-block-rbc-layout-selector layoutSelector layoutSelector__layout3\">\n<div class=\"wp-block-group is-layout-flow wp-block-group-is-layout-flow\">\n<div class=\"wp-block-group layoutSelector__header is-layout-flow wp-block-group-is-layout-flow\">\n<h2 class=\"wp-block-heading\" id=\"h-emplois-en-vedette\">Emplois en vedette<\/h2>\n\n\n\n<p class=\"p-large\"><span class=\"partial__border-bottom\">Nous sommes \u00e0 la recherche de personnes talentueuses qui savent prendre des initiatives pour produire de bons r\u00e9sultats. Si vous travaillez bien en \u00e9quipe et que vous savez comment \u00e9tablir de solides relations avec la client\u00e8le, contactez-nous&nbsp;!<\/span><\/p>\n<\/div>\n\n\n\n<div class=\"wp-block-group layoutSelector__cards-container layoutSelector__is-flex layoutSelector__direction-col is-layout-flow wp-block-group-is-layout-flow\">\n<div class=\"wp-block-group layoutSelector__is-flex layoutSelector__direction-row is-layout-flow wp-block-group-is-layout-flow\">\n<div class=\"wp-block-rbc-information-card informationCard\" style=\"--icon-url:url(undefined);background-color:#EDF7FC\">\n<div class=\"wp-block-group informationCard__content is-layout-flow wp-block-group-is-layout-flow\">\n<div class=\"wp-block-group informationCard__icon-group is-layout-flow wp-block-group-is-layout-flow\">\n<h4 class=\"wp-block-heading\" id=\"h-conseiller-en-assurance-vie-maladie-et-patrimoine\">Conseiller en assurance \u2013 Vie, maladie et patrimoine<\/h4>\n\n\n\n<p>En tant que professionnel reconnu (PQPAV), vous offrirez des services int\u00e9gr\u00e9s de planification et des conseils en assurance vie \u00e0 votre r\u00e9seau de clients recommand\u00e9s ou nouvellement acquis.<\/p>\n\n\n\n<p class=\"mob-mar-t-hlf mar-t-hlf\">Vous contribuerez aux bons r\u00e9sultats de vente de votre \u00e9quipe en rep\u00e9rant les occasions de vente et en recommandant des clients aux membres de votre \u00e9quipe et aux partenaires de RBC. Vous r\u00e9pondrez principalement aux besoins des particuliers gr\u00e2ce \u00e0 la gamme compl\u00e8te de produits d\u2019assurance vie, \u00e0 prestations du vivant, voyage et de patrimoine de RBC Assurances, en mettant l\u2019accent sur les produits d\u2019assurance vie et \u00e0 prestations du vivant.<br><\/p>\n<\/div>\n<\/div>\n<\/div>\n\n\n\n<div class=\"wp-block-rbc-information-card informationCard\" style=\"--icon-url:url(undefined);background-color:#EDF7FC\">\n<div class=\"wp-block-group informationCard__content is-layout-flow wp-block-group-is-layout-flow\">\n<div class=\"wp-block-group informationCard__icon-group is-layout-flow wp-block-group-is-layout-flow\">\n<h4 class=\"wp-block-heading\" id=\"h-conseiller-en-assurance-auto-et-habitation\">Conseiller en assurance \u2013 Auto et habitation<\/h4>\n<\/div>\n<\/div>\n\n\n\n<p>En tant que professionnel titulaire d\u2019un permis d\u2019assurance de dommages, vous fournirez des services int\u00e9gr\u00e9s de planification et des conseils en assurances habitation, auto et voyage dans le march\u00e9 des particuliers.<\/p>\n\n\n\n<p>Vous vous concentrerez sur l\u2019acquisition de client\u00e8le en offrant des solutions et des conseils en assurance ax\u00e9s sur le client, en fonction d\u2019une analyse d\u00e9taill\u00e9e qui permet de r\u00e9pondre \u00e0 ses besoins. Vous r\u00e9pondrez principalement aux besoins du march\u00e9 des particuliers gr\u00e2ce \u00e0 la gamme compl\u00e8te des produits d\u2019assurance auto et habitation de RBC Assurances.<\/p>\n<\/div>\n<\/div>\n\n\n\n<div class=\"wp-block-group layoutSelector__is-flex layoutSelector__direction-row is-layout-flow wp-block-group-is-layout-flow\">\n<div class=\"wp-block-rbc-information-card informationCard\" style=\"--icon-url:url(undefined);background-color:#EDF7FC\">\n<div class=\"wp-block-group informationCard__content is-layout-flow wp-block-group-is-layout-flow\">\n<div class=\"wp-block-group informationCard__icon-group is-layout-flow wp-block-group-is-layout-flow\">\n<h4 class=\"wp-block-heading\" id=\"h-assurance-directeur-general-regional\">Assurance \u2013 Directeur g\u00e9n\u00e9ral r\u00e9gional<\/h4>\n<\/div>\n<\/div>\n\n\n\n<p>Menez votre \u00e9quipe vers la r\u00e9ussite&nbsp;! En tant que directeur g\u00e9n\u00e9ral r\u00e9gional, vous assurerez la gestion g\u00e9n\u00e9rale du march\u00e9 en supervisant l\u2019\u00e9tablissement et la r\u00e9alisation des objectifs de vente de l\u2019\u00e9quipe et des activit\u00e9s connexes afin d\u2019offrir une exp\u00e9rience client sup\u00e9rieure par des entretiens avec le client ax\u00e9s sur les conseils.<\/p>\n\n\n\n<p>Vous tisserez des liens au sein de RBC et dans la collectivit\u00e9 afin de maximiser les nouvelles occasions d\u2019affaires, tout en favorisant la prise en charge des clients afin de renforcer les relations avec la client\u00e8le. Vous veillerez \u00e0 l\u2019encadrement et au perfectionnement continus des membres du personnel afin de favoriser, chez les employ\u00e9s, un niveau \u00e9lev\u00e9 de comp\u00e9tence et d\u2019engagement par des activit\u00e9s de gestion des ventes cibl\u00e9es et la promotion d\u2019un esprit de collaboration. Le titulaire de ce poste doit \u00e9galement savoir trouver un juste \u00e9quilibre entre les r\u00e9compenses li\u00e9es \u00e0 l\u2019efficacit\u00e9 de l\u2019\u00e9quipe et le respect des proc\u00e9dures, des processus et des lignes directrices en mati\u00e8re de r\u00e9duction des risques.<br><\/p>\n<\/div>\n\n\n\n<div class=\"wp-block-rbc-information-card informationCard  isHighlighted\" style=\"--icon-url:url(undefined);background-color:#006AC3\">\n<div class=\"wp-block-group informationCard__content is-layout-flow wp-block-group-is-layout-flow\">\n<div class=\"wp-block-group informationCard__icon-group is-layout-flow wp-block-group-is-layout-flow\">\n<h4 class=\"wp-block-heading\" id=\"h-autres-occasions-de-carriere\"><mark style=\"background-color:rgba(0, 0, 0, 0);color:#FEDF01\" class=\"has-inline-color\">Autres occasions de carri\u00e8re<\/mark><\/h4>\n<\/div>\n\n\n\n<p>RBC&nbsp;Assurances \u00e9tant une entreprise offrant la gamme compl\u00e8te de services d\u2019assurance, elle offre de nombreuses possibilit\u00e9s de carri\u00e8res dynamiques. Afficher toutes les occasions de carri\u00e8re.<\/p>\n\n\n\n<div class=\"wp-block-buttons is-layout-flex wp-block-buttons-is-layout-flex\"><div>\n<div class=\"wp-block-button btn is-style-accent accent\"><a class=\"wp-block-button__link wp-element-button\" href=\"https:\/\/jobs.rbc.com\/ca\/fr\" data-dig-id=\"LP-20006-f7528f3f\" data-dig-category=\"LP\" data-dig-action=\"button click\" data-dig-label=\"Trouver une carri\u00e8re-https:\/\/jobs.rbc.com\/ca\/fr \">Trouver une carri\u00e8re<\/a><\/div>\n<\/div><\/div>\n<\/div>\n<\/div>\n<\/div>\n<\/div>\n<\/div>\n<\/div>\n\n\n\n<div class=\"wp-block-rbc-layout-selector layoutSelector layoutSelector__layout1 pad-b-dbl mob-pad-b-dbl\">\n<div class=\"wp-block-group is-layout-flow wp-block-group-is-layout-flow\">\n<div class=\"wp-block-group layoutSelector__header is-layout-flow wp-block-group-is-layout-flow\">\n<h2 class=\"wp-block-heading\" id=\"h-aide-aux-postulants\"><span class=\"partial__border-bottom\">Aide aux postulants<\/span><\/h2>\n<\/div>\n\n\n\n<div class=\"wp-block-group layoutSelector__cards-container layoutSelector__is-flex layoutSelector__direction-row is-layout-flow wp-block-group-is-layout-flow\">\n<div class=\"wp-block-rbc-information-card informationCard\" style=\"--icon-url:url(undefined);background-color:#EDF7FC\">\n<div class=\"wp-block-group informationCard__content is-layout-flow wp-block-group-is-layout-flow\">\n<div class=\"wp-block-group informationCard__icon-group is-layout-flow wp-block-group-is-layout-flow\">\n<h4 class=\"wp-block-heading\" id=\"h-vous-avez-une-question-nbsp\">Vous avez une question&nbsp;?<\/h4>\n<\/div>\n<\/div>\n\n\n\n<p>Consultez la foire aux questions sur le processus de demande d\u2019emploi, l\u2019aide technique et bien plus encore.<\/p>\n\n\n\n<p class=\"has-text-align-right\"><a href=\"https:\/\/silver.rbcinsurance.com\/fr-ca\/wp-content\/uploads\/sites\/3\/2021\/06\/search-for-careers-help-fr.pdf\" data-dig-id=\"LP-20006-85b95674\" data-dig-category=\"LP\" data-dig-action=\"link click\" data-dig-label=\"FAQ&nbsp;\u2013 Aide pour la recherche d\u2019emploi\" class=\"rbc-link-format pdf-link\" data-icon-class=\"pdf-link\">FAQ&nbsp;\u2013 Aide pour la recherche d\u2019emploi<\/a><\/p>\n<\/div>\n\n\n\n<div class=\"wp-block-rbc-information-card informationCard\" style=\"--icon-url:url(undefined);background-color:#EDF7FC\">\n<div class=\"wp-block-group informationCard__content is-layout-flow wp-block-group-is-layout-flow\">\n<div class=\"wp-block-group informationCard__icon-group is-layout-flow wp-block-group-is-layout-flow\">\n<h4 class=\"wp-block-heading\" id=\"h-vous-avez-des-questions-sur-les-mesures-d-adaptation-nbsp\">Vous avez des questions sur les mesures d\u2019adaptation&nbsp;?<\/h4>\n<\/div>\n\n\n\n<p>Si vous avez une limitation fonctionnelle et que vous souhaitez obtenir des renseignements ou de l\u2019aide concernant votre demande, \u00e9crivez-nous \u00e0 l\u2019adresse&nbsp;<a href=\"mailto:accessiblecareers@rbc.com\" class=\"rbc-link-format\">accessiblecareers@rbc.com<\/a>.<\/p>\n<\/div>\n<\/div>\n<\/div>\n<\/div>\n<\/div>\n\n\n\n<p><\/p>\n","protected":false},"excerpt":{"rendered":"","protected":false},"author":203,"featured_media":0,"parent":20004,"menu_order":0,"comment_status":"closed","ping_status":"closed","template":"templates\/new-rbci-design.php","meta":{"_acf_changed":false,"footnotes":""},"class_list":["post-20006","page","type-page","status-publish","hentry"],"acf":[],"yoast_head":"<!-- This site is optimized with the Yoast SEO Premium plugin v27.3 (Yoast SEO v27.3) - https:\/\/yoast.com\/product\/yoast-seo-premium-wordpress\/ -->\n<title>Carri\u00e8res | RBC Assurances<\/title>\n<meta name=\"description\" content=\"Trouvez votre prochain d\u00e9fi professionnel \u00e0 RBC\u00a0Assurances. Explorez nos perspectives de carri\u00e8re sans tarder.\" \/>\n<meta name=\"robots\" content=\"index, follow, max-snippet:-1, max-image-preview:large, max-video-preview:-1\" \/>\n<link rel=\"canonical\" href=\"https:\/\/silver.rbcinsurance.com\/fr-ca\/a-propos\/carrieres\/\" \/>\n<meta property=\"og:locale\" content=\"fr_FR\" \/>\n<meta property=\"og:type\" content=\"article\" \/>\n<meta property=\"og:title\" content=\"Carri\u00e8res | RBC Assurances\" \/>\n<meta property=\"og:description\" content=\"Trouvez votre prochain d\u00e9fi professionnel \u00e0 RBC\u00a0Assurances. Explorez nos perspectives de carri\u00e8re sans tarder.\" \/>\n<meta property=\"og:url\" content=\"https:\/\/silver.rbcinsurance.com\/fr-ca\/a-propos\/carrieres\/\" \/>\n<meta property=\"og:site_name\" content=\"RBC Assurances\" \/>\n<meta property=\"article:modified_time\" content=\"2025-10-24T16:50:21+00:00\" \/>\n<meta property=\"og:image\" content=\"https:\/\/silver.rbcinsurance.com\/fr-ca\/wp-content\/uploads\/sites\/3\/2025\/06\/careers_landing-1.webp?quality=80\" \/>\n\t<meta property=\"og:image:width\" content=\"645\" \/>\n\t<meta property=\"og:image:height\" content=\"362\" \/>\n\t<meta property=\"og:image:type\" content=\"image\/webp\" \/>\n<meta name=\"twitter:card\" content=\"summary_large_image\" \/>\n<meta name=\"twitter:label1\" content=\"Est. reading time\" \/>\n\t<meta name=\"twitter:data1\" content=\"3 minutes\" \/>\n<script type=\"application\/ld+json\" class=\"yoast-schema-graph\">{\"@context\":\"https:\\\/\\\/schema.org\",\"@graph\":[{\"@type\":\"WebPage\",\"@id\":\"https:\\\/\\\/silver.rbcinsurance.com\\\/fr-ca\\\/a-propos\\\/carrieres\\\/\",\"url\":\"https:\\\/\\\/silver.rbcinsurance.com\\\/fr-ca\\\/a-propos\\\/carrieres\\\/\",\"name\":\"Carri\u00e8res | RBC Assurances\",\"isPartOf\":{\"@id\":\"https:\\\/\\\/silver.rbcinsurance.com\\\/fr-ca\\\/#website\"},\"primaryImageOfPage\":{\"@id\":\"https:\\\/\\\/silver.rbcinsurance.com\\\/fr-ca\\\/a-propos\\\/carrieres\\\/#primaryimage\"},\"image\":{\"@id\":\"https:\\\/\\\/silver.rbcinsurance.com\\\/fr-ca\\\/a-propos\\\/carrieres\\\/#primaryimage\"},\"thumbnailUrl\":\"https:\\\/\\\/silver.rbcinsurance.com\\\/fr-ca\\\/wp-content\\\/uploads\\\/sites\\\/3\\\/2025\\\/06\\\/careers_landing-1.webp?quality=80\",\"datePublished\":\"2025-07-02T13:54:24+00:00\",\"dateModified\":\"2025-10-24T16:50:21+00:00\",\"description\":\"Trouvez votre prochain d\u00e9fi professionnel \u00e0 RBC\u00a0Assurances. Explorez nos perspectives de carri\u00e8re sans tarder.\",\"breadcrumb\":{\"@id\":\"https:\\\/\\\/silver.rbcinsurance.com\\\/fr-ca\\\/a-propos\\\/carrieres\\\/#breadcrumb\"},\"inLanguage\":\"fr-FR\",\"potentialAction\":[{\"@type\":\"ReadAction\",\"target\":[\"https:\\\/\\\/silver.rbcinsurance.com\\\/fr-ca\\\/a-propos\\\/carrieres\\\/\"]}]},{\"@type\":\"ImageObject\",\"inLanguage\":\"fr-FR\",\"@id\":\"https:\\\/\\\/silver.rbcinsurance.com\\\/fr-ca\\\/a-propos\\\/carrieres\\\/#primaryimage\",\"url\":\"https:\\\/\\\/silver.rbcinsurance.com\\\/fr-ca\\\/wp-content\\\/uploads\\\/sites\\\/3\\\/2025\\\/06\\\/careers_landing-1.webp?quality=80\",\"contentUrl\":\"https:\\\/\\\/silver.rbcinsurance.com\\\/fr-ca\\\/wp-content\\\/uploads\\\/sites\\\/3\\\/2025\\\/06\\\/careers_landing-1.webp?quality=80\",\"width\":645,\"height\":362},{\"@type\":\"BreadcrumbList\",\"@id\":\"https:\\\/\\\/silver.rbcinsurance.com\\\/fr-ca\\\/a-propos\\\/carrieres\\\/#breadcrumb\",\"itemListElement\":[{\"@type\":\"ListItem\",\"position\":1,\"name\":\"Accueil\",\"item\":\"https:\\\/\\\/silver.rbcinsurance.com\\\/fr-ca\\\/\"},{\"@type\":\"ListItem\",\"position\":2,\"name\":\"\u00c0 propos de nous\",\"item\":\"https:\\\/\\\/silver.rbcinsurance.com\\\/fr-ca\\\/a-propos\\\/\"},{\"@type\":\"ListItem\",\"position\":3,\"name\":\"Carri\u00e8res\"}]},{\"@type\":\"WebSite\",\"@id\":\"https:\\\/\\\/silver.rbcinsurance.com\\\/fr-ca\\\/#website\",\"url\":\"https:\\\/\\\/silver.rbcinsurance.com\\\/fr-ca\\\/\",\"name\":\"RBC Assurances\",\"description\":\"Assurance individuelle\",\"publisher\":{\"@id\":\"https:\\\/\\\/silver.rbcinsurance.com\\\/fr-ca\\\/#organization\"},\"potentialAction\":[{\"@type\":\"SearchAction\",\"target\":{\"@type\":\"EntryPoint\",\"urlTemplate\":\"https:\\\/\\\/silver.rbcinsurance.com\\\/fr-ca\\\/?s={search_term_string}\"},\"query-input\":{\"@type\":\"PropertyValueSpecification\",\"valueRequired\":true,\"valueName\":\"search_term_string\"}}],\"inLanguage\":\"fr-FR\"},{\"@type\":\"Organization\",\"@id\":\"https:\\\/\\\/silver.rbcinsurance.com\\\/fr-ca\\\/#organization\",\"name\":\"RBC Assurances\",\"url\":\"https:\\\/\\\/silver.rbcinsurance.com\\\/fr-ca\\\/\",\"logo\":{\"@type\":\"ImageObject\",\"inLanguage\":\"fr-FR\",\"@id\":\"https:\\\/\\\/silver.rbcinsurance.com\\\/fr-ca\\\/#\\\/schema\\\/logo\\\/image\\\/\",\"url\":\"https:\\\/\\\/silver.rbcinsurance.com\\\/fr-ca\\\/wp-content\\\/uploads\\\/sites\\\/3\\\/2021\\\/06\\\/rbc-logo-shield.svg?quality=80&w=1024\",\"contentUrl\":\"https:\\\/\\\/silver.rbcinsurance.com\\\/fr-ca\\\/wp-content\\\/uploads\\\/sites\\\/3\\\/2021\\\/06\\\/rbc-logo-shield.svg?quality=80&w=1024\",\"width\":\"1024\",\"height\":\"1024\",\"caption\":\"RBC Assurances\"},\"image\":{\"@id\":\"https:\\\/\\\/silver.rbcinsurance.com\\\/fr-ca\\\/#\\\/schema\\\/logo\\\/image\\\/\"},\"description\":\"RBC Assurances offre aux Canadiens des assurances personnelles telles que des assurances auto, habitation, vie, sant\u00e9, voyage et cr\u00e9dit, ainsi que des solutions de placement pour la retraite.\",\"telephone\":\"1 800 769-2568\",\"legalName\":\"Services d'assurance RBC Inc.\",\"numberOfEmployees\":{\"@type\":\"QuantitativeValue\",\"minValue\":\"1001\",\"maxValue\":\"5000\"}}]}<\/script>\n<!-- \/ Yoast SEO Premium plugin. -->","yoast_head_json":{"title":"Carri\u00e8res | RBC Assurances","description":"Trouvez votre prochain d\u00e9fi professionnel \u00e0 RBC\u00a0Assurances. Explorez nos perspectives de carri\u00e8re sans tarder.","robots":{"index":"index","follow":"follow","max-snippet":"max-snippet:-1","max-image-preview":"max-image-preview:large","max-video-preview":"max-video-preview:-1"},"canonical":"https:\/\/silver.rbcinsurance.com\/fr-ca\/a-propos\/carrieres\/","og_locale":"fr_FR","og_type":"article","og_title":"Carri\u00e8res | RBC Assurances","og_description":"Trouvez votre prochain d\u00e9fi professionnel \u00e0 RBC\u00a0Assurances. Explorez nos perspectives de carri\u00e8re sans tarder.","og_url":"https:\/\/silver.rbcinsurance.com\/fr-ca\/a-propos\/carrieres\/","og_site_name":"RBC Assurances","article_modified_time":"2025-10-24T16:50:21+00:00","og_image":[{"width":645,"height":362,"url":"https:\/\/silver.rbcinsurance.com\/fr-ca\/wp-content\/uploads\/sites\/3\/2025\/06\/careers_landing-1.webp?quality=80","type":"image\/webp"}],"twitter_card":"summary_large_image","twitter_misc":{"Est. reading time":"3 minutes"},"schema":{"@context":"https:\/\/schema.org","@graph":[{"@type":"WebPage","@id":"https:\/\/silver.rbcinsurance.com\/fr-ca\/a-propos\/carrieres\/","url":"https:\/\/silver.rbcinsurance.com\/fr-ca\/a-propos\/carrieres\/","name":"Carri\u00e8res | RBC Assurances","isPartOf":{"@id":"https:\/\/silver.rbcinsurance.com\/fr-ca\/#website"},"primaryImageOfPage":{"@id":"https:\/\/silver.rbcinsurance.com\/fr-ca\/a-propos\/carrieres\/#primaryimage"},"image":{"@id":"https:\/\/silver.rbcinsurance.com\/fr-ca\/a-propos\/carrieres\/#primaryimage"},"thumbnailUrl":"https:\/\/silver.rbcinsurance.com\/fr-ca\/wp-content\/uploads\/sites\/3\/2025\/06\/careers_landing-1.webp?quality=80","datePublished":"2025-07-02T13:54:24+00:00","dateModified":"2025-10-24T16:50:21+00:00","description":"Trouvez votre prochain d\u00e9fi professionnel \u00e0 RBC\u00a0Assurances. Explorez nos perspectives de carri\u00e8re sans tarder.","breadcrumb":{"@id":"https:\/\/silver.rbcinsurance.com\/fr-ca\/a-propos\/carrieres\/#breadcrumb"},"inLanguage":"fr-FR","potentialAction":[{"@type":"ReadAction","target":["https:\/\/silver.rbcinsurance.com\/fr-ca\/a-propos\/carrieres\/"]}]},{"@type":"ImageObject","inLanguage":"fr-FR","@id":"https:\/\/silver.rbcinsurance.com\/fr-ca\/a-propos\/carrieres\/#primaryimage","url":"https:\/\/silver.rbcinsurance.com\/fr-ca\/wp-content\/uploads\/sites\/3\/2025\/06\/careers_landing-1.webp?quality=80","contentUrl":"https:\/\/silver.rbcinsurance.com\/fr-ca\/wp-content\/uploads\/sites\/3\/2025\/06\/careers_landing-1.webp?quality=80","width":645,"height":362},{"@type":"BreadcrumbList","@id":"https:\/\/silver.rbcinsurance.com\/fr-ca\/a-propos\/carrieres\/#breadcrumb","itemListElement":[{"@type":"ListItem","position":1,"name":"Accueil","item":"https:\/\/silver.rbcinsurance.com\/fr-ca\/"},{"@type":"ListItem","position":2,"name":"\u00c0 propos de nous","item":"https:\/\/silver.rbcinsurance.com\/fr-ca\/a-propos\/"},{"@type":"ListItem","position":3,"name":"Carri\u00e8res"}]},{"@type":"WebSite","@id":"https:\/\/silver.rbcinsurance.com\/fr-ca\/#website","url":"https:\/\/silver.rbcinsurance.com\/fr-ca\/","name":"RBC Assurances","description":"Assurance individuelle","publisher":{"@id":"https:\/\/silver.rbcinsurance.com\/fr-ca\/#organization"},"potentialAction":[{"@type":"SearchAction","target":{"@type":"EntryPoint","urlTemplate":"https:\/\/silver.rbcinsurance.com\/fr-ca\/?s={search_term_string}"},"query-input":{"@type":"PropertyValueSpecification","valueRequired":true,"valueName":"search_term_string"}}],"inLanguage":"fr-FR"},{"@type":"Organization","@id":"https:\/\/silver.rbcinsurance.com\/fr-ca\/#organization","name":"RBC Assurances","url":"https:\/\/silver.rbcinsurance.com\/fr-ca\/","logo":{"@type":"ImageObject","inLanguage":"fr-FR","@id":"https:\/\/silver.rbcinsurance.com\/fr-ca\/#\/schema\/logo\/image\/","url":"https:\/\/silver.rbcinsurance.com\/fr-ca\/wp-content\/uploads\/sites\/3\/2021\/06\/rbc-logo-shield.svg?quality=80&w=1024","contentUrl":"https:\/\/silver.rbcinsurance.com\/fr-ca\/wp-content\/uploads\/sites\/3\/2021\/06\/rbc-logo-shield.svg?quality=80&w=1024","width":"1024","height":"1024","caption":"RBC Assurances"},"image":{"@id":"https:\/\/silver.rbcinsurance.com\/fr-ca\/#\/schema\/logo\/image\/"},"description":"RBC Assurances offre aux Canadiens des assurances personnelles telles que des assurances auto, habitation, vie, sant\u00e9, voyage et cr\u00e9dit, ainsi que des solutions de placement pour la retraite.","telephone":"1 800 769-2568","legalName":"Services d'assurance RBC Inc.","numberOfEmployees":{"@type":"QuantitativeValue","minValue":"1001","maxValue":"5000"}}]}},"jetpack_sharing_enabled":true,"_links":{"self":[{"href":"https:\/\/silver.rbcinsurance.com\/fr-ca\/wp-json\/wp\/v2\/pages\/20006","targetHints":{"allow":["GET"]}}],"collection":[{"href":"https:\/\/silver.rbcinsurance.com\/fr-ca\/wp-json\/wp\/v2\/pages"}],"about":[{"href":"https:\/\/silver.rbcinsurance.com\/fr-ca\/wp-json\/wp\/v2\/types\/page"}],"author":[{"embeddable":true,"href":"https:\/\/silver.rbcinsurance.com\/fr-ca\/wp-json\/wp\/v2\/users\/203"}],"replies":[{"embeddable":true,"href":"https:\/\/silver.rbcinsurance.com\/fr-ca\/wp-json\/wp\/v2\/comments?post=20006"}],"version-history":[{"count":20,"href":"https:\/\/silver.rbcinsurance.com\/fr-ca\/wp-json\/wp\/v2\/pages\/20006\/revisions"}],"predecessor-version":[{"id":22704,"href":"https:\/\/silver.rbcinsurance.com\/fr-ca\/wp-json\/wp\/v2\/pages\/20006\/revisions\/22704"}],"up":[{"embeddable":true,"href":"https:\/\/silver.rbcinsurance.com\/fr-ca\/wp-json\/wp\/v2\/pages\/20004"}],"wp:attachment":[{"href":"https:\/\/silver.rbcinsurance.com\/fr-ca\/wp-json\/wp\/v2\/media?parent=20006"}],"curies":[{"name":"wp","href":"https:\/\/api.w.org\/{rel}","templated":true}]}}