{"id":18894,"date":"2025-04-15T15:38:56","date_gmt":"2025-04-15T19:38:56","guid":{"rendered":"https:\/\/silver.rbcinsurance.com\/fr-ca\/?page_id=18894"},"modified":"2025-06-03T11:30:58","modified_gmt":"2025-06-03T15:30:58","slug":"compte-credit-bien-etre","status":"publish","type":"page","link":"https:\/\/silver.rbcinsurance.com\/fr-ca\/assurance-collective\/administrateur-du-regime\/guide-de-reference\/compte-credit-bien-etre\/","title":{"rendered":"Compte cr\u00e9dit bien-\u00eatre"},"content":{"rendered":"\n<div class=\"wp-block-rbc-resource-wrapper resourceWrapper tabListStickyWrapper pad-b-dbl mob-pad-b-dbl\">\n<div class=\"wp-block-group resourceWrapper__col-left tabListHeadings is-layout-flow wp-block-group-is-layout-flow\">\n<span class=\"rbc-yoast-breadcrum-span\"><span><a href=\"https:\/\/silver.rbcinsurance.com\/fr-ca\/\">Accueil<\/a><\/span><\/span>\n\n\n\n<h1 class=\"wp-block-heading\" id=\"h-compte-credit-bien-etre\">Compte cr\u00e9dit bien-\u00eatre<\/h1>\n\n\n\n<p>Un compte cr\u00e9dit bien-\u00eatre est un compte de d\u00e9penses personnel \u00e0 l\u2019intention des membres du r\u00e9gime, qui est financ\u00e9 par le promoteur du r\u00e9gime. Le compte cr\u00e9dit bien-\u00eatre \u00e9tant un avantage imposable pour le membre du r\u00e9gime, le promoteur du r\u00e9gime est responsable de toutes les d\u00e9ductions fiscales sur le salaire ainsi que de la d\u00e9claration fiscale \u00e0 remettre aux membres du r\u00e9gime.<\/p>\n\n\n\n<p>Le compte cr\u00e9dit bien-\u00eatre peut \u00eatre utilis\u00e9 pour payer un large \u00e9ventail de produits et services li\u00e9s au bien-\u00eatre, que le promoteur du r\u00e9gime d\u00e9termine \u00e0 l\u2019avance comme \u00e9tant des frais admissibles, par exemple : un abonnement \u00e0 un centre de conditionnement physique, de l\u2019\u00e9quipement sportif et des services de bien-\u00eatre.<\/p>\n\n\n\n<h2 class=\"wp-block-heading\" id=\"h-adhesion\"><a href=\"#h-adhesion\" class=\"jumpLink\">Adh\u00e9sion<\/a><\/h2>\n\n\n\n<p>Si vous ajoutez un membre \u00e0 votre compte cr\u00e9dit bien-\u00eatre, vous devrez proc\u00e9der \u00e0 l\u2019adh\u00e9sion du membre aux avantages sociaux et entrer la cotisation annuelle dans le cadre du processus d\u2019adh\u00e9sion pour ajouter un membre du r\u00e9gime. Nous ne pouvons pas payer les demandes de r\u00e8glement des membres du r\u00e9gime ou des personnes \u00e0 leur charge tant que ces renseignements n\u2019ont pas \u00e9t\u00e9 entr\u00e9s dans le site \u00ab\u00a0Administration en ligne\u00a0\u00bb, dans la section \u00ab\u00a0Compte cr\u00e9dit bien-\u00eatre du membre du r\u00e9gime\u00a0\u00bb. Reportez-vous \u00e0 la rubrique \u00ab&nbsp;Ajouter le montant allou\u00e9 au compte cr\u00e9dit&nbsp;\u00bb de la section \u00ab&nbsp;Marches \u00e0 suivre&nbsp;\u00bb pour obtenir des instructions d\u00e9taill\u00e9es.<\/p>\n\n\n\n<h2 class=\"wp-block-heading\" id=\"h-attribution-des-credits\"><a href=\"#h-attribution-des-credits\" class=\"jumpLink\">Attribution des cr\u00e9dits<\/a><\/h2>\n\n\n\n<h3 class=\"wp-block-heading\" id=\"h-attribution-annuelle\">Attribution annuelle<\/h3>\n\n\n\n<p>Les cr\u00e9dits sont attribu\u00e9s chaque ann\u00e9e en fonction du montant d\u00e9fini dans la proposition-cadre. Le membre du r\u00e9gime aura acc\u00e8s aux cr\u00e9dits qui lui sont attribu\u00e9s pour l\u2019ann\u00e9e enti\u00e8re \u00e0 compter de la date d\u2019entr\u00e9e en vigueur de ses avantages sociaux. Si la couverture du membre entre en vigueur apr\u00e8s le d\u00e9but de l\u2019ann\u00e9e d\u2019assurance, le promoteur du r\u00e9gime pr\u00e9cise si les cr\u00e9dits peuvent \u00eatre rajust\u00e9s au prorata du nombre de mois qui restent dans l\u2019ann\u00e9e d\u2019assurance.<\/p>\n\n\n\n<p>Au d\u00e9but de chaque ann\u00e9e d\u2019assurance, vous devez nous fournir les montants \u00e0 attribuer \u00e0 tous les membres pour la nouvelle ann\u00e9e, m\u00eame si ces montants sont les m\u00eames que ceux attribu\u00e9s l\u2019ann\u00e9e pr\u00e9c\u00e9dente. Veuillez prendre soin de nous envoyer chaque ann\u00e9e les donn\u00e9es \u00e0 jour suffisamment \u00e0 l\u2019avance pour que nous puissions mettre nos dossiers \u00e0 jour avant le d\u00e9but de la nouvelle ann\u00e9e d\u2019assurance. Si les renseignements sont transmis en retard, il est possible que les demandes de r\u00e8glement soient refus\u00e9es \u00e0 tort.<\/p>\n\n\n\n<h3 class=\"wp-block-heading\" id=\"h-modification-des-credits-attribues\">Modification des cr\u00e9dits attribu\u00e9s<\/h3>\n\n\n\n<p>Nous permettons que des modifications soient apport\u00e9es \u00e0 l\u2019attribution des cr\u00e9dits au compte cr\u00e9dit bien-\u00eatre par suite d\u2019un changement touchant la situation personnelle (par exemple, un mariage, la naissance d\u2019un b\u00e9b\u00e9, la perte de la couverture au titre du r\u00e9gime du conjoint) ou professionnelle (par exemple, le passage d\u2019un travail \u00e0 temps partiel \u00e0 un travail \u00e0 temps plein) d\u2019un membre. C\u2019est le promoteur du r\u00e9gime qui d\u00e9cide si des modifications peuvent \u00eatre apport\u00e9es au compte cr\u00e9dit bien-\u00eatre au moment d\u2019un changement dans la situation personnelle ou professionnelle ou uniquement au d\u00e9but de l\u2019ann\u00e9e d\u2019assurance suivante. Une fois d\u00e9pos\u00e9s dans le compte cr\u00e9dit bien-\u00eatre du membre, les cr\u00e9dits ne peuvent plus \u00eatre retir\u00e9s.<\/p>\n\n\n\n<h3 class=\"wp-block-heading\" id=\"h-en-combinaison-avec-un-compte-credit-sante\">En combinaison avec un compte cr\u00e9dit sant\u00e9<\/h3>\n\n\n\n<p>Si le promoteur du r\u00e9gime a \u00e9galement un compte cr\u00e9dit sant\u00e9, il peut \u00e9tablir un compte cr\u00e9dit bien-\u00eatre avec lequel il partage les cr\u00e9dits. Les membres du r\u00e9gime auraient alors la possibilit\u00e9 d\u2019affecter au choix des cr\u00e9dits au compte cr\u00e9dit sant\u00e9 ou au compte cr\u00e9dit bien-\u00eatre au d\u00e9but de l\u2019ann\u00e9e d\u2019assurance. Le promoteur du r\u00e9gime peut aussi faire en sorte que le compte cr\u00e9dit bien-\u00eatre couvre l\u2019ensemble des frais admissibles au compte cr\u00e9dit sant\u00e9.<\/p>\n\n\n\n<h2 class=\"wp-block-heading\" id=\"h-demandes-de-reglement\"><a href=\"#h-demandes-de-reglement\" class=\"jumpLink\">Demandes de r\u00e8glement<\/a><\/h2>\n\n\n\n<p>Toutes les demandes de r\u00e8glement au titre du compte cr\u00e9dit bien-\u00eatre doivent \u00eatre soumises en ligne au moyen d&rsquo;<a href=\"https:\/\/www4.rbcinsurance.com\/ui\/signin\/home?lang=fr\" data-dig-id=\"LP-18894-783976ea\" data-dig-category=\"LP\" data-dig-action=\"link click\" data-dig-label=\"Assurance en ligne\" class=\"rbc-link-format\">Assurance en ligne<\/a>.<\/p>\n\n\n\n<p>Les membres ont jusqu\u2019\u00e0 90 jours apr\u00e8s la fin de l\u2019ann\u00e9e d\u2019assurance pour pr\u00e9senter les demandes de r\u00e8glement portant sur des d\u00e9penses engag\u00e9es au cours de la p\u00e9riode \u00e9coul\u00e9e. Les paiements visant les demandes de r\u00e8glement pr\u00e9sent\u00e9es au titre du compte cr\u00e9dit bien-\u00eatre sont vers\u00e9s au membre du r\u00e9gime, et il n\u2019y a aucune cession de droits au paiement au fournisseur. Si le r\u00e9gime comprend les garanties AMC ou soins dentaires, le remboursement sera effectu\u00e9 au membre du r\u00e9gime de la m\u00eame fa\u00e7on que pour ses demandes de r\u00e8glement au titre des garanties AMC et soins dentaires (par ch\u00e8que ou d\u00e9p\u00f4t direct). Si l\u2019auto-coordination est \u00e9tablie, les montants \u00e0 payer au titre du r\u00e9gime d\u2019avantages sociaux central et du compte cr\u00e9dit bien-\u00eatre seront vers\u00e9s au moyen du m\u00eame ch\u00e8que et de la m\u00eame Description des prestations.<\/p>\n\n\n\n<h2 class=\"wp-block-heading\" id=\"h-report\"><a href=\"#h-report\" class=\"jumpLink\">Report<\/a><\/h2>\n\n\n\n<ul class=\"wp-block-list list-core-block second-level-inherit third-level-inherit is-style-blue-disc\">\n<li><strong>Si votre compte cr\u00e9dit bien-\u00eatre n\u2019offre pas l\u2019option de report&nbsp;:<\/strong><br>Les membres du r\u00e9gime ont jusqu\u2019\u00e0 90 jours apr\u00e8s la fin d\u2019une ann\u00e9e d\u2019assurance pour pr\u00e9senter une demande de remboursement des frais engag\u00e9s au cours de l\u2019ann\u00e9e \u00e9coul\u00e9e, apr\u00e8s quoi tout cr\u00e9dit qui reste dans le compte cr\u00e9dit bien-\u00eatre d\u2019un membre est perdu.<\/li>\n\n\n\n<li><strong>Si votre compte cr\u00e9dit bien-\u00eatre offre l\u2019option de report des frais&nbsp;:<\/strong><br>Les membres du r\u00e9gime ont jusqu\u2019\u00e0 90 jours apr\u00e8s la fin d\u2019une ann\u00e9e d\u2019assurance pour pr\u00e9senter une demande de remboursement des frais engag\u00e9s au cours de l\u2019ann\u00e9e \u00e9coul\u00e9e, apr\u00e8s quoi tout cr\u00e9dit attribu\u00e9 qui reste dans le compte cr\u00e9dit bien-\u00eatre d\u2019un membre est perdu. Toutefois, un employ\u00e9 peut reporter des frais d\u2019une p\u00e9riode d\u2019assurance \u00e0 la prochaine p\u00e9riode d\u2019assurance.<\/li>\n\n\n\n<li><strong>Si votre compte cr\u00e9dit bien-\u00eatre comporte l\u2019option de report de 12 mois des cr\u00e9dits :<\/strong><br>Les membres du r\u00e9gime ont jusqu\u2019\u00e0 90 jours apr\u00e8s la fin d\u2019une ann\u00e9e d\u2019assurance pour demander le remboursement des frais engag\u00e9s au cours de l\u2019ann\u00e9e \u00e9coul\u00e9e. Si, \u00e0 la fin de l\u2019ann\u00e9e d\u2019assurance, il reste des cr\u00e9dits au compte cr\u00e9dit bien-\u00eatre, ils peuvent \u00eatre report\u00e9s afin de les utiliser, de concert avec les cr\u00e9dits attribu\u00e9s l\u2019ann\u00e9e suivante, pour r\u00e9gler les frais engag\u00e9s durant la nouvelle ann\u00e9e. (Les cr\u00e9dits report\u00e9s de l\u2019ann\u00e9e pr\u00e9c\u00e9dente sont toujours utilis\u00e9s en premier pour payer les demandes de r\u00e8glement avant les nouveaux cr\u00e9dits.) Les cr\u00e9dits attribu\u00e9s chaque ann\u00e9e ne peuvent \u00eatre report\u00e9s que d\u2019un an. \u00c0 l\u2019expiration du d\u00e9lai de pr\u00e9sentation des demandes de r\u00e8glement de la deuxi\u00e8me ann\u00e9e d\u2019assurance, les cr\u00e9dits report\u00e9s de l\u2019ann\u00e9e pr\u00e9c\u00e9dente qui n\u2019ont pas \u00e9t\u00e9 utilis\u00e9s sont perdus.<\/li>\n<\/ul>\n\n\n\n<h2 class=\"wp-block-heading\" id=\"h-facturation\"><a href=\"#h-facturation\" class=\"jumpLink\">Facturation<\/a><\/h2>\n\n\n\n<p><strong>Facturation \u00e0 terme \u00e9chu<\/strong>&nbsp;\u00c0 la fin de chaque mois, le promoteur du r\u00e9gime peut acc\u00e9der, par le portail Administration en ligne, \u00e0 une facture de compte cr\u00e9dit bien-\u00eatre distincte indiquant les demandes de r\u00e8glement pay\u00e9es, nos frais d\u2019administration et les taxes qui s\u2019appliquent.<\/p>\n\n\n\n<p><br><\/p>\n<\/div>\n\n\n\n<div class=\"wp-block-group resourceWrapper__col-right is-layout-flow wp-block-group-is-layout-flow\">\n<div class=\"wp-block-rbc-tabs-list tabsList\"><p class=\"tabsList__heading\">Sur cette page<\/p><div class=\"tabsList__wrapper\"><button class=\"selectDropdown__button\" aria-haspopup=\"listbox\" aria-expanded=\"false\"><span class=\"selectDropdown__title\">Adh\u00e9sion<\/span><span class=\"selectDropdown__chevron\"><\/span><\/button><ul class=\"tabsList__items selectDropdown__list\"><li class=\"selectDropdown__list__item tabsList__item selected\"><a href=\"#h-adhesion\">Adh\u00e9sion<\/a><\/li><li class=\"selectDropdown__list__item tabsList__item \"><a href=\"#h-attribution-des-credits\">Attribution des cr\u00e9dits<\/a><\/li><li class=\"selectDropdown__list__item tabsList__item \"><a href=\"#h-demandes-de-reglement\">Demandes de r\u00e8glement<\/a><\/li><li class=\"selectDropdown__list__item tabsList__item \"><a href=\"#h-report\">Report<\/a><\/li><li class=\"selectDropdown__list__item tabsList__item \"><a href=\"#h-facturation\">Facturation<\/a><\/li><\/ul><\/div><\/div>\n<\/div>\n<\/div>\n\n\n\n<p><\/p>\n","protected":false},"excerpt":{"rendered":"","protected":false},"author":203,"featured_media":0,"parent":17131,"menu_order":0,"comment_status":"closed","ping_status":"closed","template":"templates\/resources.php","meta":{"_acf_changed":false,"footnotes":""},"class_list":["post-18894","page","type-page","status-publish","hentry"],"acf":[],"yoast_head":"<!-- This site is optimized with the Yoast SEO Premium plugin v27.3 (Yoast SEO v27.3) - https:\/\/yoast.com\/product\/yoast-seo-premium-wordpress\/ -->\n<title>Compte cr\u00e9dit bien-\u00eatre | RBC Assurances<\/title>\n<meta name=\"robots\" content=\"noindex, follow\" \/>\n<meta property=\"og:locale\" content=\"fr_FR\" \/>\n<meta property=\"og:type\" content=\"article\" \/>\n<meta property=\"og:title\" content=\"Compte cr\u00e9dit bien-\u00eatre | RBC Assurances\" \/>\n<meta property=\"og:url\" content=\"https:\/\/silver.rbcinsurance.com\/fr-ca\/assurance-collective\/administrateur-du-regime\/guide-de-reference\/compte-credit-bien-etre\/\" \/>\n<meta property=\"og:site_name\" content=\"RBC Assurances\" \/>\n<meta property=\"article:modified_time\" content=\"2025-06-03T15:30:58+00:00\" \/>\n<meta property=\"og:image\" content=\"https:\/\/silver.rbcinsurance.com\/fr-ca\/wp-content\/uploads\/sites\/3\/2024\/12\/personal-insurance-mobile.webp?quality=80\" \/>\n\t<meta property=\"og:image:width\" content=\"450\" \/>\n\t<meta property=\"og:image:height\" content=\"250\" \/>\n\t<meta property=\"og:image:type\" content=\"image\/webp\" \/>\n<meta name=\"twitter:card\" content=\"summary_large_image\" \/>\n<script type=\"application\/ld+json\" class=\"yoast-schema-graph\">{\"@context\":\"https:\\\/\\\/schema.org\",\"@graph\":[{\"@type\":\"WebPage\",\"@id\":\"https:\\\/\\\/silver.rbcinsurance.com\\\/fr-ca\\\/assurance-collective\\\/administrateur-du-regime\\\/guide-de-reference\\\/compte-credit-bien-etre\\\/\",\"url\":\"https:\\\/\\\/silver.rbcinsurance.com\\\/fr-ca\\\/assurance-collective\\\/administrateur-du-regime\\\/guide-de-reference\\\/compte-credit-bien-etre\\\/\",\"name\":\"Compte cr\u00e9dit bien-\u00eatre | RBC Assurances\",\"isPartOf\":{\"@id\":\"https:\\\/\\\/silver.rbcinsurance.com\\\/fr-ca\\\/#website\"},\"datePublished\":\"2025-04-15T19:38:56+00:00\",\"dateModified\":\"2025-06-03T15:30:58+00:00\",\"breadcrumb\":{\"@id\":\"https:\\\/\\\/silver.rbcinsurance.com\\\/fr-ca\\\/assurance-collective\\\/administrateur-du-regime\\\/guide-de-reference\\\/compte-credit-bien-etre\\\/#breadcrumb\"},\"inLanguage\":\"fr-FR\",\"potentialAction\":[{\"@type\":\"ReadAction\",\"target\":[\"https:\\\/\\\/silver.rbcinsurance.com\\\/fr-ca\\\/assurance-collective\\\/administrateur-du-regime\\\/guide-de-reference\\\/compte-credit-bien-etre\\\/\"]}]},{\"@type\":\"BreadcrumbList\",\"@id\":\"https:\\\/\\\/silver.rbcinsurance.com\\\/fr-ca\\\/assurance-collective\\\/administrateur-du-regime\\\/guide-de-reference\\\/compte-credit-bien-etre\\\/#breadcrumb\",\"itemListElement\":[{\"@type\":\"ListItem\",\"position\":1,\"name\":\"Accueil\",\"item\":\"https:\\\/\\\/silver.rbcinsurance.com\\\/fr-ca\\\/\"},{\"@type\":\"ListItem\",\"position\":2,\"name\":\"Assurance collective\",\"item\":\"https:\\\/\\\/silver.rbcinsurance.com\\\/fr-ca\\\/assurance-collective\\\/\"},{\"@type\":\"ListItem\",\"position\":3,\"name\":\"Ressources pour les administrateurs de r\u00e9gime\",\"item\":\"https:\\\/\\\/silver.rbcinsurance.com\\\/fr-ca\\\/assurance-collective\\\/administrateur-du-regime\\\/\"},{\"@type\":\"ListItem\",\"position\":4,\"name\":\"Guide de Reference\",\"item\":\"https:\\\/\\\/silver.rbcinsurance.com\\\/fr-ca\\\/assurance-collective\\\/administrateur-du-regime\\\/guide-de-reference\\\/\"},{\"@type\":\"ListItem\",\"position\":5,\"name\":\"Compte cr\u00e9dit bien-\u00eatre\"}]},{\"@type\":\"WebSite\",\"@id\":\"https:\\\/\\\/silver.rbcinsurance.com\\\/fr-ca\\\/#website\",\"url\":\"https:\\\/\\\/silver.rbcinsurance.com\\\/fr-ca\\\/\",\"name\":\"RBC Assurances\",\"description\":\"Assurance individuelle\",\"publisher\":{\"@id\":\"https:\\\/\\\/silver.rbcinsurance.com\\\/fr-ca\\\/#organization\"},\"potentialAction\":[{\"@type\":\"SearchAction\",\"target\":{\"@type\":\"EntryPoint\",\"urlTemplate\":\"https:\\\/\\\/silver.rbcinsurance.com\\\/fr-ca\\\/?s={search_term_string}\"},\"query-input\":{\"@type\":\"PropertyValueSpecification\",\"valueRequired\":true,\"valueName\":\"search_term_string\"}}],\"inLanguage\":\"fr-FR\"},{\"@type\":\"Organization\",\"@id\":\"https:\\\/\\\/silver.rbcinsurance.com\\\/fr-ca\\\/#organization\",\"name\":\"RBC Assurances\",\"url\":\"https:\\\/\\\/silver.rbcinsurance.com\\\/fr-ca\\\/\",\"logo\":{\"@type\":\"ImageObject\",\"inLanguage\":\"fr-FR\",\"@id\":\"https:\\\/\\\/silver.rbcinsurance.com\\\/fr-ca\\\/#\\\/schema\\\/logo\\\/image\\\/\",\"url\":\"https:\\\/\\\/silver.rbcinsurance.com\\\/fr-ca\\\/wp-content\\\/uploads\\\/sites\\\/3\\\/2021\\\/06\\\/rbc-logo-shield.svg?quality=80&w=1024\",\"contentUrl\":\"https:\\\/\\\/silver.rbcinsurance.com\\\/fr-ca\\\/wp-content\\\/uploads\\\/sites\\\/3\\\/2021\\\/06\\\/rbc-logo-shield.svg?quality=80&w=1024\",\"width\":\"1024\",\"height\":\"1024\",\"caption\":\"RBC Assurances\"},\"image\":{\"@id\":\"https:\\\/\\\/silver.rbcinsurance.com\\\/fr-ca\\\/#\\\/schema\\\/logo\\\/image\\\/\"},\"description\":\"RBC Assurances offre aux Canadiens des assurances personnelles telles que des assurances auto, habitation, vie, sant\u00e9, voyage et cr\u00e9dit, ainsi que des solutions de placement pour la retraite.\",\"telephone\":\"1 800 769-2568\",\"legalName\":\"Services d'assurance RBC Inc.\",\"numberOfEmployees\":{\"@type\":\"QuantitativeValue\",\"minValue\":\"1001\",\"maxValue\":\"5000\"}}]}<\/script>\n<!-- \/ Yoast SEO Premium plugin. -->","yoast_head_json":{"title":"Compte cr\u00e9dit bien-\u00eatre | RBC Assurances","robots":{"index":"noindex","follow":"follow"},"og_locale":"fr_FR","og_type":"article","og_title":"Compte cr\u00e9dit bien-\u00eatre | RBC Assurances","og_url":"https:\/\/silver.rbcinsurance.com\/fr-ca\/assurance-collective\/administrateur-du-regime\/guide-de-reference\/compte-credit-bien-etre\/","og_site_name":"RBC Assurances","article_modified_time":"2025-06-03T15:30:58+00:00","og_image":[{"width":450,"height":250,"url":"https:\/\/silver.rbcinsurance.com\/fr-ca\/wp-content\/uploads\/sites\/3\/2024\/12\/personal-insurance-mobile.webp?quality=80","type":"image\/webp"}],"twitter_card":"summary_large_image","schema":{"@context":"https:\/\/schema.org","@graph":[{"@type":"WebPage","@id":"https:\/\/silver.rbcinsurance.com\/fr-ca\/assurance-collective\/administrateur-du-regime\/guide-de-reference\/compte-credit-bien-etre\/","url":"https:\/\/silver.rbcinsurance.com\/fr-ca\/assurance-collective\/administrateur-du-regime\/guide-de-reference\/compte-credit-bien-etre\/","name":"Compte cr\u00e9dit bien-\u00eatre | RBC Assurances","isPartOf":{"@id":"https:\/\/silver.rbcinsurance.com\/fr-ca\/#website"},"datePublished":"2025-04-15T19:38:56+00:00","dateModified":"2025-06-03T15:30:58+00:00","breadcrumb":{"@id":"https:\/\/silver.rbcinsurance.com\/fr-ca\/assurance-collective\/administrateur-du-regime\/guide-de-reference\/compte-credit-bien-etre\/#breadcrumb"},"inLanguage":"fr-FR","potentialAction":[{"@type":"ReadAction","target":["https:\/\/silver.rbcinsurance.com\/fr-ca\/assurance-collective\/administrateur-du-regime\/guide-de-reference\/compte-credit-bien-etre\/"]}]},{"@type":"BreadcrumbList","@id":"https:\/\/silver.rbcinsurance.com\/fr-ca\/assurance-collective\/administrateur-du-regime\/guide-de-reference\/compte-credit-bien-etre\/#breadcrumb","itemListElement":[{"@type":"ListItem","position":1,"name":"Accueil","item":"https:\/\/silver.rbcinsurance.com\/fr-ca\/"},{"@type":"ListItem","position":2,"name":"Assurance collective","item":"https:\/\/silver.rbcinsurance.com\/fr-ca\/assurance-collective\/"},{"@type":"ListItem","position":3,"name":"Ressources pour les administrateurs de r\u00e9gime","item":"https:\/\/silver.rbcinsurance.com\/fr-ca\/assurance-collective\/administrateur-du-regime\/"},{"@type":"ListItem","position":4,"name":"Guide de Reference","item":"https:\/\/silver.rbcinsurance.com\/fr-ca\/assurance-collective\/administrateur-du-regime\/guide-de-reference\/"},{"@type":"ListItem","position":5,"name":"Compte cr\u00e9dit bien-\u00eatre"}]},{"@type":"WebSite","@id":"https:\/\/silver.rbcinsurance.com\/fr-ca\/#website","url":"https:\/\/silver.rbcinsurance.com\/fr-ca\/","name":"RBC Assurances","description":"Assurance individuelle","publisher":{"@id":"https:\/\/silver.rbcinsurance.com\/fr-ca\/#organization"},"potentialAction":[{"@type":"SearchAction","target":{"@type":"EntryPoint","urlTemplate":"https:\/\/silver.rbcinsurance.com\/fr-ca\/?s={search_term_string}"},"query-input":{"@type":"PropertyValueSpecification","valueRequired":true,"valueName":"search_term_string"}}],"inLanguage":"fr-FR"},{"@type":"Organization","@id":"https:\/\/silver.rbcinsurance.com\/fr-ca\/#organization","name":"RBC Assurances","url":"https:\/\/silver.rbcinsurance.com\/fr-ca\/","logo":{"@type":"ImageObject","inLanguage":"fr-FR","@id":"https:\/\/silver.rbcinsurance.com\/fr-ca\/#\/schema\/logo\/image\/","url":"https:\/\/silver.rbcinsurance.com\/fr-ca\/wp-content\/uploads\/sites\/3\/2021\/06\/rbc-logo-shield.svg?quality=80&w=1024","contentUrl":"https:\/\/silver.rbcinsurance.com\/fr-ca\/wp-content\/uploads\/sites\/3\/2021\/06\/rbc-logo-shield.svg?quality=80&w=1024","width":"1024","height":"1024","caption":"RBC Assurances"},"image":{"@id":"https:\/\/silver.rbcinsurance.com\/fr-ca\/#\/schema\/logo\/image\/"},"description":"RBC Assurances offre aux Canadiens des assurances personnelles telles que des assurances auto, habitation, vie, sant\u00e9, voyage et cr\u00e9dit, ainsi que des solutions de placement pour la retraite.","telephone":"1 800 769-2568","legalName":"Services d'assurance RBC Inc.","numberOfEmployees":{"@type":"QuantitativeValue","minValue":"1001","maxValue":"5000"}}]}},"jetpack_sharing_enabled":true,"_links":{"self":[{"href":"https:\/\/silver.rbcinsurance.com\/fr-ca\/wp-json\/wp\/v2\/pages\/18894","targetHints":{"allow":["GET"]}}],"collection":[{"href":"https:\/\/silver.rbcinsurance.com\/fr-ca\/wp-json\/wp\/v2\/pages"}],"about":[{"href":"https:\/\/silver.rbcinsurance.com\/fr-ca\/wp-json\/wp\/v2\/types\/page"}],"author":[{"embeddable":true,"href":"https:\/\/silver.rbcinsurance.com\/fr-ca\/wp-json\/wp\/v2\/users\/203"}],"replies":[{"embeddable":true,"href":"https:\/\/silver.rbcinsurance.com\/fr-ca\/wp-json\/wp\/v2\/comments?post=18894"}],"version-history":[{"count":13,"href":"https:\/\/silver.rbcinsurance.com\/fr-ca\/wp-json\/wp\/v2\/pages\/18894\/revisions"}],"predecessor-version":[{"id":19546,"href":"https:\/\/silver.rbcinsurance.com\/fr-ca\/wp-json\/wp\/v2\/pages\/18894\/revisions\/19546"}],"up":[{"embeddable":true,"href":"https:\/\/silver.rbcinsurance.com\/fr-ca\/wp-json\/wp\/v2\/pages\/17131"}],"wp:attachment":[{"href":"https:\/\/silver.rbcinsurance.com\/fr-ca\/wp-json\/wp\/v2\/media?parent=18894"}],"curies":[{"name":"wp","href":"https:\/\/api.w.org\/{rel}","templated":true}]}}