{"id":18872,"date":"2025-04-15T15:26:12","date_gmt":"2025-04-15T19:26:12","guid":{"rendered":"https:\/\/silver.rbcinsurance.com\/fr-ca\/?page_id=18872"},"modified":"2026-01-08T10:31:40","modified_gmt":"2026-01-08T15:31:40","slug":"pour-commencer","status":"publish","type":"page","link":"https:\/\/silver.rbcinsurance.com\/fr-ca\/assurance-collective\/administrateur-du-regime\/guide-de-reference\/pour-commencer\/","title":{"rendered":"Pour commencer"},"content":{"rendered":"\n<div class=\"wp-block-rbc-resource-wrapper resourceWrapper tabListStickyWrapper\">\n<div class=\"wp-block-group resourceWrapper__col-left tabListHeadings is-layout-flow wp-block-group-is-layout-flow\">\n<p class=\"has-text-xs-font-size\"><span class=\"rbc-yoast-breadcrum-span\"><span><a href=\"https:\/\/silver.rbcinsurance.com\/fr-ca\/\">Accueil<\/a><\/span><\/span><\/p>\n\n\n\n<h1 class=\"wp-block-heading\" id=\"h-pour-commencer\"><span class=\"partial__border-bottom\">Pour commencer<\/span><\/h1>\n\n\n\n<h2 class=\"wp-block-heading\" id=\"h-administration-du-regime-pour-commencer\"><a href=\"#h-administration-du-regime-pour-commencer\" class=\"jumpLink\">Administration du r\u00e9gime \u2013 Pour commencer<\/a><\/h2>\n\n\n\n<p>Reportez-vous \u00e0 la page <a href=\"https:\/\/silver.rbcinsurance.com\/fr-ca\/assurance-collective\/administrateur-du-regime\/demo\/\" target=\"_blank\" data-dig-id=\"LP-18872-9a7fec6c\" data-dig-category=\"LP\" data-dig-action=\"link click\" data-dig-label=\"Pour commencer\" rel=\"noreferrer noopener\" class=\"rbc-link-format\">Pour commencer<\/a> pour enregistrer, activer, r\u00e9tablir un mot de passe du portail <a class=\"rbc-link-format newwindow-link\" data-icon-class=\"newwindow-link\" href=\"https:\/\/www.administrateur-de-regime.assurancecollective.rbc.com\/?_ga=2.43714976.44299141.1744634961-454870899.1740764402\" target=\"_blank\" rel=\"noreferrer noopener\" data-dig-id=\"LP-18872-6a4bcb54\" data-dig-label=\"Administration en ligne\" data-dig-action=\"link click\" data-dig-category=\"LP\">Administration en ligne<\/a>.<\/p>\n\n\n\n<h2 class=\"wp-block-heading\" id=\"h-votre-role-en-tant-qu-administrateur-de-regime\"><a href=\"#h-votre-role-en-tant-qu-administrateur-de-regime\" class=\"jumpLink\">Votre r\u00f4le en tant qu\u2019administrateur de r\u00e9gime<\/a><\/h2>\n\n\n\n<p>Votre r\u00f4le en tant qu\u2019administrateur du r\u00e9gime d\u2019assurance collective de votre compagnie consiste notamment \u00e0 :<\/p>\n\n\n\n<ul class=\"wp-block-rbc-list is-style-checkmark-icon\">\n<li class=\"wp-block-rbc-list-item\">\n<p>Proc\u00e9der \u00e0 l\u2019adh\u00e9sion des nouveaux employ\u00e9s ou au renouvellement de l\u2019adh\u00e9sion des employ\u00e9s ou \u00e0 la r\u00e9siliation de l\u2019assurance des membres de r\u00e9gime<\/p>\n<\/li>\n\n\n\n<li class=\"wp-block-rbc-list-item\">\n<p>Signaler les \u00e9v\u00e9nements marquants (p. ex., arriv\u00e9e d\u2019un nouveau-n\u00e9, modification des personnes \u00e0 charge, etc.) et mettre \u00e0 jour la couverture.<\/p>\n<\/li>\n\n\n\n<li class=\"wp-block-rbc-list-item\">\n<p>Modifier l\u2019assurance du conjoint, les salaires, la division ou la cat\u00e9gorie<\/p>\n<\/li>\n\n\n\n<li class=\"wp-block-rbc-list-item\">\n<p>Confirmer l\u2019admissibilit\u00e9 des \u00e9tudiants<\/p>\n<\/li>\n\n\n\n<li class=\"wp-block-rbc-list-item\">\n<p>Payer les primes<\/p>\n<\/li>\n\n\n\n<li class=\"wp-block-rbc-list-item\">\n<p>Tenir \u00e0 jour les dossiers des employ\u00e9s et assurer leur exactitude<\/p>\n<\/li>\n\n\n\n<li class=\"wp-block-rbc-list-item\">\n<p>Faire conna\u00eetre et comprendre aux employ\u00e9s leurs avantages sociaux et les ressources mises \u00e0 leur disposition<\/p>\n<\/li>\n<\/ul>\n\n\n\n<h2 class=\"wp-block-heading\" id=\"h-centre-de-soutien-des-rh-rbc-assurances\"><a href=\"#h-centre-de-soutien-des-rh-rbc-assurances\" class=\"jumpLink\">Centre de Soutien des RH RBC Assurances<\/a><\/h2>\n\n\n\n<p>Une mine de ressources en mati\u00e8re de ressources humaines pour les administrateurs de r\u00e9gime !<\/p>\n\n\n\n<p>Votre r\u00e9gime d\u2019assurance collective RBC Assurances vous permet d\u2019acc\u00e9der gratuitement \u00e0 notre <a href=\"https:\/\/silver.rbcinsurance.com\/fr-ca\/assurance-collective\/administrateur-du-regime\/guide-de-reference\/#hr-support-centre\" data-dig-id=\"LP-18872-43829584\" data-dig-category=\"LP\" data-dig-action=\"link click\" data-dig-label=\"Centre de Soutien des RH RBC Assurances\" class=\"rbc-link-format\">Centre de Soutien des RH RBC Assurances<\/a>, qui renferme notamment des politiques et des mod\u00e8les sur les RH pr\u00eats \u00e0 l\u2019emploi, des renseignements \u00e0 jour sur les lois relatives aux normes d\u2019emploi et plus encore. Acc\u00e9dez au lien \u00e0 partir de la barre de menus sup\u00e9rieure pour voir quelles sont les ressources mises \u00e0 votre disposition pour vous soutenir dans vos fonctions d\u2019administrateur de r\u00e9gime.<\/p>\n\n\n\n<h2 class=\"wp-block-heading\" id=\"h-solutions-d-assurance-collective-en-ligne-pour-les-membres-du-regime\"><a href=\"#h-solutions-d-assurance-collective-en-ligne-pour-les-membres-du-regime\" class=\"jumpLink\">Solutions d\u2019assurance collective en ligne pour les membres du r\u00e9gime<\/a><\/h2>\n\n\n\n<p>Les membres du r\u00e9gime qui b\u00e9n\u00e9ficient de l\u2019assurance maladie compl\u00e9mentaire et de l\u2019assurance soins dentaires recevront une <a href=\"https:\/\/silver.rbcinsurance.com\/fr\/_assets-custom\/images\/rbcinsurance-card-fr.jpg\" target=\"_blank\" data-dig-id=\"LP-18872-e3cc23c0\" data-dig-category=\"LP\" data-dig-action=\"link click\" data-dig-label=\"carte d\u2019identification\" class=\"rbc-link-format newwindow-link\" data-icon-class=\"newwindow-link\" rel=\"noreferrer noopener\">carte d\u2019identification<\/a> et g\u00e9reront leur assurance maladie compl\u00e9mentaire et leur assurance soins dentaires \u00e0 partir de notre site s\u00e9curis\u00e9 des <a href=\"https:\/\/www4.rbcinsurance.com\/ui\/signin\/home?lang=fr\" target=\"_blank\" data-dig-id=\"LP-18872-d56002e6\" data-dig-category=\"LP\" data-dig-action=\"link click\" data-dig-label=\"Assurance en ligne\" class=\"rbc-link-format newwindow-link\" data-icon-class=\"newwindow-link\" rel=\"noreferrer noopener\">Assurance en ligne<\/a>. Veuillez vous reporter au <a href=\"https:\/\/www.rbcassurances.com\/campagne\/assurance-collective\/nouveau-membre-du-regime.html\" target=\"_blank\" data-dig-id=\"LP-18872-d2405022\" data-dig-category=\"LP\" data-dig-action=\"link click\" data-dig-label=\"Guide de d\u00e9marrage\" class=\"rbc-link-format newwindow-link\" data-icon-class=\"newwindow-link\" rel=\"noreferrer noopener\">Guide de d\u00e9marrage<\/a> rapide et \u00e0 la <a href=\"https:\/\/silver.rbcinsurance.com\/fr\/assurance-collective\/participant-du-regime\/demo\/index.html\" target=\"_blank\" data-dig-id=\"LP-18872-2d14c114\" data-dig-category=\"LP\" data-dig-action=\"link click\" data-dig-label=\"d\u00e9monstration\" class=\"rbc-link-format newwindow-link\" data-icon-class=\"newwindow-link\" rel=\"noreferrer noopener\">d\u00e9monstration<\/a>.<\/p>\n\n\n\n<h2 class=\"wp-block-heading\" id=\"h-appli-mes-assurances-de-rbc-assurances\"><a href=\"#h-appli-mes-assurances-de-rbc-assurances\" class=\"jumpLink\">Appli Mes assurances de RBC Assurances<\/a><\/h2>\n\n\n\n<p>Les membres du r\u00e9gime qui b\u00e9n\u00e9ficient de l\u2019assurance maladie compl\u00e9mentaire et de l\u2019assurance soins dentaires peuvent g\u00e9rer leurs assurances maladie compl\u00e9mentaire et soins dentaires au moyen de notre <a href=\"https:\/\/silver.rbcinsurance.com\/fr\/assurance-collective\/appli-mes-assurances\/\" target=\"_blank\" data-dig-id=\"LP-18872-9239b7ce\" data-dig-category=\"LP\" data-dig-action=\"link click\" data-dig-label=\"appli mobile\" class=\"rbc-link-format newwindow-link\" data-icon-class=\"newwindow-link\" rel=\"noreferrer noopener\">appli mobile<\/a>.<\/p>\n\n\n\n<h2 class=\"wp-block-heading\" id=\"h-cartes-d-identification\"><a href=\"#h-cartes-d-identification\" class=\"jumpLink\">Cartes d\u2019identification<\/a><\/h2>\n\n\n\n<p>\u00c0 titre d\u2019administrateur de r\u00e9gime, vous recevrez des <a class=\"rbc-link-format newwindow-link\" data-icon-class=\"newwindow-link\" href=\"https:\/\/silver.rbcinsurance.com\/fr\/_assets-custom\/images\/rbcinsurance-card-fr.jpg\" target=\"_blank\" rel=\"noreferrer noopener\" data-dig-id=\"LP-18872-e3cc23c0\" data-dig-label=\"carte d\u2019identification\" data-dig-action=\"link click\" data-dig-category=\"LP\">cartes d\u2019identification<\/a> \u00e0 l\u2019intention des membres du r\u00e9gime une fois leur adh\u00e9sion termin\u00e9e. Les membres du r\u00e9gime peuvent \u00e9galement obtenir des copies \u00e9lectroniques par <a class=\"rbc-link-format newwindow-link\" data-icon-class=\"newwindow-link\" href=\"https:\/\/www4.rbcinsurance.com\/ui\/signin\/home?lang=fr\" target=\"_blank\" rel=\"noreferrer noopener\" data-dig-id=\"LP-18872-d56002e6\" data-dig-label=\"Assurance en ligne\" data-dig-action=\"link click\" data-dig-category=\"LP\">Assurance en ligne<\/a> ou par l\u2019<a href=\"https:\/\/silver.rbcinsurance.com\/fr-ca\/assurance-collective\/appli-mes-assurances\/\" target=\"_blank\" data-dig-id=\"LP-18872-0a5186b3\" data-dig-category=\"LP\" data-dig-action=\"link click\" data-dig-label=\"appli Mes assurances RBC Assurances\" rel=\"noreferrer noopener\" class=\"rbc-link-format\">appli Mes assurances RBC Assurances<\/a>. Reportez-vous \u00e0 la rubrique \u00ab <a href=\"https:\/\/silver.rbcinsurance.com\/fr-ca\/assurance-collective\/administrateur-du-regime\/guide-de-reference\/?expand=PrintIDCard#how-to\" data-dig-id=\"LP-18872-51dc28d8\" data-dig-label=\"Imprimer une carte d\u2019identification\" data-dig-action=\"link click\" data-dig-category=\"LP\" class=\"rbc-link-format\">Imprimer une carte d\u2019identification<\/a> \u00bb de la section \u00ab <a href=\"https:\/\/silver.rbcinsurance.com\/fr-ca\/assurance-collective\/administrateur-du-regime\/guide-de-reference\/#how-to\" data-dig-id=\"LP-18872-ccc4ebc2\" data-dig-label=\"Marches \u00e0 suivre\" data-dig-action=\"link click\" data-dig-category=\"LP\" class=\"rbc-link-format\">Marches \u00e0 suivre<\/a> \u00bb pour obtenir des instructions d\u00e9taill\u00e9es.<\/p>\n\n\n\n<h2 class=\"wp-block-heading\" id=\"h-fraude\"><a href=\"#h-fraude\" class=\"jumpLink\">Fraude<\/a><\/h2>\n\n\n\n<p>RBC Assurances s\u2019est engag\u00e9e \u00e0 pr\u00e9venir les activit\u00e9s frauduleuses. Les demandes de r\u00e8glement en assurance collective sont v\u00e9rifi\u00e9es p\u00e9riodiquement afin de pr\u00e9venir la mauvaise utilisation des r\u00e9gimes, qu\u2019elle soit intentionnelle ou pas.<\/p>\n\n\n\n<p>La fraude augmente le co\u00fbt du r\u00e9gime pour vous \u00e0 titre d\u2019employeur, ce qui met la couverture \u00e0 risque. Vous pourriez devoir payer des primes plus \u00e9lev\u00e9es ou perdre certaines garanties afin de couvrir l\u2019augmentation des co\u00fbts.<\/p>\n\n\n\n<p>Les membres de votre r\u00e9gime peuvent recevoir un questionnaire li\u00e9 \u00e0 la v\u00e9rification d\u2019une demande de r\u00e8glement. Ils doivent le remplir sans tarder, \u00e9tant donn\u00e9 que ce questionnaire nous aide \u00e0 prot\u00e9ger tous les membres de votre r\u00e9gime et leurs garanties contre tout emploi abusif.<\/p>\n\n\n\n<p><a href=\"https:\/\/silver.rbcinsurance.com\/fr\/fraudealassurance\/index.html\" target=\"_blank\" data-dig-id=\"LP-18872-8533733b\" data-dig-category=\"LP\" data-dig-action=\"link click\" data-dig-label=\"En savoir plus sur la fraude \u00e0 l\u2019assurance.\" class=\"rbc-link-format newwindow-link\" data-icon-class=\"newwindow-link\" rel=\"noreferrer noopener\">En savoir plus sur la fraude \u00e0 l\u2019assurance.<\/a><\/p>\n\n\n\n<h2 class=\"wp-block-heading\" id=\"h-espace-demonstration-rbc-assurances\"><a href=\"#h-espace-demonstration-rbc-assurances\" class=\"jumpLink\">Espace d\u00e9monstration RBC Assurances<\/a><\/h2>\n\n\n\n<p>Acc\u00e9dez \u00e0 notre nouvel <a href=\"https:\/\/demo.rbcinsurance.com\/fr\" target=\"_blank\" data-dig-id=\"LP-18872-53f7a50e\" data-dig-category=\"LP\" data-dig-action=\"link click\" data-dig-label=\"espace d\u00e9monstration\" rel=\"noreferrer noopener\" class=\"rbc-link-format\">espace d\u00e9monstration<\/a> pour savoir comment pr\u00e9senter une demande de r\u00e8glement, v\u00e9rifier votre admissibilit\u00e9 aux prestations et d\u00e9couvrir d\u2019autres options du r\u00e9gime accessibles en ligne.<\/p>\n\n\n\n<div class=\"rbci-tw-alert bannerNotice\"><div class=\"wp-block-rbc-banner-notice rbc-banner-block-header-div default\"><div><p class=\"rbc-banner-block-header\">Conseil<\/p><\/div><\/div><div class=\"rbc-banner-block-description-p \"><div class=\"buttonSection\">\n<p class=\"call-link\">Si votre adresse de courriel change, assurez-vous de la mettre \u00e0 jour dans votre profil.<\/p>\n<\/div><\/div><\/div>\n<\/div>\n\n\n\n<div class=\"wp-block-group resourceWrapper__col-right is-layout-flow wp-block-group-is-layout-flow\">\n<div class=\"wp-block-rbc-tabs-list tabsList\"><p class=\"tabsList__heading\">Sur cette page<\/p><div class=\"tabsList__wrapper\"><button class=\"selectDropdown__button\" aria-haspopup=\"listbox\" aria-expanded=\"false\"><span class=\"selectDropdown__title\">Administration du r\u00e9gime \u2013 Pour commencer<\/span><span class=\"selectDropdown__chevron\"><\/span><\/button><ul class=\"tabsList__items selectDropdown__list\"><li class=\"selectDropdown__list__item tabsList__item selected\"><a href=\"#h-administration-du-regime-pour-commencer\">Administration du r\u00e9gime \u2013 Pour commencer<\/a><\/li><li class=\"selectDropdown__list__item tabsList__item \"><a href=\"#h-votre-role-en-tant-qu-administrateur-de-regime\">Votre r\u00f4le en tant qu\u2019administrateur de r\u00e9gime<\/a><\/li><li class=\"selectDropdown__list__item tabsList__item \"><a href=\"#h-centre-de-soutien-des-rh-rbc-assurances\">Centre de Soutien des RH RBC Assurances<\/a><\/li><li class=\"selectDropdown__list__item tabsList__item \"><a href=\"#h-solutions-d-assurance-collective-en-ligne-pour-les-membres-du-regime\">Solutions d\u2019assurance collective en ligne pour les membres du r\u00e9gime<\/a><\/li><li class=\"selectDropdown__list__item tabsList__item \"><a href=\"#h-appli-mes-assurances-de-rbc-assurances\">Appli Mes assurances de RBC Assurances<\/a><\/li><li class=\"selectDropdown__list__item tabsList__item \"><a href=\"#h-cartes-d-identification\">Cartes d\u2019identification<\/a><\/li><li class=\"selectDropdown__list__item tabsList__item \"><a href=\"#h-fraude\">Fraude<\/a><\/li><li class=\"selectDropdown__list__item tabsList__item \"><a href=\"#h-espace-demonstration-rbc-assurances\">Espace d\u00e9monstration RBC Assurances<\/a><\/li><\/ul><\/div><\/div>\n\n\n\n<div class=\"rbci-tw-alert bannerNotice\"><div class=\"wp-block-rbc-banner-notice rbc-banner-block-header-div default\"><div><p class=\"rbc-banner-block-header\">Conseil<\/p><\/div><\/div><div class=\"rbc-banner-block-description-p \"><div class=\"buttonSection\">\n<p class=\"call-link\">Si vous avez besoin d\u2019aide, veuillez communiquer avec l\u2019\u00e9quipe des Solutions d\u2019assurance collective RBC Assurances<br><br> Composez le <a href=\"tel:+18552642174\" data-dig-id=\"LP-25742-1bf45ba5\" data-dig-label=\"1-855-264-2174\" data-dig-action=\"link click\" data-dig-category=\"LP\" class=\"rbc-link-format\">1 855 264-2174<\/a><\/p>\n<\/div><\/div><\/div>\n<\/div>\n<\/div>\n","protected":false},"excerpt":{"rendered":"","protected":false},"author":203,"featured_media":0,"parent":17131,"menu_order":0,"comment_status":"closed","ping_status":"closed","template":"templates\/resources.php","meta":{"_acf_changed":false,"footnotes":""},"class_list":["post-18872","page","type-page","status-publish","hentry"],"acf":[],"yoast_head":"<!-- This site is optimized with the Yoast SEO Premium plugin v27.3 (Yoast SEO v27.3) - https:\/\/yoast.com\/product\/yoast-seo-premium-wordpress\/ -->\n<title>Pour commencer | RBC Assurances<\/title>\n<meta name=\"robots\" content=\"noindex, follow\" \/>\n<meta property=\"og:locale\" content=\"fr_FR\" \/>\n<meta property=\"og:type\" content=\"article\" \/>\n<meta property=\"og:title\" content=\"Pour commencer | RBC Assurances\" \/>\n<meta property=\"og:url\" content=\"https:\/\/silver.rbcinsurance.com\/fr-ca\/assurance-collective\/administrateur-du-regime\/guide-de-reference\/pour-commencer\/\" \/>\n<meta property=\"og:site_name\" content=\"RBC Assurances\" \/>\n<meta property=\"article:modified_time\" content=\"2026-01-08T15:31:40+00:00\" \/>\n<meta property=\"og:image\" content=\"https:\/\/silver.rbcinsurance.com\/fr-ca\/wp-content\/uploads\/sites\/3\/2024\/12\/personal-insurance-mobile.webp?quality=80\" \/>\n\t<meta property=\"og:image:width\" content=\"450\" \/>\n\t<meta property=\"og:image:height\" content=\"250\" \/>\n\t<meta property=\"og:image:type\" content=\"image\/webp\" \/>\n<meta name=\"twitter:card\" content=\"summary_large_image\" \/>\n<meta name=\"twitter:label1\" content=\"Est. reading time\" \/>\n\t<meta name=\"twitter:data1\" content=\"4 minutes\" \/>\n<script type=\"application\/ld+json\" class=\"yoast-schema-graph\">{\"@context\":\"https:\\\/\\\/schema.org\",\"@graph\":[{\"@type\":\"WebPage\",\"@id\":\"https:\\\/\\\/silver.rbcinsurance.com\\\/fr-ca\\\/assurance-collective\\\/administrateur-du-regime\\\/guide-de-reference\\\/pour-commencer\\\/\",\"url\":\"https:\\\/\\\/silver.rbcinsurance.com\\\/fr-ca\\\/assurance-collective\\\/administrateur-du-regime\\\/guide-de-reference\\\/pour-commencer\\\/\",\"name\":\"Pour commencer | RBC Assurances\",\"isPartOf\":{\"@id\":\"https:\\\/\\\/silver.rbcinsurance.com\\\/fr-ca\\\/#website\"},\"datePublished\":\"2025-04-15T19:26:12+00:00\",\"dateModified\":\"2026-01-08T15:31:40+00:00\",\"breadcrumb\":{\"@id\":\"https:\\\/\\\/silver.rbcinsurance.com\\\/fr-ca\\\/assurance-collective\\\/administrateur-du-regime\\\/guide-de-reference\\\/pour-commencer\\\/#breadcrumb\"},\"inLanguage\":\"fr-FR\",\"potentialAction\":[{\"@type\":\"ReadAction\",\"target\":[\"https:\\\/\\\/silver.rbcinsurance.com\\\/fr-ca\\\/assurance-collective\\\/administrateur-du-regime\\\/guide-de-reference\\\/pour-commencer\\\/\"]}]},{\"@type\":\"BreadcrumbList\",\"@id\":\"https:\\\/\\\/silver.rbcinsurance.com\\\/fr-ca\\\/assurance-collective\\\/administrateur-du-regime\\\/guide-de-reference\\\/pour-commencer\\\/#breadcrumb\",\"itemListElement\":[{\"@type\":\"ListItem\",\"position\":1,\"name\":\"Accueil\",\"item\":\"https:\\\/\\\/silver.rbcinsurance.com\\\/fr-ca\\\/\"},{\"@type\":\"ListItem\",\"position\":2,\"name\":\"Assurance collective\",\"item\":\"https:\\\/\\\/silver.rbcinsurance.com\\\/fr-ca\\\/assurance-collective\\\/\"},{\"@type\":\"ListItem\",\"position\":3,\"name\":\"Ressources pour les administrateurs de r\u00e9gime\",\"item\":\"https:\\\/\\\/silver.rbcinsurance.com\\\/fr-ca\\\/assurance-collective\\\/administrateur-du-regime\\\/\"},{\"@type\":\"ListItem\",\"position\":4,\"name\":\"Guide de Reference\",\"item\":\"https:\\\/\\\/silver.rbcinsurance.com\\\/fr-ca\\\/assurance-collective\\\/administrateur-du-regime\\\/guide-de-reference\\\/\"},{\"@type\":\"ListItem\",\"position\":5,\"name\":\"Pour commencer\"}]},{\"@type\":\"WebSite\",\"@id\":\"https:\\\/\\\/silver.rbcinsurance.com\\\/fr-ca\\\/#website\",\"url\":\"https:\\\/\\\/silver.rbcinsurance.com\\\/fr-ca\\\/\",\"name\":\"RBC Assurances\",\"description\":\"Assurance individuelle\",\"publisher\":{\"@id\":\"https:\\\/\\\/silver.rbcinsurance.com\\\/fr-ca\\\/#organization\"},\"potentialAction\":[{\"@type\":\"SearchAction\",\"target\":{\"@type\":\"EntryPoint\",\"urlTemplate\":\"https:\\\/\\\/silver.rbcinsurance.com\\\/fr-ca\\\/?s={search_term_string}\"},\"query-input\":{\"@type\":\"PropertyValueSpecification\",\"valueRequired\":true,\"valueName\":\"search_term_string\"}}],\"inLanguage\":\"fr-FR\"},{\"@type\":\"Organization\",\"@id\":\"https:\\\/\\\/silver.rbcinsurance.com\\\/fr-ca\\\/#organization\",\"name\":\"RBC Assurances\",\"url\":\"https:\\\/\\\/silver.rbcinsurance.com\\\/fr-ca\\\/\",\"logo\":{\"@type\":\"ImageObject\",\"inLanguage\":\"fr-FR\",\"@id\":\"https:\\\/\\\/silver.rbcinsurance.com\\\/fr-ca\\\/#\\\/schema\\\/logo\\\/image\\\/\",\"url\":\"https:\\\/\\\/silver.rbcinsurance.com\\\/fr-ca\\\/wp-content\\\/uploads\\\/sites\\\/3\\\/2021\\\/06\\\/rbc-logo-shield.svg?quality=80&w=1024\",\"contentUrl\":\"https:\\\/\\\/silver.rbcinsurance.com\\\/fr-ca\\\/wp-content\\\/uploads\\\/sites\\\/3\\\/2021\\\/06\\\/rbc-logo-shield.svg?quality=80&w=1024\",\"width\":\"1024\",\"height\":\"1024\",\"caption\":\"RBC Assurances\"},\"image\":{\"@id\":\"https:\\\/\\\/silver.rbcinsurance.com\\\/fr-ca\\\/#\\\/schema\\\/logo\\\/image\\\/\"},\"description\":\"RBC Assurances offre aux Canadiens des assurances personnelles telles que des assurances auto, habitation, vie, sant\u00e9, voyage et cr\u00e9dit, ainsi que des solutions de placement pour la retraite.\",\"telephone\":\"1 800 769-2568\",\"legalName\":\"Services d'assurance RBC Inc.\",\"numberOfEmployees\":{\"@type\":\"QuantitativeValue\",\"minValue\":\"1001\",\"maxValue\":\"5000\"}}]}<\/script>\n<!-- \/ Yoast SEO Premium plugin. -->","yoast_head_json":{"title":"Pour commencer | RBC Assurances","robots":{"index":"noindex","follow":"follow"},"og_locale":"fr_FR","og_type":"article","og_title":"Pour commencer | RBC Assurances","og_url":"https:\/\/silver.rbcinsurance.com\/fr-ca\/assurance-collective\/administrateur-du-regime\/guide-de-reference\/pour-commencer\/","og_site_name":"RBC Assurances","article_modified_time":"2026-01-08T15:31:40+00:00","og_image":[{"width":450,"height":250,"url":"https:\/\/silver.rbcinsurance.com\/fr-ca\/wp-content\/uploads\/sites\/3\/2024\/12\/personal-insurance-mobile.webp?quality=80","type":"image\/webp"}],"twitter_card":"summary_large_image","twitter_misc":{"Est. reading time":"4 minutes"},"schema":{"@context":"https:\/\/schema.org","@graph":[{"@type":"WebPage","@id":"https:\/\/silver.rbcinsurance.com\/fr-ca\/assurance-collective\/administrateur-du-regime\/guide-de-reference\/pour-commencer\/","url":"https:\/\/silver.rbcinsurance.com\/fr-ca\/assurance-collective\/administrateur-du-regime\/guide-de-reference\/pour-commencer\/","name":"Pour commencer | RBC Assurances","isPartOf":{"@id":"https:\/\/silver.rbcinsurance.com\/fr-ca\/#website"},"datePublished":"2025-04-15T19:26:12+00:00","dateModified":"2026-01-08T15:31:40+00:00","breadcrumb":{"@id":"https:\/\/silver.rbcinsurance.com\/fr-ca\/assurance-collective\/administrateur-du-regime\/guide-de-reference\/pour-commencer\/#breadcrumb"},"inLanguage":"fr-FR","potentialAction":[{"@type":"ReadAction","target":["https:\/\/silver.rbcinsurance.com\/fr-ca\/assurance-collective\/administrateur-du-regime\/guide-de-reference\/pour-commencer\/"]}]},{"@type":"BreadcrumbList","@id":"https:\/\/silver.rbcinsurance.com\/fr-ca\/assurance-collective\/administrateur-du-regime\/guide-de-reference\/pour-commencer\/#breadcrumb","itemListElement":[{"@type":"ListItem","position":1,"name":"Accueil","item":"https:\/\/silver.rbcinsurance.com\/fr-ca\/"},{"@type":"ListItem","position":2,"name":"Assurance collective","item":"https:\/\/silver.rbcinsurance.com\/fr-ca\/assurance-collective\/"},{"@type":"ListItem","position":3,"name":"Ressources pour les administrateurs de r\u00e9gime","item":"https:\/\/silver.rbcinsurance.com\/fr-ca\/assurance-collective\/administrateur-du-regime\/"},{"@type":"ListItem","position":4,"name":"Guide de Reference","item":"https:\/\/silver.rbcinsurance.com\/fr-ca\/assurance-collective\/administrateur-du-regime\/guide-de-reference\/"},{"@type":"ListItem","position":5,"name":"Pour commencer"}]},{"@type":"WebSite","@id":"https:\/\/silver.rbcinsurance.com\/fr-ca\/#website","url":"https:\/\/silver.rbcinsurance.com\/fr-ca\/","name":"RBC Assurances","description":"Assurance individuelle","publisher":{"@id":"https:\/\/silver.rbcinsurance.com\/fr-ca\/#organization"},"potentialAction":[{"@type":"SearchAction","target":{"@type":"EntryPoint","urlTemplate":"https:\/\/silver.rbcinsurance.com\/fr-ca\/?s={search_term_string}"},"query-input":{"@type":"PropertyValueSpecification","valueRequired":true,"valueName":"search_term_string"}}],"inLanguage":"fr-FR"},{"@type":"Organization","@id":"https:\/\/silver.rbcinsurance.com\/fr-ca\/#organization","name":"RBC Assurances","url":"https:\/\/silver.rbcinsurance.com\/fr-ca\/","logo":{"@type":"ImageObject","inLanguage":"fr-FR","@id":"https:\/\/silver.rbcinsurance.com\/fr-ca\/#\/schema\/logo\/image\/","url":"https:\/\/silver.rbcinsurance.com\/fr-ca\/wp-content\/uploads\/sites\/3\/2021\/06\/rbc-logo-shield.svg?quality=80&w=1024","contentUrl":"https:\/\/silver.rbcinsurance.com\/fr-ca\/wp-content\/uploads\/sites\/3\/2021\/06\/rbc-logo-shield.svg?quality=80&w=1024","width":"1024","height":"1024","caption":"RBC Assurances"},"image":{"@id":"https:\/\/silver.rbcinsurance.com\/fr-ca\/#\/schema\/logo\/image\/"},"description":"RBC Assurances offre aux Canadiens des assurances personnelles telles que des assurances auto, habitation, vie, sant\u00e9, voyage et cr\u00e9dit, ainsi que des solutions de placement pour la retraite.","telephone":"1 800 769-2568","legalName":"Services d'assurance RBC Inc.","numberOfEmployees":{"@type":"QuantitativeValue","minValue":"1001","maxValue":"5000"}}]}},"jetpack_sharing_enabled":true,"_links":{"self":[{"href":"https:\/\/silver.rbcinsurance.com\/fr-ca\/wp-json\/wp\/v2\/pages\/18872","targetHints":{"allow":["GET"]}}],"collection":[{"href":"https:\/\/silver.rbcinsurance.com\/fr-ca\/wp-json\/wp\/v2\/pages"}],"about":[{"href":"https:\/\/silver.rbcinsurance.com\/fr-ca\/wp-json\/wp\/v2\/types\/page"}],"author":[{"embeddable":true,"href":"https:\/\/silver.rbcinsurance.com\/fr-ca\/wp-json\/wp\/v2\/users\/203"}],"replies":[{"embeddable":true,"href":"https:\/\/silver.rbcinsurance.com\/fr-ca\/wp-json\/wp\/v2\/comments?post=18872"}],"version-history":[{"count":10,"href":"https:\/\/silver.rbcinsurance.com\/fr-ca\/wp-json\/wp\/v2\/pages\/18872\/revisions"}],"predecessor-version":[{"id":23644,"href":"https:\/\/silver.rbcinsurance.com\/fr-ca\/wp-json\/wp\/v2\/pages\/18872\/revisions\/23644"}],"up":[{"embeddable":true,"href":"https:\/\/silver.rbcinsurance.com\/fr-ca\/wp-json\/wp\/v2\/pages\/17131"}],"wp:attachment":[{"href":"https:\/\/silver.rbcinsurance.com\/fr-ca\/wp-json\/wp\/v2\/media?parent=18872"}],"curies":[{"name":"wp","href":"https:\/\/api.w.org\/{rel}","templated":true}]}}