{"id":18701,"date":"2025-05-06T09:53:21","date_gmt":"2025-05-06T13:53:21","guid":{"rendered":"https:\/\/silver.rbcinsurance.com\/fr-ca\/?page_id=18701"},"modified":"2025-05-06T09:53:23","modified_gmt":"2025-05-06T13:53:23","slug":"assurance-conjointe-dernier-deces","status":"publish","type":"page","link":"https:\/\/silver.rbcinsurance.com\/fr-ca\/assurance-vie\/assurance-conjointe-dernier-deces\/","title":{"rendered":"Assurance conjointe dernier d\u00e9c\u00e8s"},"content":{"rendered":"\n<p><\/p>\n\n\n<div class=\"yoast-breadcrumbs\"><span class=\"rbc-yoast-breadcrum-span\"><span><a href=\"https:\/\/silver.rbcinsurance.com\/fr-ca\/\">Accueil<\/a><\/span> &gt; <span><a href=\"https:\/\/silver.rbcinsurance.com\/fr-ca\/assurance-vie\/\">Une assurance vie pour les r\u00e9sidents canadiens<\/a><\/span> &gt; <span class=\"breadcrumb_last\" aria-current=\"page\">Assurance conjointe dernier d\u00e9c\u00e8s<\/span><\/span><\/div>\n\n\n<p><\/p>\n\n\n\n<h1 class=\"wp-block-heading\" id=\"h-assurance-conjointe-dernier-deces\"><span class=\"partial__border-bottom\">Assurance conjointe dernier d\u00e9c\u00e8s<\/span><\/h1>\n\n\n\n<ul class=\"wp-block-list  list-core-block second-level-inherit third-level-inherit\">\n<li class=\"mar-t-dbl mob-mar-t-dbl pad-b-dbl mob-pad-b-dbl\">L\u2019assurance conjointe dernier d\u00e9c\u00e8s pr\u00e9voit le versement d\u2019une prestation au dernier d\u00e9c\u00e8s, afin d\u2019aider \u00e0 payer l\u2019imp\u00f4t sur les gains en capital et les autres frais associ\u00e9s \u00e0 la succession. Il est possible de structurer ce genre de couverture de fa\u00e7on \u00e0 ce qu\u2019un capital-d\u00e9c\u00e8s anticip\u00e9 correspondant \u00e0 une partie de la valeur capitalis\u00e9e de la police soit vers\u00e9 au premier d\u00e9c\u00e8s et que le capital-d\u00e9c\u00e8s de la police soit pay\u00e9 au dernier d\u00e9c\u00e8s.<\/li>\n<\/ul>\n","protected":false},"excerpt":{"rendered":"<p>Assurance conjointe dernier d\u00e9c\u00e8s<\/p>\n","protected":false},"author":203,"featured_media":0,"parent":11566,"menu_order":0,"comment_status":"closed","ping_status":"closed","template":"templates\/new-rbci-design.php","meta":{"_acf_changed":false,"footnotes":""},"class_list":["post-18701","page","type-page","status-publish","hentry"],"acf":[],"yoast_head":"<!-- This site is optimized with the Yoast SEO Premium plugin v27.3 (Yoast SEO v27.3) - https:\/\/yoast.com\/product\/yoast-seo-premium-wordpress\/ -->\n<title>Assurance conjointe dernier d\u00e9c\u00e8s | RBC Assurances<\/title>\n<meta name=\"description\" content=\"L\u2019assurance conjointe dernier d\u00e9c\u00e8s verse une prestation de d\u00e9c\u00e8s lors du dernier d\u00e9c\u00e8s, contribuant ainsi aux d\u00e9penses successorales comme les imp\u00f4ts sur les gains en capital.\" \/>\n<meta name=\"robots\" content=\"index, follow, max-snippet:-1, max-image-preview:large, max-video-preview:-1\" \/>\n<link rel=\"canonical\" href=\"https:\/\/silver.rbcinsurance.com\/fr-ca\/assurance-vie\/assurance-conjointe-dernier-deces\/\" \/>\n<meta property=\"og:locale\" content=\"fr_FR\" \/>\n<meta property=\"og:type\" content=\"article\" \/>\n<meta property=\"og:title\" content=\"Assurance conjointe dernier d\u00e9c\u00e8s | RBC Assurances\" \/>\n<meta property=\"og:description\" content=\"L\u2019assurance conjointe dernier d\u00e9c\u00e8s verse une prestation de d\u00e9c\u00e8s lors du dernier d\u00e9c\u00e8s, contribuant ainsi aux d\u00e9penses successorales comme les imp\u00f4ts sur les gains en capital.\" \/>\n<meta property=\"og:url\" content=\"https:\/\/silver.rbcinsurance.com\/fr-ca\/assurance-vie\/assurance-conjointe-dernier-deces\/\" \/>\n<meta property=\"og:site_name\" content=\"RBC Assurances\" \/>\n<meta property=\"article:modified_time\" content=\"2025-05-06T13:53:23+00:00\" \/>\n<meta property=\"og:image\" content=\"https:\/\/silver.rbcinsurance.com\/fr-ca\/wp-content\/uploads\/sites\/3\/2024\/12\/personal-insurance-mobile.webp?quality=80\" \/>\n\t<meta property=\"og:image:width\" content=\"450\" \/>\n\t<meta property=\"og:image:height\" content=\"250\" \/>\n\t<meta property=\"og:image:type\" content=\"image\/webp\" \/>\n<meta name=\"twitter:card\" content=\"summary_large_image\" \/>\n<meta name=\"twitter:label1\" content=\"Est. reading time\" \/>\n\t<meta name=\"twitter:data1\" content=\"1 minute\" \/>\n<script type=\"application\/ld+json\" class=\"yoast-schema-graph\">{\"@context\":\"https:\\\/\\\/schema.org\",\"@graph\":[{\"@type\":\"WebPage\",\"@id\":\"https:\\\/\\\/silver.rbcinsurance.com\\\/fr-ca\\\/assurance-vie\\\/assurance-conjointe-dernier-deces\\\/\",\"url\":\"https:\\\/\\\/silver.rbcinsurance.com\\\/fr-ca\\\/assurance-vie\\\/assurance-conjointe-dernier-deces\\\/\",\"name\":\"Assurance conjointe dernier d\u00e9c\u00e8s | RBC Assurances\",\"isPartOf\":{\"@id\":\"https:\\\/\\\/silver.rbcinsurance.com\\\/fr-ca\\\/#website\"},\"datePublished\":\"2025-05-06T13:53:21+00:00\",\"dateModified\":\"2025-05-06T13:53:23+00:00\",\"description\":\"L\u2019assurance conjointe dernier d\u00e9c\u00e8s verse une prestation de d\u00e9c\u00e8s lors du dernier d\u00e9c\u00e8s, contribuant ainsi aux d\u00e9penses successorales comme les imp\u00f4ts sur les gains en capital.\",\"breadcrumb\":{\"@id\":\"https:\\\/\\\/silver.rbcinsurance.com\\\/fr-ca\\\/assurance-vie\\\/assurance-conjointe-dernier-deces\\\/#breadcrumb\"},\"inLanguage\":\"fr-FR\",\"potentialAction\":[{\"@type\":\"ReadAction\",\"target\":[\"https:\\\/\\\/silver.rbcinsurance.com\\\/fr-ca\\\/assurance-vie\\\/assurance-conjointe-dernier-deces\\\/\"]}]},{\"@type\":\"BreadcrumbList\",\"@id\":\"https:\\\/\\\/silver.rbcinsurance.com\\\/fr-ca\\\/assurance-vie\\\/assurance-conjointe-dernier-deces\\\/#breadcrumb\",\"itemListElement\":[{\"@type\":\"ListItem\",\"position\":1,\"name\":\"Accueil\",\"item\":\"https:\\\/\\\/silver.rbcinsurance.com\\\/fr-ca\\\/\"},{\"@type\":\"ListItem\",\"position\":2,\"name\":\"Une assurance vie pour les r\u00e9sidents canadiens\",\"item\":\"https:\\\/\\\/silver.rbcinsurance.com\\\/fr-ca\\\/assurance-vie\\\/\"},{\"@type\":\"ListItem\",\"position\":3,\"name\":\"Assurance conjointe dernier d\u00e9c\u00e8s\"}]},{\"@type\":\"WebSite\",\"@id\":\"https:\\\/\\\/silver.rbcinsurance.com\\\/fr-ca\\\/#website\",\"url\":\"https:\\\/\\\/silver.rbcinsurance.com\\\/fr-ca\\\/\",\"name\":\"RBC Assurances\",\"description\":\"Assurance individuelle\",\"publisher\":{\"@id\":\"https:\\\/\\\/silver.rbcinsurance.com\\\/fr-ca\\\/#organization\"},\"potentialAction\":[{\"@type\":\"SearchAction\",\"target\":{\"@type\":\"EntryPoint\",\"urlTemplate\":\"https:\\\/\\\/silver.rbcinsurance.com\\\/fr-ca\\\/?s={search_term_string}\"},\"query-input\":{\"@type\":\"PropertyValueSpecification\",\"valueRequired\":true,\"valueName\":\"search_term_string\"}}],\"inLanguage\":\"fr-FR\"},{\"@type\":\"Organization\",\"@id\":\"https:\\\/\\\/silver.rbcinsurance.com\\\/fr-ca\\\/#organization\",\"name\":\"RBC Assurances\",\"url\":\"https:\\\/\\\/silver.rbcinsurance.com\\\/fr-ca\\\/\",\"logo\":{\"@type\":\"ImageObject\",\"inLanguage\":\"fr-FR\",\"@id\":\"https:\\\/\\\/silver.rbcinsurance.com\\\/fr-ca\\\/#\\\/schema\\\/logo\\\/image\\\/\",\"url\":\"https:\\\/\\\/silver.rbcinsurance.com\\\/fr-ca\\\/wp-content\\\/uploads\\\/sites\\\/3\\\/2021\\\/06\\\/rbc-logo-shield.svg?quality=80&w=1024\",\"contentUrl\":\"https:\\\/\\\/silver.rbcinsurance.com\\\/fr-ca\\\/wp-content\\\/uploads\\\/sites\\\/3\\\/2021\\\/06\\\/rbc-logo-shield.svg?quality=80&w=1024\",\"width\":\"1024\",\"height\":\"1024\",\"caption\":\"RBC Assurances\"},\"image\":{\"@id\":\"https:\\\/\\\/silver.rbcinsurance.com\\\/fr-ca\\\/#\\\/schema\\\/logo\\\/image\\\/\"},\"description\":\"RBC Assurances offre aux Canadiens des assurances personnelles telles que des assurances auto, habitation, vie, sant\u00e9, voyage et cr\u00e9dit, ainsi que des solutions de placement pour la retraite.\",\"telephone\":\"1 800 769-2568\",\"legalName\":\"Services d'assurance RBC Inc.\",\"numberOfEmployees\":{\"@type\":\"QuantitativeValue\",\"minValue\":\"1001\",\"maxValue\":\"5000\"}}]}<\/script>\n<!-- \/ Yoast SEO Premium plugin. -->","yoast_head_json":{"title":"Assurance conjointe dernier d\u00e9c\u00e8s | RBC Assurances","description":"L\u2019assurance conjointe dernier d\u00e9c\u00e8s verse une prestation de d\u00e9c\u00e8s lors du dernier d\u00e9c\u00e8s, contribuant ainsi aux d\u00e9penses successorales comme les imp\u00f4ts sur les gains en capital.","robots":{"index":"index","follow":"follow","max-snippet":"max-snippet:-1","max-image-preview":"max-image-preview:large","max-video-preview":"max-video-preview:-1"},"canonical":"https:\/\/silver.rbcinsurance.com\/fr-ca\/assurance-vie\/assurance-conjointe-dernier-deces\/","og_locale":"fr_FR","og_type":"article","og_title":"Assurance conjointe dernier d\u00e9c\u00e8s | RBC Assurances","og_description":"L\u2019assurance conjointe dernier d\u00e9c\u00e8s verse une prestation de d\u00e9c\u00e8s lors du dernier d\u00e9c\u00e8s, contribuant ainsi aux d\u00e9penses successorales comme les imp\u00f4ts sur les gains en capital.","og_url":"https:\/\/silver.rbcinsurance.com\/fr-ca\/assurance-vie\/assurance-conjointe-dernier-deces\/","og_site_name":"RBC Assurances","article_modified_time":"2025-05-06T13:53:23+00:00","og_image":[{"width":450,"height":250,"url":"https:\/\/silver.rbcinsurance.com\/fr-ca\/wp-content\/uploads\/sites\/3\/2024\/12\/personal-insurance-mobile.webp?quality=80","type":"image\/webp"}],"twitter_card":"summary_large_image","twitter_misc":{"Est. reading time":"1 minute"},"schema":{"@context":"https:\/\/schema.org","@graph":[{"@type":"WebPage","@id":"https:\/\/silver.rbcinsurance.com\/fr-ca\/assurance-vie\/assurance-conjointe-dernier-deces\/","url":"https:\/\/silver.rbcinsurance.com\/fr-ca\/assurance-vie\/assurance-conjointe-dernier-deces\/","name":"Assurance conjointe dernier d\u00e9c\u00e8s | RBC Assurances","isPartOf":{"@id":"https:\/\/silver.rbcinsurance.com\/fr-ca\/#website"},"datePublished":"2025-05-06T13:53:21+00:00","dateModified":"2025-05-06T13:53:23+00:00","description":"L\u2019assurance conjointe dernier d\u00e9c\u00e8s verse une prestation de d\u00e9c\u00e8s lors du dernier d\u00e9c\u00e8s, contribuant ainsi aux d\u00e9penses successorales comme les imp\u00f4ts sur les gains en capital.","breadcrumb":{"@id":"https:\/\/silver.rbcinsurance.com\/fr-ca\/assurance-vie\/assurance-conjointe-dernier-deces\/#breadcrumb"},"inLanguage":"fr-FR","potentialAction":[{"@type":"ReadAction","target":["https:\/\/silver.rbcinsurance.com\/fr-ca\/assurance-vie\/assurance-conjointe-dernier-deces\/"]}]},{"@type":"BreadcrumbList","@id":"https:\/\/silver.rbcinsurance.com\/fr-ca\/assurance-vie\/assurance-conjointe-dernier-deces\/#breadcrumb","itemListElement":[{"@type":"ListItem","position":1,"name":"Accueil","item":"https:\/\/silver.rbcinsurance.com\/fr-ca\/"},{"@type":"ListItem","position":2,"name":"Une assurance vie pour les r\u00e9sidents canadiens","item":"https:\/\/silver.rbcinsurance.com\/fr-ca\/assurance-vie\/"},{"@type":"ListItem","position":3,"name":"Assurance conjointe dernier d\u00e9c\u00e8s"}]},{"@type":"WebSite","@id":"https:\/\/silver.rbcinsurance.com\/fr-ca\/#website","url":"https:\/\/silver.rbcinsurance.com\/fr-ca\/","name":"RBC Assurances","description":"Assurance individuelle","publisher":{"@id":"https:\/\/silver.rbcinsurance.com\/fr-ca\/#organization"},"potentialAction":[{"@type":"SearchAction","target":{"@type":"EntryPoint","urlTemplate":"https:\/\/silver.rbcinsurance.com\/fr-ca\/?s={search_term_string}"},"query-input":{"@type":"PropertyValueSpecification","valueRequired":true,"valueName":"search_term_string"}}],"inLanguage":"fr-FR"},{"@type":"Organization","@id":"https:\/\/silver.rbcinsurance.com\/fr-ca\/#organization","name":"RBC Assurances","url":"https:\/\/silver.rbcinsurance.com\/fr-ca\/","logo":{"@type":"ImageObject","inLanguage":"fr-FR","@id":"https:\/\/silver.rbcinsurance.com\/fr-ca\/#\/schema\/logo\/image\/","url":"https:\/\/silver.rbcinsurance.com\/fr-ca\/wp-content\/uploads\/sites\/3\/2021\/06\/rbc-logo-shield.svg?quality=80&w=1024","contentUrl":"https:\/\/silver.rbcinsurance.com\/fr-ca\/wp-content\/uploads\/sites\/3\/2021\/06\/rbc-logo-shield.svg?quality=80&w=1024","width":"1024","height":"1024","caption":"RBC Assurances"},"image":{"@id":"https:\/\/silver.rbcinsurance.com\/fr-ca\/#\/schema\/logo\/image\/"},"description":"RBC Assurances offre aux Canadiens des assurances personnelles telles que des assurances auto, habitation, vie, sant\u00e9, voyage et cr\u00e9dit, ainsi que des solutions de placement pour la retraite.","telephone":"1 800 769-2568","legalName":"Services d'assurance RBC Inc.","numberOfEmployees":{"@type":"QuantitativeValue","minValue":"1001","maxValue":"5000"}}]}},"jetpack_sharing_enabled":true,"_links":{"self":[{"href":"https:\/\/silver.rbcinsurance.com\/fr-ca\/wp-json\/wp\/v2\/pages\/18701","targetHints":{"allow":["GET"]}}],"collection":[{"href":"https:\/\/silver.rbcinsurance.com\/fr-ca\/wp-json\/wp\/v2\/pages"}],"about":[{"href":"https:\/\/silver.rbcinsurance.com\/fr-ca\/wp-json\/wp\/v2\/types\/page"}],"author":[{"embeddable":true,"href":"https:\/\/silver.rbcinsurance.com\/fr-ca\/wp-json\/wp\/v2\/users\/203"}],"replies":[{"embeddable":true,"href":"https:\/\/silver.rbcinsurance.com\/fr-ca\/wp-json\/wp\/v2\/comments?post=18701"}],"version-history":[{"count":6,"href":"https:\/\/silver.rbcinsurance.com\/fr-ca\/wp-json\/wp\/v2\/pages\/18701\/revisions"}],"predecessor-version":[{"id":19349,"href":"https:\/\/silver.rbcinsurance.com\/fr-ca\/wp-json\/wp\/v2\/pages\/18701\/revisions\/19349"}],"up":[{"embeddable":true,"href":"https:\/\/silver.rbcinsurance.com\/fr-ca\/wp-json\/wp\/v2\/pages\/11566"}],"wp:attachment":[{"href":"https:\/\/silver.rbcinsurance.com\/fr-ca\/wp-json\/wp\/v2\/media?parent=18701"}],"curies":[{"name":"wp","href":"https:\/\/api.w.org\/{rel}","templated":true}]}}