{"id":18637,"date":"2025-05-06T09:39:55","date_gmt":"2025-05-06T13:39:55","guid":{"rendered":"https:\/\/silver.rbcinsurance.com\/fr-ca\/?page_id=18637"},"modified":"2025-10-29T16:00:01","modified_gmt":"2025-10-29T20:00:01","slug":"assureurs","status":"publish","type":"page","link":"https:\/\/silver.rbcinsurance.com\/fr-ca\/assureurs\/","title":{"rendered":"Assureurs"},"content":{"rendered":"\n<p><\/p>\n\n\n<div class=\"yoast-breadcrumbs\"><span class=\"rbc-yoast-breadcrum-span\"><span><a href=\"https:\/\/silver.rbcinsurance.com\/fr-ca\/\">Accueil<\/a><\/span> &gt; <span class=\"breadcrumb_last\" aria-current=\"page\">Assureurs<\/span><\/span><\/div>\n\n\n<p><\/p>\n\n\n\n<h1 class=\"wp-block-heading\" id=\"h-assureurs\">Assureurs<\/h1>\n\n\n\n<p>\u00c0 RBC Assurances, nous sommes r\u00e9solus \u00e0 vous procurer des solutions en assurance qui vous aideront \u00e0 obtenir une protection pour vous, votre domicile, votre entreprise et votre famille en cas d&rsquo;impr\u00e9vus.<\/p>\n\n\n\n<p><\/p>\n\n\n\n<p><span class=\"partial__border-bottom\">Voici la liste des assureurs qui sont derri\u00e8re notre gamme compl\u00e8te de services d&rsquo;assurance.<\/span><\/p>\n\n\n\n<ul class=\"wp-block-list list-core-block second-level-inherit third-level-inherit is-style-checkmark-icon\">\n<li>L&rsquo;assurance automobile et des biens, pour les particuliers et leur famille, est \u00e9tablie par Aviva, Compagnie d\u2019Assurance G\u00e9n\u00e9rale.<\/li>\n\n\n\n<li>Les assurances de personnes individuelles et collectives sont \u00e9tablies par la Compagnie d&rsquo;assurance vie RBC.<\/li>\n\n\n\n<li>L&rsquo;assurance voyage est \u00e9tablie par la Compagnie d&rsquo;assurance RBC du Canada. Au Qu\u00e9bec, certaines assurances sont \u00e9tablies par la&nbsp;<a href=\"https:\/\/silver.rbcinsurance.com\/fr\/popup-aviva-general-insurance-company.html\" data-dig-id=\"LP-18637-64615d25\" data-dig-category=\"LP\" data-dig-action=\"link click\" data-dig-label=\"Aviva, Compagnie d\u2019Assurance G\u00e9n\u00e9rale\" class=\"rbc-link-format\">Aviva, Compagnie d\u2019Assurance G\u00e9n\u00e9rale<\/a><\/li>\n\n\n\n<li>Les r\u00e9gimes Assure-Toit et Plan Protection Plus sont \u00e9tablis par La Compagnie d&rsquo;Assurance du Canada sur la Vie.<\/li>\n\n\n\n<li>La Protection-Solde Maximale est facultative et est \u00e9tablie par l\u2019American Bankers Compagnie d\u2019assurance g\u00e9n\u00e9rale de la Floride (\u00ab ABIC \u00bb) et l\u2019American Bankers Compagnie d\u2019assurance vie de la Floride (\u00ab ABLAC \u00bb) au titre des polices-cadres d\u2019assurance collective num\u00e9ros H.0522 et G.0522 (\u00ab Police \u00bb). L\u2019ABIC, l\u2019ABLAC, leurs filiales et leurs soci\u00e9t\u00e9s affili\u00e9es exercent leurs activit\u00e9s au Canada sous le nom commercial d\u2019Assurant<sup>\u00ae<\/sup>.<\/li>\n\n\n\n<li>Les Fonds de placement garanti RBC sont des fonds distincts, appel\u00e9s contrats de rente individuels \u00e0 capital variable. La Compagnie d&rsquo;assurance vie RBC est l&rsquo;\u00e9mettrice exclusive de ces contrats et la garante de toutes les garanties qui y sont stipul\u00e9es. Les portefeuilles et fonds communs de placement sous-jacents offerts dans le cadre de ces contrats sont g\u00e9r\u00e9s par RBC Gestion mondiale d&rsquo;Actifs Inc.<\/li>\n\n\n\n<li>L&rsquo;Assurance pr\u00eats aux entreprises (APE) est \u00e9tablie par la Compagnie d\u2019assurance vie RBC.<\/li>\n<\/ul>\n\n\n\n<div class=\"wp-block-rbc-callout-card calloutCard calloutCard__image  mar-b-dbl mob-mar-b-dbl\" style=\"background-color:#F7F8FA\">\n<div class=\"wp-block-columns cols is-layout-flex wp-container-core-columns-is-layout-28f84493 wp-block-columns-is-layout-flex\">\n<div class=\"wp-block-column col-left is-layout-flow wp-block-column-is-layout-flow\">\n<div class=\"wp-block-columns is-layout-flex wp-container-core-columns-is-layout-28f84493 wp-block-columns-is-layout-flex\">\n<div class=\"wp-block-column is-layout-flow wp-block-column-is-layout-flow\">\n<p class=\"rbc-override-margin p-large\">Pour en savoir plus sur nos solutions en assurance des entreprises et en assurance personnelle, allez \u00e0 la page d&rsquo;accueil, cliquez sur&nbsp;<a href=\"https:\/\/silver.rbcinsurance.com\/fr-ca\/particuliers\/reglement-service\/\" data-dig-id=\"LP-18637-d323d319\" data-dig-category=\"LP\" data-dig-action=\"link click\" data-dig-label=\"Nous joindre\" class=\"rbc-link-format\">Nous joindre<\/a>, puis sur l&rsquo;ic\u00f4ne du&nbsp;<a href=\"https:\/\/silver.rbcinsurance.com\/fr\/assurance-particuliers\/envoyez-nous-un-courriel\/index.html\" data-dig-id=\"LP-18637-eccb926b\" data-dig-category=\"LP\" data-dig-action=\"link click\" data-dig-label=\"courriel\" class=\"rbc-link-format\">courriel<\/a>&nbsp;pour nous envoyer un message.<\/p>\n\n\n\n<div class=\"wp-block-group is-layout-flow wp-block-group-is-layout-flow\">\n<p class=\" get-your-free-quote \"><\/p>\n\n\n\n<div class=\"wp-block-rbc-postal-code postal-code-form  postal-code\" data-custom-url=\"\"><div class=\"quote-form \"><div class=\"inputCode\"><label>Your postal code<\/label><input class=\"\" type=\"text\" value=\"\" placeholder=\"A1A 1A1\"\/><\/div><div class=\"inputCode\">\n<div class=\"wp-block-buttons is-layout-flex wp-block-buttons-is-layout-flex\"><div>\n<div class=\"wp-block-button btn is-style-accent accent\"><a class=\"wp-block-button__link wp-element-button\" href=\"#\" data-dig-id=\"LP-18637-bef3cd17\" data-dig-category=\"LP\" data-dig-action=\"button click\" data-dig-label=\"Get a quote-# \">Get a quote<\/a><\/div>\n<\/div><\/div>\n<\/div><\/div><div class=\"error-msg\"><span class=\"error-msg-span\">Please provide a valid postal code in A1A 1A1 format.<\/span><\/div><\/div>\n<\/div>\n<\/div>\n<\/div>\n<\/div>\n\n\n\n<div class=\"wp-block-column col-right is-layout-flow wp-block-column-is-layout-flow\">\n<figure class=\"wp-block-image size-large\"><img loading=\"lazy\" decoding=\"async\" width=\"607\" height=\"573\" src=\"https:\/\/silver.rbcinsurance.com\/fr-ca\/wp-content\/uploads\/sites\/3\/2025\/04\/Underwriter_Get-Help-Card.webp?quality=80&amp;w=607\" alt=\"Une assureur travaillant sur son ordinateur portable\" class=\"wp-image-18939\" srcset=\"https:\/\/silver.rbcinsurance.com\/fr-ca\/wp-content\/uploads\/sites\/3\/2025\/04\/Underwriter_Get-Help-Card.webp 607w, https:\/\/silver.rbcinsurance.com\/fr-ca\/wp-content\/uploads\/sites\/3\/2025\/04\/Underwriter_Get-Help-Card.webp?resize=300,283 300w\" sizes=\"auto, (max-width: 607px) 100vw, 607px\" \/><\/figure>\n<\/div>\n<\/div>\n<\/div>\n","protected":false},"excerpt":{"rendered":"<p>Assureurs \u00c0 RBC Assurances, nous sommes r\u00e9solus \u00e0 vous procurer des solutions en assurance qui vous aideront \u00e0 obtenir une protection pour vous, votre domicile, votre entreprise et votre famille en cas d&rsquo;impr\u00e9vus. Voici la liste des assureurs qui sont derri\u00e8re notre gamme compl\u00e8te de services d&rsquo;assurance.<\/p>\n","protected":false},"author":203,"featured_media":0,"parent":0,"menu_order":0,"comment_status":"closed","ping_status":"closed","template":"templates\/new-rbci-design.php","meta":{"_acf_changed":false,"footnotes":""},"class_list":["post-18637","page","type-page","status-publish","hentry"],"acf":[],"yoast_head":"<!-- This site is optimized with the Yoast SEO Premium plugin v27.3 (Yoast SEO v27.3) - https:\/\/yoast.com\/product\/yoast-seo-premium-wordpress\/ -->\n<title>Assureurs | RBC Assurances<\/title>\n<meta name=\"description\" content=\"Informations sur nos assureurs pour des solutions d&#039;assurance habitation, vie, sant\u00e9 et voyage.\" \/>\n<meta name=\"robots\" content=\"index, follow, max-snippet:-1, max-image-preview:large, max-video-preview:-1\" \/>\n<link rel=\"canonical\" href=\"https:\/\/silver.rbcinsurance.com\/fr-ca\/assureurs\/\" \/>\n<meta property=\"og:locale\" content=\"fr_FR\" \/>\n<meta property=\"og:type\" content=\"article\" \/>\n<meta property=\"og:title\" content=\"Assureurs | RBC Assurances\" \/>\n<meta property=\"og:description\" content=\"Informations sur nos assureurs pour des solutions d&#039;assurance habitation, vie, sant\u00e9 et voyage.\" \/>\n<meta property=\"og:url\" content=\"https:\/\/silver.rbcinsurance.com\/fr-ca\/assureurs\/\" \/>\n<meta property=\"og:site_name\" content=\"RBC Assurances\" \/>\n<meta property=\"article:modified_time\" content=\"2025-10-29T20:00:01+00:00\" \/>\n<meta property=\"og:image\" content=\"https:\/\/silver.rbcinsurance.com\/fr-ca\/wp-content\/uploads\/sites\/3\/2025\/04\/Underwriter_Get-Help-Card.webp?quality=80\" \/>\n\t<meta property=\"og:image:width\" content=\"607\" \/>\n\t<meta property=\"og:image:height\" content=\"573\" \/>\n\t<meta property=\"og:image:type\" content=\"image\/webp\" \/>\n<meta name=\"twitter:card\" content=\"summary_large_image\" \/>\n<meta name=\"twitter:label1\" content=\"Est. reading time\" \/>\n\t<meta name=\"twitter:data1\" content=\"2 minutes\" \/>\n<script type=\"application\/ld+json\" class=\"yoast-schema-graph\">{\"@context\":\"https:\\\/\\\/schema.org\",\"@graph\":[{\"@type\":\"WebPage\",\"@id\":\"https:\\\/\\\/silver.rbcinsurance.com\\\/fr-ca\\\/assureurs\\\/\",\"url\":\"https:\\\/\\\/silver.rbcinsurance.com\\\/fr-ca\\\/assureurs\\\/\",\"name\":\"Assureurs | RBC Assurances\",\"isPartOf\":{\"@id\":\"https:\\\/\\\/silver.rbcinsurance.com\\\/fr-ca\\\/#website\"},\"primaryImageOfPage\":{\"@id\":\"https:\\\/\\\/silver.rbcinsurance.com\\\/fr-ca\\\/assureurs\\\/#primaryimage\"},\"image\":{\"@id\":\"https:\\\/\\\/silver.rbcinsurance.com\\\/fr-ca\\\/assureurs\\\/#primaryimage\"},\"thumbnailUrl\":\"https:\\\/\\\/silver.rbcinsurance.com\\\/fr-ca\\\/wp-content\\\/uploads\\\/sites\\\/3\\\/2025\\\/04\\\/Underwriter_Get-Help-Card.webp?quality=80&amp;w=607\",\"datePublished\":\"2025-05-06T13:39:55+00:00\",\"dateModified\":\"2025-10-29T20:00:01+00:00\",\"description\":\"Informations sur nos assureurs pour des solutions d'assurance habitation, vie, sant\u00e9 et voyage.\",\"breadcrumb\":{\"@id\":\"https:\\\/\\\/silver.rbcinsurance.com\\\/fr-ca\\\/assureurs\\\/#breadcrumb\"},\"inLanguage\":\"fr-FR\",\"potentialAction\":[{\"@type\":\"ReadAction\",\"target\":[\"https:\\\/\\\/silver.rbcinsurance.com\\\/fr-ca\\\/assureurs\\\/\"]}]},{\"@type\":\"ImageObject\",\"inLanguage\":\"fr-FR\",\"@id\":\"https:\\\/\\\/silver.rbcinsurance.com\\\/fr-ca\\\/assureurs\\\/#primaryimage\",\"url\":\"https:\\\/\\\/silver.rbcinsurance.com\\\/fr-ca\\\/wp-content\\\/uploads\\\/sites\\\/3\\\/2025\\\/04\\\/Underwriter_Get-Help-Card.webp?quality=80\",\"contentUrl\":\"https:\\\/\\\/silver.rbcinsurance.com\\\/fr-ca\\\/wp-content\\\/uploads\\\/sites\\\/3\\\/2025\\\/04\\\/Underwriter_Get-Help-Card.webp?quality=80\",\"width\":607,\"height\":573},{\"@type\":\"BreadcrumbList\",\"@id\":\"https:\\\/\\\/silver.rbcinsurance.com\\\/fr-ca\\\/assureurs\\\/#breadcrumb\",\"itemListElement\":[{\"@type\":\"ListItem\",\"position\":1,\"name\":\"Accueil\",\"item\":\"https:\\\/\\\/silver.rbcinsurance.com\\\/fr-ca\\\/\"},{\"@type\":\"ListItem\",\"position\":2,\"name\":\"Assureurs\"}]},{\"@type\":\"WebSite\",\"@id\":\"https:\\\/\\\/silver.rbcinsurance.com\\\/fr-ca\\\/#website\",\"url\":\"https:\\\/\\\/silver.rbcinsurance.com\\\/fr-ca\\\/\",\"name\":\"RBC Assurances\",\"description\":\"Assurance individuelle\",\"publisher\":{\"@id\":\"https:\\\/\\\/silver.rbcinsurance.com\\\/fr-ca\\\/#organization\"},\"potentialAction\":[{\"@type\":\"SearchAction\",\"target\":{\"@type\":\"EntryPoint\",\"urlTemplate\":\"https:\\\/\\\/silver.rbcinsurance.com\\\/fr-ca\\\/?s={search_term_string}\"},\"query-input\":{\"@type\":\"PropertyValueSpecification\",\"valueRequired\":true,\"valueName\":\"search_term_string\"}}],\"inLanguage\":\"fr-FR\"},{\"@type\":\"Organization\",\"@id\":\"https:\\\/\\\/silver.rbcinsurance.com\\\/fr-ca\\\/#organization\",\"name\":\"RBC Assurances\",\"url\":\"https:\\\/\\\/silver.rbcinsurance.com\\\/fr-ca\\\/\",\"logo\":{\"@type\":\"ImageObject\",\"inLanguage\":\"fr-FR\",\"@id\":\"https:\\\/\\\/silver.rbcinsurance.com\\\/fr-ca\\\/#\\\/schema\\\/logo\\\/image\\\/\",\"url\":\"https:\\\/\\\/silver.rbcinsurance.com\\\/fr-ca\\\/wp-content\\\/uploads\\\/sites\\\/3\\\/2021\\\/06\\\/rbc-logo-shield.svg?quality=80&w=1024\",\"contentUrl\":\"https:\\\/\\\/silver.rbcinsurance.com\\\/fr-ca\\\/wp-content\\\/uploads\\\/sites\\\/3\\\/2021\\\/06\\\/rbc-logo-shield.svg?quality=80&w=1024\",\"width\":\"1024\",\"height\":\"1024\",\"caption\":\"RBC Assurances\"},\"image\":{\"@id\":\"https:\\\/\\\/silver.rbcinsurance.com\\\/fr-ca\\\/#\\\/schema\\\/logo\\\/image\\\/\"},\"description\":\"RBC Assurances offre aux Canadiens des assurances personnelles telles que des assurances auto, habitation, vie, sant\u00e9, voyage et cr\u00e9dit, ainsi que des solutions de placement pour la retraite.\",\"telephone\":\"1 800 769-2568\",\"legalName\":\"Services d'assurance RBC Inc.\",\"numberOfEmployees\":{\"@type\":\"QuantitativeValue\",\"minValue\":\"1001\",\"maxValue\":\"5000\"}}]}<\/script>\n<!-- \/ Yoast SEO Premium plugin. -->","yoast_head_json":{"title":"Assureurs | RBC Assurances","description":"Informations sur nos assureurs pour des solutions d'assurance habitation, vie, sant\u00e9 et voyage.","robots":{"index":"index","follow":"follow","max-snippet":"max-snippet:-1","max-image-preview":"max-image-preview:large","max-video-preview":"max-video-preview:-1"},"canonical":"https:\/\/silver.rbcinsurance.com\/fr-ca\/assureurs\/","og_locale":"fr_FR","og_type":"article","og_title":"Assureurs | RBC Assurances","og_description":"Informations sur nos assureurs pour des solutions d'assurance habitation, vie, sant\u00e9 et voyage.","og_url":"https:\/\/silver.rbcinsurance.com\/fr-ca\/assureurs\/","og_site_name":"RBC Assurances","article_modified_time":"2025-10-29T20:00:01+00:00","og_image":[{"width":607,"height":573,"url":"https:\/\/silver.rbcinsurance.com\/fr-ca\/wp-content\/uploads\/sites\/3\/2025\/04\/Underwriter_Get-Help-Card.webp?quality=80","type":"image\/webp"}],"twitter_card":"summary_large_image","twitter_misc":{"Est. reading time":"2 minutes"},"schema":{"@context":"https:\/\/schema.org","@graph":[{"@type":"WebPage","@id":"https:\/\/silver.rbcinsurance.com\/fr-ca\/assureurs\/","url":"https:\/\/silver.rbcinsurance.com\/fr-ca\/assureurs\/","name":"Assureurs | RBC Assurances","isPartOf":{"@id":"https:\/\/silver.rbcinsurance.com\/fr-ca\/#website"},"primaryImageOfPage":{"@id":"https:\/\/silver.rbcinsurance.com\/fr-ca\/assureurs\/#primaryimage"},"image":{"@id":"https:\/\/silver.rbcinsurance.com\/fr-ca\/assureurs\/#primaryimage"},"thumbnailUrl":"https:\/\/silver.rbcinsurance.com\/fr-ca\/wp-content\/uploads\/sites\/3\/2025\/04\/Underwriter_Get-Help-Card.webp?quality=80&amp;w=607","datePublished":"2025-05-06T13:39:55+00:00","dateModified":"2025-10-29T20:00:01+00:00","description":"Informations sur nos assureurs pour des solutions d'assurance habitation, vie, sant\u00e9 et voyage.","breadcrumb":{"@id":"https:\/\/silver.rbcinsurance.com\/fr-ca\/assureurs\/#breadcrumb"},"inLanguage":"fr-FR","potentialAction":[{"@type":"ReadAction","target":["https:\/\/silver.rbcinsurance.com\/fr-ca\/assureurs\/"]}]},{"@type":"ImageObject","inLanguage":"fr-FR","@id":"https:\/\/silver.rbcinsurance.com\/fr-ca\/assureurs\/#primaryimage","url":"https:\/\/silver.rbcinsurance.com\/fr-ca\/wp-content\/uploads\/sites\/3\/2025\/04\/Underwriter_Get-Help-Card.webp?quality=80","contentUrl":"https:\/\/silver.rbcinsurance.com\/fr-ca\/wp-content\/uploads\/sites\/3\/2025\/04\/Underwriter_Get-Help-Card.webp?quality=80","width":607,"height":573},{"@type":"BreadcrumbList","@id":"https:\/\/silver.rbcinsurance.com\/fr-ca\/assureurs\/#breadcrumb","itemListElement":[{"@type":"ListItem","position":1,"name":"Accueil","item":"https:\/\/silver.rbcinsurance.com\/fr-ca\/"},{"@type":"ListItem","position":2,"name":"Assureurs"}]},{"@type":"WebSite","@id":"https:\/\/silver.rbcinsurance.com\/fr-ca\/#website","url":"https:\/\/silver.rbcinsurance.com\/fr-ca\/","name":"RBC Assurances","description":"Assurance individuelle","publisher":{"@id":"https:\/\/silver.rbcinsurance.com\/fr-ca\/#organization"},"potentialAction":[{"@type":"SearchAction","target":{"@type":"EntryPoint","urlTemplate":"https:\/\/silver.rbcinsurance.com\/fr-ca\/?s={search_term_string}"},"query-input":{"@type":"PropertyValueSpecification","valueRequired":true,"valueName":"search_term_string"}}],"inLanguage":"fr-FR"},{"@type":"Organization","@id":"https:\/\/silver.rbcinsurance.com\/fr-ca\/#organization","name":"RBC Assurances","url":"https:\/\/silver.rbcinsurance.com\/fr-ca\/","logo":{"@type":"ImageObject","inLanguage":"fr-FR","@id":"https:\/\/silver.rbcinsurance.com\/fr-ca\/#\/schema\/logo\/image\/","url":"https:\/\/silver.rbcinsurance.com\/fr-ca\/wp-content\/uploads\/sites\/3\/2021\/06\/rbc-logo-shield.svg?quality=80&w=1024","contentUrl":"https:\/\/silver.rbcinsurance.com\/fr-ca\/wp-content\/uploads\/sites\/3\/2021\/06\/rbc-logo-shield.svg?quality=80&w=1024","width":"1024","height":"1024","caption":"RBC Assurances"},"image":{"@id":"https:\/\/silver.rbcinsurance.com\/fr-ca\/#\/schema\/logo\/image\/"},"description":"RBC Assurances offre aux Canadiens des assurances personnelles telles que des assurances auto, habitation, vie, sant\u00e9, voyage et cr\u00e9dit, ainsi que des solutions de placement pour la retraite.","telephone":"1 800 769-2568","legalName":"Services d'assurance RBC Inc.","numberOfEmployees":{"@type":"QuantitativeValue","minValue":"1001","maxValue":"5000"}}]}},"jetpack_sharing_enabled":true,"_links":{"self":[{"href":"https:\/\/silver.rbcinsurance.com\/fr-ca\/wp-json\/wp\/v2\/pages\/18637","targetHints":{"allow":["GET"]}}],"collection":[{"href":"https:\/\/silver.rbcinsurance.com\/fr-ca\/wp-json\/wp\/v2\/pages"}],"about":[{"href":"https:\/\/silver.rbcinsurance.com\/fr-ca\/wp-json\/wp\/v2\/types\/page"}],"author":[{"embeddable":true,"href":"https:\/\/silver.rbcinsurance.com\/fr-ca\/wp-json\/wp\/v2\/users\/203"}],"replies":[{"embeddable":true,"href":"https:\/\/silver.rbcinsurance.com\/fr-ca\/wp-json\/wp\/v2\/comments?post=18637"}],"version-history":[{"count":8,"href":"https:\/\/silver.rbcinsurance.com\/fr-ca\/wp-json\/wp\/v2\/pages\/18637\/revisions"}],"predecessor-version":[{"id":22819,"href":"https:\/\/silver.rbcinsurance.com\/fr-ca\/wp-json\/wp\/v2\/pages\/18637\/revisions\/22819"}],"wp:attachment":[{"href":"https:\/\/silver.rbcinsurance.com\/fr-ca\/wp-json\/wp\/v2\/media?parent=18637"}],"curies":[{"name":"wp","href":"https:\/\/api.w.org\/{rel}","templated":true}]}}