{"id":18550,"date":"2025-05-06T09:24:40","date_gmt":"2025-05-06T13:24:40","guid":{"rendered":"https:\/\/silver.rbcinsurance.com\/fr-ca\/?page_id=18550"},"modified":"2025-08-26T12:21:23","modified_gmt":"2025-08-26T16:21:23","slug":"economiser-grace-aux-medicaments-generiques","status":"publish","type":"page","link":"https:\/\/silver.rbcinsurance.com\/fr-ca\/assurance-collective\/economiser-grace-aux-medicaments-generiques\/","title":{"rendered":"\u00c9conomiser gr\u00e2ce aux m\u00e9dicaments g\u00e9n\u00e9riques"},"content":{"rendered":"\n<p><\/p>\n\n\n<div class=\"yoast-breadcrumbs\"><span class=\"rbc-yoast-breadcrum-span\"><span><a href=\"https:\/\/silver.rbcinsurance.com\/fr-ca\/\">Accueil<\/a><\/span> &gt; <span><a href=\"https:\/\/silver.rbcinsurance.com\/fr-ca\/assurance-collective\/\">Assurance collective<\/a><\/span> &gt; <span class=\"breadcrumb_last\" aria-current=\"page\">\u00c9conomiser gr\u00e2ce aux m\u00e9dicaments g\u00e9n\u00e9riques<\/span><\/span><\/div>\n\n\n<p><\/p>\n\n\n\n<h1 class=\"wp-block-heading\" id=\"h-economiser-grace-aux-medicaments-generiques\"><span class=\"partial__border-bottom\">\u00c9conomiser gr\u00e2ce aux m\u00e9dicaments g\u00e9n\u00e9riques<\/span><\/h1>\n\n\n\n<div class=\"wp-block-group is-layout-flow wp-block-group-is-layout-flow\">\n<div class=\"wp-block-group layoutSelector__cards-container layoutSelector__is-flex layoutSelector__direction-row is-layout-flow wp-block-group-is-layout-flow\">\n<div class=\"wp-block-group layoutSelector__is-flex layoutSelector__direction-col flex-gap-0 flex-1\/3 is-layout-flow wp-block-group-is-layout-flow\">\n<h3 class=\"wp-block-heading\" id=\"h-le-cout-moyen-d-un-medicament-generique-s-eleve-a-seulement-25-du-cout-du-medicament-d-origine-equivalent\">Le co\u00fbt moyen d\u2019un m\u00e9dicament g\u00e9n\u00e9rique s\u2019\u00e9l\u00e8ve \u00e0 seulement 25 % du co\u00fbt du m\u00e9dicament d\u2019origine \u00e9quivalent.<\/h3>\n\n\n\n<p><\/p>\n<\/div>\n\n\n\n<div class=\"wp-block-group layoutSelector__is-flex layoutSelector__direction-col flex-2\/3 is-layout-flow wp-block-group-is-layout-flow\">\n<div class=\"wp-block-group layoutSelector__is-flex layoutSelector__direction-row is-layout-flow wp-block-group-is-layout-flow\">\n<div class=\"wp-block-rbc-information-card informationCard\" style=\"--icon-url:url(undefined);background-color:#F7F8FA\">\n<div class=\"wp-block-group informationCard__content is-layout-flow wp-block-group-is-layout-flow\">\n<p>Si vous avez eu recours au r\u00e9gime d\u2019assurance maladie de votre entreprise pour des m\u00e9dicaments d\u2019ordonnance, vous connaissez toute la valeur d\u2019un tel r\u00e9gime. En fait, 83 % des membres de r\u00e9gime sond\u00e9s consid\u00e8rent l\u2019assurance m\u00e9dicaments comme l\u2019avantage social le plus important de leur entreprise<sup><a href=\"#legal-1\" data-dig-id=\"LP-18550-8c410753\" data-dig-category=\"LP\" data-dig-action=\"link click\" data-dig-label=\"1\" class=\"rbc-link-format\">1<\/a><\/sup>.<\/p>\n<\/div>\n\n\n\n<p><\/p>\n\n\n\n<p>Les employeurs sont conscients de la valeur d\u2019un r\u00e9gime d\u2019assurance maladie, mais le nombre croissant de demandes de r\u00e8glement co\u00fbte particuli\u00e8rement cher aux entreprises. Par cons\u00e9quent, tant les employeurs que les employ\u00e9s ressentent les r\u00e9percussions financi\u00e8res de la hausse du co\u00fbt des sinistres, \u00e0 laquelle peuvent contribuer les m\u00e9dicaments d\u2019origine.<\/p>\n<\/div>\n<\/div>\n<\/div>\n<\/div>\n<\/div>\n\n\n\n<div class=\"wp-block-group layoutSelector__cards-container layoutSelector__is-flex layoutSelector__direction-row is-layout-flow wp-block-group-is-layout-flow\">\n<div class=\"wp-block-group layoutSelector__is-flex layoutSelector__direction-col flex-gap-0 flex-1\/3 is-layout-flow wp-block-group-is-layout-flow\">\n<h3 class=\"wp-block-heading\" id=\"h-ce-que-vous-pouvez-faire\">Ce que vous pouvez faire<\/h3>\n\n\n\n<p><\/p>\n<\/div>\n\n\n\n<div class=\"wp-block-group layoutSelector__is-flex layoutSelector__direction-col flex-2\/3 is-layout-flow wp-block-group-is-layout-flow\">\n<div class=\"wp-block-group layoutSelector__is-flex layoutSelector__direction-row is-layout-flow wp-block-group-is-layout-flow\">\n<div class=\"wp-block-rbc-information-card informationCard\" style=\"--icon-url:url(undefined);background-color:#F7F8FA\">\n<div class=\"wp-block-group informationCard__content is-layout-flow wp-block-group-is-layout-flow\">\n<p>Une mani\u00e8re facile pour vous de contr\u00f4ler les co\u00fbts li\u00e9s \u00e0 votre utilisation de l\u2019assurance m\u00e9dicaments consiste \u00e0 choisir des m\u00e9dicaments g\u00e9n\u00e9riques plut\u00f4t que les m\u00e9dicaments \u00e9quivalents de marque d\u00e9pos\u00e9e. Par exemple, la prochaine fois que vous aurez besoin d\u2019une ordonnance, demandez \u00e0 votre m\u00e9decin de vous prescrire la version g\u00e9n\u00e9rique du m\u00e9dicament. Vous pouvez \u00e9galement demander au pharmacien s\u2019il existe un m\u00e9dicament g\u00e9n\u00e9rique \u00e0 moindre co\u00fbt.<\/p>\n<\/div>\n<\/div>\n<\/div>\n<\/div>\n<\/div>\n\n\n\n<div class=\"wp-block-group layoutSelector__cards-container layoutSelector__is-flex layoutSelector__direction-row is-layout-flow wp-block-group-is-layout-flow\">\n<div class=\"wp-block-group layoutSelector__is-flex layoutSelector__direction-col flex-gap-0 flex-1\/3 is-layout-flow wp-block-group-is-layout-flow\">\n<h3 class=\"wp-block-heading\" id=\"h-six-faits-au-sujet-des-medicaments-generiques-qui-pourraient-vous-surprendre\"><strong>Six faits au sujet des m\u00e9dicaments g\u00e9n\u00e9riques qui pourraient vous surprendre<\/strong> :<\/h3>\n\n\n\n<p><\/p>\n<\/div>\n\n\n\n<div class=\"wp-block-group layoutSelector__is-flex layoutSelector__direction-col flex-2\/3 is-layout-flow wp-block-group-is-layout-flow\">\n<div class=\"wp-block-group layoutSelector__is-flex layoutSelector__direction-row is-layout-flow wp-block-group-is-layout-flow\">\n<div class=\"wp-block-rbc-information-card informationCard\" style=\"--icon-url:url(undefined);background-color:#F7F8FA\">\n<div class=\"wp-block-group informationCard__content is-layout-flow wp-block-group-is-layout-flow\">\n<ol class=\"wp-block-list  list-core-block second-level-inherit third-level-inherit\">\n<li>Le co\u00fbt moyen d\u2019un m\u00e9dicament g\u00e9n\u00e9rique s\u2019\u00e9l\u00e8ve \u00e0 seulement 25 % du co\u00fbt du m\u00e9dicament d\u2019origine \u00e9quivalent.<\/li>\n\n\n\n<li>Un m\u00e9dicament g\u00e9n\u00e9rique est une copie d\u2019un m\u00e9dicament de marque d\u00e9pos\u00e9e dont le brevet a expir\u00e9. Pour \u00eatre approuv\u00e9 par Sant\u00e9 Canada, un m\u00e9dicament g\u00e9n\u00e9rique doit avoir la m\u00eame qualit\u00e9, puret\u00e9, efficacit\u00e9 et innocuit\u00e9 que le m\u00e9dicament d\u2019origine.<\/li>\n\n\n\n<li>Les m\u00e9dicaments g\u00e9n\u00e9riques doivent contenir le m\u00eame montant d\u2019ingr\u00e9dients m\u00e9dicinaux que les m\u00e9dicaments \u00e9quivalents de marque d\u00e9pos\u00e9e. Par contre, les ingr\u00e9dients non m\u00e9dicinaux des m\u00e9dicaments g\u00e9n\u00e9riques, comme les excipients et les ingr\u00e9dients servant \u00e0 colorer le m\u00e9dicament, peuvent \u00eatre diff\u00e9rents de ceux contenus dans le m\u00e9dicament \u00e9quivalent de marque d\u00e9pos\u00e9e (d\u2019o\u00f9 leur apparence visuelle diff\u00e9rente).<\/li>\n\n\n\n<li>\u00c9tant donn\u00e9 que le fabricant d\u2019un m\u00e9dicament g\u00e9n\u00e9rique produit un m\u00e9dicament pratiquement identique au m\u00e9dicament d\u2019origine sans les investissements en recherche et d\u00e9veloppement il peut vendre le m\u00e9dicament g\u00e9n\u00e9rique beaucoup moins cher que le m\u00e9dicament de marque.<\/li>\n\n\n\n<li>Bon nombre d\u2019assurances m\u00e9dicaments couvrent uniquement le m\u00e9dicament le moins cher qui est disponible. Si c\u2019est le cas de votre r\u00e9gime, lorsque vous choisissez le m\u00e9dicament d\u2019origine, vous devez payer la diff\u00e9rence entre le co\u00fbt de la marque d\u00e9pos\u00e9e et le co\u00fbt de la version g\u00e9n\u00e9rique.<\/li>\n\n\n\n<li>Les m\u00e9dicaments g\u00e9n\u00e9riques constituent plus de 40 % de toutes les ordonnances au Canada<sup><a href=\"#legal-2\" data-dig-id=\"LP-18550-aecbd65c\" data-dig-category=\"LP\" data-dig-action=\"link click\" data-dig-label=\"2\" class=\"rbc-link-format\">2<\/a><\/sup>.<\/li>\n<\/ol>\n<\/div>\n<\/div>\n<\/div>\n<\/div>\n<\/div>\n\n\n\n<section class=\"wp-block-rbc-rbc-legal-collapsible disclaimer pad-b-dbl mob-pad-b-dbl\" aria-label=\"Legal Disclaimers\"><div class=\"section-inner\"><p><button class=\"collapse-toggle collapsed\" data-target=\"#collapseDisclaimer\" data-toggle=\"collapse\" aria-expanded=\"false\" aria-controls=\"collapseDisclaimer\" data-dig-id=\"LP-18550-2e6dd751\" data-dig-category=\"LP\" data-dig-action=\"legal close\" data-dig-label=\"legal close\" action-closed=\"legal close\" action-opened=\"legal open\" label-close=\"legal open\" label-open=\"legal close\"><span>Afficher les avis de non-responsabilit\u00e9<\/span><span>Cacher les avis de non-responsabilit\u00e9<\/span><\/button><\/p><div class=\"collapse-content collapse\" id=\"collapseDisclaimer\"><div class=\"collapse-inner\"><div class=\"table-wpr\">\n<div class=\"wp-block-rbc-rbc-disclaimer-block\"><div class=\"table-row\" id=\"legal-1\"><div class=\"table-cell\"><span class=\"offscreen\">Legal Disclaimer<\/span><sup>1<\/sup><\/div><div class=\"table-cell\">\n<p>Sondage Sanofi Canada sur les soins de sant\u00e9, 2014.<\/p>\n<\/div><\/div><\/div>\n\n\n\n<div class=\"wp-block-rbc-rbc-disclaimer-block\"><div class=\"table-row\" id=\"legal-2\"><div class=\"table-cell\"><span class=\"offscreen\">Legal Disclaimer<\/span><sup>2<\/sup><\/div><div class=\"table-cell\">\n<p>Association canadienne du m\u00e9dicament g\u00e9n\u00e9rique (CGPA) :<br><a href=\"http:\/\/www.canadiangenerics.ca\/\" target=\"_blank\" data-dig-id=\"LP-18550-3e822446\" data-dig-category=\"LP\" data-dig-action=\"link click\" data-dig-label=\"http:\/\/www.canadiangenerics.ca\/\" class=\"rbc-link-format externalsite-link\" data-icon-class=\"externalsite-link\" rel=\"noreferrer noopener\">http:\/\/www.canadiangenerics.ca<\/a><a href=\"http:\/\/www.canadiangenerics.ca\/\" data-dig-id=\"LP-18550-3e822446\" data-dig-category=\"LP\" data-dig-action=\"link click\" data-dig-label=\"http:\/\/www.canadiangenerics.ca\/\" class=\"rbc-link-format\">\/<\/a><\/p>\n<\/div><\/div><\/div>\n<\/div><\/div><\/div><\/div><\/section>\n","protected":false},"excerpt":{"rendered":"<p>\u00c9conomiser gr\u00e2ce aux m\u00e9dicaments g\u00e9n\u00e9riques Le co\u00fbt moyen d\u2019un m\u00e9dicament g\u00e9n\u00e9rique s\u2019\u00e9l\u00e8ve \u00e0 seulement 25 % du co\u00fbt du m\u00e9dicament d\u2019origine \u00e9quivalent. Ce que vous pouvez faire Six faits au sujet des m\u00e9dicaments g\u00e9n\u00e9riques qui pourraient vous surprendre :<\/p>\n","protected":false},"author":203,"featured_media":0,"parent":11588,"menu_order":0,"comment_status":"closed","ping_status":"closed","template":"templates\/new-rbci-design.php","meta":{"_acf_changed":false,"footnotes":""},"class_list":["post-18550","page","type-page","status-publish","hentry"],"acf":[],"yoast_head":"<!-- This site is optimized with the Yoast SEO Premium plugin v27.3 (Yoast SEO v27.3) - https:\/\/yoast.com\/product\/yoast-seo-premium-wordpress\/ -->\n<title>\u00c9conomiser gr\u00e2ce aux m\u00e9dicaments g\u00e9n\u00e9riques | RBC Assurances<\/title>\n<meta name=\"description\" content=\"D\u00e9couvrez comment vous pouvez \u00e9conomiser de l&#039;argent en choisissant des m\u00e9dicaments g\u00e9n\u00e9riques et aider \u00e0 contr\u00f4ler vos co\u00fbts.\" \/>\n<meta name=\"robots\" content=\"index, follow, max-snippet:-1, max-image-preview:large, max-video-preview:-1\" \/>\n<link rel=\"canonical\" href=\"https:\/\/silver.rbcinsurance.com\/fr-ca\/assurance-collective\/economiser-grace-aux-medicaments-generiques\/\" \/>\n<meta property=\"og:locale\" content=\"fr_FR\" \/>\n<meta property=\"og:type\" content=\"article\" \/>\n<meta property=\"og:title\" content=\"\u00c9conomiser gr\u00e2ce aux m\u00e9dicaments g\u00e9n\u00e9riques | RBC Assurances\" \/>\n<meta property=\"og:description\" content=\"D\u00e9couvrez comment vous pouvez \u00e9conomiser de l&#039;argent en choisissant des m\u00e9dicaments g\u00e9n\u00e9riques et aider \u00e0 contr\u00f4ler vos co\u00fbts.\" \/>\n<meta property=\"og:url\" content=\"https:\/\/silver.rbcinsurance.com\/fr-ca\/assurance-collective\/economiser-grace-aux-medicaments-generiques\/\" \/>\n<meta property=\"og:site_name\" content=\"RBC Assurances\" \/>\n<meta property=\"article:modified_time\" content=\"2025-08-26T16:21:23+00:00\" \/>\n<meta property=\"og:image\" content=\"https:\/\/silver.rbcinsurance.com\/fr-ca\/wp-content\/uploads\/sites\/3\/2024\/12\/personal-insurance-mobile.webp?quality=80\" \/>\n\t<meta property=\"og:image:width\" content=\"450\" \/>\n\t<meta property=\"og:image:height\" content=\"250\" \/>\n\t<meta property=\"og:image:type\" content=\"image\/webp\" \/>\n<meta name=\"twitter:card\" content=\"summary_large_image\" \/>\n<meta name=\"twitter:label1\" content=\"Est. reading time\" \/>\n\t<meta name=\"twitter:data1\" content=\"3 minutes\" \/>\n<script type=\"application\/ld+json\" class=\"yoast-schema-graph\">{\"@context\":\"https:\\\/\\\/schema.org\",\"@graph\":[{\"@type\":\"WebPage\",\"@id\":\"https:\\\/\\\/silver.rbcinsurance.com\\\/fr-ca\\\/assurance-collective\\\/economiser-grace-aux-medicaments-generiques\\\/\",\"url\":\"https:\\\/\\\/silver.rbcinsurance.com\\\/fr-ca\\\/assurance-collective\\\/economiser-grace-aux-medicaments-generiques\\\/\",\"name\":\"\u00c9conomiser gr\u00e2ce aux m\u00e9dicaments g\u00e9n\u00e9riques | RBC Assurances\",\"isPartOf\":{\"@id\":\"https:\\\/\\\/silver.rbcinsurance.com\\\/fr-ca\\\/#website\"},\"datePublished\":\"2025-05-06T13:24:40+00:00\",\"dateModified\":\"2025-08-26T16:21:23+00:00\",\"description\":\"D\u00e9couvrez comment vous pouvez \u00e9conomiser de l'argent en choisissant des m\u00e9dicaments g\u00e9n\u00e9riques et aider \u00e0 contr\u00f4ler vos co\u00fbts.\",\"breadcrumb\":{\"@id\":\"https:\\\/\\\/silver.rbcinsurance.com\\\/fr-ca\\\/assurance-collective\\\/economiser-grace-aux-medicaments-generiques\\\/#breadcrumb\"},\"inLanguage\":\"fr-FR\",\"potentialAction\":[{\"@type\":\"ReadAction\",\"target\":[\"https:\\\/\\\/silver.rbcinsurance.com\\\/fr-ca\\\/assurance-collective\\\/economiser-grace-aux-medicaments-generiques\\\/\"]}]},{\"@type\":\"BreadcrumbList\",\"@id\":\"https:\\\/\\\/silver.rbcinsurance.com\\\/fr-ca\\\/assurance-collective\\\/economiser-grace-aux-medicaments-generiques\\\/#breadcrumb\",\"itemListElement\":[{\"@type\":\"ListItem\",\"position\":1,\"name\":\"Accueil\",\"item\":\"https:\\\/\\\/silver.rbcinsurance.com\\\/fr-ca\\\/\"},{\"@type\":\"ListItem\",\"position\":2,\"name\":\"Assurance collective\",\"item\":\"https:\\\/\\\/silver.rbcinsurance.com\\\/fr-ca\\\/assurance-collective\\\/\"},{\"@type\":\"ListItem\",\"position\":3,\"name\":\"\u00c9conomiser gr\u00e2ce aux m\u00e9dicaments g\u00e9n\u00e9riques\"}]},{\"@type\":\"WebSite\",\"@id\":\"https:\\\/\\\/silver.rbcinsurance.com\\\/fr-ca\\\/#website\",\"url\":\"https:\\\/\\\/silver.rbcinsurance.com\\\/fr-ca\\\/\",\"name\":\"RBC Assurances\",\"description\":\"Assurance individuelle\",\"publisher\":{\"@id\":\"https:\\\/\\\/silver.rbcinsurance.com\\\/fr-ca\\\/#organization\"},\"potentialAction\":[{\"@type\":\"SearchAction\",\"target\":{\"@type\":\"EntryPoint\",\"urlTemplate\":\"https:\\\/\\\/silver.rbcinsurance.com\\\/fr-ca\\\/?s={search_term_string}\"},\"query-input\":{\"@type\":\"PropertyValueSpecification\",\"valueRequired\":true,\"valueName\":\"search_term_string\"}}],\"inLanguage\":\"fr-FR\"},{\"@type\":\"Organization\",\"@id\":\"https:\\\/\\\/silver.rbcinsurance.com\\\/fr-ca\\\/#organization\",\"name\":\"RBC Assurances\",\"url\":\"https:\\\/\\\/silver.rbcinsurance.com\\\/fr-ca\\\/\",\"logo\":{\"@type\":\"ImageObject\",\"inLanguage\":\"fr-FR\",\"@id\":\"https:\\\/\\\/silver.rbcinsurance.com\\\/fr-ca\\\/#\\\/schema\\\/logo\\\/image\\\/\",\"url\":\"https:\\\/\\\/silver.rbcinsurance.com\\\/fr-ca\\\/wp-content\\\/uploads\\\/sites\\\/3\\\/2021\\\/06\\\/rbc-logo-shield.svg?quality=80&w=1024\",\"contentUrl\":\"https:\\\/\\\/silver.rbcinsurance.com\\\/fr-ca\\\/wp-content\\\/uploads\\\/sites\\\/3\\\/2021\\\/06\\\/rbc-logo-shield.svg?quality=80&w=1024\",\"width\":\"1024\",\"height\":\"1024\",\"caption\":\"RBC Assurances\"},\"image\":{\"@id\":\"https:\\\/\\\/silver.rbcinsurance.com\\\/fr-ca\\\/#\\\/schema\\\/logo\\\/image\\\/\"},\"description\":\"RBC Assurances offre aux Canadiens des assurances personnelles telles que des assurances auto, habitation, vie, sant\u00e9, voyage et cr\u00e9dit, ainsi que des solutions de placement pour la retraite.\",\"telephone\":\"1 800 769-2568\",\"legalName\":\"Services d'assurance RBC Inc.\",\"numberOfEmployees\":{\"@type\":\"QuantitativeValue\",\"minValue\":\"1001\",\"maxValue\":\"5000\"}}]}<\/script>\n<!-- \/ Yoast SEO Premium plugin. -->","yoast_head_json":{"title":"\u00c9conomiser gr\u00e2ce aux m\u00e9dicaments g\u00e9n\u00e9riques | RBC Assurances","description":"D\u00e9couvrez comment vous pouvez \u00e9conomiser de l'argent en choisissant des m\u00e9dicaments g\u00e9n\u00e9riques et aider \u00e0 contr\u00f4ler vos co\u00fbts.","robots":{"index":"index","follow":"follow","max-snippet":"max-snippet:-1","max-image-preview":"max-image-preview:large","max-video-preview":"max-video-preview:-1"},"canonical":"https:\/\/silver.rbcinsurance.com\/fr-ca\/assurance-collective\/economiser-grace-aux-medicaments-generiques\/","og_locale":"fr_FR","og_type":"article","og_title":"\u00c9conomiser gr\u00e2ce aux m\u00e9dicaments g\u00e9n\u00e9riques | RBC Assurances","og_description":"D\u00e9couvrez comment vous pouvez \u00e9conomiser de l'argent en choisissant des m\u00e9dicaments g\u00e9n\u00e9riques et aider \u00e0 contr\u00f4ler vos co\u00fbts.","og_url":"https:\/\/silver.rbcinsurance.com\/fr-ca\/assurance-collective\/economiser-grace-aux-medicaments-generiques\/","og_site_name":"RBC Assurances","article_modified_time":"2025-08-26T16:21:23+00:00","og_image":[{"width":450,"height":250,"url":"https:\/\/silver.rbcinsurance.com\/fr-ca\/wp-content\/uploads\/sites\/3\/2024\/12\/personal-insurance-mobile.webp?quality=80","type":"image\/webp"}],"twitter_card":"summary_large_image","twitter_misc":{"Est. reading time":"3 minutes"},"schema":{"@context":"https:\/\/schema.org","@graph":[{"@type":"WebPage","@id":"https:\/\/silver.rbcinsurance.com\/fr-ca\/assurance-collective\/economiser-grace-aux-medicaments-generiques\/","url":"https:\/\/silver.rbcinsurance.com\/fr-ca\/assurance-collective\/economiser-grace-aux-medicaments-generiques\/","name":"\u00c9conomiser gr\u00e2ce aux m\u00e9dicaments g\u00e9n\u00e9riques | RBC Assurances","isPartOf":{"@id":"https:\/\/silver.rbcinsurance.com\/fr-ca\/#website"},"datePublished":"2025-05-06T13:24:40+00:00","dateModified":"2025-08-26T16:21:23+00:00","description":"D\u00e9couvrez comment vous pouvez \u00e9conomiser de l'argent en choisissant des m\u00e9dicaments g\u00e9n\u00e9riques et aider \u00e0 contr\u00f4ler vos co\u00fbts.","breadcrumb":{"@id":"https:\/\/silver.rbcinsurance.com\/fr-ca\/assurance-collective\/economiser-grace-aux-medicaments-generiques\/#breadcrumb"},"inLanguage":"fr-FR","potentialAction":[{"@type":"ReadAction","target":["https:\/\/silver.rbcinsurance.com\/fr-ca\/assurance-collective\/economiser-grace-aux-medicaments-generiques\/"]}]},{"@type":"BreadcrumbList","@id":"https:\/\/silver.rbcinsurance.com\/fr-ca\/assurance-collective\/economiser-grace-aux-medicaments-generiques\/#breadcrumb","itemListElement":[{"@type":"ListItem","position":1,"name":"Accueil","item":"https:\/\/silver.rbcinsurance.com\/fr-ca\/"},{"@type":"ListItem","position":2,"name":"Assurance collective","item":"https:\/\/silver.rbcinsurance.com\/fr-ca\/assurance-collective\/"},{"@type":"ListItem","position":3,"name":"\u00c9conomiser gr\u00e2ce aux m\u00e9dicaments g\u00e9n\u00e9riques"}]},{"@type":"WebSite","@id":"https:\/\/silver.rbcinsurance.com\/fr-ca\/#website","url":"https:\/\/silver.rbcinsurance.com\/fr-ca\/","name":"RBC Assurances","description":"Assurance individuelle","publisher":{"@id":"https:\/\/silver.rbcinsurance.com\/fr-ca\/#organization"},"potentialAction":[{"@type":"SearchAction","target":{"@type":"EntryPoint","urlTemplate":"https:\/\/silver.rbcinsurance.com\/fr-ca\/?s={search_term_string}"},"query-input":{"@type":"PropertyValueSpecification","valueRequired":true,"valueName":"search_term_string"}}],"inLanguage":"fr-FR"},{"@type":"Organization","@id":"https:\/\/silver.rbcinsurance.com\/fr-ca\/#organization","name":"RBC Assurances","url":"https:\/\/silver.rbcinsurance.com\/fr-ca\/","logo":{"@type":"ImageObject","inLanguage":"fr-FR","@id":"https:\/\/silver.rbcinsurance.com\/fr-ca\/#\/schema\/logo\/image\/","url":"https:\/\/silver.rbcinsurance.com\/fr-ca\/wp-content\/uploads\/sites\/3\/2021\/06\/rbc-logo-shield.svg?quality=80&w=1024","contentUrl":"https:\/\/silver.rbcinsurance.com\/fr-ca\/wp-content\/uploads\/sites\/3\/2021\/06\/rbc-logo-shield.svg?quality=80&w=1024","width":"1024","height":"1024","caption":"RBC Assurances"},"image":{"@id":"https:\/\/silver.rbcinsurance.com\/fr-ca\/#\/schema\/logo\/image\/"},"description":"RBC Assurances offre aux Canadiens des assurances personnelles telles que des assurances auto, habitation, vie, sant\u00e9, voyage et cr\u00e9dit, ainsi que des solutions de placement pour la retraite.","telephone":"1 800 769-2568","legalName":"Services d'assurance RBC Inc.","numberOfEmployees":{"@type":"QuantitativeValue","minValue":"1001","maxValue":"5000"}}]}},"jetpack_sharing_enabled":true,"_links":{"self":[{"href":"https:\/\/silver.rbcinsurance.com\/fr-ca\/wp-json\/wp\/v2\/pages\/18550","targetHints":{"allow":["GET"]}}],"collection":[{"href":"https:\/\/silver.rbcinsurance.com\/fr-ca\/wp-json\/wp\/v2\/pages"}],"about":[{"href":"https:\/\/silver.rbcinsurance.com\/fr-ca\/wp-json\/wp\/v2\/types\/page"}],"author":[{"embeddable":true,"href":"https:\/\/silver.rbcinsurance.com\/fr-ca\/wp-json\/wp\/v2\/users\/203"}],"replies":[{"embeddable":true,"href":"https:\/\/silver.rbcinsurance.com\/fr-ca\/wp-json\/wp\/v2\/comments?post=18550"}],"version-history":[{"count":11,"href":"https:\/\/silver.rbcinsurance.com\/fr-ca\/wp-json\/wp\/v2\/pages\/18550\/revisions"}],"predecessor-version":[{"id":18908,"href":"https:\/\/silver.rbcinsurance.com\/fr-ca\/wp-json\/wp\/v2\/pages\/18550\/revisions\/18908"}],"up":[{"embeddable":true,"href":"https:\/\/silver.rbcinsurance.com\/fr-ca\/wp-json\/wp\/v2\/pages\/11588"}],"wp:attachment":[{"href":"https:\/\/silver.rbcinsurance.com\/fr-ca\/wp-json\/wp\/v2\/media?parent=18550"}],"curies":[{"name":"wp","href":"https:\/\/api.w.org\/{rel}","templated":true}]}}