{"id":18548,"date":"2025-05-06T09:23:12","date_gmt":"2025-05-06T13:23:12","guid":{"rendered":"https:\/\/silver.rbcinsurance.com\/fr-ca\/?page_id=18548"},"modified":"2025-08-26T12:16:39","modified_gmt":"2025-08-26T16:16:39","slug":"comprendre-autorisation-prealable-de-medicaments-dordonnance","status":"publish","type":"page","link":"https:\/\/silver.rbcinsurance.com\/fr-ca\/assurance-collective\/comprendre-autorisation-prealable-de-medicaments-dordonnance\/","title":{"rendered":"Comprendre l\u2019autorisation pr\u00e9alable de m\u00e9dicaments d\u2019ordonnance"},"content":{"rendered":"\n<p><\/p>\n\n\n<div class=\"yoast-breadcrumbs\"><span class=\"rbc-yoast-breadcrum-span\"><span><a href=\"https:\/\/silver.rbcinsurance.com\/fr-ca\/\">Accueil<\/a><\/span> &gt; <span><a href=\"https:\/\/silver.rbcinsurance.com\/fr-ca\/assurance-collective\/\">Assurance collective<\/a><\/span> &gt; <span class=\"breadcrumb_last\" aria-current=\"page\">Comprendre l\u2019autorisation pr\u00e9alable de m\u00e9dicaments d\u2019ordonnance<\/span><\/span><\/div>\n\n\n<p><\/p>\n\n\n\n<h1 class=\"wp-block-heading\" id=\"h-comprendre-l-autorisation-prealable-de-medicaments-d-ordonnance\">Comprendre l\u2019autorisation pr\u00e9alable de m\u00e9dicaments d\u2019ordonnance<\/h1>\n\n\n\n<div class=\"wp-block-rbc-layout-selector layoutSelector layoutSelector__layout7 mar-t-dbl mob-mar-t-dbl\">\n<div class=\"wp-block-group is-layout-flow wp-block-group-is-layout-flow\">\n<div class=\"wp-block-group layoutSelector__header is-layout-flow wp-block-group-is-layout-flow\">\n<h4 class=\"wp-block-heading\" id=\"h-l-autorisation-prealable-a-ete-concue-pour-aider-a-proteger-les-patients-et-les-fournisseurs-de-soins-de-sante-en-veillant-a-ce-que-les-medicaments-d-ordonnance-soient-utilises-de-facon-appropriee\">L\u2019autorisation pr\u00e9alable a \u00e9t\u00e9 con\u00e7ue pour aider \u00e0 prot\u00e9ger les patients et les fournisseurs de soins de sant\u00e9 en veillant \u00e0 ce que les m\u00e9dicaments d\u2019ordonnance soient utilis\u00e9s de fa\u00e7on appropri\u00e9e.<\/h4>\n\n\n\n<p>L\u2019assurance m\u00e9dicaments est l\u2019assurance la plus utilis\u00e9e des r\u00e9gimes d\u2019assurance maladie offerts par les employeurs.<\/p>\n<\/div>\n<\/div>\n\n\n\n<p><\/p>\n\n\n\n<div class=\"wp-block-group is-layout-flow wp-block-group-is-layout-flow\">\n<div class=\"wp-block-group layoutSelector__header is-layout-flow wp-block-group-is-layout-flow\">\n<p><span class=\"partial__border-bottom\">\u00c9tant donn\u00e9 la valeur accord\u00e9e par les employ\u00e9s et leur famille \u00e0 l\u2019assurance m\u00e9dicaments, il est important que le co\u00fbt des demandes de r\u00e8glement soit g\u00e9r\u00e9 de fa\u00e7on \u00e0 ce qu\u2019ils puissent compter sur le r\u00e9gime quand ils en ont le plus besoin<\/span>.<\/p>\n<\/div>\n\n\n\n<div class=\"wp-block-group layoutSelector__cards-container layoutSelector__is-flex layoutSelector__direction-row is-layout-flow wp-block-group-is-layout-flow\">\n<div class=\"wp-block-group layoutSelector__is-flex layoutSelector__direction-col flex-gap-0 flex-1\/3 is-layout-flow wp-block-group-is-layout-flow\">\n<h3 class=\"wp-block-heading\" id=\"h-qu-est-ce-qu-une-autorisation-prealable\">Qu\u2019est-ce qu\u2019une autorisation pr\u00e9alable ?<\/h3>\n\n\n\n<p><\/p>\n<\/div>\n\n\n\n<div class=\"wp-block-group layoutSelector__is-flex layoutSelector__direction-col flex-2\/3 is-layout-flow wp-block-group-is-layout-flow\">\n<div class=\"wp-block-group layoutSelector__is-flex layoutSelector__direction-row is-layout-flow wp-block-group-is-layout-flow\">\n<div class=\"wp-block-rbc-information-card informationCard\" style=\"--icon-url:url(undefined);background-color:#F7F8FA\">\n<div class=\"wp-block-group informationCard__content is-layout-flow wp-block-group-is-layout-flow\">\n<p>L\u2019autorisation pr\u00e9alable a \u00e9t\u00e9 con\u00e7ue pour prot\u00e9ger les patients et les fournisseurs de soins de sant\u00e9 en veillant \u00e0 ce que les m\u00e9dicaments d\u2019ordonnance soient utilis\u00e9s de fa\u00e7on appropri\u00e9e.<\/p>\n<\/div>\n\n\n\n<p><\/p>\n\n\n\n<p>L\u2019autorisation pr\u00e9alable est utilis\u00e9e pour assurer que les membres du r\u00e9gime ne se fassent pas prescrire le m\u00e9dicament le plus on\u00e9reux avant d\u2019avoir tent\u00e9 de trouver une solution moins co\u00fbteuse. Cette surveillance des co\u00fbts permet de r\u00e9duire les co\u00fbts globaux du r\u00e9gime et permet aux employeurs de continuer \u00e0 offrir une assurance m\u00e9dicaments.<\/p>\n<\/div>\n<\/div>\n<\/div>\n<\/div>\n<\/div>\n<\/div>\n\n\n\n<div class=\"wp-block-group layoutSelector__cards-container layoutSelector__is-flex layoutSelector__direction-row is-layout-flow wp-block-group-is-layout-flow\">\n<div class=\"wp-block-group layoutSelector__is-flex layoutSelector__direction-col flex-gap-0 flex-1\/3 is-layout-flow wp-block-group-is-layout-flow\">\n<h3 class=\"wp-block-heading\" id=\"h-autorisation-prealable-a-rbc-assurances\">Autorisation pr\u00e9alable \u00e0 RBC Assurances<\/h3>\n\n\n\n<p><\/p>\n<\/div>\n\n\n\n<div class=\"wp-block-group layoutSelector__is-flex layoutSelector__direction-col flex-2\/3 is-layout-flow wp-block-group-is-layout-flow\">\n<div class=\"wp-block-group layoutSelector__is-flex layoutSelector__direction-row is-layout-flow wp-block-group-is-layout-flow\">\n<div class=\"wp-block-rbc-information-card informationCard\" style=\"--icon-url:url(undefined);background-color:#F7F8FA\">\n<div class=\"wp-block-group informationCard__content is-layout-flow wp-block-group-is-layout-flow\">\n<p>Notre programme d\u2019autorisation pr\u00e9alable permet de g\u00e9rer l\u2019augmentation du co\u00fbt des demandes de r\u00e8glement d\u2019assurance m\u00e9dicaments tout en donnant acc\u00e8s aux membres du r\u00e9gime \u00e0 la pharmacoth\u00e9rapie appropri\u00e9e.<\/p>\n<\/div>\n<\/div>\n<\/div>\n<\/div>\n<\/div>\n\n\n\n<div class=\"wp-block-group layoutSelector__cards-container layoutSelector__is-flex layoutSelector__direction-row is-layout-flow wp-block-group-is-layout-flow\">\n<div class=\"wp-block-group layoutSelector__is-flex layoutSelector__direction-col flex-gap-0 flex-1\/3 is-layout-flow wp-block-group-is-layout-flow\">\n<h3 class=\"wp-block-heading\" id=\"h-medicaments-qui-necessitent-une-autorisation-prealable\">M\u00e9dicaments qui n\u00e9cessitent une autorisation pr\u00e9alable<\/h3>\n\n\n\n<p><\/p>\n<\/div>\n\n\n\n<div class=\"wp-block-group layoutSelector__is-flex layoutSelector__direction-col flex-2\/3 is-layout-flow wp-block-group-is-layout-flow\">\n<div class=\"wp-block-group layoutSelector__is-flex layoutSelector__direction-row is-layout-flow wp-block-group-is-layout-flow\">\n<div class=\"wp-block-rbc-information-card informationCard\" style=\"--icon-url:url(undefined);background-color:#F7F8FA\">\n<div class=\"wp-block-group informationCard__content is-layout-flow wp-block-group-is-layout-flow\">\n<p>En g\u00e9n\u00e9ral, la liste de m\u00e9dicaments n\u00e9cessitant de RBC Assurances une autorisation pr\u00e9alable comprend les m\u00e9dicaments biologiques, qui sont des produits d\u00e9riv\u00e9s de sources vivantes par opposition \u00e0 des compos\u00e9s chimiques (appel\u00e9s aussi m\u00e9dicaments de sp\u00e9cialit\u00e9) et autres m\u00e9dicaments on\u00e9reux. RBC Assurances ne publie pas sa liste de m\u00e9dicaments n\u00e9cessitant une autorisation pr\u00e9alable, \u00e9tant donn\u00e9 qu\u2019elle peut \u00eatre modifi\u00e9e fr\u00e9quemment \u00e0 la suite de l\u2019ajout ou du retrait de certains m\u00e9dicaments.<\/p>\n<\/div>\n\n\n\n<p><\/p>\n\n\n\n<p>Si vous prenez un m\u00e9dicament figurant sur la liste de m\u00e9dicaments n\u00e9cessitant une autorisation pr\u00e9alable de RBC Assurances, demandez \u00e0 votre m\u00e9decin de remplir le formulaire d\u2019autorisation pr\u00e9alable (autorisation sp\u00e9ciale).<\/p>\n<\/div>\n<\/div>\n<\/div>\n<\/div>\n\n\n\n<div class=\"wp-block-group layoutSelector__cards-container layoutSelector__is-flex layoutSelector__direction-row is-layout-flow wp-block-group-is-layout-flow\">\n<div class=\"wp-block-group layoutSelector__is-flex layoutSelector__direction-col flex-gap-0 flex-1\/3 is-layout-flow wp-block-group-is-layout-flow\">\n<h3 class=\"wp-block-heading\" id=\"h-mon-precedent-regime-couvrait-un-medicament-qui-necessite-une-approbation-prealable\">Mon pr\u00e9c\u00e9dent r\u00e9gime couvrait un m\u00e9dicament qui n\u00e9cessite une approbation pr\u00e9alable<\/h3>\n\n\n\n<p><\/p>\n<\/div>\n\n\n\n<div class=\"wp-block-group layoutSelector__is-flex layoutSelector__direction-col flex-2\/3 is-layout-flow wp-block-group-is-layout-flow\">\n<div class=\"wp-block-group layoutSelector__is-flex layoutSelector__direction-row is-layout-flow wp-block-group-is-layout-flow\">\n<div class=\"wp-block-rbc-information-card informationCard\" style=\"--icon-url:url(undefined);background-color:#F7F8FA\">\n<div class=\"wp-block-group informationCard__content is-layout-flow wp-block-group-is-layout-flow\">\n<p>Si vous pouvez fournir une preuve que votre pr\u00e9c\u00e9dent r\u00e9gime couvrait le m\u00e9dicament n\u00e9cessitant une autorisation pr\u00e9alable, vous n\u2019aurez pas \u00e0 faire remplir le formulaire d\u2019autorisation pr\u00e9alable.<\/p>\n<\/div>\n\n\n\n<p><\/p>\n\n\n\n<p>Appelez simplement le Centre des r\u00e8glements, Assurance maladie et soins dentaires, au 1 855 264-2174 qui vous confirmera les renseignements dont nous avons besoin pour traiter votre demande de r\u00e8glement (par exemple, une copie d\u2019une lettre d\u2019approbation de votre pr\u00e9c\u00e9dent assureur ou un re\u00e7u de pharmacie).<\/p>\n<\/div>\n<\/div>\n<\/div>\n<\/div>\n\n\n\n<div class=\"wp-block-group layoutSelector__cards-container layoutSelector__is-flex layoutSelector__direction-row pad-b-dbl mob-pad-b-dbl is-layout-flow wp-block-group-is-layout-flow\">\n<div class=\"wp-block-group layoutSelector__is-flex layoutSelector__direction-col flex-gap-0 flex-1\/3 is-layout-flow wp-block-group-is-layout-flow\">\n<h3 class=\"wp-block-heading\" id=\"h-comment-savoir-si-le-medicament-que-l-on-m-a-prescrit-est-sur-la-liste-de-medicaments-qui-necessitent-une-autorisation-prealable\">Comment savoir si le m\u00e9dicament que l\u2019on m\u2019a prescrit est sur la liste de m\u00e9dicaments qui n\u00e9cessitent une autorisation pr\u00e9alable ?<\/h3>\n\n\n\n<p><\/p>\n<\/div>\n\n\n\n<div class=\"wp-block-group layoutSelector__is-flex layoutSelector__direction-col flex-2\/3 is-layout-flow wp-block-group-is-layout-flow\">\n<div class=\"wp-block-group layoutSelector__is-flex layoutSelector__direction-row is-layout-flow wp-block-group-is-layout-flow\">\n<div class=\"wp-block-rbc-information-card informationCard\" style=\"--icon-url:url(undefined);background-color:#F7F8FA\">\n<div class=\"wp-block-group informationCard__content is-layout-flow wp-block-group-is-layout-flow\">\n<p>Pour savoir si le m\u00e9dicament que l\u2019on vous a prescrit est sur la liste de m\u00e9dicaments qui n\u00e9cessitent une autorisation pr\u00e9alable, appelez le Centre des r\u00e8glements, Assurance maladie et soins dentaires, au&nbsp;1 855 264-2174.<\/p>\n<\/div>\n<\/div>\n<\/div>\n<\/div>\n<\/div>\n","protected":false},"excerpt":{"rendered":"<p>Comprendre l\u2019autorisation pr\u00e9alable de m\u00e9dicaments d\u2019ordonnance Autorisation pr\u00e9alable \u00e0 RBC Assurances M\u00e9dicaments qui n\u00e9cessitent une autorisation pr\u00e9alable Mon pr\u00e9c\u00e9dent r\u00e9gime couvrait un m\u00e9dicament qui n\u00e9cessite une approbation pr\u00e9alable Comment savoir si le m\u00e9dicament que l\u2019on m\u2019a prescrit est sur la liste de m\u00e9dicaments qui n\u00e9cessitent une autorisation pr\u00e9alable ?<\/p>\n","protected":false},"author":203,"featured_media":0,"parent":11588,"menu_order":0,"comment_status":"closed","ping_status":"closed","template":"templates\/new-rbci-design.php","meta":{"_acf_changed":false,"footnotes":""},"class_list":["post-18548","page","type-page","status-publish","hentry"],"acf":[],"yoast_head":"<!-- This site is optimized with the Yoast SEO Premium plugin v27.3 (Yoast SEO v27.3) - https:\/\/yoast.com\/product\/yoast-seo-premium-wordpress\/ -->\n<title>Comprendre l\u2019autorisation pr\u00e9alable de m\u00e9dicaments d\u2019ordonnance | RBC Assurances<\/title>\n<meta name=\"description\" content=\"Informez-vous sur l&#039;autorisation pr\u00e9alable des m\u00e9dicaments sur ordonnance et son processus avec RBC.\" \/>\n<meta name=\"robots\" content=\"index, follow, max-snippet:-1, max-image-preview:large, max-video-preview:-1\" \/>\n<link rel=\"canonical\" href=\"https:\/\/silver.rbcinsurance.com\/fr-ca\/assurance-collective\/comprendre-autorisation-prealable-de-medicaments-dordonnance\/\" \/>\n<meta property=\"og:locale\" content=\"fr_FR\" \/>\n<meta property=\"og:type\" content=\"article\" \/>\n<meta property=\"og:title\" content=\"Comprendre l\u2019autorisation pr\u00e9alable de m\u00e9dicaments d\u2019ordonnance | RBC Assurances\" \/>\n<meta property=\"og:description\" content=\"Informez-vous sur l&#039;autorisation pr\u00e9alable des m\u00e9dicaments sur ordonnance et son processus avec RBC.\" \/>\n<meta property=\"og:url\" content=\"https:\/\/silver.rbcinsurance.com\/fr-ca\/assurance-collective\/comprendre-autorisation-prealable-de-medicaments-dordonnance\/\" \/>\n<meta property=\"og:site_name\" content=\"RBC Assurances\" \/>\n<meta property=\"article:modified_time\" content=\"2025-08-26T16:16:39+00:00\" \/>\n<meta property=\"og:image\" content=\"https:\/\/silver.rbcinsurance.com\/fr-ca\/wp-content\/uploads\/sites\/3\/2024\/12\/personal-insurance-mobile.webp?quality=80\" \/>\n\t<meta property=\"og:image:width\" content=\"450\" \/>\n\t<meta property=\"og:image:height\" content=\"250\" \/>\n\t<meta property=\"og:image:type\" content=\"image\/webp\" \/>\n<meta name=\"twitter:card\" content=\"summary_large_image\" \/>\n<meta name=\"twitter:label1\" content=\"Est. reading time\" \/>\n\t<meta name=\"twitter:data1\" content=\"3 minutes\" \/>\n<script type=\"application\/ld+json\" class=\"yoast-schema-graph\">{\"@context\":\"https:\\\/\\\/schema.org\",\"@graph\":[{\"@type\":\"WebPage\",\"@id\":\"https:\\\/\\\/silver.rbcinsurance.com\\\/fr-ca\\\/assurance-collective\\\/comprendre-autorisation-prealable-de-medicaments-dordonnance\\\/\",\"url\":\"https:\\\/\\\/silver.rbcinsurance.com\\\/fr-ca\\\/assurance-collective\\\/comprendre-autorisation-prealable-de-medicaments-dordonnance\\\/\",\"name\":\"Comprendre l\u2019autorisation pr\u00e9alable de m\u00e9dicaments d\u2019ordonnance | RBC Assurances\",\"isPartOf\":{\"@id\":\"https:\\\/\\\/silver.rbcinsurance.com\\\/fr-ca\\\/#website\"},\"datePublished\":\"2025-05-06T13:23:12+00:00\",\"dateModified\":\"2025-08-26T16:16:39+00:00\",\"description\":\"Informez-vous sur l'autorisation pr\u00e9alable des m\u00e9dicaments sur ordonnance et son processus avec RBC.\",\"breadcrumb\":{\"@id\":\"https:\\\/\\\/silver.rbcinsurance.com\\\/fr-ca\\\/assurance-collective\\\/comprendre-autorisation-prealable-de-medicaments-dordonnance\\\/#breadcrumb\"},\"inLanguage\":\"fr-FR\",\"potentialAction\":[{\"@type\":\"ReadAction\",\"target\":[\"https:\\\/\\\/silver.rbcinsurance.com\\\/fr-ca\\\/assurance-collective\\\/comprendre-autorisation-prealable-de-medicaments-dordonnance\\\/\"]}]},{\"@type\":\"BreadcrumbList\",\"@id\":\"https:\\\/\\\/silver.rbcinsurance.com\\\/fr-ca\\\/assurance-collective\\\/comprendre-autorisation-prealable-de-medicaments-dordonnance\\\/#breadcrumb\",\"itemListElement\":[{\"@type\":\"ListItem\",\"position\":1,\"name\":\"Accueil\",\"item\":\"https:\\\/\\\/silver.rbcinsurance.com\\\/fr-ca\\\/\"},{\"@type\":\"ListItem\",\"position\":2,\"name\":\"Assurance collective\",\"item\":\"https:\\\/\\\/silver.rbcinsurance.com\\\/fr-ca\\\/assurance-collective\\\/\"},{\"@type\":\"ListItem\",\"position\":3,\"name\":\"Comprendre l\u2019autorisation pr\u00e9alable de m\u00e9dicaments d\u2019ordonnance\"}]},{\"@type\":\"WebSite\",\"@id\":\"https:\\\/\\\/silver.rbcinsurance.com\\\/fr-ca\\\/#website\",\"url\":\"https:\\\/\\\/silver.rbcinsurance.com\\\/fr-ca\\\/\",\"name\":\"RBC Assurances\",\"description\":\"Assurance individuelle\",\"publisher\":{\"@id\":\"https:\\\/\\\/silver.rbcinsurance.com\\\/fr-ca\\\/#organization\"},\"potentialAction\":[{\"@type\":\"SearchAction\",\"target\":{\"@type\":\"EntryPoint\",\"urlTemplate\":\"https:\\\/\\\/silver.rbcinsurance.com\\\/fr-ca\\\/?s={search_term_string}\"},\"query-input\":{\"@type\":\"PropertyValueSpecification\",\"valueRequired\":true,\"valueName\":\"search_term_string\"}}],\"inLanguage\":\"fr-FR\"},{\"@type\":\"Organization\",\"@id\":\"https:\\\/\\\/silver.rbcinsurance.com\\\/fr-ca\\\/#organization\",\"name\":\"RBC Assurances\",\"url\":\"https:\\\/\\\/silver.rbcinsurance.com\\\/fr-ca\\\/\",\"logo\":{\"@type\":\"ImageObject\",\"inLanguage\":\"fr-FR\",\"@id\":\"https:\\\/\\\/silver.rbcinsurance.com\\\/fr-ca\\\/#\\\/schema\\\/logo\\\/image\\\/\",\"url\":\"https:\\\/\\\/silver.rbcinsurance.com\\\/fr-ca\\\/wp-content\\\/uploads\\\/sites\\\/3\\\/2021\\\/06\\\/rbc-logo-shield.svg?quality=80&w=1024\",\"contentUrl\":\"https:\\\/\\\/silver.rbcinsurance.com\\\/fr-ca\\\/wp-content\\\/uploads\\\/sites\\\/3\\\/2021\\\/06\\\/rbc-logo-shield.svg?quality=80&w=1024\",\"width\":\"1024\",\"height\":\"1024\",\"caption\":\"RBC Assurances\"},\"image\":{\"@id\":\"https:\\\/\\\/silver.rbcinsurance.com\\\/fr-ca\\\/#\\\/schema\\\/logo\\\/image\\\/\"},\"description\":\"RBC Assurances offre aux Canadiens des assurances personnelles telles que des assurances auto, habitation, vie, sant\u00e9, voyage et cr\u00e9dit, ainsi que des solutions de placement pour la retraite.\",\"telephone\":\"1 800 769-2568\",\"legalName\":\"Services d'assurance RBC Inc.\",\"numberOfEmployees\":{\"@type\":\"QuantitativeValue\",\"minValue\":\"1001\",\"maxValue\":\"5000\"}}]}<\/script>\n<!-- \/ Yoast SEO Premium plugin. -->","yoast_head_json":{"title":"Comprendre l\u2019autorisation pr\u00e9alable de m\u00e9dicaments d\u2019ordonnance | RBC Assurances","description":"Informez-vous sur l'autorisation pr\u00e9alable des m\u00e9dicaments sur ordonnance et son processus avec RBC.","robots":{"index":"index","follow":"follow","max-snippet":"max-snippet:-1","max-image-preview":"max-image-preview:large","max-video-preview":"max-video-preview:-1"},"canonical":"https:\/\/silver.rbcinsurance.com\/fr-ca\/assurance-collective\/comprendre-autorisation-prealable-de-medicaments-dordonnance\/","og_locale":"fr_FR","og_type":"article","og_title":"Comprendre l\u2019autorisation pr\u00e9alable de m\u00e9dicaments d\u2019ordonnance | RBC Assurances","og_description":"Informez-vous sur l'autorisation pr\u00e9alable des m\u00e9dicaments sur ordonnance et son processus avec RBC.","og_url":"https:\/\/silver.rbcinsurance.com\/fr-ca\/assurance-collective\/comprendre-autorisation-prealable-de-medicaments-dordonnance\/","og_site_name":"RBC Assurances","article_modified_time":"2025-08-26T16:16:39+00:00","og_image":[{"width":450,"height":250,"url":"https:\/\/silver.rbcinsurance.com\/fr-ca\/wp-content\/uploads\/sites\/3\/2024\/12\/personal-insurance-mobile.webp?quality=80","type":"image\/webp"}],"twitter_card":"summary_large_image","twitter_misc":{"Est. reading time":"3 minutes"},"schema":{"@context":"https:\/\/schema.org","@graph":[{"@type":"WebPage","@id":"https:\/\/silver.rbcinsurance.com\/fr-ca\/assurance-collective\/comprendre-autorisation-prealable-de-medicaments-dordonnance\/","url":"https:\/\/silver.rbcinsurance.com\/fr-ca\/assurance-collective\/comprendre-autorisation-prealable-de-medicaments-dordonnance\/","name":"Comprendre l\u2019autorisation pr\u00e9alable de m\u00e9dicaments d\u2019ordonnance | RBC Assurances","isPartOf":{"@id":"https:\/\/silver.rbcinsurance.com\/fr-ca\/#website"},"datePublished":"2025-05-06T13:23:12+00:00","dateModified":"2025-08-26T16:16:39+00:00","description":"Informez-vous sur l'autorisation pr\u00e9alable des m\u00e9dicaments sur ordonnance et son processus avec RBC.","breadcrumb":{"@id":"https:\/\/silver.rbcinsurance.com\/fr-ca\/assurance-collective\/comprendre-autorisation-prealable-de-medicaments-dordonnance\/#breadcrumb"},"inLanguage":"fr-FR","potentialAction":[{"@type":"ReadAction","target":["https:\/\/silver.rbcinsurance.com\/fr-ca\/assurance-collective\/comprendre-autorisation-prealable-de-medicaments-dordonnance\/"]}]},{"@type":"BreadcrumbList","@id":"https:\/\/silver.rbcinsurance.com\/fr-ca\/assurance-collective\/comprendre-autorisation-prealable-de-medicaments-dordonnance\/#breadcrumb","itemListElement":[{"@type":"ListItem","position":1,"name":"Accueil","item":"https:\/\/silver.rbcinsurance.com\/fr-ca\/"},{"@type":"ListItem","position":2,"name":"Assurance collective","item":"https:\/\/silver.rbcinsurance.com\/fr-ca\/assurance-collective\/"},{"@type":"ListItem","position":3,"name":"Comprendre l\u2019autorisation pr\u00e9alable de m\u00e9dicaments d\u2019ordonnance"}]},{"@type":"WebSite","@id":"https:\/\/silver.rbcinsurance.com\/fr-ca\/#website","url":"https:\/\/silver.rbcinsurance.com\/fr-ca\/","name":"RBC Assurances","description":"Assurance individuelle","publisher":{"@id":"https:\/\/silver.rbcinsurance.com\/fr-ca\/#organization"},"potentialAction":[{"@type":"SearchAction","target":{"@type":"EntryPoint","urlTemplate":"https:\/\/silver.rbcinsurance.com\/fr-ca\/?s={search_term_string}"},"query-input":{"@type":"PropertyValueSpecification","valueRequired":true,"valueName":"search_term_string"}}],"inLanguage":"fr-FR"},{"@type":"Organization","@id":"https:\/\/silver.rbcinsurance.com\/fr-ca\/#organization","name":"RBC Assurances","url":"https:\/\/silver.rbcinsurance.com\/fr-ca\/","logo":{"@type":"ImageObject","inLanguage":"fr-FR","@id":"https:\/\/silver.rbcinsurance.com\/fr-ca\/#\/schema\/logo\/image\/","url":"https:\/\/silver.rbcinsurance.com\/fr-ca\/wp-content\/uploads\/sites\/3\/2021\/06\/rbc-logo-shield.svg?quality=80&w=1024","contentUrl":"https:\/\/silver.rbcinsurance.com\/fr-ca\/wp-content\/uploads\/sites\/3\/2021\/06\/rbc-logo-shield.svg?quality=80&w=1024","width":"1024","height":"1024","caption":"RBC Assurances"},"image":{"@id":"https:\/\/silver.rbcinsurance.com\/fr-ca\/#\/schema\/logo\/image\/"},"description":"RBC Assurances offre aux Canadiens des assurances personnelles telles que des assurances auto, habitation, vie, sant\u00e9, voyage et cr\u00e9dit, ainsi que des solutions de placement pour la retraite.","telephone":"1 800 769-2568","legalName":"Services d'assurance RBC Inc.","numberOfEmployees":{"@type":"QuantitativeValue","minValue":"1001","maxValue":"5000"}}]}},"jetpack_sharing_enabled":true,"_links":{"self":[{"href":"https:\/\/silver.rbcinsurance.com\/fr-ca\/wp-json\/wp\/v2\/pages\/18548","targetHints":{"allow":["GET"]}}],"collection":[{"href":"https:\/\/silver.rbcinsurance.com\/fr-ca\/wp-json\/wp\/v2\/pages"}],"about":[{"href":"https:\/\/silver.rbcinsurance.com\/fr-ca\/wp-json\/wp\/v2\/types\/page"}],"author":[{"embeddable":true,"href":"https:\/\/silver.rbcinsurance.com\/fr-ca\/wp-json\/wp\/v2\/users\/203"}],"replies":[{"embeddable":true,"href":"https:\/\/silver.rbcinsurance.com\/fr-ca\/wp-json\/wp\/v2\/comments?post=18548"}],"version-history":[{"count":8,"href":"https:\/\/silver.rbcinsurance.com\/fr-ca\/wp-json\/wp\/v2\/pages\/18548\/revisions"}],"predecessor-version":[{"id":18867,"href":"https:\/\/silver.rbcinsurance.com\/fr-ca\/wp-json\/wp\/v2\/pages\/18548\/revisions\/18867"}],"up":[{"embeddable":true,"href":"https:\/\/silver.rbcinsurance.com\/fr-ca\/wp-json\/wp\/v2\/pages\/11588"}],"wp:attachment":[{"href":"https:\/\/silver.rbcinsurance.com\/fr-ca\/wp-json\/wp\/v2\/media?parent=18548"}],"curies":[{"name":"wp","href":"https:\/\/api.w.org\/{rel}","templated":true}]}}