{"id":18546,"date":"2025-05-06T09:22:19","date_gmt":"2025-05-06T13:22:19","guid":{"rendered":"https:\/\/silver.rbcinsurance.com\/fr-ca\/?page_id=18546"},"modified":"2025-10-29T14:21:59","modified_gmt":"2025-10-29T18:21:59","slug":"comprendre-les-recus-de-medicaments-dordonnance-quebec","status":"publish","type":"page","link":"https:\/\/silver.rbcinsurance.com\/fr-ca\/assurance-collective\/comprendre-les-recus-de-medicaments-dordonnance-quebec\/","title":{"rendered":"R\u00e9sident du Qu\u00e9bec \u2013 Comprendre vos re\u00e7us de m\u00e9dicaments d\u2019ordonnance"},"content":{"rendered":"\n<p><\/p>\n\n\n<div class=\"yoast-breadcrumbs\"><span class=\"rbc-yoast-breadcrum-span\"><span><a href=\"https:\/\/silver.rbcinsurance.com\/fr-ca\/\">Accueil<\/a><\/span> &gt; <span><a href=\"https:\/\/silver.rbcinsurance.com\/fr-ca\/assurance-collective\/\">Assurance collective<\/a><\/span> &gt; <span class=\"breadcrumb_last\" aria-current=\"page\">R\u00e9sident du Qu\u00e9bec \u2013 Comprendre vos re\u00e7us de m\u00e9dicaments d\u2019ordonnance<\/span><\/span><\/div>\n\n\n<p><\/p>\n\n\n\n<h1 class=\"wp-block-heading\" id=\"page-title\">R\u00e9sident du Qu\u00e9bec \u2013 Comprendre vos re\u00e7us de m\u00e9dicaments d\u2019ordonnance<\/h1>\n\n\n\n<p><span class=\"partial__border-bottom\">Vous \u00eates-vous d\u00e9j\u00e0 demand\u00e9 ce que signifiaient tous les renseignements qui se trouvent sur le re\u00e7u de vos m\u00e9dicaments d\u2019ordonnance ou comment vous pouviez influer sur le co\u00fbt de vos m\u00e9dicaments d\u2019ordonnance&nbsp;?<\/span><\/p>\n\n\n\n<div class=\"wp-block-columns mar-t-dbl mob-mar-t-dbl is-layout-flex wp-container-core-columns-is-layout-28f84493 wp-block-columns-is-layout-flex\">\n<div class=\"wp-block-column is-layout-flow wp-block-column-is-layout-flow\">\n<p>Certains renseignements sont \u00e9vidents, comme les coordonn\u00e9es de la pharmacie, le nom du m\u00e9decin ayant r\u00e9dig\u00e9 l\u2019ordonnance et le nom du m\u00e9dicament. En revanche, certains autres auraient besoin d\u2019\u00eatre mieux expliqu\u00e9s.<\/p>\n\n\n\n<p class=\"mar-t-hlf mob-mar-t-hlf mar-b-hlf mob-mar-b-hlf\">Le pharmacien doit vous remettre un re\u00e7u d\u00e9taill\u00e9 faisant \u00e9tat des trois \u00e9l\u00e9ments distincts qui entrent dans le co\u00fbt total de chaque m\u00e9dicament d\u2019ordonnance. Ces \u00e9l\u00e9ments sont les suivants&nbsp;:<\/p>\n\n\n\n<ol class=\"wp-block-list  list-core-block second-level-inherit third-level-inherit\">\n<li>Le prix co\u00fbtant du m\u00e9dicament pay\u00e9 par le pharmacien&nbsp;;<\/li>\n\n\n\n<li>Les frais de grossiste, qui est le montant suppl\u00e9mentaire factur\u00e9 au distributeur lorsqu\u2019il vend le m\u00e9dicament \u00e0 la pharmacie&nbsp;;<\/li>\n\n\n\n<li>Les frais professionnels du pharmacien, qui couvrent les frais d\u2019ex\u00e9cution d\u2019ordonnance, les frais administratifs, la pr\u00e9paration et la v\u00e9rification des m\u00e9dicaments et les autres frais factur\u00e9s par le pharmacien.<\/li>\n<\/ol>\n\n\n\n<p class=\"mar-t-hlf mob-mar-t-hlf mar-b-hlf mob-mar-b-hlf\">Le re\u00e7u doit aussi comprendre les renseignements suivants&nbsp;:<\/p>\n\n\n\n<ul class=\"wp-block-list list-core-block second-level-inherit third-level-inherit is-style-blue-disc\">\n<li><strong>DIN&nbsp;:<\/strong>&nbsp;le num\u00e9ro d\u2019identification du m\u00e9dicament. Il s&rsquo;agit d\u2019un num\u00e9ro unique attribu\u00e9 \u00e0 tous les m\u00e9dicaments au Canada.<\/li>\n\n\n\n<li><strong>Prix RGAM&nbsp;:<\/strong>&nbsp;il correspond au prix payable par la RAMQ pour les m\u00e9dicaments sur la liste de la RAMQ. Ce prix n\u2019inclut pas les frais professionnels et ne touche que le co\u00fbt du m\u00e9dicament et le montant pay\u00e9 au distributeur.<\/li>\n\n\n\n<li><strong>Montant pay\u00e9 par l\u2019assureur&nbsp;:<\/strong>&nbsp;le montant \u00e0 payer pour votre ordonnance est d\u00e9termin\u00e9 par votre assureur, en fonction de la couverture de votre r\u00e9gime.<\/li>\n\n\n\n<li><strong>Contribution de l\u2019assur\u00e9&nbsp;:<\/strong>&nbsp;il s\u2019agit du montant qui n\u2019est pas couvert ou que votre assureur a refus\u00e9 de prendre en charge. C\u2019est le montant que vous devez payer.<\/li>\n<\/ul>\n<\/div>\n\n\n\n<div class=\"wp-block-column is-vertically-aligned-center mob-mar-t mar-l-hlf mob-mar-l-hlf is-layout-flow wp-block-column-is-layout-flow\">\n<figure class=\"wp-block-image aligncenter size-large\"><img loading=\"lazy\" decoding=\"async\" height=\"551\" width=\"1024\" src=\"https:\/\/silver.rbcinsurance.com\/fr-ca\/wp-content\/uploads\/sites\/3\/2025\/04\/prescription-drug-sample-receipt-quebec_ef7e92.webp?quality=80&amp;w=1024\" alt=\"Exemple de re\u00e7u de m\u00e9dicament d'ordonnance\" class=\"wp-image-18817\" srcset=\"https:\/\/silver.rbcinsurance.com\/fr-ca\/wp-content\/uploads\/sites\/3\/2025\/04\/prescription-drug-sample-receipt-quebec_ef7e92.webp 1126w, https:\/\/silver.rbcinsurance.com\/fr-ca\/wp-content\/uploads\/sites\/3\/2025\/04\/prescription-drug-sample-receipt-quebec_ef7e92.webp?resize=300,161 300w, https:\/\/silver.rbcinsurance.com\/fr-ca\/wp-content\/uploads\/sites\/3\/2025\/04\/prescription-drug-sample-receipt-quebec_ef7e92.webp?resize=768,413 768w, https:\/\/silver.rbcinsurance.com\/fr-ca\/wp-content\/uploads\/sites\/3\/2025\/04\/prescription-drug-sample-receipt-quebec_ef7e92.webp?resize=1024,551 1024w\" sizes=\"auto, (max-width: 1024px) 100vw, 1024px\" \/><\/figure>\n<\/div>\n<\/div>\n\n\n\n<p class=\"mar-t-dbl mob-mar-t-dbl pad-b-dbl mob-pad-b-dbl\">En demandant \u00e0 votre m\u00e9decin de vous prescrire un m\u00e9dicament g\u00e9n\u00e9rique plut\u00f4t qu\u2019une marque qui co\u00fbte plus cher, et en choisissant une pharmacie ayant des frais d&rsquo;ex\u00e9cution d\u2019ordonnance moindres, vous contribuez \u00e0 la r\u00e9duction des co\u00fbts qui ne sont pas couverts par votre assurance maladie collective.<\/p>\n","protected":false},"excerpt":{"rendered":"<p>R\u00e9sident du Qu\u00e9bec \u2013 Comprendre vos re\u00e7us de m\u00e9dicaments d\u2019ordonnance Vous \u00eates-vous d\u00e9j\u00e0 demand\u00e9 ce que signifiaient tous les renseignements qui se trouvent sur le re\u00e7u de vos m\u00e9dicaments d\u2019ordonnance ou comment vous pouviez influer sur le co\u00fbt de vos m\u00e9dicaments d\u2019ordonnance&nbsp;? Certains renseignements sont \u00e9vidents, comme les coordonn\u00e9es de la pharmacie, le nom du [&hellip;]<\/p>\n","protected":false},"author":203,"featured_media":0,"parent":11588,"menu_order":0,"comment_status":"closed","ping_status":"closed","template":"templates\/new-rbci-design.php","meta":{"_acf_changed":false,"footnotes":""},"class_list":["post-18546","page","type-page","status-publish","hentry"],"acf":[],"yoast_head":"<!-- This site is optimized with the Yoast SEO Premium plugin v27.3 (Yoast SEO v27.3) - https:\/\/yoast.com\/product\/yoast-seo-premium-wordpress\/ -->\n<title>R\u00e9sident du Qu\u00e9bec \u2013 Comprendre vos re\u00e7us de m\u00e9dicaments d\u2019ordonnance | RBC Assurances<\/title>\n<meta name=\"description\" content=\"Renseignez-vous sur les re\u00e7us de m\u00e9dicaments sur ordonnance du Qu\u00e9bec et les exigences pour les demandes de prestations de groupe.\" \/>\n<meta name=\"robots\" content=\"index, follow, max-snippet:-1, max-image-preview:large, max-video-preview:-1\" \/>\n<link rel=\"canonical\" href=\"https:\/\/silver.rbcinsurance.com\/fr-ca\/assurance-collective\/comprendre-les-recus-de-medicaments-dordonnance-quebec\/\" \/>\n<meta property=\"og:locale\" content=\"fr_FR\" \/>\n<meta property=\"og:type\" content=\"article\" \/>\n<meta property=\"og:title\" content=\"R\u00e9sident du Qu\u00e9bec \u2013 Comprendre vos re\u00e7us de m\u00e9dicaments d\u2019ordonnance | RBC Assurances\" \/>\n<meta property=\"og:description\" content=\"Renseignez-vous sur les re\u00e7us de m\u00e9dicaments sur ordonnance du Qu\u00e9bec et les exigences pour les demandes de prestations de groupe.\" \/>\n<meta property=\"og:url\" content=\"https:\/\/silver.rbcinsurance.com\/fr-ca\/assurance-collective\/comprendre-les-recus-de-medicaments-dordonnance-quebec\/\" \/>\n<meta property=\"og:site_name\" content=\"RBC Assurances\" \/>\n<meta property=\"article:modified_time\" content=\"2025-10-29T18:21:59+00:00\" \/>\n<meta property=\"og:image\" content=\"https:\/\/silver.rbcinsurance.com\/fr-ca\/wp-content\/uploads\/sites\/3\/2025\/04\/prescription-drug-sample-receipt-quebec_ef7e92.webp?quality=80\" \/>\n\t<meta property=\"og:image:width\" content=\"1126\" \/>\n\t<meta property=\"og:image:height\" content=\"606\" \/>\n\t<meta property=\"og:image:type\" content=\"image\/webp\" \/>\n<meta name=\"twitter:card\" content=\"summary_large_image\" \/>\n<meta name=\"twitter:label1\" content=\"Est. reading time\" \/>\n\t<meta name=\"twitter:data1\" content=\"2 minutes\" \/>\n<script type=\"application\/ld+json\" class=\"yoast-schema-graph\">{\"@context\":\"https:\\\/\\\/schema.org\",\"@graph\":[{\"@type\":\"WebPage\",\"@id\":\"https:\\\/\\\/silver.rbcinsurance.com\\\/fr-ca\\\/assurance-collective\\\/comprendre-les-recus-de-medicaments-dordonnance-quebec\\\/\",\"url\":\"https:\\\/\\\/silver.rbcinsurance.com\\\/fr-ca\\\/assurance-collective\\\/comprendre-les-recus-de-medicaments-dordonnance-quebec\\\/\",\"name\":\"R\u00e9sident du Qu\u00e9bec \u2013 Comprendre vos re\u00e7us de m\u00e9dicaments d\u2019ordonnance | RBC Assurances\",\"isPartOf\":{\"@id\":\"https:\\\/\\\/silver.rbcinsurance.com\\\/fr-ca\\\/#website\"},\"primaryImageOfPage\":{\"@id\":\"https:\\\/\\\/silver.rbcinsurance.com\\\/fr-ca\\\/assurance-collective\\\/comprendre-les-recus-de-medicaments-dordonnance-quebec\\\/#primaryimage\"},\"image\":{\"@id\":\"https:\\\/\\\/silver.rbcinsurance.com\\\/fr-ca\\\/assurance-collective\\\/comprendre-les-recus-de-medicaments-dordonnance-quebec\\\/#primaryimage\"},\"thumbnailUrl\":\"https:\\\/\\\/silver.rbcinsurance.com\\\/fr-ca\\\/wp-content\\\/uploads\\\/sites\\\/3\\\/2025\\\/04\\\/prescription-drug-sample-receipt-quebec_ef7e92.webp?quality=80&amp;w=1024\",\"datePublished\":\"2025-05-06T13:22:19+00:00\",\"dateModified\":\"2025-10-29T18:21:59+00:00\",\"description\":\"Renseignez-vous sur les re\u00e7us de m\u00e9dicaments sur ordonnance du Qu\u00e9bec et les exigences pour les demandes de prestations de groupe.\",\"breadcrumb\":{\"@id\":\"https:\\\/\\\/silver.rbcinsurance.com\\\/fr-ca\\\/assurance-collective\\\/comprendre-les-recus-de-medicaments-dordonnance-quebec\\\/#breadcrumb\"},\"inLanguage\":\"fr-FR\",\"potentialAction\":[{\"@type\":\"ReadAction\",\"target\":[\"https:\\\/\\\/silver.rbcinsurance.com\\\/fr-ca\\\/assurance-collective\\\/comprendre-les-recus-de-medicaments-dordonnance-quebec\\\/\"]}]},{\"@type\":\"ImageObject\",\"inLanguage\":\"fr-FR\",\"@id\":\"https:\\\/\\\/silver.rbcinsurance.com\\\/fr-ca\\\/assurance-collective\\\/comprendre-les-recus-de-medicaments-dordonnance-quebec\\\/#primaryimage\",\"url\":\"https:\\\/\\\/silver.rbcinsurance.com\\\/fr-ca\\\/wp-content\\\/uploads\\\/sites\\\/3\\\/2025\\\/04\\\/prescription-drug-sample-receipt-quebec_ef7e92.webp?quality=80\",\"contentUrl\":\"https:\\\/\\\/silver.rbcinsurance.com\\\/fr-ca\\\/wp-content\\\/uploads\\\/sites\\\/3\\\/2025\\\/04\\\/prescription-drug-sample-receipt-quebec_ef7e92.webp?quality=80\",\"width\":1126,\"height\":606},{\"@type\":\"BreadcrumbList\",\"@id\":\"https:\\\/\\\/silver.rbcinsurance.com\\\/fr-ca\\\/assurance-collective\\\/comprendre-les-recus-de-medicaments-dordonnance-quebec\\\/#breadcrumb\",\"itemListElement\":[{\"@type\":\"ListItem\",\"position\":1,\"name\":\"Accueil\",\"item\":\"https:\\\/\\\/silver.rbcinsurance.com\\\/fr-ca\\\/\"},{\"@type\":\"ListItem\",\"position\":2,\"name\":\"Assurance collective\",\"item\":\"https:\\\/\\\/silver.rbcinsurance.com\\\/fr-ca\\\/assurance-collective\\\/\"},{\"@type\":\"ListItem\",\"position\":3,\"name\":\"R\u00e9sident du Qu\u00e9bec \u2013 Comprendre vos re\u00e7us de m\u00e9dicaments d\u2019ordonnance\"}]},{\"@type\":\"WebSite\",\"@id\":\"https:\\\/\\\/silver.rbcinsurance.com\\\/fr-ca\\\/#website\",\"url\":\"https:\\\/\\\/silver.rbcinsurance.com\\\/fr-ca\\\/\",\"name\":\"RBC Assurances\",\"description\":\"Assurance individuelle\",\"publisher\":{\"@id\":\"https:\\\/\\\/silver.rbcinsurance.com\\\/fr-ca\\\/#organization\"},\"potentialAction\":[{\"@type\":\"SearchAction\",\"target\":{\"@type\":\"EntryPoint\",\"urlTemplate\":\"https:\\\/\\\/silver.rbcinsurance.com\\\/fr-ca\\\/?s={search_term_string}\"},\"query-input\":{\"@type\":\"PropertyValueSpecification\",\"valueRequired\":true,\"valueName\":\"search_term_string\"}}],\"inLanguage\":\"fr-FR\"},{\"@type\":\"Organization\",\"@id\":\"https:\\\/\\\/silver.rbcinsurance.com\\\/fr-ca\\\/#organization\",\"name\":\"RBC Assurances\",\"url\":\"https:\\\/\\\/silver.rbcinsurance.com\\\/fr-ca\\\/\",\"logo\":{\"@type\":\"ImageObject\",\"inLanguage\":\"fr-FR\",\"@id\":\"https:\\\/\\\/silver.rbcinsurance.com\\\/fr-ca\\\/#\\\/schema\\\/logo\\\/image\\\/\",\"url\":\"https:\\\/\\\/silver.rbcinsurance.com\\\/fr-ca\\\/wp-content\\\/uploads\\\/sites\\\/3\\\/2021\\\/06\\\/rbc-logo-shield.svg?quality=80&w=1024\",\"contentUrl\":\"https:\\\/\\\/silver.rbcinsurance.com\\\/fr-ca\\\/wp-content\\\/uploads\\\/sites\\\/3\\\/2021\\\/06\\\/rbc-logo-shield.svg?quality=80&w=1024\",\"width\":\"1024\",\"height\":\"1024\",\"caption\":\"RBC Assurances\"},\"image\":{\"@id\":\"https:\\\/\\\/silver.rbcinsurance.com\\\/fr-ca\\\/#\\\/schema\\\/logo\\\/image\\\/\"},\"description\":\"RBC Assurances offre aux Canadiens des assurances personnelles telles que des assurances auto, habitation, vie, sant\u00e9, voyage et cr\u00e9dit, ainsi que des solutions de placement pour la retraite.\",\"telephone\":\"1 800 769-2568\",\"legalName\":\"Services d'assurance RBC Inc.\",\"numberOfEmployees\":{\"@type\":\"QuantitativeValue\",\"minValue\":\"1001\",\"maxValue\":\"5000\"}}]}<\/script>\n<!-- \/ Yoast SEO Premium plugin. -->","yoast_head_json":{"title":"R\u00e9sident du Qu\u00e9bec \u2013 Comprendre vos re\u00e7us de m\u00e9dicaments d\u2019ordonnance | RBC Assurances","description":"Renseignez-vous sur les re\u00e7us de m\u00e9dicaments sur ordonnance du Qu\u00e9bec et les exigences pour les demandes de prestations de groupe.","robots":{"index":"index","follow":"follow","max-snippet":"max-snippet:-1","max-image-preview":"max-image-preview:large","max-video-preview":"max-video-preview:-1"},"canonical":"https:\/\/silver.rbcinsurance.com\/fr-ca\/assurance-collective\/comprendre-les-recus-de-medicaments-dordonnance-quebec\/","og_locale":"fr_FR","og_type":"article","og_title":"R\u00e9sident du Qu\u00e9bec \u2013 Comprendre vos re\u00e7us de m\u00e9dicaments d\u2019ordonnance | RBC Assurances","og_description":"Renseignez-vous sur les re\u00e7us de m\u00e9dicaments sur ordonnance du Qu\u00e9bec et les exigences pour les demandes de prestations de groupe.","og_url":"https:\/\/silver.rbcinsurance.com\/fr-ca\/assurance-collective\/comprendre-les-recus-de-medicaments-dordonnance-quebec\/","og_site_name":"RBC Assurances","article_modified_time":"2025-10-29T18:21:59+00:00","og_image":[{"width":1126,"height":606,"url":"https:\/\/silver.rbcinsurance.com\/fr-ca\/wp-content\/uploads\/sites\/3\/2025\/04\/prescription-drug-sample-receipt-quebec_ef7e92.webp?quality=80","type":"image\/webp"}],"twitter_card":"summary_large_image","twitter_misc":{"Est. reading time":"2 minutes"},"schema":{"@context":"https:\/\/schema.org","@graph":[{"@type":"WebPage","@id":"https:\/\/silver.rbcinsurance.com\/fr-ca\/assurance-collective\/comprendre-les-recus-de-medicaments-dordonnance-quebec\/","url":"https:\/\/silver.rbcinsurance.com\/fr-ca\/assurance-collective\/comprendre-les-recus-de-medicaments-dordonnance-quebec\/","name":"R\u00e9sident du Qu\u00e9bec \u2013 Comprendre vos re\u00e7us de m\u00e9dicaments d\u2019ordonnance | RBC Assurances","isPartOf":{"@id":"https:\/\/silver.rbcinsurance.com\/fr-ca\/#website"},"primaryImageOfPage":{"@id":"https:\/\/silver.rbcinsurance.com\/fr-ca\/assurance-collective\/comprendre-les-recus-de-medicaments-dordonnance-quebec\/#primaryimage"},"image":{"@id":"https:\/\/silver.rbcinsurance.com\/fr-ca\/assurance-collective\/comprendre-les-recus-de-medicaments-dordonnance-quebec\/#primaryimage"},"thumbnailUrl":"https:\/\/silver.rbcinsurance.com\/fr-ca\/wp-content\/uploads\/sites\/3\/2025\/04\/prescription-drug-sample-receipt-quebec_ef7e92.webp?quality=80&amp;w=1024","datePublished":"2025-05-06T13:22:19+00:00","dateModified":"2025-10-29T18:21:59+00:00","description":"Renseignez-vous sur les re\u00e7us de m\u00e9dicaments sur ordonnance du Qu\u00e9bec et les exigences pour les demandes de prestations de groupe.","breadcrumb":{"@id":"https:\/\/silver.rbcinsurance.com\/fr-ca\/assurance-collective\/comprendre-les-recus-de-medicaments-dordonnance-quebec\/#breadcrumb"},"inLanguage":"fr-FR","potentialAction":[{"@type":"ReadAction","target":["https:\/\/silver.rbcinsurance.com\/fr-ca\/assurance-collective\/comprendre-les-recus-de-medicaments-dordonnance-quebec\/"]}]},{"@type":"ImageObject","inLanguage":"fr-FR","@id":"https:\/\/silver.rbcinsurance.com\/fr-ca\/assurance-collective\/comprendre-les-recus-de-medicaments-dordonnance-quebec\/#primaryimage","url":"https:\/\/silver.rbcinsurance.com\/fr-ca\/wp-content\/uploads\/sites\/3\/2025\/04\/prescription-drug-sample-receipt-quebec_ef7e92.webp?quality=80","contentUrl":"https:\/\/silver.rbcinsurance.com\/fr-ca\/wp-content\/uploads\/sites\/3\/2025\/04\/prescription-drug-sample-receipt-quebec_ef7e92.webp?quality=80","width":1126,"height":606},{"@type":"BreadcrumbList","@id":"https:\/\/silver.rbcinsurance.com\/fr-ca\/assurance-collective\/comprendre-les-recus-de-medicaments-dordonnance-quebec\/#breadcrumb","itemListElement":[{"@type":"ListItem","position":1,"name":"Accueil","item":"https:\/\/silver.rbcinsurance.com\/fr-ca\/"},{"@type":"ListItem","position":2,"name":"Assurance collective","item":"https:\/\/silver.rbcinsurance.com\/fr-ca\/assurance-collective\/"},{"@type":"ListItem","position":3,"name":"R\u00e9sident du Qu\u00e9bec \u2013 Comprendre vos re\u00e7us de m\u00e9dicaments d\u2019ordonnance"}]},{"@type":"WebSite","@id":"https:\/\/silver.rbcinsurance.com\/fr-ca\/#website","url":"https:\/\/silver.rbcinsurance.com\/fr-ca\/","name":"RBC Assurances","description":"Assurance individuelle","publisher":{"@id":"https:\/\/silver.rbcinsurance.com\/fr-ca\/#organization"},"potentialAction":[{"@type":"SearchAction","target":{"@type":"EntryPoint","urlTemplate":"https:\/\/silver.rbcinsurance.com\/fr-ca\/?s={search_term_string}"},"query-input":{"@type":"PropertyValueSpecification","valueRequired":true,"valueName":"search_term_string"}}],"inLanguage":"fr-FR"},{"@type":"Organization","@id":"https:\/\/silver.rbcinsurance.com\/fr-ca\/#organization","name":"RBC Assurances","url":"https:\/\/silver.rbcinsurance.com\/fr-ca\/","logo":{"@type":"ImageObject","inLanguage":"fr-FR","@id":"https:\/\/silver.rbcinsurance.com\/fr-ca\/#\/schema\/logo\/image\/","url":"https:\/\/silver.rbcinsurance.com\/fr-ca\/wp-content\/uploads\/sites\/3\/2021\/06\/rbc-logo-shield.svg?quality=80&w=1024","contentUrl":"https:\/\/silver.rbcinsurance.com\/fr-ca\/wp-content\/uploads\/sites\/3\/2021\/06\/rbc-logo-shield.svg?quality=80&w=1024","width":"1024","height":"1024","caption":"RBC Assurances"},"image":{"@id":"https:\/\/silver.rbcinsurance.com\/fr-ca\/#\/schema\/logo\/image\/"},"description":"RBC Assurances offre aux Canadiens des assurances personnelles telles que des assurances auto, habitation, vie, sant\u00e9, voyage et cr\u00e9dit, ainsi que des solutions de placement pour la retraite.","telephone":"1 800 769-2568","legalName":"Services d'assurance RBC Inc.","numberOfEmployees":{"@type":"QuantitativeValue","minValue":"1001","maxValue":"5000"}}]}},"jetpack_sharing_enabled":true,"_links":{"self":[{"href":"https:\/\/silver.rbcinsurance.com\/fr-ca\/wp-json\/wp\/v2\/pages\/18546","targetHints":{"allow":["GET"]}}],"collection":[{"href":"https:\/\/silver.rbcinsurance.com\/fr-ca\/wp-json\/wp\/v2\/pages"}],"about":[{"href":"https:\/\/silver.rbcinsurance.com\/fr-ca\/wp-json\/wp\/v2\/types\/page"}],"author":[{"embeddable":true,"href":"https:\/\/silver.rbcinsurance.com\/fr-ca\/wp-json\/wp\/v2\/users\/203"}],"replies":[{"embeddable":true,"href":"https:\/\/silver.rbcinsurance.com\/fr-ca\/wp-json\/wp\/v2\/comments?post=18546"}],"version-history":[{"count":11,"href":"https:\/\/silver.rbcinsurance.com\/fr-ca\/wp-json\/wp\/v2\/pages\/18546\/revisions"}],"predecessor-version":[{"id":22807,"href":"https:\/\/silver.rbcinsurance.com\/fr-ca\/wp-json\/wp\/v2\/pages\/18546\/revisions\/22807"}],"up":[{"embeddable":true,"href":"https:\/\/silver.rbcinsurance.com\/fr-ca\/wp-json\/wp\/v2\/pages\/11588"}],"wp:attachment":[{"href":"https:\/\/silver.rbcinsurance.com\/fr-ca\/wp-json\/wp\/v2\/media?parent=18546"}],"curies":[{"name":"wp","href":"https:\/\/api.w.org\/{rel}","templated":true}]}}