{"id":18531,"date":"2025-05-06T09:21:00","date_gmt":"2025-05-06T13:21:00","guid":{"rendered":"https:\/\/silver.rbcinsurance.com\/fr-ca\/?page_id=18531"},"modified":"2025-10-29T14:23:22","modified_gmt":"2025-10-29T18:23:22","slug":"comprendre-les-recus-de-medicaments-dordonnance","status":"publish","type":"page","link":"https:\/\/silver.rbcinsurance.com\/fr-ca\/assurance-collective\/comprendre-les-recus-de-medicaments-dordonnance\/","title":{"rendered":"Comprendre les re\u00e7us de m\u00e9dicaments d\u2019ordonnance"},"content":{"rendered":"\n<p><\/p>\n\n\n<div class=\"yoast-breadcrumbs\"><span class=\"rbc-yoast-breadcrum-span\"><span><a href=\"https:\/\/silver.rbcinsurance.com\/fr-ca\/\">Accueil<\/a><\/span> &gt; <span><a href=\"https:\/\/silver.rbcinsurance.com\/fr-ca\/assurance-collective\/\">Assurance collective<\/a><\/span> &gt; <span class=\"breadcrumb_last\" aria-current=\"page\">Comprendre les re\u00e7us de m\u00e9dicaments d\u2019ordonnance<\/span><\/span><\/div>\n\n\n<p><\/p>\n\n\n\n<h1 class=\"wp-block-heading\" id=\"h-comprendre-les-recus-de-medicaments-d-ordonnance\">Comprendre les re\u00e7us de m\u00e9dicaments d\u2019ordonnance<\/h1>\n\n\n\n<p><span class=\"partial__border-bottom\">Vous \u00eates-vous d\u00e9j\u00e0 demand\u00e9 ce que signifiaient tous les renseignements qui se trouvent sur le re\u00e7u de vos m\u00e9dicaments d\u2019ordonnance ou comment vous pouviez influer sur le co\u00fbt de vos m\u00e9dicaments d\u2019ordonnance ?<\/span><\/p>\n\n\n\n<div class=\"wp-block-columns mar-t-dbl mob-mar-t-dbl is-layout-flex wp-container-core-columns-is-layout-28f84493 wp-block-columns-is-layout-flex\">\n<div class=\"wp-block-column is-layout-flow wp-block-column-is-layout-flow\">\n<h3 class=\"wp-block-heading\" id=\"h-dechiffrer-un-recu\">D\u00e9chiffrer un re\u00e7u<\/h3>\n\n\n\n<p class=\"mar-b-hlf mob-mar-b-hlf\">Diff\u00e9rents codes et frais figurent sur le re\u00e7u et il n\u2019est pas toujours \u00e9vident de savoir ce qu\u2019ils signifient. Le re\u00e7u ci-dessous est l\u2019exemple typique d\u2019un re\u00e7u de pharmacie pour des m\u00e9dicaments d\u2019ordonnance d\u2019une personne couverte au titre d\u2019une assurance m\u00e9dicaments de RBC Assurances.<\/p>\n\n\n\n<p class=\"mar-b-hlf mob-mar-b-hlf\">Certains renseignements sont \u00e9vidents, comme les coordonn\u00e9es de la pharmacie, le nom du m\u00e9decin ayant r\u00e9dig\u00e9 l\u2019ordonnance et le nom du m\u00e9dicament. Les acronymes, par contre, peuvent \u00eatre plus compliqu\u00e9s \u00e0 d\u00e9chiffrer. Voici l\u2019explication de certains termes :<\/p>\n\n\n\n<ul class=\"wp-block-list list-core-block second-level-inherit third-level-inherit is-style-blue-disc\">\n<li><strong>DIN&nbsp;:<\/strong>&nbsp;Num\u00e9ro d\u2019identification du m\u00e9dicament. Il s\u2019agit d\u2019un num\u00e9ro unique attribu\u00e9 \u00e0 tous les m\u00e9dicaments au Canada.<\/li>\n\n\n\n<li><strong>Prix GS\/CA&nbsp;:<\/strong>&nbsp;Green Shield Canada, \u00e9valuateur des demandes de r\u00e8glement d\u2019assurance m\u00e9dicaments pour RBC Assurances. Dans l\u2019exemple ci-dessous, une partie du co\u00fbt du m\u00e9dicament d\u2019ordonnance a \u00e9t\u00e9 soumise \u00e0 l\u2019\u00e9valuateur des demandes de r\u00e8glement.<\/li>\n\n\n\n<li><strong>C&nbsp;:<\/strong>&nbsp;Partie du co\u00fbt de l\u2019ordonnance ayant trait aux ingr\u00e9dients. Le co\u00fbt comprend le prix du fabricant, la marge du grossiste et la marge du pharmacien, qui peut varier d\u2019une pharmacie \u00e0 l\u2019autre.<\/li>\n\n\n\n<li><strong>F&nbsp;:<\/strong>&nbsp;Frais d\u2019ex\u00e9cution d\u2019ordonnance ou frais professionnels. Ce sont les frais impos\u00e9s par la pharmacie pour ex\u00e9cuter l\u2019ordonnance, qui peuvent varier d\u2019une pharmacie \u00e0 l\u2019autre.<\/li>\n\n\n\n<li><strong>T&nbsp;:<\/strong>&nbsp;Co\u00fbt total factur\u00e9 au titre de l\u2019ordonnance.<\/li>\n\n\n\n<li><strong>Le patient paie&nbsp;:<\/strong>&nbsp;Montant que le patient doit payer, en fonction de la couverture de son assurance m\u00e9dicaments. Dans l\u2019exemple de re\u00e7u, l\u2019assurance m\u00e9dicaments rembourse 80&nbsp;% du co\u00fbt total, et le participant paie le montant qui reste (20&nbsp;% X 57,39&nbsp;$ = 11,48&nbsp;$).<\/li>\n<\/ul>\n<\/div>\n\n\n\n<div class=\"wp-block-column is-vertically-aligned-bottom  mob-mar-t is-layout-flow wp-block-column-is-layout-flow\">\n<figure class=\"wp-block-image aligncenter size-full\"><img loading=\"lazy\" decoding=\"async\" width=\"450\" height=\"559\" src=\"https:\/\/silver.rbcinsurance.com\/fr-ca\/wp-content\/uploads\/sites\/3\/2025\/04\/prescription-drug-sample-receipt-fr.webp?quality=80\" alt=\"Exemple de re\u00e7u de m\u00e9dicament d'ordonnance\" class=\"wp-image-18815\" srcset=\"https:\/\/silver.rbcinsurance.com\/fr-ca\/wp-content\/uploads\/sites\/3\/2025\/04\/prescription-drug-sample-receipt-fr.webp 450w, https:\/\/silver.rbcinsurance.com\/fr-ca\/wp-content\/uploads\/sites\/3\/2025\/04\/prescription-drug-sample-receipt-fr.webp?resize=242,300 242w\" sizes=\"auto, (max-width: 450px) 100vw, 450px\" \/><\/figure>\n<\/div>\n<\/div>\n\n\n\n<p class=\"mar-t mob-mar-t pad-b-dbl mob-pad-b-dbl\">En demandant \u00e0 votre m\u00e9decin de vous prescrire un m\u00e9dicament g\u00e9n\u00e9rique plut\u00f4t qu\u2019une marque qui co\u00fbte plus cher, et en choisissant une pharmacie ayant des frais d\u2019ex\u00e9cution d\u2019ordonnance moindres, vous contribuez \u00e0 la r\u00e9duction des co\u00fbts qui ne sont pas couverts par votre assurance maladie collective.<\/p>\n","protected":false},"excerpt":{"rendered":"<p>Comprendre les re\u00e7us de m\u00e9dicaments d\u2019ordonnance Vous \u00eates-vous d\u00e9j\u00e0 demand\u00e9 ce que signifiaient tous les renseignements qui se trouvent sur le re\u00e7u de vos m\u00e9dicaments d\u2019ordonnance ou comment vous pouviez influer sur le co\u00fbt de vos m\u00e9dicaments d\u2019ordonnance ? D\u00e9chiffrer un re\u00e7u Diff\u00e9rents codes et frais figurent sur le re\u00e7u et il n\u2019est pas toujours [&hellip;]<\/p>\n","protected":false},"author":203,"featured_media":0,"parent":11588,"menu_order":0,"comment_status":"closed","ping_status":"closed","template":"templates\/new-rbci-design.php","meta":{"_acf_changed":false,"footnotes":""},"class_list":["post-18531","page","type-page","status-publish","hentry"],"acf":[],"yoast_head":"<!-- This site is optimized with the Yoast SEO Premium plugin v27.3 (Yoast SEO v27.3) - https:\/\/yoast.com\/product\/yoast-seo-premium-wordpress\/ -->\n<title>Comprendre les re\u00e7us de m\u00e9dicaments d\u2019ordonnance | RBC Assurances<\/title>\n<meta name=\"description\" content=\"Comprendre les re\u00e7us de m\u00e9dicaments sur ordonnance, d\u00e9coder les acronymes et r\u00e9duire les co\u00fbts avec des conseils utiles.\" \/>\n<meta name=\"robots\" content=\"index, follow, max-snippet:-1, max-image-preview:large, max-video-preview:-1\" \/>\n<link rel=\"canonical\" href=\"https:\/\/silver.rbcinsurance.com\/fr-ca\/assurance-collective\/comprendre-les-recus-de-medicaments-dordonnance\/\" \/>\n<meta property=\"og:locale\" content=\"fr_FR\" \/>\n<meta property=\"og:type\" content=\"article\" \/>\n<meta property=\"og:title\" content=\"Comprendre les re\u00e7us de m\u00e9dicaments d\u2019ordonnance | RBC Assurances\" \/>\n<meta property=\"og:description\" content=\"Comprendre les re\u00e7us de m\u00e9dicaments sur ordonnance, d\u00e9coder les acronymes et r\u00e9duire les co\u00fbts avec des conseils utiles.\" \/>\n<meta property=\"og:url\" content=\"https:\/\/silver.rbcinsurance.com\/fr-ca\/assurance-collective\/comprendre-les-recus-de-medicaments-dordonnance\/\" \/>\n<meta property=\"og:site_name\" content=\"RBC Assurances\" \/>\n<meta property=\"article:modified_time\" content=\"2025-10-29T18:23:22+00:00\" \/>\n<meta property=\"og:image\" content=\"https:\/\/silver.rbcinsurance.com\/fr-ca\/wp-content\/uploads\/sites\/3\/2025\/04\/prescription-drug-sample-receipt-fr.webp?quality=80\" \/>\n\t<meta property=\"og:image:width\" content=\"450\" \/>\n\t<meta property=\"og:image:height\" content=\"559\" \/>\n\t<meta property=\"og:image:type\" content=\"image\/webp\" \/>\n<meta name=\"twitter:card\" content=\"summary_large_image\" \/>\n<meta name=\"twitter:label1\" content=\"Est. reading time\" \/>\n\t<meta name=\"twitter:data1\" content=\"2 minutes\" \/>\n<script type=\"application\/ld+json\" class=\"yoast-schema-graph\">{\"@context\":\"https:\\\/\\\/schema.org\",\"@graph\":[{\"@type\":\"WebPage\",\"@id\":\"https:\\\/\\\/silver.rbcinsurance.com\\\/fr-ca\\\/assurance-collective\\\/comprendre-les-recus-de-medicaments-dordonnance\\\/\",\"url\":\"https:\\\/\\\/silver.rbcinsurance.com\\\/fr-ca\\\/assurance-collective\\\/comprendre-les-recus-de-medicaments-dordonnance\\\/\",\"name\":\"Comprendre les re\u00e7us de m\u00e9dicaments d\u2019ordonnance | RBC Assurances\",\"isPartOf\":{\"@id\":\"https:\\\/\\\/silver.rbcinsurance.com\\\/fr-ca\\\/#website\"},\"primaryImageOfPage\":{\"@id\":\"https:\\\/\\\/silver.rbcinsurance.com\\\/fr-ca\\\/assurance-collective\\\/comprendre-les-recus-de-medicaments-dordonnance\\\/#primaryimage\"},\"image\":{\"@id\":\"https:\\\/\\\/silver.rbcinsurance.com\\\/fr-ca\\\/assurance-collective\\\/comprendre-les-recus-de-medicaments-dordonnance\\\/#primaryimage\"},\"thumbnailUrl\":\"https:\\\/\\\/silver.rbcinsurance.com\\\/fr-ca\\\/wp-content\\\/uploads\\\/sites\\\/3\\\/2025\\\/04\\\/prescription-drug-sample-receipt-fr.webp?quality=80\",\"datePublished\":\"2025-05-06T13:21:00+00:00\",\"dateModified\":\"2025-10-29T18:23:22+00:00\",\"description\":\"Comprendre les re\u00e7us de m\u00e9dicaments sur ordonnance, d\u00e9coder les acronymes et r\u00e9duire les co\u00fbts avec des conseils utiles.\",\"breadcrumb\":{\"@id\":\"https:\\\/\\\/silver.rbcinsurance.com\\\/fr-ca\\\/assurance-collective\\\/comprendre-les-recus-de-medicaments-dordonnance\\\/#breadcrumb\"},\"inLanguage\":\"fr-FR\",\"potentialAction\":[{\"@type\":\"ReadAction\",\"target\":[\"https:\\\/\\\/silver.rbcinsurance.com\\\/fr-ca\\\/assurance-collective\\\/comprendre-les-recus-de-medicaments-dordonnance\\\/\"]}]},{\"@type\":\"ImageObject\",\"inLanguage\":\"fr-FR\",\"@id\":\"https:\\\/\\\/silver.rbcinsurance.com\\\/fr-ca\\\/assurance-collective\\\/comprendre-les-recus-de-medicaments-dordonnance\\\/#primaryimage\",\"url\":\"https:\\\/\\\/silver.rbcinsurance.com\\\/fr-ca\\\/wp-content\\\/uploads\\\/sites\\\/3\\\/2025\\\/04\\\/prescription-drug-sample-receipt-fr.webp?quality=80\",\"contentUrl\":\"https:\\\/\\\/silver.rbcinsurance.com\\\/fr-ca\\\/wp-content\\\/uploads\\\/sites\\\/3\\\/2025\\\/04\\\/prescription-drug-sample-receipt-fr.webp?quality=80\",\"width\":450,\"height\":559},{\"@type\":\"BreadcrumbList\",\"@id\":\"https:\\\/\\\/silver.rbcinsurance.com\\\/fr-ca\\\/assurance-collective\\\/comprendre-les-recus-de-medicaments-dordonnance\\\/#breadcrumb\",\"itemListElement\":[{\"@type\":\"ListItem\",\"position\":1,\"name\":\"Accueil\",\"item\":\"https:\\\/\\\/silver.rbcinsurance.com\\\/fr-ca\\\/\"},{\"@type\":\"ListItem\",\"position\":2,\"name\":\"Assurance collective\",\"item\":\"https:\\\/\\\/silver.rbcinsurance.com\\\/fr-ca\\\/assurance-collective\\\/\"},{\"@type\":\"ListItem\",\"position\":3,\"name\":\"Comprendre les re\u00e7us de m\u00e9dicaments d\u2019ordonnance\"}]},{\"@type\":\"WebSite\",\"@id\":\"https:\\\/\\\/silver.rbcinsurance.com\\\/fr-ca\\\/#website\",\"url\":\"https:\\\/\\\/silver.rbcinsurance.com\\\/fr-ca\\\/\",\"name\":\"RBC Assurances\",\"description\":\"Assurance individuelle\",\"publisher\":{\"@id\":\"https:\\\/\\\/silver.rbcinsurance.com\\\/fr-ca\\\/#organization\"},\"potentialAction\":[{\"@type\":\"SearchAction\",\"target\":{\"@type\":\"EntryPoint\",\"urlTemplate\":\"https:\\\/\\\/silver.rbcinsurance.com\\\/fr-ca\\\/?s={search_term_string}\"},\"query-input\":{\"@type\":\"PropertyValueSpecification\",\"valueRequired\":true,\"valueName\":\"search_term_string\"}}],\"inLanguage\":\"fr-FR\"},{\"@type\":\"Organization\",\"@id\":\"https:\\\/\\\/silver.rbcinsurance.com\\\/fr-ca\\\/#organization\",\"name\":\"RBC Assurances\",\"url\":\"https:\\\/\\\/silver.rbcinsurance.com\\\/fr-ca\\\/\",\"logo\":{\"@type\":\"ImageObject\",\"inLanguage\":\"fr-FR\",\"@id\":\"https:\\\/\\\/silver.rbcinsurance.com\\\/fr-ca\\\/#\\\/schema\\\/logo\\\/image\\\/\",\"url\":\"https:\\\/\\\/silver.rbcinsurance.com\\\/fr-ca\\\/wp-content\\\/uploads\\\/sites\\\/3\\\/2021\\\/06\\\/rbc-logo-shield.svg?quality=80&w=1024\",\"contentUrl\":\"https:\\\/\\\/silver.rbcinsurance.com\\\/fr-ca\\\/wp-content\\\/uploads\\\/sites\\\/3\\\/2021\\\/06\\\/rbc-logo-shield.svg?quality=80&w=1024\",\"width\":\"1024\",\"height\":\"1024\",\"caption\":\"RBC Assurances\"},\"image\":{\"@id\":\"https:\\\/\\\/silver.rbcinsurance.com\\\/fr-ca\\\/#\\\/schema\\\/logo\\\/image\\\/\"},\"description\":\"RBC Assurances offre aux Canadiens des assurances personnelles telles que des assurances auto, habitation, vie, sant\u00e9, voyage et cr\u00e9dit, ainsi que des solutions de placement pour la retraite.\",\"telephone\":\"1 800 769-2568\",\"legalName\":\"Services d'assurance RBC Inc.\",\"numberOfEmployees\":{\"@type\":\"QuantitativeValue\",\"minValue\":\"1001\",\"maxValue\":\"5000\"}}]}<\/script>\n<!-- \/ Yoast SEO Premium plugin. -->","yoast_head_json":{"title":"Comprendre les re\u00e7us de m\u00e9dicaments d\u2019ordonnance | RBC Assurances","description":"Comprendre les re\u00e7us de m\u00e9dicaments sur ordonnance, d\u00e9coder les acronymes et r\u00e9duire les co\u00fbts avec des conseils utiles.","robots":{"index":"index","follow":"follow","max-snippet":"max-snippet:-1","max-image-preview":"max-image-preview:large","max-video-preview":"max-video-preview:-1"},"canonical":"https:\/\/silver.rbcinsurance.com\/fr-ca\/assurance-collective\/comprendre-les-recus-de-medicaments-dordonnance\/","og_locale":"fr_FR","og_type":"article","og_title":"Comprendre les re\u00e7us de m\u00e9dicaments d\u2019ordonnance | RBC Assurances","og_description":"Comprendre les re\u00e7us de m\u00e9dicaments sur ordonnance, d\u00e9coder les acronymes et r\u00e9duire les co\u00fbts avec des conseils utiles.","og_url":"https:\/\/silver.rbcinsurance.com\/fr-ca\/assurance-collective\/comprendre-les-recus-de-medicaments-dordonnance\/","og_site_name":"RBC Assurances","article_modified_time":"2025-10-29T18:23:22+00:00","og_image":[{"width":450,"height":559,"url":"https:\/\/silver.rbcinsurance.com\/fr-ca\/wp-content\/uploads\/sites\/3\/2025\/04\/prescription-drug-sample-receipt-fr.webp?quality=80","type":"image\/webp"}],"twitter_card":"summary_large_image","twitter_misc":{"Est. reading time":"2 minutes"},"schema":{"@context":"https:\/\/schema.org","@graph":[{"@type":"WebPage","@id":"https:\/\/silver.rbcinsurance.com\/fr-ca\/assurance-collective\/comprendre-les-recus-de-medicaments-dordonnance\/","url":"https:\/\/silver.rbcinsurance.com\/fr-ca\/assurance-collective\/comprendre-les-recus-de-medicaments-dordonnance\/","name":"Comprendre les re\u00e7us de m\u00e9dicaments d\u2019ordonnance | RBC Assurances","isPartOf":{"@id":"https:\/\/silver.rbcinsurance.com\/fr-ca\/#website"},"primaryImageOfPage":{"@id":"https:\/\/silver.rbcinsurance.com\/fr-ca\/assurance-collective\/comprendre-les-recus-de-medicaments-dordonnance\/#primaryimage"},"image":{"@id":"https:\/\/silver.rbcinsurance.com\/fr-ca\/assurance-collective\/comprendre-les-recus-de-medicaments-dordonnance\/#primaryimage"},"thumbnailUrl":"https:\/\/silver.rbcinsurance.com\/fr-ca\/wp-content\/uploads\/sites\/3\/2025\/04\/prescription-drug-sample-receipt-fr.webp?quality=80","datePublished":"2025-05-06T13:21:00+00:00","dateModified":"2025-10-29T18:23:22+00:00","description":"Comprendre les re\u00e7us de m\u00e9dicaments sur ordonnance, d\u00e9coder les acronymes et r\u00e9duire les co\u00fbts avec des conseils utiles.","breadcrumb":{"@id":"https:\/\/silver.rbcinsurance.com\/fr-ca\/assurance-collective\/comprendre-les-recus-de-medicaments-dordonnance\/#breadcrumb"},"inLanguage":"fr-FR","potentialAction":[{"@type":"ReadAction","target":["https:\/\/silver.rbcinsurance.com\/fr-ca\/assurance-collective\/comprendre-les-recus-de-medicaments-dordonnance\/"]}]},{"@type":"ImageObject","inLanguage":"fr-FR","@id":"https:\/\/silver.rbcinsurance.com\/fr-ca\/assurance-collective\/comprendre-les-recus-de-medicaments-dordonnance\/#primaryimage","url":"https:\/\/silver.rbcinsurance.com\/fr-ca\/wp-content\/uploads\/sites\/3\/2025\/04\/prescription-drug-sample-receipt-fr.webp?quality=80","contentUrl":"https:\/\/silver.rbcinsurance.com\/fr-ca\/wp-content\/uploads\/sites\/3\/2025\/04\/prescription-drug-sample-receipt-fr.webp?quality=80","width":450,"height":559},{"@type":"BreadcrumbList","@id":"https:\/\/silver.rbcinsurance.com\/fr-ca\/assurance-collective\/comprendre-les-recus-de-medicaments-dordonnance\/#breadcrumb","itemListElement":[{"@type":"ListItem","position":1,"name":"Accueil","item":"https:\/\/silver.rbcinsurance.com\/fr-ca\/"},{"@type":"ListItem","position":2,"name":"Assurance collective","item":"https:\/\/silver.rbcinsurance.com\/fr-ca\/assurance-collective\/"},{"@type":"ListItem","position":3,"name":"Comprendre les re\u00e7us de m\u00e9dicaments d\u2019ordonnance"}]},{"@type":"WebSite","@id":"https:\/\/silver.rbcinsurance.com\/fr-ca\/#website","url":"https:\/\/silver.rbcinsurance.com\/fr-ca\/","name":"RBC Assurances","description":"Assurance individuelle","publisher":{"@id":"https:\/\/silver.rbcinsurance.com\/fr-ca\/#organization"},"potentialAction":[{"@type":"SearchAction","target":{"@type":"EntryPoint","urlTemplate":"https:\/\/silver.rbcinsurance.com\/fr-ca\/?s={search_term_string}"},"query-input":{"@type":"PropertyValueSpecification","valueRequired":true,"valueName":"search_term_string"}}],"inLanguage":"fr-FR"},{"@type":"Organization","@id":"https:\/\/silver.rbcinsurance.com\/fr-ca\/#organization","name":"RBC Assurances","url":"https:\/\/silver.rbcinsurance.com\/fr-ca\/","logo":{"@type":"ImageObject","inLanguage":"fr-FR","@id":"https:\/\/silver.rbcinsurance.com\/fr-ca\/#\/schema\/logo\/image\/","url":"https:\/\/silver.rbcinsurance.com\/fr-ca\/wp-content\/uploads\/sites\/3\/2021\/06\/rbc-logo-shield.svg?quality=80&w=1024","contentUrl":"https:\/\/silver.rbcinsurance.com\/fr-ca\/wp-content\/uploads\/sites\/3\/2021\/06\/rbc-logo-shield.svg?quality=80&w=1024","width":"1024","height":"1024","caption":"RBC Assurances"},"image":{"@id":"https:\/\/silver.rbcinsurance.com\/fr-ca\/#\/schema\/logo\/image\/"},"description":"RBC Assurances offre aux Canadiens des assurances personnelles telles que des assurances auto, habitation, vie, sant\u00e9, voyage et cr\u00e9dit, ainsi que des solutions de placement pour la retraite.","telephone":"1 800 769-2568","legalName":"Services d'assurance RBC Inc.","numberOfEmployees":{"@type":"QuantitativeValue","minValue":"1001","maxValue":"5000"}}]}},"jetpack_sharing_enabled":true,"_links":{"self":[{"href":"https:\/\/silver.rbcinsurance.com\/fr-ca\/wp-json\/wp\/v2\/pages\/18531","targetHints":{"allow":["GET"]}}],"collection":[{"href":"https:\/\/silver.rbcinsurance.com\/fr-ca\/wp-json\/wp\/v2\/pages"}],"about":[{"href":"https:\/\/silver.rbcinsurance.com\/fr-ca\/wp-json\/wp\/v2\/types\/page"}],"author":[{"embeddable":true,"href":"https:\/\/silver.rbcinsurance.com\/fr-ca\/wp-json\/wp\/v2\/users\/203"}],"replies":[{"embeddable":true,"href":"https:\/\/silver.rbcinsurance.com\/fr-ca\/wp-json\/wp\/v2\/comments?post=18531"}],"version-history":[{"count":12,"href":"https:\/\/silver.rbcinsurance.com\/fr-ca\/wp-json\/wp\/v2\/pages\/18531\/revisions"}],"predecessor-version":[{"id":22808,"href":"https:\/\/silver.rbcinsurance.com\/fr-ca\/wp-json\/wp\/v2\/pages\/18531\/revisions\/22808"}],"up":[{"embeddable":true,"href":"https:\/\/silver.rbcinsurance.com\/fr-ca\/wp-json\/wp\/v2\/pages\/11588"}],"wp:attachment":[{"href":"https:\/\/silver.rbcinsurance.com\/fr-ca\/wp-json\/wp\/v2\/media?parent=18531"}],"curies":[{"name":"wp","href":"https:\/\/api.w.org\/{rel}","templated":true}]}}