{"id":17702,"date":"2025-03-25T09:19:27","date_gmt":"2025-03-25T13:19:27","guid":{"rendered":"https:\/\/silver.rbcinsurance.com\/fr-ca\/?page_id=17702"},"modified":"2025-12-09T08:22:21","modified_gmt":"2025-12-09T13:22:21","slug":"ape-polices-et-documents-quebec","status":"publish","type":"page","link":"https:\/\/silver.rbcinsurance.com\/fr-ca\/assurance-entreprise\/ape-polices-et-documents-quebec\/","title":{"rendered":"Assurance pr\u00eats aux entreprises \u2013 Renseignements pour les r\u00e9sidents du Qu\u00e9bec"},"content":{"rendered":"\n<p class=\"pad-t mob-pad-t pad-b-qtr mob-pad-b-qtr has-text-xs-font-size\"><span class=\"rbc-yoast-breadcrum-span\"><span><a href=\"https:\/\/silver.rbcinsurance.com\/fr-ca\/\">Accueil<\/a><\/span><\/span><\/p>\n\n\n\n<div class=\"wp-block-rbc-layout-selector layoutSelector layoutSelector__layout3 mar-t-0 mob-mar-t-0 pad-b-dbl mob-pad-b-dbl\">\n<div class=\"wp-block-group is-layout-flow wp-block-group-is-layout-flow\">\n<div class=\"wp-block-group layoutSelector__header is-layout-flow wp-block-group-is-layout-flow\">\n<h1 class=\"wp-block-heading pad-t-hlf mob-pad-t-hlf\" id=\"h-assurance-prets-aux-entreprises-renseignements-pour-les-residents-du-quebec\"><span class=\"partial__border-bottom\">Assurance pr\u00eats aux entreprises \u2013 Renseignements pour les r\u00e9sidents du Qu\u00e9bec<\/span><\/h1>\n\n\n\n<p class=\"p-large\"><\/p>\n<\/div>\n\n\n\n<div class=\"wp-block-group layoutSelector__cards-container layoutSelector__is-flex layoutSelector__direction-col is-layout-flow wp-block-group-is-layout-flow\">\n<div class=\"wp-block-group layoutSelector__is-flex layoutSelector__direction-row is-layout-flow wp-block-group-is-layout-flow\">\n<div class=\"wp-block-rbc-information-card informationCard\" style=\"--icon-url:url(undefined);background-color:#F7F8FA\">\n<div class=\"wp-block-group informationCard__content is-layout-flow wp-block-group-is-layout-flow\">\n<div class=\"wp-block-group informationCard__icon-group is-layout-flow wp-block-group-is-layout-flow\">\n<h4 class=\"wp-block-heading\" id=\"h-sommaires-du-produit\"><strong>Sommaires du produit<\/strong><\/h4>\n<\/div>\n\n\n\n<p class=\"get-your-free-quote-call\">Vous trouverez ci-dessous un sommaire du produit qui d\u00e9crit les garanties d\u2019assurance pour certains pr\u00eats \u00e0 l\u2019entreprise RBC Banque Royale.<\/p>\n<\/div>\n\n\n\n<ul class=\"wp-block-list list-core-block second-level-inherit third-level-inherit is-style-blue-disc mar-t-hlf mob-mar-t-hlf\">\n<li><a href=\"https:\/\/www.rbcroyalbank.com\/fr\/entreprises\/pdf\/ape\/ape-formulairesquebec.pdf\" target=\"_blank\" data-dig-id=\"LP-17702-837e0fd3\" data-dig-category=\"LP\" data-dig-action=\"link click\" data-dig-label=\"Assurance pr\u00eats aux entreprises \u2013 Sommaire du produit \u2013 Assurances vie, mutilation accidentelle, maladies graves et invalidit\u00e9\" class=\"rbc-link-format standalone-pdf\" data-icon-class=\"standalone-pdf\" rel=\"noreferrer noopener\">Assurance pr\u00eats aux entreprises \u2013 Sommaire du produit \u2013 Assurances vie, mutilation accidentelle, maladies graves et invalidit\u00e9<\/a><\/li>\n\n\n\n<li><a href=\"https:\/\/www.rbcroyalbank.com\/fr\/entreprises\/pdf\/ape\/ape-formulairesquebec-a1.pdf\" target=\"_blank\" data-dig-id=\"LP-17702-07abd05e\" data-dig-category=\"LP\" data-dig-action=\"link click\" data-dig-label=\"Assurance pr\u00eats aux entreprises \u2013 Sommaire du produit \u2013 Assurances vie et mutilation accidentelle \u2013 proposition d\u2019assurance en ligne\" class=\"rbc-link-format standalone-pdf\" data-icon-class=\"standalone-pdf\" rel=\"noreferrer noopener\">Assurance pr\u00eats aux entreprises \u2013 Sommaire du produit \u2013 Assurances vie et mutilation accidentelle \u2013 proposition d\u2019assurance en ligne<\/a><\/li>\n<\/ul>\n<\/div>\n<\/div>\n\n\n\n<div class=\"wp-block-group layoutSelector__is-flex layoutSelector__direction-row is-layout-flow wp-block-group-is-layout-flow\">\n<div class=\"wp-block-rbc-information-card informationCard\" style=\"--icon-url:url(undefined);background-color:#F7F8FA\">\n<div class=\"wp-block-group informationCard__content is-layout-flow wp-block-group-is-layout-flow\">\n<div class=\"wp-block-group informationCard__icon-group is-layout-flow wp-block-group-is-layout-flow\">\n<h4 class=\"wp-block-heading\" id=\"h-certificats-d-assurance-y-compris-les-conditions\"><strong>Certificats d\u2019assurance, y compris les conditions<\/strong><\/h4>\n<\/div>\n\n\n\n<p class=\"get-your-free-quote-call\">Vous trouverez ci-dessous les certificats d\u2019assurance, y compris les conditions pour certains pr\u00eats \u00e0 l\u2019entreprise RBC Banque Royale.<\/p>\n<\/div>\n\n\n\n<ul class=\"wp-block-list list-core-block second-level-inherit third-level-inherit is-style-blue-disc mar-t-hlf mob-mar-t-hlf\">\n<li><a href=\"https:\/\/www.rbcroyalbank.com\/fr\/entreprises\/pdf\/ape\/ape-terms-conditions.pdf\" target=\"_blank\" data-dig-id=\"LP-17702-7f598c5c\" data-dig-category=\"LP\" data-dig-action=\"link click\" data-dig-label=\"Assurance pr\u00eats aux entreprises \u2013 Certificat d\u2019assurance vie, mutilation accidentelle, maladies graves et invalidit\u00e9\" class=\"rbc-link-format standalone-pdf\" data-icon-class=\"standalone-pdf\" rel=\"noreferrer noopener\">Assurance pr\u00eats aux entreprises \u2013 Certificat d\u2019assurance vie, mutilation accidentelle, maladies graves et invalidit\u00e9<\/a><\/li>\n\n\n\n<li><a href=\"https:\/\/www.rbcroyalbank.com\/fr\/entreprises\/pdf\/ape\/ape-certificate-53460a.pdf\" target=\"_blank\" data-dig-id=\"LP-17702-b6dd1a9d\" data-dig-category=\"LP\" data-dig-action=\"link click\" data-dig-label=\"Assurance pr\u00eats aux entreprises \u2013 Certificat d\u2019assurance vie et mutilation accidentelle \u2013 proposition d\u2019assurance en ligne\" class=\"rbc-link-format standalone-pdf\" data-icon-class=\"standalone-pdf\" rel=\"noreferrer noopener\">Assurance pr\u00eats aux entreprises \u2013 Certificat d\u2019assurance vie et mutilation accidentelle \u2013 proposition d\u2019assurance en ligne<\/a><\/li>\n<\/ul>\n<\/div>\n<\/div>\n<\/div>\n<\/div>\n<\/div>\n","protected":false},"excerpt":{"rendered":"","protected":false},"author":203,"featured_media":0,"parent":11583,"menu_order":0,"comment_status":"closed","ping_status":"closed","template":"templates\/new-rbci-design.php","meta":{"_acf_changed":false,"footnotes":""},"class_list":["post-17702","page","type-page","status-publish","hentry"],"acf":[],"yoast_head":"<!-- This site is optimized with the Yoast SEO Premium plugin v27.3 (Yoast SEO v27.3) - https:\/\/yoast.com\/product\/yoast-seo-premium-wordpress\/ -->\n<title>Assurance pr\u00eats aux entreprises | RBC Assurances<\/title>\n<meta name=\"description\" content=\"Consultez les plans d&#039;assurance de pr\u00eat commercial de RBC pour les r\u00e9sidents du Qu\u00e9bec, y compris les conditions g\u00e9n\u00e9rales.\" \/>\n<meta name=\"robots\" content=\"index, follow, max-snippet:-1, max-image-preview:large, max-video-preview:-1\" \/>\n<link rel=\"canonical\" href=\"https:\/\/silver.rbcinsurance.com\/fr-ca\/assurance-entreprise\/ape-polices-et-documents-quebec\/\" \/>\n<meta property=\"og:locale\" content=\"fr_FR\" \/>\n<meta property=\"og:type\" content=\"article\" \/>\n<meta property=\"og:title\" content=\"Assurance pr\u00eats aux entreprises | RBC Assurances\" \/>\n<meta property=\"og:description\" content=\"Consultez les plans d&#039;assurance de pr\u00eat commercial de RBC pour les r\u00e9sidents du Qu\u00e9bec, y compris les conditions g\u00e9n\u00e9rales.\" \/>\n<meta property=\"og:url\" content=\"https:\/\/silver.rbcinsurance.com\/fr-ca\/assurance-entreprise\/ape-polices-et-documents-quebec\/\" \/>\n<meta property=\"og:site_name\" content=\"RBC Assurances\" \/>\n<meta property=\"article:modified_time\" content=\"2025-12-09T13:22:21+00:00\" \/>\n<meta property=\"og:image\" content=\"https:\/\/silver.rbcinsurance.com\/fr-ca\/wp-content\/uploads\/sites\/3\/2024\/12\/personal-insurance-mobile.webp?quality=80\" \/>\n\t<meta property=\"og:image:width\" content=\"450\" \/>\n\t<meta property=\"og:image:height\" content=\"250\" \/>\n\t<meta property=\"og:image:type\" content=\"image\/webp\" \/>\n<meta name=\"twitter:card\" content=\"summary_large_image\" \/>\n<meta name=\"twitter:label1\" content=\"Est. reading time\" \/>\n\t<meta name=\"twitter:data1\" content=\"1 minute\" \/>\n<script type=\"application\/ld+json\" class=\"yoast-schema-graph\">{\"@context\":\"https:\\\/\\\/schema.org\",\"@graph\":[{\"@type\":\"WebPage\",\"@id\":\"https:\\\/\\\/silver.rbcinsurance.com\\\/fr-ca\\\/assurance-entreprise\\\/ape-polices-et-documents-quebec\\\/\",\"url\":\"https:\\\/\\\/silver.rbcinsurance.com\\\/fr-ca\\\/assurance-entreprise\\\/ape-polices-et-documents-quebec\\\/\",\"name\":\"Assurance pr\u00eats aux entreprises | RBC Assurances\",\"isPartOf\":{\"@id\":\"https:\\\/\\\/silver.rbcinsurance.com\\\/fr-ca\\\/#website\"},\"datePublished\":\"2025-03-25T13:19:27+00:00\",\"dateModified\":\"2025-12-09T13:22:21+00:00\",\"description\":\"Consultez les plans d'assurance de pr\u00eat commercial de RBC pour les r\u00e9sidents du Qu\u00e9bec, y compris les conditions g\u00e9n\u00e9rales.\",\"breadcrumb\":{\"@id\":\"https:\\\/\\\/silver.rbcinsurance.com\\\/fr-ca\\\/assurance-entreprise\\\/ape-polices-et-documents-quebec\\\/#breadcrumb\"},\"inLanguage\":\"fr-FR\",\"potentialAction\":[{\"@type\":\"ReadAction\",\"target\":[\"https:\\\/\\\/silver.rbcinsurance.com\\\/fr-ca\\\/assurance-entreprise\\\/ape-polices-et-documents-quebec\\\/\"]}]},{\"@type\":\"BreadcrumbList\",\"@id\":\"https:\\\/\\\/silver.rbcinsurance.com\\\/fr-ca\\\/assurance-entreprise\\\/ape-polices-et-documents-quebec\\\/#breadcrumb\",\"itemListElement\":[{\"@type\":\"ListItem\",\"position\":1,\"name\":\"Accueil\",\"item\":\"https:\\\/\\\/silver.rbcinsurance.com\\\/fr-ca\\\/\"},{\"@type\":\"ListItem\",\"position\":2,\"name\":\"Assurance entreprise\",\"item\":\"https:\\\/\\\/silver.rbcinsurance.com\\\/fr-ca\\\/assurance-entreprise\\\/\"},{\"@type\":\"ListItem\",\"position\":3,\"name\":\"Assurance pr\u00eats aux entreprises \u2013 Renseignements pour les r\u00e9sidents du Qu\u00e9bec\"}]},{\"@type\":\"WebSite\",\"@id\":\"https:\\\/\\\/silver.rbcinsurance.com\\\/fr-ca\\\/#website\",\"url\":\"https:\\\/\\\/silver.rbcinsurance.com\\\/fr-ca\\\/\",\"name\":\"RBC Assurances\",\"description\":\"Assurance individuelle\",\"publisher\":{\"@id\":\"https:\\\/\\\/silver.rbcinsurance.com\\\/fr-ca\\\/#organization\"},\"potentialAction\":[{\"@type\":\"SearchAction\",\"target\":{\"@type\":\"EntryPoint\",\"urlTemplate\":\"https:\\\/\\\/silver.rbcinsurance.com\\\/fr-ca\\\/?s={search_term_string}\"},\"query-input\":{\"@type\":\"PropertyValueSpecification\",\"valueRequired\":true,\"valueName\":\"search_term_string\"}}],\"inLanguage\":\"fr-FR\"},{\"@type\":\"Organization\",\"@id\":\"https:\\\/\\\/silver.rbcinsurance.com\\\/fr-ca\\\/#organization\",\"name\":\"RBC Assurances\",\"url\":\"https:\\\/\\\/silver.rbcinsurance.com\\\/fr-ca\\\/\",\"logo\":{\"@type\":\"ImageObject\",\"inLanguage\":\"fr-FR\",\"@id\":\"https:\\\/\\\/silver.rbcinsurance.com\\\/fr-ca\\\/#\\\/schema\\\/logo\\\/image\\\/\",\"url\":\"https:\\\/\\\/silver.rbcinsurance.com\\\/fr-ca\\\/wp-content\\\/uploads\\\/sites\\\/3\\\/2021\\\/06\\\/rbc-logo-shield.svg?quality=80&w=1024\",\"contentUrl\":\"https:\\\/\\\/silver.rbcinsurance.com\\\/fr-ca\\\/wp-content\\\/uploads\\\/sites\\\/3\\\/2021\\\/06\\\/rbc-logo-shield.svg?quality=80&w=1024\",\"width\":\"1024\",\"height\":\"1024\",\"caption\":\"RBC Assurances\"},\"image\":{\"@id\":\"https:\\\/\\\/silver.rbcinsurance.com\\\/fr-ca\\\/#\\\/schema\\\/logo\\\/image\\\/\"},\"description\":\"RBC Assurances offre aux Canadiens des assurances personnelles telles que des assurances auto, habitation, vie, sant\u00e9, voyage et cr\u00e9dit, ainsi que des solutions de placement pour la retraite.\",\"telephone\":\"1 800 769-2568\",\"legalName\":\"Services d'assurance RBC Inc.\",\"numberOfEmployees\":{\"@type\":\"QuantitativeValue\",\"minValue\":\"1001\",\"maxValue\":\"5000\"}}]}<\/script>\n<!-- \/ Yoast SEO Premium plugin. -->","yoast_head_json":{"title":"Assurance pr\u00eats aux entreprises | RBC Assurances","description":"Consultez les plans d'assurance de pr\u00eat commercial de RBC pour les r\u00e9sidents du Qu\u00e9bec, y compris les conditions g\u00e9n\u00e9rales.","robots":{"index":"index","follow":"follow","max-snippet":"max-snippet:-1","max-image-preview":"max-image-preview:large","max-video-preview":"max-video-preview:-1"},"canonical":"https:\/\/silver.rbcinsurance.com\/fr-ca\/assurance-entreprise\/ape-polices-et-documents-quebec\/","og_locale":"fr_FR","og_type":"article","og_title":"Assurance pr\u00eats aux entreprises | RBC Assurances","og_description":"Consultez les plans d'assurance de pr\u00eat commercial de RBC pour les r\u00e9sidents du Qu\u00e9bec, y compris les conditions g\u00e9n\u00e9rales.","og_url":"https:\/\/silver.rbcinsurance.com\/fr-ca\/assurance-entreprise\/ape-polices-et-documents-quebec\/","og_site_name":"RBC Assurances","article_modified_time":"2025-12-09T13:22:21+00:00","og_image":[{"width":450,"height":250,"url":"https:\/\/silver.rbcinsurance.com\/fr-ca\/wp-content\/uploads\/sites\/3\/2024\/12\/personal-insurance-mobile.webp?quality=80","type":"image\/webp"}],"twitter_card":"summary_large_image","twitter_misc":{"Est. reading time":"1 minute"},"schema":{"@context":"https:\/\/schema.org","@graph":[{"@type":"WebPage","@id":"https:\/\/silver.rbcinsurance.com\/fr-ca\/assurance-entreprise\/ape-polices-et-documents-quebec\/","url":"https:\/\/silver.rbcinsurance.com\/fr-ca\/assurance-entreprise\/ape-polices-et-documents-quebec\/","name":"Assurance pr\u00eats aux entreprises | RBC Assurances","isPartOf":{"@id":"https:\/\/silver.rbcinsurance.com\/fr-ca\/#website"},"datePublished":"2025-03-25T13:19:27+00:00","dateModified":"2025-12-09T13:22:21+00:00","description":"Consultez les plans d'assurance de pr\u00eat commercial de RBC pour les r\u00e9sidents du Qu\u00e9bec, y compris les conditions g\u00e9n\u00e9rales.","breadcrumb":{"@id":"https:\/\/silver.rbcinsurance.com\/fr-ca\/assurance-entreprise\/ape-polices-et-documents-quebec\/#breadcrumb"},"inLanguage":"fr-FR","potentialAction":[{"@type":"ReadAction","target":["https:\/\/silver.rbcinsurance.com\/fr-ca\/assurance-entreprise\/ape-polices-et-documents-quebec\/"]}]},{"@type":"BreadcrumbList","@id":"https:\/\/silver.rbcinsurance.com\/fr-ca\/assurance-entreprise\/ape-polices-et-documents-quebec\/#breadcrumb","itemListElement":[{"@type":"ListItem","position":1,"name":"Accueil","item":"https:\/\/silver.rbcinsurance.com\/fr-ca\/"},{"@type":"ListItem","position":2,"name":"Assurance entreprise","item":"https:\/\/silver.rbcinsurance.com\/fr-ca\/assurance-entreprise\/"},{"@type":"ListItem","position":3,"name":"Assurance pr\u00eats aux entreprises \u2013 Renseignements pour les r\u00e9sidents du Qu\u00e9bec"}]},{"@type":"WebSite","@id":"https:\/\/silver.rbcinsurance.com\/fr-ca\/#website","url":"https:\/\/silver.rbcinsurance.com\/fr-ca\/","name":"RBC Assurances","description":"Assurance individuelle","publisher":{"@id":"https:\/\/silver.rbcinsurance.com\/fr-ca\/#organization"},"potentialAction":[{"@type":"SearchAction","target":{"@type":"EntryPoint","urlTemplate":"https:\/\/silver.rbcinsurance.com\/fr-ca\/?s={search_term_string}"},"query-input":{"@type":"PropertyValueSpecification","valueRequired":true,"valueName":"search_term_string"}}],"inLanguage":"fr-FR"},{"@type":"Organization","@id":"https:\/\/silver.rbcinsurance.com\/fr-ca\/#organization","name":"RBC Assurances","url":"https:\/\/silver.rbcinsurance.com\/fr-ca\/","logo":{"@type":"ImageObject","inLanguage":"fr-FR","@id":"https:\/\/silver.rbcinsurance.com\/fr-ca\/#\/schema\/logo\/image\/","url":"https:\/\/silver.rbcinsurance.com\/fr-ca\/wp-content\/uploads\/sites\/3\/2021\/06\/rbc-logo-shield.svg?quality=80&w=1024","contentUrl":"https:\/\/silver.rbcinsurance.com\/fr-ca\/wp-content\/uploads\/sites\/3\/2021\/06\/rbc-logo-shield.svg?quality=80&w=1024","width":"1024","height":"1024","caption":"RBC Assurances"},"image":{"@id":"https:\/\/silver.rbcinsurance.com\/fr-ca\/#\/schema\/logo\/image\/"},"description":"RBC Assurances offre aux Canadiens des assurances personnelles telles que des assurances auto, habitation, vie, sant\u00e9, voyage et cr\u00e9dit, ainsi que des solutions de placement pour la retraite.","telephone":"1 800 769-2568","legalName":"Services d'assurance RBC Inc.","numberOfEmployees":{"@type":"QuantitativeValue","minValue":"1001","maxValue":"5000"}}]}},"jetpack_sharing_enabled":true,"_links":{"self":[{"href":"https:\/\/silver.rbcinsurance.com\/fr-ca\/wp-json\/wp\/v2\/pages\/17702","targetHints":{"allow":["GET"]}}],"collection":[{"href":"https:\/\/silver.rbcinsurance.com\/fr-ca\/wp-json\/wp\/v2\/pages"}],"about":[{"href":"https:\/\/silver.rbcinsurance.com\/fr-ca\/wp-json\/wp\/v2\/types\/page"}],"author":[{"embeddable":true,"href":"https:\/\/silver.rbcinsurance.com\/fr-ca\/wp-json\/wp\/v2\/users\/203"}],"replies":[{"embeddable":true,"href":"https:\/\/silver.rbcinsurance.com\/fr-ca\/wp-json\/wp\/v2\/comments?post=17702"}],"version-history":[{"count":15,"href":"https:\/\/silver.rbcinsurance.com\/fr-ca\/wp-json\/wp\/v2\/pages\/17702\/revisions"}],"predecessor-version":[{"id":23306,"href":"https:\/\/silver.rbcinsurance.com\/fr-ca\/wp-json\/wp\/v2\/pages\/17702\/revisions\/23306"}],"up":[{"embeddable":true,"href":"https:\/\/silver.rbcinsurance.com\/fr-ca\/wp-json\/wp\/v2\/pages\/11583"}],"wp:attachment":[{"href":"https:\/\/silver.rbcinsurance.com\/fr-ca\/wp-json\/wp\/v2\/media?parent=17702"}],"curies":[{"name":"wp","href":"https:\/\/api.w.org\/{rel}","templated":true}]}}