{"id":17087,"date":"2025-01-30T13:43:15","date_gmt":"2025-01-30T18:43:15","guid":{"rendered":"https:\/\/silver.rbcinsurance.com\/fr-ca\/?page_id=17087"},"modified":"2025-12-10T14:25:16","modified_gmt":"2025-12-10T19:25:16","slug":"assuranceprivee","status":"publish","type":"page","link":"https:\/\/silver.rbcinsurance.com\/fr-ca\/assuranceprivee\/","title":{"rendered":"Assurance priv\u00e9e RBC: Communiquez avec nous"},"content":{"rendered":"\n<div class=\"wp-block-rbc-callout-card calloutCard calloutCard__HeroImageBackground hasDarkBg\" style=\"background:url(https:\/\/silver.rbcinsurance.com\/en-ca\/wp-content\/uploads\/sites\/2\/2021\/06\/retirement-insurance_hero-desktop.webp) no-repeat;--bghero-mobi-url:url(https:\/\/silver.rbcinsurance.com\/en-ca\/wp-content\/uploads\/sites\/2\/2021\/06\/retirement-insurance_hero-mobile.webp)\">\n<div class=\"wp-block-columns cols-hero-wrapper is-layout-flex wp-container-core-columns-is-layout-28f84493 wp-block-columns-is-layout-flex\">\n<div class=\"wp-block-column col-front is-layout-flow wp-block-column-is-layout-flow\">\n<p class=\"rbc-yoast-breadcrum\"><\/p>\n\n\n\n<h2 class=\"wp-block-heading rbc-callout-heading\" id=\"h-vous-meritez-d-avoir-la-bonne-protection\">Vous m\u00e9ritez d\u2019avoir la <mark style=\"color:#FEDF01\" class=\"has-inline-color\">bonne protection<\/mark>.<\/h2>\n\n\n\n<p class=\"rbc-override-margin p-large\">Lorsque vos r\u00e9alisations et votre patrimoine vous exposent \u00e0 des risques accrus, il est essentiel de disposer d\u2019une couverture et d\u2019un service qui vont au-del\u00e0 de ce qu\u2019une police classique peut vous offrir.<\/p>\n\n\n\n<div class=\"wp-block-buttons  get-your-free-quote is-layout-flex wp-block-buttons-is-layout-flex\"><div>\n<p class=\" call-link\"><\/p>\n<\/div><\/div>\n\n\n\n<div class=\"wp-block-rbc-postal-code postal-code-form  postal-code\" data-custom-url=\"\"><div class=\"quote-form \"><div class=\"inputCode\"><label>Your postal code<\/label><input class=\"\" type=\"text\" value=\"\" placeholder=\"A1A 1A1\"\/><\/div><div class=\"inputCode\">\n<div class=\"wp-block-buttons is-layout-flex wp-block-buttons-is-layout-flex\"><div>\n<div class=\"wp-block-button btn is-style-accent accent\"><a class=\"wp-block-button__link wp-element-button\" href=\"#\" data-dig-id=\"LP-17087-76f59f18\" data-dig-category=\"LP\" data-dig-action=\"button click\" data-dig-label=\"Get a quote-# \">Get a quote<\/a><\/div>\n<\/div><\/div>\n<\/div><\/div><div class=\"error-msg\"><span class=\"error-msg-span\">Please provide a valid postal code in A1A 1A1 format.<\/span><\/div><\/div>\n<\/div>\n<\/div>\n<\/div>\n\n\n\n<div style=\"height:50px\" aria-hidden=\"true\" class=\"wp-block-spacer\"><\/div>\n\n\n\n<p><span class=\"partial__border-bottom\">Nous vous remercions de l\u2019int\u00e9r\u00eat que vous portez \u00e0 Assurance priv\u00e9e RBC (Assurances auto, habitation et responsabilit\u00e9). Veuillez prendre le temps de nous transmettre vos coordonn\u00e9es. Un sp\u00e9cialiste en assurance, Client\u00e8le priv\u00e9e communiquera avec vous dans un d\u00e9lai de deux jours ouvrables pour vous pr\u00e9senter une revue compl\u00e8te de vos besoins en assurances aux particuliers.<\/span><\/p>\n\n\n\n<div style=\"height:15px\" aria-hidden=\"true\" class=\"wp-block-spacer\"><\/div>\n\n\n\n<form action=\"https:\/\/webto.salesforce.com\/servlet\/servlet.WebToLead?encoding=UTF-8&amp;orgId=00D5f000006qGQp\" method=\"POST\">\n\n    <input type=\"hidden\" name=\"oid\" value=\"00D5f000006qGQp\">\n    <input type=\"hidden\" name=\"retURL\" value=\"https:\/\/www.rbcprivateinsurance.com\/index.html\">\n    <input type=\"hidden\" name=\"00N5f00000hBPnq\" value=\"HNW - PCIS\">\n    <input type=\"hidden\" name=\"lead_source\" value=\"Web\">\n    <input type=\"hidden\" name=\"00N5f00000hBPnh\" value=\"Insurance Form Lead\">\n    <input type=\"hidden\" name=\"00N5f00000hBPn4\" value=\"Web - HNW DS Referrals\">\n    <input type=\"hidden\" name=\"00N5f00000hBPnf\" value=\"Immediate Action\">\n\n\n    <fieldset class=\"field-row\">\n        <div class=\"col-5\">\n            <div class=\"input-wpr\">\n                <label for=\"first_name\">Pr\u00e9nom<\/label><input id=\"first_name\" name=\"first_name\" type=\"text\" \/>\n            <\/div>\n        <\/div>\n        <div class=\"col-5\">\n            <div class=\"input-wpr\">\n                <label for=\"last_name\">Nom de famille<\/label><input id=\"last_name\" name=\"last_name\" type=\"text\" \/>\n            <\/div>\n        <\/div>\n    <\/fieldset>\n\n    <fieldset class=\"field-row\">\n        <div class=\"col-5\">\n            <div class=\"input-wpr\"><label for=\"phone\">Num\u00e9ro de t\u00e9l\u00e9phone<\/label><input id=\"phone\" name=\"00N5f00000hBPoF\" type=\"text\" placeholder=\"XXX-XXX-XXXX\" \/>\n            <\/div>\n        <\/div>\n        <div class=\"col-5\">\n            <div class=\"input-wpr\">\n                <label for=\"email\">Courriel<\/label><input id=\"email\" name=\"email\" type=\"text\" \/>\n            <\/div>\n        <\/div>\n    <\/fieldset>\n\n    <div class=\"date-row\">\n        <div class=\"col-3\">\n            <div class=\"input-wpr\">\n\t\t\t\t<div class=\"input-wpr\">\n                <label for=\"email\">Date de naissance<\/label><input id=\"00N5f00000hBPnA\" name=\"00N5f00000hBPnA\" type=\"text\" placeholder=\"YYYY-MM-DD\" \/>\n            <\/div>\n\n            <\/div>\n        <\/div>\n    <\/div>\n\n\n    <fieldset class=\"field-row\">\n        <div class=\"col-5\">\n            <div class=\"input-wpr\">\n                <label>Profession<\/label><input id=\"00N5f00000hBPnb\" name=\"00N5f00000hBPnb\" type=\"text\" \/>\n            <\/div>\n        <\/div>\n        <div class=\"col-5\">\n            <div class=\"input-wpr\">\n           <label for=\"00N5f00000hBPna\">Partenaire recommandataire<\/label><input id=\"00N5f00000hBPna\" name=\"00N5f00000hBPna\" type=\"text\" \/>\n            <\/div>\n        <\/div>\n    <\/fieldset>\n\n    <div class=\"col-4\">\n        <h4>Qu\u2019y a-t-il de nouveau dans votre vie ?<\/h4>\n        <div id=\"checkbox-list\">\n          <input type=\"checkbox\" id=\"00N5f00000hBPnl\" name=\"00N5f00000hBPnl\" value=\"1\">\n          <label for=\"00N5f00000hBPnl\"> Nouvelle voiture<\/label><br>\n          <input type=\"checkbox\" id=\"00N5f00000hBPnm\" name=\"00N5f00000hBPnm\" value=\"1\">\n          <label for=\"00N5f00000hBPnm\"> Nouveau-n\u00e9<\/label><br>\n          <input type=\"checkbox\" id=\"00N5f00000hBPnn\" name=\"00N5f00000hBPnn\" value=\"1\">\n          <label for=\"00N5f00000hBPnn\"> Nouvelle maison<\/label><br>\n          <input type=\"checkbox\" id=\"00N5f00000hBPoL\" name=\"00N5f00000hBPoL\" value=\"1\">\n          <label for=\"00N5f00000hBPoL\"> R\u00e9novation de la maison<\/label><br>\n          <input type=\"checkbox\" id=\"00N5f00000hBPoQ\" name=\"00N5f00000hBPoQ\" value=\"1\">\n          <label for=\"00N5f00000hBPoQ\"> Conducteur adolescent<\/label><br>\n          <input type=\"checkbox\" id=\"00N5f00000hBPnI\" name=\"00N5f00000hBPnI\" value=\"1\">\n          <label for=\"00N5f00000hBPnI\"> Mariage<\/label><br>\n          <input type=\"checkbox\" id=\"00N5f00000hBPo1\" name=\"00N5f00000hBPo1\" value=\"1\">\n          <label for=\"00N5f00000hBPo1\"> Planification d\u2019un voyage<\/label><br>\n          <input type=\"checkbox\" id=\"00N5f00000hBPoR\" name=\"00N5f00000hBPoR\" value=\"1\">\n          <label for=\"00N5f00000hBPoR\"> Retraite en vue <\/label><br>\n          <input type=\"checkbox\" id=\"00N5f00000hBPnp\" name=\"00N5f00000hBPnp\" value=\"1\">\n          <label for=\"00N5f00000hBPnp\"> Aucune de ces r\u00e9ponses<\/label><br><br>\n          <input class=\"btn primary\" type=\"submit\" value=\"Soumettre\" name=\"submit\">\n        <\/div>\n    <\/div>\n<\/form>\n\n\n\n<p><\/p>\n\n\n\n<section class=\"wp-block-rbc-rbc-legal-collapsible disclaimer mar-t-dbl\" aria-label=\"Legal Disclaimers\"><div class=\"section-inner\"><p><button class=\"collapse-toggle collapsed\" data-target=\"#collapseDisclaimer\" data-toggle=\"collapse\" aria-expanded=\"false\" aria-controls=\"collapseDisclaimer\" data-dig-id=\"LP-17087-395175d8\" data-dig-category=\"LP\" data-dig-action=\"legal close\" data-dig-label=\"legal close\" action-closed=\"legal close\" action-opened=\"legal open\" label-close=\"legal open\" label-open=\"legal close\"><span>Afficher les avis de non-responsabilit\u00e9<\/span><span>Cacher les avis de non-responsabilit\u00e9<\/span><\/button><\/p><div class=\"collapse-content collapse\" id=\"collapseDisclaimer\"><div class=\"collapse-inner\"><div class=\"table-wpr\">\n<div class=\"wp-block-rbc-rbc-disclaimer-block  mar-b-hlf\"><div class=\"table-row\" id=\"legal-2\"><div class=\"table-cell\"><span class=\"offscreen\">Legal Disclaimer<\/span><sup>1<\/sup><\/div><div class=\"table-cell\">\n<p>Des conditions s\u2019appliquent. Toutes les personnes qui utilisent les plateformes en ligne ou qui t\u00e9l\u00e9phonent ne pourront pas n\u00e9cessairement obtenir une soumission ou souscrire une police d\u2019assurance.<\/p>\n<\/div><\/div><\/div>\n\n\n\n<div class=\"wp-block-rbc-rbc-disclaimer-block  mar-b-hlf\"><div class=\"table-row\" id=\"legal-3\"><div class=\"table-cell\"><span class=\"offscreen\">Legal Disclaimer<\/span><sup>2<\/sup><\/div><div class=\"table-cell\">\n<p>L\u2019assurance responsabilit\u00e9 civile est assujettie aux modalit\u00e9s, aux conditions, aux limitations et aux exclusions de la police.<\/p>\n<\/div><\/div><\/div>\n<\/div><\/div><\/div><\/div><\/section>\n\n\n\n<p><\/p>\n","protected":false},"excerpt":{"rendered":"<p>Lorsque vos r\u00e9alisations et votre patrimoine vous exposent \u00e0 des risques accrus, il est essentiel de disposer d\u2019une couverture et d\u2019un service qui vont au-del\u00e0 de ce qu\u2019une police classique peut vous offrir.<\/p>\n","protected":false},"author":168,"featured_media":8333,"parent":0,"menu_order":0,"comment_status":"closed","ping_status":"closed","template":"templates\/new-rbci-design.php","meta":{"_acf_changed":false,"footnotes":""},"class_list":["post-17087","page","type-page","status-publish","has-post-thumbnail","hentry"],"acf":[],"yoast_head":"<!-- This site is optimized with the Yoast SEO Premium plugin v27.3 (Yoast SEO v27.3) - https:\/\/yoast.com\/product\/yoast-seo-premium-wordpress\/ -->\n<title>Assurance priv\u00e9e RBC: Communiquez avec nous<\/title>\n<meta name=\"description\" content=\"Lorsque vos r\u00e9alisations et votre patrimoine vous exposent \u00e0 des risques accrus, il est essentiel de disposer d\u2019une couverture et d\u2019un service qui vont au-del\u00e0 de ce qu\u2019une police classique peut vous offrir.\" \/>\n<meta name=\"robots\" content=\"noindex, nofollow\" \/>\n<meta property=\"og:locale\" content=\"fr_FR\" \/>\n<meta property=\"og:type\" content=\"article\" \/>\n<meta property=\"og:title\" content=\"Assurance priv\u00e9e RBC: Communiquez avec nous\" \/>\n<meta property=\"og:description\" content=\"Lorsque vos r\u00e9alisations et votre patrimoine vous exposent \u00e0 des risques accrus, il est essentiel de disposer d\u2019une couverture et d\u2019un service qui vont au-del\u00e0 de ce qu\u2019une police classique peut vous offrir.\" \/>\n<meta property=\"og:url\" content=\"https:\/\/silver.rbcinsurance.com\/fr-ca\/assuranceprivee\/\" \/>\n<meta property=\"og:site_name\" content=\"RBC Assurances\" \/>\n<meta property=\"article:modified_time\" content=\"2025-12-10T19:25:16+00:00\" \/>\n<meta property=\"og:image\" content=\"https:\/\/silver.rbcinsurance.com\/fr-ca\/wp-content\/uploads\/sites\/3\/2024\/02\/Article-DSIR-v.2.jpg?quality=80\" \/>\n\t<meta property=\"og:image:width\" content=\"2120\" \/>\n\t<meta property=\"og:image:height\" content=\"1414\" \/>\n\t<meta property=\"og:image:type\" content=\"image\/jpeg\" \/>\n<meta name=\"twitter:card\" content=\"summary_large_image\" \/>\n<meta name=\"twitter:label1\" content=\"Est. reading time\" \/>\n\t<meta name=\"twitter:data1\" content=\"2 minutes\" \/>\n<script type=\"application\/ld+json\" class=\"yoast-schema-graph\">{\"@context\":\"https:\\\/\\\/schema.org\",\"@graph\":[{\"@type\":\"WebPage\",\"@id\":\"https:\\\/\\\/silver.rbcinsurance.com\\\/fr-ca\\\/assuranceprivee\\\/\",\"url\":\"https:\\\/\\\/silver.rbcinsurance.com\\\/fr-ca\\\/assuranceprivee\\\/\",\"name\":\"Assurance priv\u00e9e RBC: Communiquez avec nous\",\"isPartOf\":{\"@id\":\"https:\\\/\\\/silver.rbcinsurance.com\\\/fr-ca\\\/#website\"},\"primaryImageOfPage\":{\"@id\":\"https:\\\/\\\/silver.rbcinsurance.com\\\/fr-ca\\\/assuranceprivee\\\/#primaryimage\"},\"image\":{\"@id\":\"https:\\\/\\\/silver.rbcinsurance.com\\\/fr-ca\\\/assuranceprivee\\\/#primaryimage\"},\"thumbnailUrl\":\"https:\\\/\\\/silver.rbcinsurance.com\\\/fr-ca\\\/wp-content\\\/uploads\\\/sites\\\/3\\\/2024\\\/02\\\/Article-DSIR-v.2.jpg?quality=80\",\"datePublished\":\"2025-01-30T18:43:15+00:00\",\"dateModified\":\"2025-12-10T19:25:16+00:00\",\"description\":\"Lorsque vos r\u00e9alisations et votre patrimoine vous exposent \u00e0 des risques accrus, il est essentiel de disposer d\u2019une couverture et d\u2019un service qui vont au-del\u00e0 de ce qu\u2019une police classique peut vous offrir.\",\"breadcrumb\":{\"@id\":\"https:\\\/\\\/silver.rbcinsurance.com\\\/fr-ca\\\/assuranceprivee\\\/#breadcrumb\"},\"inLanguage\":\"fr-FR\",\"potentialAction\":[{\"@type\":\"ReadAction\",\"target\":[\"https:\\\/\\\/silver.rbcinsurance.com\\\/fr-ca\\\/assuranceprivee\\\/\"]}]},{\"@type\":\"ImageObject\",\"inLanguage\":\"fr-FR\",\"@id\":\"https:\\\/\\\/silver.rbcinsurance.com\\\/fr-ca\\\/assuranceprivee\\\/#primaryimage\",\"url\":\"https:\\\/\\\/silver.rbcinsurance.com\\\/fr-ca\\\/wp-content\\\/uploads\\\/sites\\\/3\\\/2024\\\/02\\\/Article-DSIR-v.2.jpg?quality=80\",\"contentUrl\":\"https:\\\/\\\/silver.rbcinsurance.com\\\/fr-ca\\\/wp-content\\\/uploads\\\/sites\\\/3\\\/2024\\\/02\\\/Article-DSIR-v.2.jpg?quality=80\",\"width\":2120,\"height\":1414,\"caption\":\"Two middle age hikers with backpacks sit on the grass, leaning their backs against each other and resting\"},{\"@type\":\"BreadcrumbList\",\"@id\":\"https:\\\/\\\/silver.rbcinsurance.com\\\/fr-ca\\\/assuranceprivee\\\/#breadcrumb\",\"itemListElement\":[{\"@type\":\"ListItem\",\"position\":1,\"name\":\"Accueil\",\"item\":\"https:\\\/\\\/silver.rbcinsurance.com\\\/fr-ca\\\/\"},{\"@type\":\"ListItem\",\"position\":2,\"name\":\"Assurance priv\u00e9e RBC: Communiquez avec nous\"}]},{\"@type\":\"WebSite\",\"@id\":\"https:\\\/\\\/silver.rbcinsurance.com\\\/fr-ca\\\/#website\",\"url\":\"https:\\\/\\\/silver.rbcinsurance.com\\\/fr-ca\\\/\",\"name\":\"RBC Assurances\",\"description\":\"Assurance individuelle\",\"publisher\":{\"@id\":\"https:\\\/\\\/silver.rbcinsurance.com\\\/fr-ca\\\/#organization\"},\"potentialAction\":[{\"@type\":\"SearchAction\",\"target\":{\"@type\":\"EntryPoint\",\"urlTemplate\":\"https:\\\/\\\/silver.rbcinsurance.com\\\/fr-ca\\\/?s={search_term_string}\"},\"query-input\":{\"@type\":\"PropertyValueSpecification\",\"valueRequired\":true,\"valueName\":\"search_term_string\"}}],\"inLanguage\":\"fr-FR\"},{\"@type\":\"Organization\",\"@id\":\"https:\\\/\\\/silver.rbcinsurance.com\\\/fr-ca\\\/#organization\",\"name\":\"RBC Assurances\",\"url\":\"https:\\\/\\\/silver.rbcinsurance.com\\\/fr-ca\\\/\",\"logo\":{\"@type\":\"ImageObject\",\"inLanguage\":\"fr-FR\",\"@id\":\"https:\\\/\\\/silver.rbcinsurance.com\\\/fr-ca\\\/#\\\/schema\\\/logo\\\/image\\\/\",\"url\":\"https:\\\/\\\/silver.rbcinsurance.com\\\/fr-ca\\\/wp-content\\\/uploads\\\/sites\\\/3\\\/2021\\\/06\\\/rbc-logo-shield.svg?quality=80&w=1024\",\"contentUrl\":\"https:\\\/\\\/silver.rbcinsurance.com\\\/fr-ca\\\/wp-content\\\/uploads\\\/sites\\\/3\\\/2021\\\/06\\\/rbc-logo-shield.svg?quality=80&w=1024\",\"width\":\"1024\",\"height\":\"1024\",\"caption\":\"RBC Assurances\"},\"image\":{\"@id\":\"https:\\\/\\\/silver.rbcinsurance.com\\\/fr-ca\\\/#\\\/schema\\\/logo\\\/image\\\/\"},\"description\":\"RBC Assurances offre aux Canadiens des assurances personnelles telles que des assurances auto, habitation, vie, sant\u00e9, voyage et cr\u00e9dit, ainsi que des solutions de placement pour la retraite.\",\"telephone\":\"1 800 769-2568\",\"legalName\":\"Services d'assurance RBC Inc.\",\"numberOfEmployees\":{\"@type\":\"QuantitativeValue\",\"minValue\":\"1001\",\"maxValue\":\"5000\"}}]}<\/script>\n<!-- \/ Yoast SEO Premium plugin. -->","yoast_head_json":{"title":"Assurance priv\u00e9e RBC: Communiquez avec nous","description":"Lorsque vos r\u00e9alisations et votre patrimoine vous exposent \u00e0 des risques accrus, il est essentiel de disposer d\u2019une couverture et d\u2019un service qui vont au-del\u00e0 de ce qu\u2019une police classique peut vous offrir.","robots":{"index":"noindex","follow":"nofollow"},"og_locale":"fr_FR","og_type":"article","og_title":"Assurance priv\u00e9e RBC: Communiquez avec nous","og_description":"Lorsque vos r\u00e9alisations et votre patrimoine vous exposent \u00e0 des risques accrus, il est essentiel de disposer d\u2019une couverture et d\u2019un service qui vont au-del\u00e0 de ce qu\u2019une police classique peut vous offrir.","og_url":"https:\/\/silver.rbcinsurance.com\/fr-ca\/assuranceprivee\/","og_site_name":"RBC Assurances","article_modified_time":"2025-12-10T19:25:16+00:00","og_image":[{"width":2120,"height":1414,"url":"https:\/\/silver.rbcinsurance.com\/fr-ca\/wp-content\/uploads\/sites\/3\/2024\/02\/Article-DSIR-v.2.jpg?quality=80","type":"image\/jpeg"}],"twitter_card":"summary_large_image","twitter_misc":{"Est. reading time":"2 minutes"},"schema":{"@context":"https:\/\/schema.org","@graph":[{"@type":"WebPage","@id":"https:\/\/silver.rbcinsurance.com\/fr-ca\/assuranceprivee\/","url":"https:\/\/silver.rbcinsurance.com\/fr-ca\/assuranceprivee\/","name":"Assurance priv\u00e9e RBC: Communiquez avec nous","isPartOf":{"@id":"https:\/\/silver.rbcinsurance.com\/fr-ca\/#website"},"primaryImageOfPage":{"@id":"https:\/\/silver.rbcinsurance.com\/fr-ca\/assuranceprivee\/#primaryimage"},"image":{"@id":"https:\/\/silver.rbcinsurance.com\/fr-ca\/assuranceprivee\/#primaryimage"},"thumbnailUrl":"https:\/\/silver.rbcinsurance.com\/fr-ca\/wp-content\/uploads\/sites\/3\/2024\/02\/Article-DSIR-v.2.jpg?quality=80","datePublished":"2025-01-30T18:43:15+00:00","dateModified":"2025-12-10T19:25:16+00:00","description":"Lorsque vos r\u00e9alisations et votre patrimoine vous exposent \u00e0 des risques accrus, il est essentiel de disposer d\u2019une couverture et d\u2019un service qui vont au-del\u00e0 de ce qu\u2019une police classique peut vous offrir.","breadcrumb":{"@id":"https:\/\/silver.rbcinsurance.com\/fr-ca\/assuranceprivee\/#breadcrumb"},"inLanguage":"fr-FR","potentialAction":[{"@type":"ReadAction","target":["https:\/\/silver.rbcinsurance.com\/fr-ca\/assuranceprivee\/"]}]},{"@type":"ImageObject","inLanguage":"fr-FR","@id":"https:\/\/silver.rbcinsurance.com\/fr-ca\/assuranceprivee\/#primaryimage","url":"https:\/\/silver.rbcinsurance.com\/fr-ca\/wp-content\/uploads\/sites\/3\/2024\/02\/Article-DSIR-v.2.jpg?quality=80","contentUrl":"https:\/\/silver.rbcinsurance.com\/fr-ca\/wp-content\/uploads\/sites\/3\/2024\/02\/Article-DSIR-v.2.jpg?quality=80","width":2120,"height":1414,"caption":"Two middle age hikers with backpacks sit on the grass, leaning their backs against each other and resting"},{"@type":"BreadcrumbList","@id":"https:\/\/silver.rbcinsurance.com\/fr-ca\/assuranceprivee\/#breadcrumb","itemListElement":[{"@type":"ListItem","position":1,"name":"Accueil","item":"https:\/\/silver.rbcinsurance.com\/fr-ca\/"},{"@type":"ListItem","position":2,"name":"Assurance priv\u00e9e RBC: Communiquez avec nous"}]},{"@type":"WebSite","@id":"https:\/\/silver.rbcinsurance.com\/fr-ca\/#website","url":"https:\/\/silver.rbcinsurance.com\/fr-ca\/","name":"RBC Assurances","description":"Assurance individuelle","publisher":{"@id":"https:\/\/silver.rbcinsurance.com\/fr-ca\/#organization"},"potentialAction":[{"@type":"SearchAction","target":{"@type":"EntryPoint","urlTemplate":"https:\/\/silver.rbcinsurance.com\/fr-ca\/?s={search_term_string}"},"query-input":{"@type":"PropertyValueSpecification","valueRequired":true,"valueName":"search_term_string"}}],"inLanguage":"fr-FR"},{"@type":"Organization","@id":"https:\/\/silver.rbcinsurance.com\/fr-ca\/#organization","name":"RBC Assurances","url":"https:\/\/silver.rbcinsurance.com\/fr-ca\/","logo":{"@type":"ImageObject","inLanguage":"fr-FR","@id":"https:\/\/silver.rbcinsurance.com\/fr-ca\/#\/schema\/logo\/image\/","url":"https:\/\/silver.rbcinsurance.com\/fr-ca\/wp-content\/uploads\/sites\/3\/2021\/06\/rbc-logo-shield.svg?quality=80&w=1024","contentUrl":"https:\/\/silver.rbcinsurance.com\/fr-ca\/wp-content\/uploads\/sites\/3\/2021\/06\/rbc-logo-shield.svg?quality=80&w=1024","width":"1024","height":"1024","caption":"RBC Assurances"},"image":{"@id":"https:\/\/silver.rbcinsurance.com\/fr-ca\/#\/schema\/logo\/image\/"},"description":"RBC Assurances offre aux Canadiens des assurances personnelles telles que des assurances auto, habitation, vie, sant\u00e9, voyage et cr\u00e9dit, ainsi que des solutions de placement pour la retraite.","telephone":"1 800 769-2568","legalName":"Services d'assurance RBC Inc.","numberOfEmployees":{"@type":"QuantitativeValue","minValue":"1001","maxValue":"5000"}}]}},"jetpack_sharing_enabled":true,"_links":{"self":[{"href":"https:\/\/silver.rbcinsurance.com\/fr-ca\/wp-json\/wp\/v2\/pages\/17087","targetHints":{"allow":["GET"]}}],"collection":[{"href":"https:\/\/silver.rbcinsurance.com\/fr-ca\/wp-json\/wp\/v2\/pages"}],"about":[{"href":"https:\/\/silver.rbcinsurance.com\/fr-ca\/wp-json\/wp\/v2\/types\/page"}],"author":[{"embeddable":true,"href":"https:\/\/silver.rbcinsurance.com\/fr-ca\/wp-json\/wp\/v2\/users\/168"}],"replies":[{"embeddable":true,"href":"https:\/\/silver.rbcinsurance.com\/fr-ca\/wp-json\/wp\/v2\/comments?post=17087"}],"version-history":[{"count":10,"href":"https:\/\/silver.rbcinsurance.com\/fr-ca\/wp-json\/wp\/v2\/pages\/17087\/revisions"}],"predecessor-version":[{"id":23325,"href":"https:\/\/silver.rbcinsurance.com\/fr-ca\/wp-json\/wp\/v2\/pages\/17087\/revisions\/23325"}],"wp:featuredmedia":[{"embeddable":true,"href":"https:\/\/silver.rbcinsurance.com\/fr-ca\/wp-json\/wp\/v2\/media\/8333"}],"wp:attachment":[{"href":"https:\/\/silver.rbcinsurance.com\/fr-ca\/wp-json\/wp\/v2\/media?parent=17087"}],"curies":[{"name":"wp","href":"https:\/\/api.w.org\/{rel}","templated":true}]}}