{"id":16370,"date":"2024-12-16T09:17:32","date_gmt":"2024-12-16T14:17:32","guid":{"rendered":"https:\/\/silver.rbcinsurance.com\/fr-ca\/?page_id=16370"},"modified":"2026-03-27T12:42:23","modified_gmt":"2026-03-27T16:42:23","slug":"voyage-au-canada","status":"publish","type":"page","link":"https:\/\/silver.rbcinsurance.com\/fr-ca\/assurance-voyage\/voyage-au-canada\/","title":{"rendered":"Voyage au Canada"},"content":{"rendered":"\n<div class=\"wp-block-rbc-callout-card calloutCard calloutCard__HeroImageBackground  hasDarkBg\" style=\"background:url(https:\/\/silver.rbcinsurance.com\/fr-ca\/wp-content\/uploads\/sites\/3\/2024\/10\/travel-within-canada_insurance_hero-desktop.webp) no-repeat;--bghero-mobi-url:url(https:\/\/silver.rbcinsurance.com\/fr-ca\/wp-content\/uploads\/sites\/3\/2024\/10\/travel-within-canada_insurance_hero-mobile.webp)\">\n<div class=\"wp-block-columns cols-hero-wrapper is-layout-flex wp-container-core-columns-is-layout-28f84493 wp-block-columns-is-layout-flex\">\n<div class=\"wp-block-column col-front is-layout-flow wp-block-column-is-layout-flow\">\n<p class=\"rbc-yoast-breadcrum\"><span class=\"rbc-yoast-breadcrum-span\"><span><a href=\"https:\/\/silver.rbcinsurance.com\/fr-ca\/\">Accueil<\/a><\/span><\/span><\/p>\n\n\n\n<h1 class=\"wp-block-heading rbc-callout-heading\" id=\"h-voyage-au-canada\"><mark style=\"background-color:rgba(0, 0, 0, 0);color:#FFFFFF\" class=\"has-inline-color\">Voyage au <\/mark><mark style=\"background-color:rgba(0, 0, 0, 0);color:#FEDF01\" class=\"has-inline-color\">Canada<\/mark><\/h1>\n\n\n\n<p class=\"rbc-override-margin p-large\">Obtenez une couverture pour les annulations de voyage, les interruptions de voyage et les urgences m\u00e9dicales.<\/p>\n\n\n\n<div class=\"wp-block-buttons is-layout-flex wp-block-buttons-is-layout-flex\"><div>\n<div class=\"wp-block-button btn is-style-accent accent\"><a class=\"wp-block-button__link wp-element-button\" href=\"https:\/\/www.worldprotect.com\/cgi-bin\/weblinkca\/fr\/travel-insurance.cgi?agency_code=RBCIDTO&amp;advice=within_canada\" data-dig-id=\"LP-16370-7895d8f1\" data-dig-category=\"LP\" data-dig-action=\"button click\" data-dig-label=\"Obtenez une soumission-https:\/\/www.worldprotect.com\/cgi-bin\/weblinkca\/fr\/travel-insurance.cgi?agency_code=RBCIDTO&amp;advice=within_canada \">Obtenez une soumission<\/a><\/div>\n<\/div><\/div>\n<\/div>\n<\/div>\n<\/div>\n\n\n\n<section class=\"wp-block-rbc-section-block  pos-rel\" style=\"border-radius:0px\">\n<div class=\"wp-block-rbc-section-inner-block  section-inner\" style=\"border-radius:0x\">\n<h2 class=\"wp-block-heading has-text-align-center\" id=\"h-protegez-vous-durant-vos-deplacements-au-canada\">Prot\u00e9gez-vous durant vos d\u00e9placements au Canada<\/h2>\n\n\n\n<p class=\"has-text-align-center p-large\">Si vous voyagez \u00e0 l\u2019ext\u00e9rieur de votre province ou territoire de r\u00e9sidence, votre r\u00e9gime provincial d\u2019assurance maladie ne couvrira pas les situations non&nbsp;m\u00e9dicales qui peuvent se pr\u00e9senter en voyage ni les frais de certaines urgences m\u00e9dicales. Notre assurance voyage peut combler cette lacune.<\/p>\n<\/div>\n<\/section>\n\n\n\n<div class=\"wp-block-rbc-layout-selector layoutSelector layoutSelector__layout7 mar-t-dbl mob-mar-t-dbl\">\n<div class=\"wp-block-group is-layout-flow wp-block-group-is-layout-flow\">\n<div class=\"wp-block-group layoutSelector__header is-layout-flow wp-block-group-is-layout-flow\">\n<h2 class=\"wp-block-heading\" id=\"h-choix-prise-nbsp\"><span class=\"partial__border-bottom\">Choix pris\u00e9&nbsp;:<\/span><\/h2>\n\n\n\n<p><\/p>\n<\/div>\n\n\n\n<div class=\"wp-block-group layoutSelector__cards-container layoutSelector__is-flex layoutSelector__direction-row is-layout-flow wp-block-group-is-layout-flow\">\n<div class=\"wp-block-group layoutSelector__is-flex layoutSelector__direction-col flex-gap-0 flex-1\/3 is-layout-flow wp-block-group-is-layout-flow\">\n<div class=\"wp-block-group mar-b mob-mar-b is-layout-constrained wp-block-group-is-layout-constrained\">\n<h4 class=\"wp-block-heading mar-b-0 mob-mar-b-0\" id=\"h-forfait-voyage-au-canada\">Forfait Voyage au Canada<\/h4>\n<\/div>\n<\/div>\n\n\n\n<div class=\"wp-block-group layoutSelector__is-flex layoutSelector__direction-col flex-2\/3 is-layout-flow wp-block-group-is-layout-flow\">\n<div class=\"wp-block-rbc-information-card informationCard\" style=\"--icon-url:url(undefined);background-color:#F7F8FA\">\n<div class=\"wp-block-group informationCard__content is-layout-flow wp-block-group-is-layout-flow\">\n<div class=\"wp-block-group informationCard__icon-group is-layout-flow wp-block-group-is-layout-flow\">\n<h4 class=\"wp-block-heading mar-b-hlf mob-mar-b-hlf\" id=\"h-votre-assurance-couvre-nbsp\"><strong>Votre assurance couvre&nbsp;:<\/strong><\/h4>\n\n\n\n<ul class=\"wp-block-list list-core-block second-level-inherit third-level-inherit is-style-checkmark-icon\">\n<li>les frais m\u00e9dicaux d\u2019urgence admissibles, de fa\u00e7on illimit\u00e9e<sup><a href=\"#legal-1\" data-dig-id=\"LP-16370-55fdce9b\" data-dig-category=\"LP\" data-dig-action=\"link click\" data-dig-label=\"1\" class=\"rbc-link-format\">1<\/a><\/sup>&nbsp;;<\/li>\n\n\n\n<li>les frais de voyage engag\u00e9s pour vous permettre de rentrer chez vous apr\u00e8s une urgence m\u00e9dicale ou une autre interruption de voyage&nbsp;;<\/li>\n\n\n\n<li>les annulations ou interruptions de voyage de derni\u00e8re minute attribuables \u00e0 une urgence familiale ou professionnelle, \u00e0 un probl\u00e8me de sant\u00e9 soudain ou \u00e0 d\u2019autres \u00e9v\u00e9nements impr\u00e9vus&nbsp;;<\/li>\n\n\n\n<li>les parties non remboursables du co\u00fbt de tout vol pr\u00e9pay\u00e9 non utilis\u00e9 si une maladie, une blessure ou un autre \u00e9v\u00e9nement impr\u00e9vu vous oblige \u00e0 annuler votre vol, \u00e0 interrompre votre voyage ou \u00e0 retarder votre retour \u00e0 domicile&nbsp;;<\/li>\n\n\n\n<li>les retards de bagages et les pertes ou vols de bagages ou d\u2019articles personnels&nbsp;;<\/li>\n\n\n\n<li>les accidents survenant en cours de vol ou de voyage&nbsp;;<\/li>\n\n\n\n<li>service d\u2019assistance m\u00e9dicale d\u2019urgence accessible en tout temps, partout dans le monde.<\/li>\n<\/ul>\n<\/div>\n\n\n\n<div class=\"wp-block-group is-nowrap is-layout-flex wp-container-core-group-is-layout-6c531013 wp-block-group-is-layout-flex\">\n<div class=\"wp-block-buttons is-layout-flex wp-block-buttons-is-layout-flex\"><div>\n<div class=\"wp-block-button btn is-style-secondary secondary\"><a class=\"wp-block-button__link wp-element-button\" href=\"https:\/\/silver.rbcinsurance.com\/fr-ca\/assurance-voyage\/forfaits-assurance-voyage\/\" data-dig-id=\"LP-16370-b0ae1810\" data-dig-category=\"LP\" data-dig-action=\"button click\" data-dig-label=\"Explorer le forfait Voyage au Canada-https:\/\/silver.rbcinsurance.com\/fr-ca\/assurance-voyage\/forfaits-assurance-voyage\/ \">Explorer le forfait Voyage au Canada<\/a><\/div>\n<\/div><\/div>\n<\/div>\n<\/div>\n<\/div>\n<\/div>\n<\/div>\n<\/div>\n<\/div>\n\n\n\n<div class=\"wp-block-rbc-callout-card calloutCard calloutCard__image\" style=\"background-color:#F7F8FA\">\n<div class=\"wp-block-columns cols is-layout-flex wp-container-core-columns-is-layout-28f84493 wp-block-columns-is-layout-flex\">\n<div class=\"wp-block-column col-left is-layout-flow wp-block-column-is-layout-flow\">\n<div class=\"wp-block-columns is-layout-flex wp-container-core-columns-is-layout-28f84493 wp-block-columns-is-layout-flex\">\n<div class=\"wp-block-column is-layout-flow wp-block-column-is-layout-flow\">\n<h2 class=\"wp-block-heading\" id=\"h-peu-importe-vos-besoins-nous-pouvons-vous-aider\">Peu importe vos besoins, nous pouvons vous aider.<\/h2>\n\n\n\n<p class=\"rbc-override-margin p-large\">Assurez-vous d\u2019avoir l\u2019assurance voyage qui vous convient. Obtenez une soumission en ligne ou parlez \u00e0 un conseiller autoris\u00e9 en assurance.<\/p>\n\n\n\n<div class=\"wp-block-group is-layout-flow wp-block-group-is-layout-flow\">\n<div class=\"wp-block-buttons is-layout-flex wp-block-buttons-is-layout-flex\"><div>\n<div class=\"wp-block-button btn is-style-primary primary\"><a class=\"wp-block-button__link wp-element-button\" href=\"https:\/\/www.worldprotect.com\/cgi-bin\/weblinkca\/fr\/travel-insurance.cgi?agency_code=RBCIDTO&amp;advice=within_canada\" data-dig-id=\"LP-16370-a4c11644\" data-dig-category=\"LP\" data-dig-action=\"button click\" data-dig-label=\"Obtenez une soumission-https:\/\/www.worldprotect.com\/cgi-bin\/weblinkca\/fr\/travel-insurance.cgi?agency_code=RBCIDTO&amp;advice=within_canada \">Obtenez une soumission<\/a><\/div>\n<\/div><\/div>\n\n\n\n<p>ou<\/p>\n\n\n\n<p><a href=\"tel:+18668968172\" data-dig-id=\"LP-15138-b1087d66\" data-dig-label=\"Call 1-866-896-8172\" data-dig-action=\"link click\" data-dig-category=\"LP\" class=\"rbc-link-format\">Composez le 1 866 896-8172<\/a><\/p>\n<\/div>\n<\/div>\n\n\n\n<div class=\"wp-block-column is-layout-flow wp-block-column-is-layout-flow\">\n<p>Assistance m\u00e9dicale d\u2019urgence et assistance voyage<br><a href=\"https:\/\/silver.rbcinsurance.com\/fr-ca\/nous-joindre\/?activate=travel\" data-dig-id=\"LP-16370-a3d774a0\" data-dig-category=\"LP\" data-dig-action=\"link click\" data-dig-label=\"Voir les num\u00e9ros \u00e0 composer en cas d\u2019urgence\" class=\"rbc-link-format\">Voir les num\u00e9ros \u00e0 composer en cas d\u2019urgence<\/a><\/p>\n<\/div>\n<\/div>\n<\/div>\n\n\n\n<div class=\"wp-block-column col-right is-layout-flow wp-block-column-is-layout-flow\">\n<figure class=\"wp-block-image size-large\"><img loading=\"lazy\" decoding=\"async\" width=\"607\" height=\"546\" src=\"https:\/\/silver.rbcinsurance.com\/fr-ca\/wp-content\/uploads\/sites\/3\/2024\/10\/travel-insurance-multi-trip-1.webp?quality=80&amp;w=607\" alt=\"Une femme avec son b\u00e9b\u00e9 dans un a\u00e9roport\" class=\"wp-image-12781\" srcset=\"https:\/\/silver.rbcinsurance.com\/fr-ca\/wp-content\/uploads\/sites\/3\/2024\/10\/travel-insurance-multi-trip-1.webp 607w, https:\/\/silver.rbcinsurance.com\/fr-ca\/wp-content\/uploads\/sites\/3\/2024\/10\/travel-insurance-multi-trip-1.webp?resize=300,270 300w\" sizes=\"auto, (max-width: 607px) 100vw, 607px\" \/><\/figure>\n<\/div>\n<\/div>\n<\/div>\n\n\n\n<section class=\"wp-block-rbc-rbc-legal-collapsible disclaimer\" aria-label=\"Legal Disclaimers\"><div class=\"section-inner\"><p><button class=\"collapse-toggle collapsed\" data-target=\"#collapseDisclaimer\" data-toggle=\"collapse\" aria-expanded=\"false\" aria-controls=\"collapseDisclaimer\" data-dig-id=\"LP-16370-79996a6a\" data-dig-category=\"LP\" data-dig-action=\"legal close\" data-dig-label=\"legal close\" action-closed=\"legal close\" action-opened=\"legal open\" label-close=\"legal open\" label-open=\"legal close\"><span>Afficher les avis de non-responsabilit\u00e9<\/span><span>Cacher les avis de non-responsabilit\u00e9<\/span><\/button><\/p><div class=\"collapse-content collapse\" id=\"collapseDisclaimer\"><div class=\"collapse-inner\"><div class=\"table-wpr\">\n<div class=\"wp-block-rbc-rbc-disclaimer-block\"><div class=\"table-row\" id=\"legal-1\"><div class=\"table-cell\"><span class=\"offscreen\">Legal Disclaimer<\/span><sup>1<\/sup><\/div><div class=\"table-cell\">\n<p>Cette assurance pr\u00e9voit une indemnit\u00e9 maximale de 20&nbsp;000&nbsp;$ si vous n\u2019\u00eates pas couvert par un r\u00e9gime public d\u2019assurance maladie pendant la dur\u00e9e de votre voyage.<\/p>\n<\/div><\/div><\/div>\n<\/div><\/div><\/div><\/div><\/section>\n","protected":false},"excerpt":{"rendered":"","protected":false},"author":196,"featured_media":0,"parent":11587,"menu_order":0,"comment_status":"closed","ping_status":"closed","template":"templates\/new-rbci-design.php","meta":{"_acf_changed":false,"footnotes":""},"class_list":["post-16370","page","type-page","status-publish","hentry"],"acf":[],"yoast_head":"<!-- This site is optimized with the Yoast SEO Premium plugin v27.3 (Yoast SEO v27.3) - https:\/\/yoast.com\/product\/yoast-seo-premium-wordpress\/ -->\n<title>Voyage au Canada | RBC Assurances<\/title>\n<meta name=\"description\" content=\"RBC Assurances peut combler ce qui n\u2019est pas couvert par votre r\u00e9gime provincial d\u2019assurance maladie lorsque vous voyagez dans d\u2019autres provinces ou territoire canadiens.\" \/>\n<meta name=\"robots\" content=\"index, follow, max-snippet:-1, max-image-preview:large, max-video-preview:-1\" \/>\n<link rel=\"canonical\" href=\"https:\/\/silver.rbcinsurance.com\/fr-ca\/assurance-voyage\/voyage-au-canada\/\" \/>\n<meta property=\"og:locale\" content=\"fr_FR\" \/>\n<meta property=\"og:type\" content=\"article\" \/>\n<meta property=\"og:title\" content=\"Voyage au Canada | RBC Assurances\" \/>\n<meta property=\"og:description\" content=\"RBC Assurances peut combler ce qui n\u2019est pas couvert par votre r\u00e9gime provincial d\u2019assurance maladie lorsque vous voyagez dans d\u2019autres provinces ou territoire canadiens.\" \/>\n<meta property=\"og:url\" content=\"https:\/\/silver.rbcinsurance.com\/fr-ca\/assurance-voyage\/voyage-au-canada\/\" \/>\n<meta property=\"og:site_name\" content=\"RBC Assurances\" \/>\n<meta property=\"article:modified_time\" content=\"2026-03-27T16:42:23+00:00\" \/>\n<meta property=\"og:image\" content=\"https:\/\/silver.rbcinsurance.com\/fr-ca\/wp-content\/uploads\/sites\/3\/2021\/06\/Travel-INSURANCE-insurance-hero-mobile-2.webp?quality=80\" \/>\n\t<meta property=\"og:image:width\" content=\"847\" \/>\n\t<meta property=\"og:image:height\" content=\"564\" \/>\n\t<meta property=\"og:image:type\" content=\"image\/webp\" \/>\n<meta name=\"twitter:card\" content=\"summary_large_image\" \/>\n<meta name=\"twitter:label1\" content=\"Est. reading time\" \/>\n\t<meta name=\"twitter:data1\" content=\"2 minutes\" \/>\n<script type=\"application\/ld+json\" class=\"yoast-schema-graph\">{\"@context\":\"https:\\\/\\\/schema.org\",\"@graph\":[{\"@type\":\"WebPage\",\"@id\":\"https:\\\/\\\/silver.rbcinsurance.com\\\/fr-ca\\\/assurance-voyage\\\/voyage-au-canada\\\/\",\"url\":\"https:\\\/\\\/silver.rbcinsurance.com\\\/fr-ca\\\/assurance-voyage\\\/voyage-au-canada\\\/\",\"name\":\"Voyage au Canada | RBC Assurances\",\"isPartOf\":{\"@id\":\"https:\\\/\\\/silver.rbcinsurance.com\\\/fr-ca\\\/#website\"},\"primaryImageOfPage\":{\"@id\":\"https:\\\/\\\/silver.rbcinsurance.com\\\/fr-ca\\\/assurance-voyage\\\/voyage-au-canada\\\/#primaryimage\"},\"image\":{\"@id\":\"https:\\\/\\\/silver.rbcinsurance.com\\\/fr-ca\\\/assurance-voyage\\\/voyage-au-canada\\\/#primaryimage\"},\"thumbnailUrl\":\"https:\\\/\\\/silver.rbcinsurance.com\\\/fr-ca\\\/wp-content\\\/uploads\\\/sites\\\/3\\\/2024\\\/10\\\/travel-insurance-multi-trip-1.webp?quality=80&amp;w=607\",\"datePublished\":\"2024-12-16T14:17:32+00:00\",\"dateModified\":\"2026-03-27T16:42:23+00:00\",\"description\":\"RBC Assurances peut combler ce qui n\u2019est pas couvert par votre r\u00e9gime provincial d\u2019assurance maladie lorsque vous voyagez dans d\u2019autres provinces ou territoire canadiens.\",\"breadcrumb\":{\"@id\":\"https:\\\/\\\/silver.rbcinsurance.com\\\/fr-ca\\\/assurance-voyage\\\/voyage-au-canada\\\/#breadcrumb\"},\"inLanguage\":\"fr-FR\",\"potentialAction\":[{\"@type\":\"ReadAction\",\"target\":[\"https:\\\/\\\/silver.rbcinsurance.com\\\/fr-ca\\\/assurance-voyage\\\/voyage-au-canada\\\/\"]}]},{\"@type\":\"ImageObject\",\"inLanguage\":\"fr-FR\",\"@id\":\"https:\\\/\\\/silver.rbcinsurance.com\\\/fr-ca\\\/assurance-voyage\\\/voyage-au-canada\\\/#primaryimage\",\"url\":\"https:\\\/\\\/silver.rbcinsurance.com\\\/fr-ca\\\/wp-content\\\/uploads\\\/sites\\\/3\\\/2024\\\/10\\\/travel-insurance-multi-trip-1.webp?quality=80\",\"contentUrl\":\"https:\\\/\\\/silver.rbcinsurance.com\\\/fr-ca\\\/wp-content\\\/uploads\\\/sites\\\/3\\\/2024\\\/10\\\/travel-insurance-multi-trip-1.webp?quality=80\",\"width\":607,\"height\":546,\"caption\":\"Une femme avec son b\u00e9b\u00e9 dans un a\u00e9roport\"},{\"@type\":\"BreadcrumbList\",\"@id\":\"https:\\\/\\\/silver.rbcinsurance.com\\\/fr-ca\\\/assurance-voyage\\\/voyage-au-canada\\\/#breadcrumb\",\"itemListElement\":[{\"@type\":\"ListItem\",\"position\":1,\"name\":\"Accueil\",\"item\":\"https:\\\/\\\/silver.rbcinsurance.com\\\/fr-ca\\\/\"},{\"@type\":\"ListItem\",\"position\":2,\"name\":\"Assurance voyage\",\"item\":\"https:\\\/\\\/silver.rbcinsurance.com\\\/fr-ca\\\/assurance-voyage\\\/\"},{\"@type\":\"ListItem\",\"position\":3,\"name\":\"Voyage au Canada\"}]},{\"@type\":\"WebSite\",\"@id\":\"https:\\\/\\\/silver.rbcinsurance.com\\\/fr-ca\\\/#website\",\"url\":\"https:\\\/\\\/silver.rbcinsurance.com\\\/fr-ca\\\/\",\"name\":\"RBC Assurances\",\"description\":\"Assurance individuelle\",\"publisher\":{\"@id\":\"https:\\\/\\\/silver.rbcinsurance.com\\\/fr-ca\\\/#organization\"},\"potentialAction\":[{\"@type\":\"SearchAction\",\"target\":{\"@type\":\"EntryPoint\",\"urlTemplate\":\"https:\\\/\\\/silver.rbcinsurance.com\\\/fr-ca\\\/?s={search_term_string}\"},\"query-input\":{\"@type\":\"PropertyValueSpecification\",\"valueRequired\":true,\"valueName\":\"search_term_string\"}}],\"inLanguage\":\"fr-FR\"},{\"@type\":\"Organization\",\"@id\":\"https:\\\/\\\/silver.rbcinsurance.com\\\/fr-ca\\\/#organization\",\"name\":\"RBC Assurances\",\"url\":\"https:\\\/\\\/silver.rbcinsurance.com\\\/fr-ca\\\/\",\"logo\":{\"@type\":\"ImageObject\",\"inLanguage\":\"fr-FR\",\"@id\":\"https:\\\/\\\/silver.rbcinsurance.com\\\/fr-ca\\\/#\\\/schema\\\/logo\\\/image\\\/\",\"url\":\"https:\\\/\\\/silver.rbcinsurance.com\\\/fr-ca\\\/wp-content\\\/uploads\\\/sites\\\/3\\\/2021\\\/06\\\/rbc-logo-shield.svg?quality=80&w=1024\",\"contentUrl\":\"https:\\\/\\\/silver.rbcinsurance.com\\\/fr-ca\\\/wp-content\\\/uploads\\\/sites\\\/3\\\/2021\\\/06\\\/rbc-logo-shield.svg?quality=80&w=1024\",\"width\":\"1024\",\"height\":\"1024\",\"caption\":\"RBC Assurances\"},\"image\":{\"@id\":\"https:\\\/\\\/silver.rbcinsurance.com\\\/fr-ca\\\/#\\\/schema\\\/logo\\\/image\\\/\"},\"description\":\"RBC Assurances offre aux Canadiens des assurances personnelles telles que des assurances auto, habitation, vie, sant\u00e9, voyage et cr\u00e9dit, ainsi que des solutions de placement pour la retraite.\",\"telephone\":\"1 800 769-2568\",\"legalName\":\"Services d'assurance RBC Inc.\",\"numberOfEmployees\":{\"@type\":\"QuantitativeValue\",\"minValue\":\"1001\",\"maxValue\":\"5000\"}}]}<\/script>\n<!-- \/ Yoast SEO Premium plugin. -->","yoast_head_json":{"title":"Voyage au Canada | RBC Assurances","description":"RBC Assurances peut combler ce qui n\u2019est pas couvert par votre r\u00e9gime provincial d\u2019assurance maladie lorsque vous voyagez dans d\u2019autres provinces ou territoire canadiens.","robots":{"index":"index","follow":"follow","max-snippet":"max-snippet:-1","max-image-preview":"max-image-preview:large","max-video-preview":"max-video-preview:-1"},"canonical":"https:\/\/silver.rbcinsurance.com\/fr-ca\/assurance-voyage\/voyage-au-canada\/","og_locale":"fr_FR","og_type":"article","og_title":"Voyage au Canada | RBC Assurances","og_description":"RBC Assurances peut combler ce qui n\u2019est pas couvert par votre r\u00e9gime provincial d\u2019assurance maladie lorsque vous voyagez dans d\u2019autres provinces ou territoire canadiens.","og_url":"https:\/\/silver.rbcinsurance.com\/fr-ca\/assurance-voyage\/voyage-au-canada\/","og_site_name":"RBC Assurances","article_modified_time":"2026-03-27T16:42:23+00:00","og_image":[{"width":847,"height":564,"url":"https:\/\/silver.rbcinsurance.com\/fr-ca\/wp-content\/uploads\/sites\/3\/2021\/06\/Travel-INSURANCE-insurance-hero-mobile-2.webp?quality=80","type":"image\/webp"}],"twitter_card":"summary_large_image","twitter_misc":{"Est. reading time":"2 minutes"},"schema":{"@context":"https:\/\/schema.org","@graph":[{"@type":"WebPage","@id":"https:\/\/silver.rbcinsurance.com\/fr-ca\/assurance-voyage\/voyage-au-canada\/","url":"https:\/\/silver.rbcinsurance.com\/fr-ca\/assurance-voyage\/voyage-au-canada\/","name":"Voyage au Canada | RBC Assurances","isPartOf":{"@id":"https:\/\/silver.rbcinsurance.com\/fr-ca\/#website"},"primaryImageOfPage":{"@id":"https:\/\/silver.rbcinsurance.com\/fr-ca\/assurance-voyage\/voyage-au-canada\/#primaryimage"},"image":{"@id":"https:\/\/silver.rbcinsurance.com\/fr-ca\/assurance-voyage\/voyage-au-canada\/#primaryimage"},"thumbnailUrl":"https:\/\/silver.rbcinsurance.com\/fr-ca\/wp-content\/uploads\/sites\/3\/2024\/10\/travel-insurance-multi-trip-1.webp?quality=80&amp;w=607","datePublished":"2024-12-16T14:17:32+00:00","dateModified":"2026-03-27T16:42:23+00:00","description":"RBC Assurances peut combler ce qui n\u2019est pas couvert par votre r\u00e9gime provincial d\u2019assurance maladie lorsque vous voyagez dans d\u2019autres provinces ou territoire canadiens.","breadcrumb":{"@id":"https:\/\/silver.rbcinsurance.com\/fr-ca\/assurance-voyage\/voyage-au-canada\/#breadcrumb"},"inLanguage":"fr-FR","potentialAction":[{"@type":"ReadAction","target":["https:\/\/silver.rbcinsurance.com\/fr-ca\/assurance-voyage\/voyage-au-canada\/"]}]},{"@type":"ImageObject","inLanguage":"fr-FR","@id":"https:\/\/silver.rbcinsurance.com\/fr-ca\/assurance-voyage\/voyage-au-canada\/#primaryimage","url":"https:\/\/silver.rbcinsurance.com\/fr-ca\/wp-content\/uploads\/sites\/3\/2024\/10\/travel-insurance-multi-trip-1.webp?quality=80","contentUrl":"https:\/\/silver.rbcinsurance.com\/fr-ca\/wp-content\/uploads\/sites\/3\/2024\/10\/travel-insurance-multi-trip-1.webp?quality=80","width":607,"height":546,"caption":"Une femme avec son b\u00e9b\u00e9 dans un a\u00e9roport"},{"@type":"BreadcrumbList","@id":"https:\/\/silver.rbcinsurance.com\/fr-ca\/assurance-voyage\/voyage-au-canada\/#breadcrumb","itemListElement":[{"@type":"ListItem","position":1,"name":"Accueil","item":"https:\/\/silver.rbcinsurance.com\/fr-ca\/"},{"@type":"ListItem","position":2,"name":"Assurance voyage","item":"https:\/\/silver.rbcinsurance.com\/fr-ca\/assurance-voyage\/"},{"@type":"ListItem","position":3,"name":"Voyage au Canada"}]},{"@type":"WebSite","@id":"https:\/\/silver.rbcinsurance.com\/fr-ca\/#website","url":"https:\/\/silver.rbcinsurance.com\/fr-ca\/","name":"RBC Assurances","description":"Assurance individuelle","publisher":{"@id":"https:\/\/silver.rbcinsurance.com\/fr-ca\/#organization"},"potentialAction":[{"@type":"SearchAction","target":{"@type":"EntryPoint","urlTemplate":"https:\/\/silver.rbcinsurance.com\/fr-ca\/?s={search_term_string}"},"query-input":{"@type":"PropertyValueSpecification","valueRequired":true,"valueName":"search_term_string"}}],"inLanguage":"fr-FR"},{"@type":"Organization","@id":"https:\/\/silver.rbcinsurance.com\/fr-ca\/#organization","name":"RBC Assurances","url":"https:\/\/silver.rbcinsurance.com\/fr-ca\/","logo":{"@type":"ImageObject","inLanguage":"fr-FR","@id":"https:\/\/silver.rbcinsurance.com\/fr-ca\/#\/schema\/logo\/image\/","url":"https:\/\/silver.rbcinsurance.com\/fr-ca\/wp-content\/uploads\/sites\/3\/2021\/06\/rbc-logo-shield.svg?quality=80&w=1024","contentUrl":"https:\/\/silver.rbcinsurance.com\/fr-ca\/wp-content\/uploads\/sites\/3\/2021\/06\/rbc-logo-shield.svg?quality=80&w=1024","width":"1024","height":"1024","caption":"RBC Assurances"},"image":{"@id":"https:\/\/silver.rbcinsurance.com\/fr-ca\/#\/schema\/logo\/image\/"},"description":"RBC Assurances offre aux Canadiens des assurances personnelles telles que des assurances auto, habitation, vie, sant\u00e9, voyage et cr\u00e9dit, ainsi que des solutions de placement pour la retraite.","telephone":"1 800 769-2568","legalName":"Services d'assurance RBC Inc.","numberOfEmployees":{"@type":"QuantitativeValue","minValue":"1001","maxValue":"5000"}}]}},"jetpack_sharing_enabled":true,"_links":{"self":[{"href":"https:\/\/silver.rbcinsurance.com\/fr-ca\/wp-json\/wp\/v2\/pages\/16370","targetHints":{"allow":["GET"]}}],"collection":[{"href":"https:\/\/silver.rbcinsurance.com\/fr-ca\/wp-json\/wp\/v2\/pages"}],"about":[{"href":"https:\/\/silver.rbcinsurance.com\/fr-ca\/wp-json\/wp\/v2\/types\/page"}],"author":[{"embeddable":true,"href":"https:\/\/silver.rbcinsurance.com\/fr-ca\/wp-json\/wp\/v2\/users\/196"}],"replies":[{"embeddable":true,"href":"https:\/\/silver.rbcinsurance.com\/fr-ca\/wp-json\/wp\/v2\/comments?post=16370"}],"version-history":[{"count":13,"href":"https:\/\/silver.rbcinsurance.com\/fr-ca\/wp-json\/wp\/v2\/pages\/16370\/revisions"}],"predecessor-version":[{"id":25296,"href":"https:\/\/silver.rbcinsurance.com\/fr-ca\/wp-json\/wp\/v2\/pages\/16370\/revisions\/25296"}],"up":[{"embeddable":true,"href":"https:\/\/silver.rbcinsurance.com\/fr-ca\/wp-json\/wp\/v2\/pages\/11587"}],"wp:attachment":[{"href":"https:\/\/silver.rbcinsurance.com\/fr-ca\/wp-json\/wp\/v2\/media?parent=16370"}],"curies":[{"name":"wp","href":"https:\/\/api.w.org\/{rel}","templated":true}]}}