{"id":11725,"date":"2024-10-30T12:03:49","date_gmt":"2024-10-30T12:03:49","guid":{"rendered":"https:\/\/silver.rbcinsurance.com\/fr-ca\/?page_id=11725"},"modified":"2026-03-19T10:37:09","modified_gmt":"2026-03-19T14:37:09","slug":"assurance-remorque","status":"publish","type":"page","link":"https:\/\/silver.rbcinsurance.com\/fr-ca\/assurance-auto\/assurance-remorque\/","title":{"rendered":"Assurance remorque"},"content":{"rendered":"\n<div class=\"wp-block-rbc-callout-card calloutCard calloutCard__HeroImageBackground  hasDarkBg is-style-full-height\" style=\"background:url(https:\/\/silver.rbcinsurance.com\/fr-ca\/wp-content\/uploads\/sites\/3\/2024\/10\/trailer-insurance_hero-desktop.webp) no-repeat;--bghero-mobi-url:url(https:\/\/silver.rbcinsurance.com\/fr-ca\/wp-content\/uploads\/sites\/3\/2024\/10\/trailer-insurance_hero-mobile.webp)\">\n<div class=\"wp-block-columns are-vertically-aligned-center cols-hero-wrapper is-layout-flex wp-container-core-columns-is-layout-28f84493 wp-block-columns-is-layout-flex\">\n<div class=\"wp-block-column is-vertically-aligned-center col-front is-layout-flow wp-block-column-is-layout-flow\">\n<p class=\"rbc-yoast-breadcrum\"><span class=\"rbc-yoast-breadcrum-span\"><span><a href=\"https:\/\/silver.rbcinsurance.com\/fr-ca\/\">Accueil<\/a><\/span><\/span><\/p>\n\n\n\n<h1 class=\"wp-block-heading\" id=\"h-assurance-remorque\"><mark style=\"background-color:rgba(0, 0, 0, 0);color:#FFFFFF\" class=\"has-inline-color\">Assurance <\/mark><mark style=\"background-color:rgba(0, 0, 0, 0);color:#FEDF01\" class=\"has-inline-color\">remorque<\/mark><\/h1>\n\n\n\n<p class=\"rbc-override-margin p-large mar-b mob-mar-b mar-t mob-mar-t\">Obtenez la bonne assurance pour votre v\u00e9hicule r\u00e9cr\u00e9atif ou votre roulotte de parc, que vous soyez en vacances ou que vous voyagiez en permanence avec votre v\u00e9hicule.<\/p>\n\n\n\n<div class=\"wp-block-buttons is-layout-flex wp-block-buttons-is-layout-flex\"><div>\n<div class=\"wp-block-button btn is-style-accent accent\"><a class=\"wp-block-button__link wp-element-button\" href=\"tel:+18777497224\" data-dig-id=\"LP-11725-630d6dcc\" data-dig-category=\"LP\" data-dig-action=\"button click\" data-dig-label=\"Composez le 1 877 749-7224-tel:+18777497224 \">Composez le 1 877 749-7224<\/a><\/div>\n<\/div><\/div>\n<\/div>\n<\/div>\n<\/div>\n\n\n\n<div class=\"wp-block-rbc-layout-selector layoutSelector layoutSelector__layout7\">\n<div class=\"wp-block-group is-layout-flow wp-block-group-is-layout-flow\">\n<h2 class=\"wp-block-heading has-text-align-center mar-b-dbl mob-mar-b-dbl\" id=\"h-assurance-remorque-pour-chaque-type-d-aventure\">Assurance remorque pour chaque type d&rsquo;aventure<\/h2>\n\n\n\n<div class=\"wp-block-group layoutSelector__header is-layout-flow wp-block-group-is-layout-flow\">\n<h2 class=\"wp-block-heading\" id=\"h-avantages-de-l-assurance-remorque\">Avantages de l&rsquo;assurance remorque<\/h2>\n\n\n\n<p class=\"p-large\"><span class=\"partial__border-bottom\"><span class=\"partial__border-bottom\">Comment l\u2019assurance remorque vous prot\u00e8ge<a href=\"#legal-1\" data-dig-id=\"LP-15250-571cbfc0\" data-dig-label=\"*\" data-dig-action=\"link click\" data-dig-category=\"LP\" class=\"rbc-link-format\">*<\/a><\/span><sup><a href=\"#legal-1\" data-dig-id=\"LP-15241-ca79b420\" data-dig-label=\"1\" data-dig-action=\"link click\" data-dig-category=\"LP\" class=\"rbc-link-format\"> <\/a><\/sup><\/span>:<\/p>\n\n\n\n<div class=\"wp-block-group mar-t mob-mar-t is-nowrap is-layout-flex wp-container-core-group-is-layout-6c531013 wp-block-group-is-layout-flex\">\n<div class=\"wp-block-rbc-information-card informationCard mar-r mob-mar-r\" style=\"--icon-url:url(undefined);background-color:#EDF7FC\">\n<div class=\"wp-block-group informationCard__content is-layout-flow wp-block-group-is-layout-flow\">\n<div class=\"wp-block-group informationCard__icon-group is-layout-flow wp-block-group-is-layout-flow\">\n<h4 class=\"wp-block-heading\" id=\"h-votre-remorque\">Votre remorque<\/h4>\n<\/div>\n\n\n\n<p class=\"mar-t-hlf mob-mar-t-hlf\">Vous aide \u00e0 prot\u00e9ger votre v\u00e9hicule r\u00e9cr\u00e9atif (et les auvents, le cas \u00e9ch\u00e9ant) des risques assur\u00e9s, comme la collision, le vol, les dommages et plus.<\/p>\n<\/div>\n<\/div>\n\n\n\n<div class=\"wp-block-rbc-information-card informationCard mar-r mob-mar-r\" style=\"--icon-url:url(undefined);background-color:#F7F8FA\">\n<div class=\"wp-block-group informationCard__content is-layout-flow wp-block-group-is-layout-flow\">\n<div class=\"wp-block-group informationCard__icon-group is-layout-flow wp-block-group-is-layout-flow\">\n<h4 class=\"wp-block-heading\" id=\"h-vos-biens-personnels\">Vos biens personnels<\/h4>\n<\/div>\n\n\n\n<p class=\"mar-t-hlf mob-mar-t-hlf\">Vous prot\u00e8ge financi\u00e8rement contre les pertes ou les dommages touchant vos effets personnels qui se trouvent \u00e0 l\u2019int\u00e9rieur de votre remorque ou des d\u00e9pendances priv\u00e9es.<\/p>\n<\/div>\n<\/div>\n\n\n\n<div class=\"wp-block-rbc-information-card informationCard\" style=\"--icon-url:url(undefined);background-color:#F7F8FA\">\n<div class=\"wp-block-group informationCard__content is-layout-flow wp-block-group-is-layout-flow\">\n<div class=\"wp-block-group informationCard__icon-group is-layout-flow wp-block-group-is-layout-flow\">\n<h4 class=\"wp-block-heading\" id=\"h-dependances\">D\u00e9pendances<\/h4>\n<\/div>\n\n\n\n<p class=\"mar-t-hlf mob-mar-t-hlf\">Vous aide \u00e0 prot\u00e9ger vos d\u00e9pendances priv\u00e9es, comme une cl\u00f4ture, une remise ou une terrasse (s\u2019il y a lieu), des risques assur\u00e9s comme le vandalisme ou les dommages caus\u00e9s par des animaux.<\/p>\n<\/div>\n<\/div>\n<\/div>\n<\/div>\n\n\n\n<div class=\"wp-block-group layoutSelector__cards-container layoutSelector__is-flex layoutSelector__direction-row is-layout-flow wp-block-group-is-layout-flow\">\n<div class=\"wp-block-group layoutSelector__is-flex layoutSelector__direction-col flex-gap-0 flex-1\/3 is-layout-flow wp-block-group-is-layout-flow\">\n<h3 class=\"wp-block-heading\" id=\"h-faits-saillants-de-la-couverture\"><span class=\"partial__border-bottom\">Faits<br>saillants de la couverture<a href=\"#legal-1\" data-dig-id=\"LP-15250-24d5658e\" data-dig-label=\"*\" data-dig-action=\"link click\" data-dig-category=\"LP\" class=\"rbc-link-format\">*<\/a><\/span><\/h3>\n\n\n\n<p>Votre assurance vous fournira une protection abordable pour roulotte de parc, tente-roulotte, caravane, caravane \u00e0 sellette, VR utilitaire sport ou remorque pour chevaux ou b\u00e9tail<sup><a href=\"#legal-2\" data-dig-id=\"LP-15250-d0b6a863\" data-dig-label=\"2\" data-dig-action=\"link click\" data-dig-category=\"LP\" class=\"rbc-link-format\">2<\/a><\/sup><\/p>\n<\/div>\n\n\n\n<div class=\"wp-block-group layoutSelector__is-flex layoutSelector__direction-col flex-2\/3 is-layout-flow wp-block-group-is-layout-flow\">\n<div class=\"wp-block-group layoutSelector__is-flex layoutSelector__direction-row is-layout-flow wp-block-group-is-layout-flow\">\n<div class=\"wp-block-rbc-information-card informationCard\" style=\"--icon-url:url(undefined);background-color:#F7F8FA\">\n<div class=\"wp-block-group informationCard__content is-layout-flow wp-block-group-is-layout-flow\">\n<ul class=\"wp-block-list list-core-block second-level-inherit third-level-inherit is-style-checkmark-icon-centered\">\n<li>Prot\u00e8ge votre remorque, vos d\u00e9pendances et vos effets personnels contre un large \u00e9ventail de risques.<\/li>\n\n\n\n<li>Assure la&nbsp;valeur au jour du sinistretooltip&nbsp;ou la&nbsp;valeur \u00e0 neuf garantietooltip, de votre remorque, en fonction de vos besoins et de l\u2019\u00e2ge de votre remorque.<\/li>\n\n\n\n<li>La garantie couvrant les frais d\u2019urgence engag\u00e9s en cours de vacances vous aide \u00e0 couvrir les frais d\u2019urgence raisonnables et n\u00e9cessaires si votre unit\u00e9 est perdue ou endommag\u00e9e en raison d\u2019une perte assur\u00e9e.<\/li>\n\n\n\n<li>Le service d\u2019urgence routi\u00e8re facultatif vous prot\u00e8ge si votre v\u00e9hicule tombe en panne, doit \u00eatre remorqu\u00e9, a besoin d\u2019un survoltage, est en panne d\u2019essence, etc.<\/li>\n\n\n\n<li>L\u2019assurance pour voiturette de golf, les garanties prolong\u00e9es pour des appareils \u00e9lectrom\u00e9nagers et d\u2019autres garanties, pourraient \u00eatre offertes.<\/li>\n\n\n\n<li>Franchise d\u00e9gressive : conservez un dossier vierge et nous r\u00e9duirons votre franchise de 20 % tous les ans<\/li>\n\n\n\n<li>Obtenez des rabais quand vous installez un syst\u00e8me de s\u00e9curit\u00e9<sup><a href=\"#legal-2\" data-dig-id=\"LP-15250-122f2801\" data-dig-label=\"2\" data-dig-action=\"link click\" data-dig-category=\"LP\" class=\"rbc-link-format\">2<\/a><\/sup>, quand vous avez plus d\u2019une police<sup><a href=\"#legal-2\" data-dig-id=\"LP-15250-2a1423df\" data-dig-label=\"2\" data-dig-action=\"link click\" data-dig-category=\"LP\" class=\"rbc-link-format\">2<\/a><\/sup>&nbsp;aupr\u00e8s de nous, et plus encore<\/li>\n<\/ul>\n<\/div>\n<\/div>\n<\/div>\n<\/div>\n<\/div>\n<\/div>\n<\/div>\n\n\n\n<div class=\"wp-block-rbc-callout-card calloutCard calloutCard__image\" style=\"background-color:#F7F8FA\">\n<div class=\"wp-block-columns cols is-layout-flex wp-container-core-columns-is-layout-28f84493 wp-block-columns-is-layout-flex\">\n<div class=\"wp-block-column col-left is-layout-flow wp-block-column-is-layout-flow\">\n<div class=\"wp-block-columns is-layout-flex wp-container-core-columns-is-layout-28f84493 wp-block-columns-is-layout-flex\">\n<div class=\"wp-block-column is-layout-flow wp-block-column-is-layout-flow\">\n<h2 class=\"wp-block-heading\" id=\"h-obtenez-une-soumission-d-assurance-remorque\">Obtenez une soumission d&rsquo;assurance remorque<\/h2>\n\n\n\n<p class=\"rbc-override-margin p-large\">Discutez avec un conseiller autoris\u00e9 en assurance ou <a href=\"https:\/\/silver.rbcinsurance.com\/fr\/demandez-un-appelle\/assurance-automobile\/index.html\" data-dig-id=\"LP-11725-6bab315c\" data-dig-category=\"LP\" data-dig-action=\"link click\" data-dig-label=\"demandez qu\u2019un conseiller vous appelle\" class=\"rbc-link-format\">demandez qu\u2019un conseiller vous appelle<\/a><\/p>\n\n\n\n<div class=\"wp-block-group is-layout-flow wp-block-group-is-layout-flow\">\n<div class=\"wp-block-buttons is-layout-flex wp-block-buttons-is-layout-flex\"><div>\n<div class=\"wp-block-button btn is-style-secondary secondary\"><a class=\"wp-block-button__link wp-element-button\" href=\"https:\/\/silver.rbcinsurance.com\/fr\/demandez-un-appelle\/assurance-automobile\/index.html\" data-dig-id=\"LP-11725-e67fcb2f\" data-dig-category=\"LP\" data-dig-action=\"button click\" data-dig-label=\"Get my quote-https:\/\/online.worldprotect.com\/cgi-bin\/weblinkca\/en\/travel-insurance.cgi?agency_code=RBCIDTO\">R\u00e9server un appel<\/a><\/div>\n<\/div><\/div>\n\n\n\n<p class=\"rbc-override-margin p-large has-text-reg-font-size\"><a href=\"tel:+18777497224\" data-dig-id=\"LP-11725-361eeff6\" data-dig-category=\"LP\" data-dig-action=\"link click\" data-dig-label=\"Composez le&nbsp;1 877 749-7224\" class=\"rbc-link-format\">Composez le&nbsp;1 877 749-7224<\/a><br><\/p>\n<\/div>\n<\/div>\n<\/div>\n<\/div>\n\n\n\n<div class=\"wp-block-column col-right is-layout-flow wp-block-column-is-layout-flow\">\n<figure class=\"wp-block-image size-large\"><img decoding=\"async\" src=\"https:\/\/silver.rbcinsurance.com\/en-ca\/wp-content\/uploads\/sites\/2\/2021\/06\/auto-insurance-cta-1.webp?quality=80&amp;w=606\" alt=\"Image of a young couple sitting in the trunk of an SUV \" class=\"wp-image-18131\"\/><\/figure>\n<\/div>\n<\/div>\n<\/div>\n\n\n\n<section class=\"wp-block-rbc-rbc-legal-collapsible disclaimer\" aria-label=\"Legal Disclaimers\"><div class=\"section-inner\"><p><button class=\"collapse-toggle collapsed\" data-target=\"#collapseDisclaimer\" data-toggle=\"collapse\" aria-expanded=\"false\" aria-controls=\"collapseDisclaimer\" data-dig-id=\"LP-11725-e949fc4a\" data-dig-category=\"LP\" data-dig-action=\"legal close\" data-dig-label=\"legal close\" action-closed=\"legal close\" action-opened=\"legal open\" label-close=\"legal open\" label-open=\"legal close\"><span>Afficher les avis de non-responsabilit\u00e9<\/span><span>Cacher les avis de non-responsabilit\u00e9<\/span><\/button><\/p><div class=\"collapse-content collapse\" id=\"collapseDisclaimer\"><div class=\"collapse-inner\"><div class=\"table-wpr\">\n<p class=\"has-text-sm-font-size\">Produits distribu\u00e9s par l\u2019Agence d\u2019assurances RBC lt\u00e9e et \u00e9tablis par Aviva, Compagnie d\u2019Assurance G\u00e9n\u00e9rale.<\/p>\n\n\n\n<p class=\"mar-b-hlf mob-mar-b-hlf has-text-sm-font-size\">* L\u2019information ci-dessus fournit uniquement un aper\u00e7u de la protection et ne comprend pas toutes les conditions, limites et exclusions.<\/p>\n\n\n\n<div class=\"wp-block-rbc-rbc-disclaimer-block\"><div class=\"table-row\" id=\"legal-1\"><div class=\"table-cell\"><span class=\"offscreen\">Legal Disclaimer<\/span><sup>1<\/sup><\/div><div class=\"table-cell\">\n<p class=\"has-text-sm-font-size\"><strong>La roulotte de parc doit \u00eatre occup\u00e9e sur une base saisonni\u00e8re seulement. Si l\u2019unit\u00e9 est utilis\u00e9e \u00e0 temps plein, elle n\u2019est pas admissible \u00e0 cette protection.<\/strong>&nbsp;Veuillez parler \u00e0 un conseiller de RBC Assurances pour discuter de vos besoins.<\/p>\n<\/div><\/div><\/div>\n\n\n\n<div class=\"wp-block-rbc-rbc-disclaimer-block\"><div class=\"table-row\" id=\"legal-2\"><div class=\"table-cell\"><span class=\"offscreen\">Legal Disclaimer<\/span><sup>2<\/sup><\/div><div class=\"table-cell\">\n<p class=\"has-text-sm-font-size\">Certaines conditions, limitations, restrictions et exclusions s\u2019appliquent. La protection offerte d\u00e9pend de la province et est assujettie \u00e0 des r\u00e8gles et \u00e0 l\u2019admissibilit\u00e9. Veuillez parler \u00e0 un conseiller de RBC Assurances pour v\u00e9rifier votre admissibilit\u00e9.<\/p>\n<\/div><\/div><\/div>\n\n\n\n<div class=\"wp-block-rbc-rbc-disclaimer-block\"><div class=\"table-row\" id=\"legal-3\"><div class=\"table-cell\"><span class=\"offscreen\">Legal Disclaimer<\/span><sup>3<\/sup><\/div><div class=\"table-cell\">\n<p class=\"has-text-sm-font-size\">Certaines conditions s\u2019appliquent.<\/p>\n<\/div><\/div><\/div>\n<\/div><\/div><\/div><\/div><\/section>\n","protected":false},"excerpt":{"rendered":"","protected":false},"author":118,"featured_media":0,"parent":11643,"menu_order":0,"comment_status":"closed","ping_status":"closed","template":"templates\/new-rbci-design.php","meta":{"_acf_changed":false,"footnotes":""},"class_list":["post-11725","page","type-page","status-publish","hentry"],"acf":[],"yoast_head":"<!-- This site is optimized with the Yoast SEO Premium plugin v27.3 (Yoast SEO v27.3) - https:\/\/yoast.com\/product\/yoast-seo-premium-wordpress\/ -->\n<title>Assurance remorque | RBC Assurances<\/title>\n<meta name=\"description\" content=\"Assurez votre roulotte de parc, tente-roulotte, caravane, caravane \u00e0 sellette, VR utilitaire sport et plus gr\u00e2ce \u00e0 l\u2019assurance remorque de RBC Assurances.\" \/>\n<meta name=\"robots\" content=\"index, follow, max-snippet:-1, max-image-preview:large, max-video-preview:-1\" \/>\n<link rel=\"canonical\" href=\"https:\/\/silver.rbcinsurance.com\/fr-ca\/assurance-auto\/assurance-remorque\/\" \/>\n<meta property=\"og:locale\" content=\"fr_FR\" \/>\n<meta property=\"og:type\" content=\"article\" \/>\n<meta property=\"og:title\" content=\"Assurance remorque | RBC Assurances\" \/>\n<meta property=\"og:description\" content=\"Assurez votre roulotte de parc, tente-roulotte, caravane, caravane \u00e0 sellette, VR utilitaire sport et plus gr\u00e2ce \u00e0 l\u2019assurance remorque de RBC Assurances.\" \/>\n<meta property=\"og:url\" content=\"https:\/\/silver.rbcinsurance.com\/fr-ca\/assurance-auto\/assurance-remorque\/\" \/>\n<meta property=\"og:site_name\" content=\"RBC Assurances\" \/>\n<meta property=\"article:modified_time\" content=\"2026-03-19T14:37:09+00:00\" \/>\n<meta property=\"og:image\" content=\"https:\/\/silver.rbcinsurance.com\/fr-ca\/wp-content\/uploads\/sites\/3\/2024\/10\/trailer-insurance_hero-mobile.webp?quality=80\" \/>\n\t<meta property=\"og:image:width\" content=\"846\" \/>\n\t<meta property=\"og:image:height\" content=\"565\" \/>\n\t<meta property=\"og:image:type\" content=\"image\/webp\" \/>\n<meta name=\"twitter:card\" content=\"summary_large_image\" \/>\n<meta name=\"twitter:label1\" content=\"Est. reading time\" \/>\n\t<meta name=\"twitter:data1\" content=\"3 minutes\" \/>\n<script type=\"application\/ld+json\" class=\"yoast-schema-graph\">{\"@context\":\"https:\\\/\\\/schema.org\",\"@graph\":[{\"@type\":\"WebPage\",\"@id\":\"https:\\\/\\\/silver.rbcinsurance.com\\\/fr-ca\\\/assurance-auto\\\/assurance-remorque\\\/\",\"url\":\"https:\\\/\\\/silver.rbcinsurance.com\\\/fr-ca\\\/assurance-auto\\\/assurance-remorque\\\/\",\"name\":\"Assurance remorque | RBC Assurances\",\"isPartOf\":{\"@id\":\"https:\\\/\\\/silver.rbcinsurance.com\\\/fr-ca\\\/#website\"},\"primaryImageOfPage\":{\"@id\":\"https:\\\/\\\/silver.rbcinsurance.com\\\/fr-ca\\\/assurance-auto\\\/assurance-remorque\\\/#primaryimage\"},\"image\":{\"@id\":\"https:\\\/\\\/silver.rbcinsurance.com\\\/fr-ca\\\/assurance-auto\\\/assurance-remorque\\\/#primaryimage\"},\"thumbnailUrl\":\"https:\\\/\\\/silver.rbcinsurance.com\\\/en-ca\\\/wp-content\\\/uploads\\\/sites\\\/2\\\/2021\\\/06\\\/auto-insurance-cta-1.webp?quality=80&amp;w=606\",\"datePublished\":\"2024-10-30T12:03:49+00:00\",\"dateModified\":\"2026-03-19T14:37:09+00:00\",\"description\":\"Assurez votre roulotte de parc, tente-roulotte, caravane, caravane \u00e0 sellette, VR utilitaire sport et plus gr\u00e2ce \u00e0 l\u2019assurance remorque de RBC Assurances.\",\"breadcrumb\":{\"@id\":\"https:\\\/\\\/silver.rbcinsurance.com\\\/fr-ca\\\/assurance-auto\\\/assurance-remorque\\\/#breadcrumb\"},\"inLanguage\":\"fr-FR\",\"potentialAction\":[{\"@type\":\"ReadAction\",\"target\":[\"https:\\\/\\\/silver.rbcinsurance.com\\\/fr-ca\\\/assurance-auto\\\/assurance-remorque\\\/\"]}]},{\"@type\":\"ImageObject\",\"inLanguage\":\"fr-FR\",\"@id\":\"https:\\\/\\\/silver.rbcinsurance.com\\\/fr-ca\\\/assurance-auto\\\/assurance-remorque\\\/#primaryimage\",\"url\":\"https:\\\/\\\/silver.rbcinsurance.com\\\/en-ca\\\/wp-content\\\/uploads\\\/sites\\\/2\\\/2021\\\/06\\\/auto-insurance-cta-1.webp?quality=80&amp;w=606\",\"contentUrl\":\"https:\\\/\\\/silver.rbcinsurance.com\\\/en-ca\\\/wp-content\\\/uploads\\\/sites\\\/2\\\/2021\\\/06\\\/auto-insurance-cta-1.webp?quality=80&amp;w=606\"},{\"@type\":\"BreadcrumbList\",\"@id\":\"https:\\\/\\\/silver.rbcinsurance.com\\\/fr-ca\\\/assurance-auto\\\/assurance-remorque\\\/#breadcrumb\",\"itemListElement\":[{\"@type\":\"ListItem\",\"position\":1,\"name\":\"Accueil\",\"item\":\"https:\\\/\\\/silver.rbcinsurance.com\\\/fr-ca\\\/\"},{\"@type\":\"ListItem\",\"position\":2,\"name\":\"Assurance automobile\",\"item\":\"https:\\\/\\\/silver.rbcinsurance.com\\\/fr-ca\\\/assurance-auto\\\/\"},{\"@type\":\"ListItem\",\"position\":3,\"name\":\"Assurance remorque\"}]},{\"@type\":\"WebSite\",\"@id\":\"https:\\\/\\\/silver.rbcinsurance.com\\\/fr-ca\\\/#website\",\"url\":\"https:\\\/\\\/silver.rbcinsurance.com\\\/fr-ca\\\/\",\"name\":\"RBC Assurances\",\"description\":\"Assurance individuelle\",\"publisher\":{\"@id\":\"https:\\\/\\\/silver.rbcinsurance.com\\\/fr-ca\\\/#organization\"},\"potentialAction\":[{\"@type\":\"SearchAction\",\"target\":{\"@type\":\"EntryPoint\",\"urlTemplate\":\"https:\\\/\\\/silver.rbcinsurance.com\\\/fr-ca\\\/?s={search_term_string}\"},\"query-input\":{\"@type\":\"PropertyValueSpecification\",\"valueRequired\":true,\"valueName\":\"search_term_string\"}}],\"inLanguage\":\"fr-FR\"},{\"@type\":\"Organization\",\"@id\":\"https:\\\/\\\/silver.rbcinsurance.com\\\/fr-ca\\\/#organization\",\"name\":\"RBC Assurances\",\"url\":\"https:\\\/\\\/silver.rbcinsurance.com\\\/fr-ca\\\/\",\"logo\":{\"@type\":\"ImageObject\",\"inLanguage\":\"fr-FR\",\"@id\":\"https:\\\/\\\/silver.rbcinsurance.com\\\/fr-ca\\\/#\\\/schema\\\/logo\\\/image\\\/\",\"url\":\"https:\\\/\\\/silver.rbcinsurance.com\\\/fr-ca\\\/wp-content\\\/uploads\\\/sites\\\/3\\\/2021\\\/06\\\/rbc-logo-shield.svg?quality=80&w=1024\",\"contentUrl\":\"https:\\\/\\\/silver.rbcinsurance.com\\\/fr-ca\\\/wp-content\\\/uploads\\\/sites\\\/3\\\/2021\\\/06\\\/rbc-logo-shield.svg?quality=80&w=1024\",\"width\":\"1024\",\"height\":\"1024\",\"caption\":\"RBC Assurances\"},\"image\":{\"@id\":\"https:\\\/\\\/silver.rbcinsurance.com\\\/fr-ca\\\/#\\\/schema\\\/logo\\\/image\\\/\"},\"description\":\"RBC Assurances offre aux Canadiens des assurances personnelles telles que des assurances auto, habitation, vie, sant\u00e9, voyage et cr\u00e9dit, ainsi que des solutions de placement pour la retraite.\",\"telephone\":\"1 800 769-2568\",\"legalName\":\"Services d'assurance RBC Inc.\",\"numberOfEmployees\":{\"@type\":\"QuantitativeValue\",\"minValue\":\"1001\",\"maxValue\":\"5000\"}}]}<\/script>\n<!-- \/ Yoast SEO Premium plugin. -->","yoast_head_json":{"title":"Assurance remorque | RBC Assurances","description":"Assurez votre roulotte de parc, tente-roulotte, caravane, caravane \u00e0 sellette, VR utilitaire sport et plus gr\u00e2ce \u00e0 l\u2019assurance remorque de RBC Assurances.","robots":{"index":"index","follow":"follow","max-snippet":"max-snippet:-1","max-image-preview":"max-image-preview:large","max-video-preview":"max-video-preview:-1"},"canonical":"https:\/\/silver.rbcinsurance.com\/fr-ca\/assurance-auto\/assurance-remorque\/","og_locale":"fr_FR","og_type":"article","og_title":"Assurance remorque | RBC Assurances","og_description":"Assurez votre roulotte de parc, tente-roulotte, caravane, caravane \u00e0 sellette, VR utilitaire sport et plus gr\u00e2ce \u00e0 l\u2019assurance remorque de RBC Assurances.","og_url":"https:\/\/silver.rbcinsurance.com\/fr-ca\/assurance-auto\/assurance-remorque\/","og_site_name":"RBC Assurances","article_modified_time":"2026-03-19T14:37:09+00:00","og_image":[{"width":846,"height":565,"url":"https:\/\/silver.rbcinsurance.com\/fr-ca\/wp-content\/uploads\/sites\/3\/2024\/10\/trailer-insurance_hero-mobile.webp?quality=80","type":"image\/webp"}],"twitter_card":"summary_large_image","twitter_misc":{"Est. reading time":"3 minutes"},"schema":{"@context":"https:\/\/schema.org","@graph":[{"@type":"WebPage","@id":"https:\/\/silver.rbcinsurance.com\/fr-ca\/assurance-auto\/assurance-remorque\/","url":"https:\/\/silver.rbcinsurance.com\/fr-ca\/assurance-auto\/assurance-remorque\/","name":"Assurance remorque | RBC Assurances","isPartOf":{"@id":"https:\/\/silver.rbcinsurance.com\/fr-ca\/#website"},"primaryImageOfPage":{"@id":"https:\/\/silver.rbcinsurance.com\/fr-ca\/assurance-auto\/assurance-remorque\/#primaryimage"},"image":{"@id":"https:\/\/silver.rbcinsurance.com\/fr-ca\/assurance-auto\/assurance-remorque\/#primaryimage"},"thumbnailUrl":"https:\/\/silver.rbcinsurance.com\/en-ca\/wp-content\/uploads\/sites\/2\/2021\/06\/auto-insurance-cta-1.webp?quality=80&amp;w=606","datePublished":"2024-10-30T12:03:49+00:00","dateModified":"2026-03-19T14:37:09+00:00","description":"Assurez votre roulotte de parc, tente-roulotte, caravane, caravane \u00e0 sellette, VR utilitaire sport et plus gr\u00e2ce \u00e0 l\u2019assurance remorque de RBC Assurances.","breadcrumb":{"@id":"https:\/\/silver.rbcinsurance.com\/fr-ca\/assurance-auto\/assurance-remorque\/#breadcrumb"},"inLanguage":"fr-FR","potentialAction":[{"@type":"ReadAction","target":["https:\/\/silver.rbcinsurance.com\/fr-ca\/assurance-auto\/assurance-remorque\/"]}]},{"@type":"ImageObject","inLanguage":"fr-FR","@id":"https:\/\/silver.rbcinsurance.com\/fr-ca\/assurance-auto\/assurance-remorque\/#primaryimage","url":"https:\/\/silver.rbcinsurance.com\/en-ca\/wp-content\/uploads\/sites\/2\/2021\/06\/auto-insurance-cta-1.webp?quality=80&amp;w=606","contentUrl":"https:\/\/silver.rbcinsurance.com\/en-ca\/wp-content\/uploads\/sites\/2\/2021\/06\/auto-insurance-cta-1.webp?quality=80&amp;w=606"},{"@type":"BreadcrumbList","@id":"https:\/\/silver.rbcinsurance.com\/fr-ca\/assurance-auto\/assurance-remorque\/#breadcrumb","itemListElement":[{"@type":"ListItem","position":1,"name":"Accueil","item":"https:\/\/silver.rbcinsurance.com\/fr-ca\/"},{"@type":"ListItem","position":2,"name":"Assurance automobile","item":"https:\/\/silver.rbcinsurance.com\/fr-ca\/assurance-auto\/"},{"@type":"ListItem","position":3,"name":"Assurance remorque"}]},{"@type":"WebSite","@id":"https:\/\/silver.rbcinsurance.com\/fr-ca\/#website","url":"https:\/\/silver.rbcinsurance.com\/fr-ca\/","name":"RBC Assurances","description":"Assurance individuelle","publisher":{"@id":"https:\/\/silver.rbcinsurance.com\/fr-ca\/#organization"},"potentialAction":[{"@type":"SearchAction","target":{"@type":"EntryPoint","urlTemplate":"https:\/\/silver.rbcinsurance.com\/fr-ca\/?s={search_term_string}"},"query-input":{"@type":"PropertyValueSpecification","valueRequired":true,"valueName":"search_term_string"}}],"inLanguage":"fr-FR"},{"@type":"Organization","@id":"https:\/\/silver.rbcinsurance.com\/fr-ca\/#organization","name":"RBC Assurances","url":"https:\/\/silver.rbcinsurance.com\/fr-ca\/","logo":{"@type":"ImageObject","inLanguage":"fr-FR","@id":"https:\/\/silver.rbcinsurance.com\/fr-ca\/#\/schema\/logo\/image\/","url":"https:\/\/silver.rbcinsurance.com\/fr-ca\/wp-content\/uploads\/sites\/3\/2021\/06\/rbc-logo-shield.svg?quality=80&w=1024","contentUrl":"https:\/\/silver.rbcinsurance.com\/fr-ca\/wp-content\/uploads\/sites\/3\/2021\/06\/rbc-logo-shield.svg?quality=80&w=1024","width":"1024","height":"1024","caption":"RBC Assurances"},"image":{"@id":"https:\/\/silver.rbcinsurance.com\/fr-ca\/#\/schema\/logo\/image\/"},"description":"RBC Assurances offre aux Canadiens des assurances personnelles telles que des assurances auto, habitation, vie, sant\u00e9, voyage et cr\u00e9dit, ainsi que des solutions de placement pour la retraite.","telephone":"1 800 769-2568","legalName":"Services d'assurance RBC Inc.","numberOfEmployees":{"@type":"QuantitativeValue","minValue":"1001","maxValue":"5000"}}]}},"jetpack_sharing_enabled":true,"_links":{"self":[{"href":"https:\/\/silver.rbcinsurance.com\/fr-ca\/wp-json\/wp\/v2\/pages\/11725","targetHints":{"allow":["GET"]}}],"collection":[{"href":"https:\/\/silver.rbcinsurance.com\/fr-ca\/wp-json\/wp\/v2\/pages"}],"about":[{"href":"https:\/\/silver.rbcinsurance.com\/fr-ca\/wp-json\/wp\/v2\/types\/page"}],"author":[{"embeddable":true,"href":"https:\/\/silver.rbcinsurance.com\/fr-ca\/wp-json\/wp\/v2\/users\/118"}],"replies":[{"embeddable":true,"href":"https:\/\/silver.rbcinsurance.com\/fr-ca\/wp-json\/wp\/v2\/comments?post=11725"}],"version-history":[{"count":69,"href":"https:\/\/silver.rbcinsurance.com\/fr-ca\/wp-json\/wp\/v2\/pages\/11725\/revisions"}],"predecessor-version":[{"id":25072,"href":"https:\/\/silver.rbcinsurance.com\/fr-ca\/wp-json\/wp\/v2\/pages\/11725\/revisions\/25072"}],"up":[{"embeddable":true,"href":"https:\/\/silver.rbcinsurance.com\/fr-ca\/wp-json\/wp\/v2\/pages\/11643"}],"wp:attachment":[{"href":"https:\/\/silver.rbcinsurance.com\/fr-ca\/wp-json\/wp\/v2\/media?parent=11725"}],"curies":[{"name":"wp","href":"https:\/\/api.w.org\/{rel}","templated":true}]}}