{"id":11596,"date":"2024-10-30T12:04:51","date_gmt":"2024-10-30T12:04:51","guid":{"rendered":"https:\/\/silver.rbcinsurance.com\/fr-ca\/?page_id=11596"},"modified":"2026-03-27T14:02:13","modified_gmt":"2026-03-27T18:02:13","slug":"assurance-annuelle-voyages-multiples","status":"publish","type":"page","link":"https:\/\/silver.rbcinsurance.com\/fr-ca\/assurance-voyage\/assurance-annuelle-voyages-multiples\/","title":{"rendered":"Au moins deux voyages au cours de la prochaine ann\u00e9e"},"content":{"rendered":"\n<div class=\"wp-block-rbc-callout-card calloutCard calloutCard__HeroImageBackground  hasDarkBg\" style=\"background:url(https:\/\/silver.rbcinsurance.com\/fr-ca\/wp-content\/uploads\/sites\/3\/2024\/10\/annual-multi-trip.webp) no-repeat;--bghero-mobi-url:url(https:\/\/silver.rbcinsurance.com\/fr-ca\/wp-content\/uploads\/sites\/3\/2024\/10\/annual-multitrip-insurance.webp)\">\n<div class=\"wp-block-columns cols-hero-wrapper is-layout-flex wp-container-core-columns-is-layout-28f84493 wp-block-columns-is-layout-flex\">\n<div class=\"wp-block-column col-front is-layout-flow wp-block-column-is-layout-flow\">\n<p class=\"rbc-yoast-breadcrum\"><span class=\"rbc-yoast-breadcrum-span\"><span><a href=\"https:\/\/silver.rbcinsurance.com\/fr-ca\/\">Accueil<\/a><\/span><\/span><\/p>\n\n\n\n<h1 class=\"wp-block-heading rbc-callout-heading\" id=\"h-assurance-voyage-multivoyage\"><mark style=\"background-color:rgba(0, 0, 0, 0);color:#FFFFFF\" class=\"has-inline-color\">Assurance voyage <\/mark><mark style=\"background-color:rgba(0, 0, 0, 0);color:#FEDF01\" class=\"has-inline-color\">multivoyage<\/mark><\/h1>\n\n\n\n<p class=\"rbc-override-margin p-large\">Au moins deux\u00a0voyages au cours de la prochaine ann\u00e9e &#8211; Assurance Voyage pour les clients de RBC<sup><a href=\"#legal-1\" data-dig-id=\"LP-15100-b826ec05\" data-dig-label=\"1\" data-dig-action=\"link click\" data-dig-category=\"LP\" class=\"rbc-link-format\"><mark style=\"background-color:rgba(0, 0, 0, 0);color:#FFFFFF\" class=\"has-inline-color\">1<\/mark><\/a><\/sup>. Prot\u00e9gez-vous avec une assurance soins m\u00e9dicaux d\u2019urgence lorsque vous voyagez \u00e0 l\u2019ext\u00e9rieur de votre province ou territoire de r\u00e9sidence.<\/p>\n\n\n\n<div class=\"wp-block-buttons is-layout-flex wp-block-buttons-is-layout-flex\"><div>\n<div class=\"wp-block-button btn is-style-accent accent\"><a class=\"wp-block-button__link wp-element-button\" href=\"https:\/\/online.worldprotect.com\/cgi-bin\/weblinkca\/fr\/travel-insurance.cgi?agency_code=RBCIDTO&amp;advice=multiple_trips\" data-dig-id=\"LP-11596-a718b62e\" data-dig-category=\"LP\" data-dig-action=\"button click\" data-dig-label=\"Obtenez votre soumission gratuite-https:\/\/online.worldprotect.com\/cgi-bin\/weblinkca\/fr\/travel-insurance.cgi?agency_code=RBCIDTO&amp;advice=multiple_trips \">Obtenez votre soumission gratuite<\/a><\/div>\n<\/div><\/div>\n<\/div>\n<\/div>\n<\/div>\n\n\n\n<div class=\"wp-block-group mob-mar-b mar-t-dbl mob-mar-t-dbl mar-b is-vertical is-content-justification-center is-layout-flex wp-container-core-group-is-layout-ce155fab wp-block-group-is-layout-flex\">\n<h2 class=\"wp-block-heading has-text-align-center mar-t-dbl mob-mar-t-dbl\" id=\"h-12-mois-de-couverture-pour-des-voyages-multiples\">12\u00a0mois de couverture pour des voyages multiples<\/h2>\n\n\n\n<p class=\"has-text-align-center mar-t mob-mar-t has-text-reg-font-size\">N\u2019aimeriez-vous pas pouvoir r\u00e9aliser des \u00e9conomies tout en b\u00e9n\u00e9ficiant de l\u2019assurance frais m\u00e9dicaux en voyage dont vous avez besoin pour tous les voyages que vous effectuerez au cours des 12&nbsp;prochains mois? Si vous comptez partir \u00e0 l\u2019aventure au moins deux fois au cours de la prochaine ann\u00e9e, peut-\u00eatre auriez-vous int\u00e9r\u00eat \u00e0 souscrire une assurance valable jusqu\u2019\u00e0 un an gr\u00e2ce \u00e0 l\u2019une de nos formules annuelles Voyages multiples.<\/p>\n<\/div>\n\n\n\n<div class=\"wp-block-rbc-layout-selector layoutSelector layoutSelector__layout1\">\n<div class=\"wp-block-group is-layout-flow wp-block-group-is-layout-flow\">\n<div class=\"wp-block-group layoutSelector__header is-layout-flow wp-block-group-is-layout-flow\">\n<h2 class=\"wp-block-heading\" id=\"h-couverture-essentielle-pour-les-canadiens\">Couverture essentielle pour les Canadiens<\/h2>\n<\/div>\n\n\n\n<div class=\"wp-block-group layoutSelector__cards-container layoutSelector__is-flex layoutSelector__direction-row is-layout-flow wp-block-group-is-layout-flow\">\n<div class=\"wp-block-group is-vertical is-layout-flex wp-container-core-group-is-layout-fe9cc265 wp-block-group-is-layout-flex\">\n<h4 class=\"wp-block-heading mar-b-qtr mob-mar-b-qtr\" id=\"h-escapade-de-4-nbsp-jours-assurance-annuelle-voyages-multiples\">Escapade de 4&nbsp;jours \u2013 Assurance annuelle Voyages multiples<\/h4>\n\n\n\n<p class=\"mar-b mob-mar-b\">(<strong>74&nbsp;ans et moins)<\/strong><\/p>\n\n\n\n<h4 class=\"wp-block-heading mar-b-qtr mob-mar-b-qtr\" id=\"h-classique-frais-medicaux-assurance-annuelle-voyages-multiples\">Classique Frais m\u00e9dicaux \u2013 Assurance annuelle Voyages multiples<\/h4>\n\n\n\n<p><strong>(64&nbsp;ans et moins)<\/strong><\/p>\n\n\n\n<h4 class=\"wp-block-heading mar-t mob-mar-t\" id=\"h-vacansante-nbsp-frais-medicaux-assurance-annuelle-voyages-multiples\">VacanSant\u00e9<sup>\u00ae<\/sup>&nbsp;Frais m\u00e9dicaux \u2013 Assurance annuelle Voyages multiples<\/h4>\n\n\n\n<p><strong>(65 ans et plus)<\/strong><\/p>\n<\/div>\n\n\n\n<div class=\"wp-block-rbc-information-card informationCard\" style=\"--icon-url:url(undefined);background-color:#F7F8FA\">\n<div class=\"wp-block-group informationCard__content is-layout-flow wp-block-group-is-layout-flow\">\n<div class=\"wp-block-group informationCard__icon-group is-layout-flow wp-block-group-is-layout-flow\">\n<h4 class=\"wp-block-heading\" id=\"h-votre-assurance-couvre-nbsp\"><strong>Votre assurance couvre&nbsp;:<\/strong><\/h4>\n\n\n\n<div class=\"wp-block-rbc-highlights-card highlightsCard\"><div class=\"highlightsCard__heading\"><\/div><div class=\"highlightsCard__items\">\n<p>les frais m\u00e9dicaux d\u2019urgence admissibles, de fa\u00e7on illimit\u00e9e<sup><a href=\"#legal-2\" data-dig-id=\"LP-15100-906506bd\" data-dig-category=\"LP\" data-dig-action=\"link click\" data-dig-label=\"2\" class=\"rbc-link-format\">1<\/a><\/sup><\/p>\n\n\n\n<p>service d\u2019assistance m\u00e9dicale d\u2019urgence accessible en tout temps, partout dans le monde ;<\/p>\n\n\n\n<p>les frais de voyage engag\u00e9s pour vous permettre de rentrer chez vous en cas d\u2019urgence m\u00e9dicale&nbsp;;<\/p>\n\n\n\n<p>un nombre illimit\u00e9 de voyages (\u00e0 concurrence du nombre de jours que vous choisissez \u2013 par exemple, 9&nbsp;jours) au cours d\u2019une p\u00e9riode de 365 jour<sup><a href=\"#legal-2\" data-dig-id=\"LP-15100-9cb9fb78\" data-dig-category=\"LP\" data-dig-action=\"link click\" data-dig-label=\"3\" class=\"rbc-link-format\">2<\/a><\/sup><\/p>\n<\/div><\/div>\n<\/div>\n\n\n\n<div class=\"wp-block-group is-style-most-popular-issues most-popular-issues is-nowrap is-layout-flex wp-container-core-group-is-layout-6c531013 wp-block-group-is-layout-flex\">\n<div class=\"wp-block-buttons is-layout-flex wp-block-buttons-is-layout-flex\"><div>\n<div class=\"wp-block-button btn is-style-secondary secondary\"><a class=\"wp-block-button__link wp-element-button\" href=\"https:\/\/silver.rbcinsurance.com\/fr-ca\/assurance-voyage\/assurance-voyage-frais-medicaux\/\" data-dig-id=\"LP-11596-5f4ad7cf\" data-dig-category=\"LP\" data-dig-action=\"button click\" data-dig-label=\"Explorer l\u2019assurance voyage frais m\u00e9dicaux-https:\/\/silver.rbcinsurance.com\/fr-ca\/assurance-voyage\/assurance-voyage-frais-medicaux\/ \">Explorer l\u2019assurance voyage frais m\u00e9dicaux<\/a><\/div>\n<\/div><\/div>\n\n\n\n<p class=\"mar-t mob-mar-t mar-l mob-mar-l\"><a href=\"https:\/\/silver.rbcinsurance.com\/fr-ca\/assurance-voyage\/comparaison-forfaits-assurance-voyage\/\" data-dig-id=\"LP-15100-5211d7da\" data-dig-category=\"LP\" data-dig-action=\"link click\" data-dig-label=\"Compare all\" class=\"rbc-link-format\">Comparer les forfaits<\/a><\/p>\n<\/div>\n<\/div>\n<\/div>\n<\/div>\n<\/div>\n<\/div>\n\n\n\n<div class=\"wp-block-rbc-callout-card calloutCard calloutCard__image\" style=\"background-color:#F7F8FA\">\n<div class=\"wp-block-columns cols is-layout-flex wp-container-core-columns-is-layout-28f84493 wp-block-columns-is-layout-flex\">\n<div class=\"wp-block-column col-left is-layout-flow wp-block-column-is-layout-flow\">\n<div class=\"wp-block-columns is-layout-flex wp-container-core-columns-is-layout-28f84493 wp-block-columns-is-layout-flex\">\n<div class=\"wp-block-column is-layout-flow wp-block-column-is-layout-flow\">\n<h2 class=\"wp-block-heading\" id=\"h-quels-que-soient-vos-besoins-nous-pouvons-vous-aider\">Quels que soient vos besoins, nous pouvons vous aider.<\/h2>\n\n\n\n<p class=\"rbc-override-margin p-large mar-b-dbl mob-mar-b-dbl has-text-reg-font-size\">Assurez-vous d\u2019avoir la bonne assurance voyage ou obtenez de l\u2019aide pour une demande de r\u00e8glement.<\/p>\n\n\n\n<div class=\"wp-block-group mar-t-hlf mob-mar-t-hlf is-layout-flow wp-block-group-is-layout-flow\">\n<div class=\"wp-block-buttons is-layout-flex wp-block-buttons-is-layout-flex\"><div>\n<div class=\"wp-block-button btn is-style-primary primary\"><a class=\"wp-block-button__link wp-element-button\" href=\"https:\/\/online.worldprotect.com\/cgi-bin\/weblinkca\/fr\/travel-insurance.cgi?agency_code=RBCIDTO&amp;advice=multiple_trips\" data-dig-id=\"LP-11596-e67fcb2f\" data-dig-category=\"LP\" data-dig-action=\"button click\" data-dig-label=\"Get my quote-13 Leads to online quote tool in new tab https:\/\/online.worldprotect.com\/cgi-bin\/weblinkca\/en\/travel-insurance.cgi?agency_code=RBCTHPP\">Obtenez une soumission<\/a><\/div>\n<\/div><\/div>\n\n\n\n<p>Composez le <a href=\"tel:+18668968172\" data-dig-id=\"LP-11596-4150ddac\" data-dig-category=\"LP\" data-dig-action=\"link click\" data-dig-label=\"1-866-896-8172\" class=\"rbc-link-format\">1-866-896-8172<\/a><\/p>\n<\/div>\n<\/div>\n\n\n\n<div class=\"wp-block-column is-layout-flow wp-block-column-is-layout-flow\">\n<p class=\"mar-r-dbl mar-b-0 mob-mar-b-0\">Pour assistance medicale d\u2019urgence et assistance en voyage, <a href=\"https:\/\/silver.rbcinsurance.com\/fr-ca\/nous-joindre\/\" data-dig-id=\"LP-11596-b0bad9b3\" data-dig-category=\"LP\" data-dig-action=\"link click\" data-dig-label=\"voir les coordonnees d\u2019urgence\" class=\"rbc-link-format\">voir les coordonnees d\u2019urgence<\/a>.<\/p>\n<\/div>\n<\/div>\n<\/div>\n\n\n\n<div class=\"wp-block-column col-right is-layout-flow wp-block-column-is-layout-flow\">\n<figure class=\"wp-block-image size-full\"><img loading=\"lazy\" decoding=\"async\" width=\"606\" height=\"573\" src=\"https:\/\/silver.rbcinsurance.com\/fr-ca\/wp-content\/uploads\/sites\/3\/2024\/10\/travel-insurance-cta.webp\" alt=\"femme avec son enfant dans un a\u00e9roport\" class=\"wp-image-13202\" srcset=\"https:\/\/silver.rbcinsurance.com\/fr-ca\/wp-content\/uploads\/sites\/3\/2024\/10\/travel-insurance-cta.webp 606w, https:\/\/silver.rbcinsurance.com\/fr-ca\/wp-content\/uploads\/sites\/3\/2024\/10\/travel-insurance-cta.webp?resize=300,284 300w\" sizes=\"auto, (max-width: 606px) 100vw, 606px\" \/><\/figure>\n<\/div>\n<\/div>\n<\/div>\n\n\n\n<section class=\"wp-block-rbc-rbc-legal-collapsible disclaimer\" aria-label=\"Legal Disclaimers\"><div class=\"section-inner\"><p><button class=\"collapse-toggle collapsed\" data-target=\"#collapseDisclaimer\" data-toggle=\"collapse\" aria-expanded=\"false\" aria-controls=\"collapseDisclaimer\" data-dig-id=\"LP-11596-e45dd7e5\" data-dig-category=\"LP\" data-dig-action=\"legal close\" data-dig-label=\"legal close\" action-closed=\"legal close\" action-opened=\"legal open\" label-close=\"legal open\" label-open=\"legal close\"><span>Afficher les avis de non-responsabilit\u00e9<\/span><span>Afficher les avis de non-responsabilit\u00e9<\/span><\/button><\/p><div class=\"collapse-content collapse\" id=\"collapseDisclaimer\"><div class=\"collapse-inner\"><div class=\"table-wpr\">\n<div class=\"wp-block-rbc-rbc-disclaimer-block\"><div class=\"table-row\" id=\"legal-1\"><div class=\"table-cell\"><span class=\"offscreen\">Legal Disclaimer<\/span><sup>1<\/sup><\/div><div class=\"table-cell\">\n<p class=\"has-text-sm-font-size\">Cette assurance pr\u00e9voit une indemnit\u00e9 maximale de 20&nbsp;000&nbsp;$ si vous n\u2019\u00eates pas couvert par un r\u00e9gime public d\u2019assurance maladie pendant la dur\u00e9e de votre voyage.<\/p>\n<\/div><\/div><\/div>\n\n\n\n<div class=\"wp-block-rbc-rbc-disclaimer-block\"><div class=\"table-row\" id=\"legal-2\"><div class=\"table-cell\"><span class=\"offscreen\">Legal Disclaimer<\/span><sup>2<\/sup><\/div><div class=\"table-cell\">\n<p class=\"has-text-sm-font-size\">Vous pouvez ajouter des journ\u00e9es \u00e0 votre formule annuelle Voyages multiples si vous \u00eates admissible (assurance compl\u00e9mentaire).<\/p>\n<\/div><\/div><\/div>\n<\/div><\/div><\/div><\/div><\/section>\n","protected":false},"excerpt":{"rendered":"<p>12\u00a0mois de couverture pour des voyages multiples N\u2019aimeriez-vous pas pouvoir r\u00e9aliser des \u00e9conomies tout en b\u00e9n\u00e9ficiant de l\u2019assurance frais m\u00e9dicaux en voyage dont vous avez besoin pour tous les voyages que vous effectuerez au cours des 12&nbsp;prochains mois? Si vous comptez partir \u00e0 l\u2019aventure au moins deux fois au cours de la prochaine ann\u00e9e, peut-\u00eatre [&hellip;]<\/p>\n","protected":false},"author":196,"featured_media":0,"parent":11587,"menu_order":0,"comment_status":"closed","ping_status":"closed","template":"templates\/new-rbci-design.php","meta":{"_acf_changed":false,"footnotes":""},"class_list":["post-11596","page","type-page","status-publish","hentry"],"acf":[],"yoast_head":"<!-- This site is optimized with the Yoast SEO Premium plugin v27.3 (Yoast SEO v27.3) - https:\/\/yoast.com\/product\/yoast-seo-premium-wordpress\/ -->\n<title>Au moins deux voyages au cours de la prochaine ann\u00e9e | RBC Assurances<\/title>\n<meta name=\"description\" content=\"Si vous comptez faire au moins deux\u00a0voyages au cours de la prochaine ann\u00e9e, envisagez de souscrire, \u00e0 un prix abordable, l&#039;assurance annuelle Voyages multiples de RBC Assurances couvrant les frais m\u00e9dicaux.\" \/>\n<meta name=\"robots\" content=\"index, follow, max-snippet:-1, max-image-preview:large, max-video-preview:-1\" \/>\n<link rel=\"canonical\" href=\"https:\/\/silver.rbcinsurance.com\/fr-ca\/assurance-voyage\/assurance-annuelle-voyages-multiples\/\" \/>\n<meta property=\"og:locale\" content=\"fr_FR\" \/>\n<meta property=\"og:type\" content=\"article\" \/>\n<meta property=\"og:title\" content=\"Au moins deux voyages au cours de la prochaine ann\u00e9e | RBC Assurances\" \/>\n<meta property=\"og:description\" content=\"Si vous comptez faire au moins deux\u00a0voyages au cours de la prochaine ann\u00e9e, envisagez de souscrire, \u00e0 un prix abordable, l&#039;assurance annuelle Voyages multiples de RBC Assurances couvrant les frais m\u00e9dicaux.\" \/>\n<meta property=\"og:url\" content=\"https:\/\/silver.rbcinsurance.com\/fr-ca\/assurance-voyage\/assurance-annuelle-voyages-multiples\/\" \/>\n<meta property=\"og:site_name\" content=\"RBC Assurances\" \/>\n<meta property=\"article:modified_time\" content=\"2026-03-27T18:02:13+00:00\" \/>\n<meta property=\"og:image\" content=\"https:\/\/silver.rbcinsurance.com\/fr-ca\/wp-content\/uploads\/sites\/3\/2024\/10\/annual-multitrip-insurance.webp?quality=80\" \/>\n\t<meta property=\"og:image:width\" content=\"846\" \/>\n\t<meta property=\"og:image:height\" content=\"565\" \/>\n\t<meta property=\"og:image:type\" content=\"image\/webp\" \/>\n<meta name=\"twitter:card\" content=\"summary_large_image\" \/>\n<meta name=\"twitter:label1\" content=\"Est. reading time\" \/>\n\t<meta name=\"twitter:data1\" content=\"2 minutes\" \/>\n<script type=\"application\/ld+json\" class=\"yoast-schema-graph\">{\"@context\":\"https:\\\/\\\/schema.org\",\"@graph\":[{\"@type\":\"WebPage\",\"@id\":\"https:\\\/\\\/silver.rbcinsurance.com\\\/fr-ca\\\/assurance-voyage\\\/assurance-annuelle-voyages-multiples\\\/\",\"url\":\"https:\\\/\\\/silver.rbcinsurance.com\\\/fr-ca\\\/assurance-voyage\\\/assurance-annuelle-voyages-multiples\\\/\",\"name\":\"Au moins deux voyages au cours de la prochaine ann\u00e9e | RBC Assurances\",\"isPartOf\":{\"@id\":\"https:\\\/\\\/silver.rbcinsurance.com\\\/fr-ca\\\/#website\"},\"primaryImageOfPage\":{\"@id\":\"https:\\\/\\\/silver.rbcinsurance.com\\\/fr-ca\\\/assurance-voyage\\\/assurance-annuelle-voyages-multiples\\\/#primaryimage\"},\"image\":{\"@id\":\"https:\\\/\\\/silver.rbcinsurance.com\\\/fr-ca\\\/assurance-voyage\\\/assurance-annuelle-voyages-multiples\\\/#primaryimage\"},\"thumbnailUrl\":\"https:\\\/\\\/silver.rbcinsurance.com\\\/fr-ca\\\/wp-content\\\/uploads\\\/sites\\\/3\\\/2024\\\/10\\\/travel-insurance-cta.webp\",\"datePublished\":\"2024-10-30T12:04:51+00:00\",\"dateModified\":\"2026-03-27T18:02:13+00:00\",\"description\":\"Si vous comptez faire au moins deux\u00a0voyages au cours de la prochaine ann\u00e9e, envisagez de souscrire, \u00e0 un prix abordable, l'assurance annuelle Voyages multiples de RBC Assurances couvrant les frais m\u00e9dicaux.\",\"breadcrumb\":{\"@id\":\"https:\\\/\\\/silver.rbcinsurance.com\\\/fr-ca\\\/assurance-voyage\\\/assurance-annuelle-voyages-multiples\\\/#breadcrumb\"},\"inLanguage\":\"fr-FR\",\"potentialAction\":[{\"@type\":\"ReadAction\",\"target\":[\"https:\\\/\\\/silver.rbcinsurance.com\\\/fr-ca\\\/assurance-voyage\\\/assurance-annuelle-voyages-multiples\\\/\"]}]},{\"@type\":\"ImageObject\",\"inLanguage\":\"fr-FR\",\"@id\":\"https:\\\/\\\/silver.rbcinsurance.com\\\/fr-ca\\\/assurance-voyage\\\/assurance-annuelle-voyages-multiples\\\/#primaryimage\",\"url\":\"https:\\\/\\\/silver.rbcinsurance.com\\\/fr-ca\\\/wp-content\\\/uploads\\\/sites\\\/3\\\/2024\\\/10\\\/travel-insurance-cta.webp?quality=80\",\"contentUrl\":\"https:\\\/\\\/silver.rbcinsurance.com\\\/fr-ca\\\/wp-content\\\/uploads\\\/sites\\\/3\\\/2024\\\/10\\\/travel-insurance-cta.webp?quality=80\",\"width\":606,\"height\":573,\"caption\":\"woman with her child in an airport\"},{\"@type\":\"BreadcrumbList\",\"@id\":\"https:\\\/\\\/silver.rbcinsurance.com\\\/fr-ca\\\/assurance-voyage\\\/assurance-annuelle-voyages-multiples\\\/#breadcrumb\",\"itemListElement\":[{\"@type\":\"ListItem\",\"position\":1,\"name\":\"Accueil\",\"item\":\"https:\\\/\\\/silver.rbcinsurance.com\\\/fr-ca\\\/\"},{\"@type\":\"ListItem\",\"position\":2,\"name\":\"Assurance voyage\",\"item\":\"https:\\\/\\\/silver.rbcinsurance.com\\\/fr-ca\\\/assurance-voyage\\\/\"},{\"@type\":\"ListItem\",\"position\":3,\"name\":\"Au moins deux voyages au cours de la prochaine ann\u00e9e\"}]},{\"@type\":\"WebSite\",\"@id\":\"https:\\\/\\\/silver.rbcinsurance.com\\\/fr-ca\\\/#website\",\"url\":\"https:\\\/\\\/silver.rbcinsurance.com\\\/fr-ca\\\/\",\"name\":\"RBC Assurances\",\"description\":\"Assurance individuelle\",\"publisher\":{\"@id\":\"https:\\\/\\\/silver.rbcinsurance.com\\\/fr-ca\\\/#organization\"},\"potentialAction\":[{\"@type\":\"SearchAction\",\"target\":{\"@type\":\"EntryPoint\",\"urlTemplate\":\"https:\\\/\\\/silver.rbcinsurance.com\\\/fr-ca\\\/?s={search_term_string}\"},\"query-input\":{\"@type\":\"PropertyValueSpecification\",\"valueRequired\":true,\"valueName\":\"search_term_string\"}}],\"inLanguage\":\"fr-FR\"},{\"@type\":\"Organization\",\"@id\":\"https:\\\/\\\/silver.rbcinsurance.com\\\/fr-ca\\\/#organization\",\"name\":\"RBC Assurances\",\"url\":\"https:\\\/\\\/silver.rbcinsurance.com\\\/fr-ca\\\/\",\"logo\":{\"@type\":\"ImageObject\",\"inLanguage\":\"fr-FR\",\"@id\":\"https:\\\/\\\/silver.rbcinsurance.com\\\/fr-ca\\\/#\\\/schema\\\/logo\\\/image\\\/\",\"url\":\"https:\\\/\\\/silver.rbcinsurance.com\\\/fr-ca\\\/wp-content\\\/uploads\\\/sites\\\/3\\\/2021\\\/06\\\/rbc-logo-shield.svg?quality=80&w=1024\",\"contentUrl\":\"https:\\\/\\\/silver.rbcinsurance.com\\\/fr-ca\\\/wp-content\\\/uploads\\\/sites\\\/3\\\/2021\\\/06\\\/rbc-logo-shield.svg?quality=80&w=1024\",\"width\":\"1024\",\"height\":\"1024\",\"caption\":\"RBC Assurances\"},\"image\":{\"@id\":\"https:\\\/\\\/silver.rbcinsurance.com\\\/fr-ca\\\/#\\\/schema\\\/logo\\\/image\\\/\"},\"description\":\"RBC Assurances offre aux Canadiens des assurances personnelles telles que des assurances auto, habitation, vie, sant\u00e9, voyage et cr\u00e9dit, ainsi que des solutions de placement pour la retraite.\",\"telephone\":\"1 800 769-2568\",\"legalName\":\"Services d'assurance RBC Inc.\",\"numberOfEmployees\":{\"@type\":\"QuantitativeValue\",\"minValue\":\"1001\",\"maxValue\":\"5000\"}}]}<\/script>\n<!-- \/ Yoast SEO Premium plugin. -->","yoast_head_json":{"title":"Au moins deux voyages au cours de la prochaine ann\u00e9e | RBC Assurances","description":"Si vous comptez faire au moins deux\u00a0voyages au cours de la prochaine ann\u00e9e, envisagez de souscrire, \u00e0 un prix abordable, l'assurance annuelle Voyages multiples de RBC Assurances couvrant les frais m\u00e9dicaux.","robots":{"index":"index","follow":"follow","max-snippet":"max-snippet:-1","max-image-preview":"max-image-preview:large","max-video-preview":"max-video-preview:-1"},"canonical":"https:\/\/silver.rbcinsurance.com\/fr-ca\/assurance-voyage\/assurance-annuelle-voyages-multiples\/","og_locale":"fr_FR","og_type":"article","og_title":"Au moins deux voyages au cours de la prochaine ann\u00e9e | RBC Assurances","og_description":"Si vous comptez faire au moins deux\u00a0voyages au cours de la prochaine ann\u00e9e, envisagez de souscrire, \u00e0 un prix abordable, l'assurance annuelle Voyages multiples de RBC Assurances couvrant les frais m\u00e9dicaux.","og_url":"https:\/\/silver.rbcinsurance.com\/fr-ca\/assurance-voyage\/assurance-annuelle-voyages-multiples\/","og_site_name":"RBC Assurances","article_modified_time":"2026-03-27T18:02:13+00:00","og_image":[{"width":846,"height":565,"url":"https:\/\/silver.rbcinsurance.com\/fr-ca\/wp-content\/uploads\/sites\/3\/2024\/10\/annual-multitrip-insurance.webp?quality=80","type":"image\/webp"}],"twitter_card":"summary_large_image","twitter_misc":{"Est. reading time":"2 minutes"},"schema":{"@context":"https:\/\/schema.org","@graph":[{"@type":"WebPage","@id":"https:\/\/silver.rbcinsurance.com\/fr-ca\/assurance-voyage\/assurance-annuelle-voyages-multiples\/","url":"https:\/\/silver.rbcinsurance.com\/fr-ca\/assurance-voyage\/assurance-annuelle-voyages-multiples\/","name":"Au moins deux voyages au cours de la prochaine ann\u00e9e | RBC Assurances","isPartOf":{"@id":"https:\/\/silver.rbcinsurance.com\/fr-ca\/#website"},"primaryImageOfPage":{"@id":"https:\/\/silver.rbcinsurance.com\/fr-ca\/assurance-voyage\/assurance-annuelle-voyages-multiples\/#primaryimage"},"image":{"@id":"https:\/\/silver.rbcinsurance.com\/fr-ca\/assurance-voyage\/assurance-annuelle-voyages-multiples\/#primaryimage"},"thumbnailUrl":"https:\/\/silver.rbcinsurance.com\/fr-ca\/wp-content\/uploads\/sites\/3\/2024\/10\/travel-insurance-cta.webp","datePublished":"2024-10-30T12:04:51+00:00","dateModified":"2026-03-27T18:02:13+00:00","description":"Si vous comptez faire au moins deux\u00a0voyages au cours de la prochaine ann\u00e9e, envisagez de souscrire, \u00e0 un prix abordable, l'assurance annuelle Voyages multiples de RBC Assurances couvrant les frais m\u00e9dicaux.","breadcrumb":{"@id":"https:\/\/silver.rbcinsurance.com\/fr-ca\/assurance-voyage\/assurance-annuelle-voyages-multiples\/#breadcrumb"},"inLanguage":"fr-FR","potentialAction":[{"@type":"ReadAction","target":["https:\/\/silver.rbcinsurance.com\/fr-ca\/assurance-voyage\/assurance-annuelle-voyages-multiples\/"]}]},{"@type":"ImageObject","inLanguage":"fr-FR","@id":"https:\/\/silver.rbcinsurance.com\/fr-ca\/assurance-voyage\/assurance-annuelle-voyages-multiples\/#primaryimage","url":"https:\/\/silver.rbcinsurance.com\/fr-ca\/wp-content\/uploads\/sites\/3\/2024\/10\/travel-insurance-cta.webp?quality=80","contentUrl":"https:\/\/silver.rbcinsurance.com\/fr-ca\/wp-content\/uploads\/sites\/3\/2024\/10\/travel-insurance-cta.webp?quality=80","width":606,"height":573,"caption":"woman with her child in an airport"},{"@type":"BreadcrumbList","@id":"https:\/\/silver.rbcinsurance.com\/fr-ca\/assurance-voyage\/assurance-annuelle-voyages-multiples\/#breadcrumb","itemListElement":[{"@type":"ListItem","position":1,"name":"Accueil","item":"https:\/\/silver.rbcinsurance.com\/fr-ca\/"},{"@type":"ListItem","position":2,"name":"Assurance voyage","item":"https:\/\/silver.rbcinsurance.com\/fr-ca\/assurance-voyage\/"},{"@type":"ListItem","position":3,"name":"Au moins deux voyages au cours de la prochaine ann\u00e9e"}]},{"@type":"WebSite","@id":"https:\/\/silver.rbcinsurance.com\/fr-ca\/#website","url":"https:\/\/silver.rbcinsurance.com\/fr-ca\/","name":"RBC Assurances","description":"Assurance individuelle","publisher":{"@id":"https:\/\/silver.rbcinsurance.com\/fr-ca\/#organization"},"potentialAction":[{"@type":"SearchAction","target":{"@type":"EntryPoint","urlTemplate":"https:\/\/silver.rbcinsurance.com\/fr-ca\/?s={search_term_string}"},"query-input":{"@type":"PropertyValueSpecification","valueRequired":true,"valueName":"search_term_string"}}],"inLanguage":"fr-FR"},{"@type":"Organization","@id":"https:\/\/silver.rbcinsurance.com\/fr-ca\/#organization","name":"RBC Assurances","url":"https:\/\/silver.rbcinsurance.com\/fr-ca\/","logo":{"@type":"ImageObject","inLanguage":"fr-FR","@id":"https:\/\/silver.rbcinsurance.com\/fr-ca\/#\/schema\/logo\/image\/","url":"https:\/\/silver.rbcinsurance.com\/fr-ca\/wp-content\/uploads\/sites\/3\/2021\/06\/rbc-logo-shield.svg?quality=80&w=1024","contentUrl":"https:\/\/silver.rbcinsurance.com\/fr-ca\/wp-content\/uploads\/sites\/3\/2021\/06\/rbc-logo-shield.svg?quality=80&w=1024","width":"1024","height":"1024","caption":"RBC Assurances"},"image":{"@id":"https:\/\/silver.rbcinsurance.com\/fr-ca\/#\/schema\/logo\/image\/"},"description":"RBC Assurances offre aux Canadiens des assurances personnelles telles que des assurances auto, habitation, vie, sant\u00e9, voyage et cr\u00e9dit, ainsi que des solutions de placement pour la retraite.","telephone":"1 800 769-2568","legalName":"Services d'assurance RBC Inc.","numberOfEmployees":{"@type":"QuantitativeValue","minValue":"1001","maxValue":"5000"}}]}},"jetpack_sharing_enabled":true,"_links":{"self":[{"href":"https:\/\/silver.rbcinsurance.com\/fr-ca\/wp-json\/wp\/v2\/pages\/11596","targetHints":{"allow":["GET"]}}],"collection":[{"href":"https:\/\/silver.rbcinsurance.com\/fr-ca\/wp-json\/wp\/v2\/pages"}],"about":[{"href":"https:\/\/silver.rbcinsurance.com\/fr-ca\/wp-json\/wp\/v2\/types\/page"}],"author":[{"embeddable":true,"href":"https:\/\/silver.rbcinsurance.com\/fr-ca\/wp-json\/wp\/v2\/users\/196"}],"replies":[{"embeddable":true,"href":"https:\/\/silver.rbcinsurance.com\/fr-ca\/wp-json\/wp\/v2\/comments?post=11596"}],"version-history":[{"count":77,"href":"https:\/\/silver.rbcinsurance.com\/fr-ca\/wp-json\/wp\/v2\/pages\/11596\/revisions"}],"predecessor-version":[{"id":25306,"href":"https:\/\/silver.rbcinsurance.com\/fr-ca\/wp-json\/wp\/v2\/pages\/11596\/revisions\/25306"}],"up":[{"embeddable":true,"href":"https:\/\/silver.rbcinsurance.com\/fr-ca\/wp-json\/wp\/v2\/pages\/11587"}],"wp:attachment":[{"href":"https:\/\/silver.rbcinsurance.com\/fr-ca\/wp-json\/wp\/v2\/media?parent=11596"}],"curies":[{"name":"wp","href":"https:\/\/api.w.org\/{rel}","templated":true}]}}